{"id":997,"date":"2019-03-26T08:46:05","date_gmt":"2019-03-26T07:46:05","guid":{"rendered":"http:\/\/editionsdudetour.com\/?page_id=997"},"modified":"2023-11-09T11:22:16","modified_gmt":"2023-11-09T10:22:16","slug":"histoires-de-ruches-de-miels-et-dapiculture","status":"publish","type":"page","link":"https:\/\/editionsdudetour.com\/index.php\/les-livres\/histoires-de-ruches-de-miels-et-dapiculture\/","title":{"rendered":"Bee Happy"},"content":{"rendered":"\n<div class=\"wp-block-image\"><figure class=\"alignleft size-large is-resized\"><a href=\"http:\/\/editionsdudetour.com\/wp-content\/uploads\/2020\/08\/Bee-Hapyy-couverture.jpg\"><img loading=\"lazy\" src=\"http:\/\/editionsdudetour.com\/wp-content\/uploads\/2019\/03\/Bee-Hapyy-Plat-1-677x1024.jpg\" alt=\"\" class=\"wp-image-893\" width=\"202\" height=\"305\" srcset=\"https:\/\/editionsdudetour.com\/wp-content\/uploads\/2019\/03\/Bee-Hapyy-Plat-1-677x1024.jpg 677w, https:\/\/editionsdudetour.com\/wp-content\/uploads\/2019\/03\/Bee-Hapyy-Plat-1-198x300.jpg 198w, https:\/\/editionsdudetour.com\/wp-content\/uploads\/2019\/03\/Bee-Hapyy-Plat-1-768x1161.jpg 768w, https:\/\/editionsdudetour.com\/wp-content\/uploads\/2019\/03\/Bee-Hapyy-Plat-1-624x943.jpg 624w, https:\/\/editionsdudetour.com\/wp-content\/uploads\/2019\/03\/Bee-Hapyy-Plat-1-1320x1996.jpg 1320w\" sizes=\"(max-width: 202px) 100vw, 202px\" \/><\/a><\/figure><\/div>\n\n\n\n<h1>Bee Happy<\/h1>\n\n\n\n<p><strong><em><span style=\"font-size: 14pt;\">Histoires de ruches, de miels et d\u2019apiculture<\/span><\/em><\/strong><\/p>\n\n\n\n<h3><span style=\"color: #993300;\">Barbara Bonomi Romagnoli<\/span><br><span style=\"color: #000000;\">Traduction de l\u2019italien Fran\u00e7ois Rosso<\/span><\/h3>\n\n\n\n<p>Barbara Bonomi Romagnoli a quitt\u00e9 sa vie romaine pour se consacrer aux abeilles. Elle nous emm\u00e8ne observer ces fascinants insectes, le superorganisme de leur soci\u00e9t\u00e9 collective, les miels, leurs ar\u00f4mes et les fleurs, bien s\u00fbr. <br><span style=\"color:#000000\" class=\"tadv-color\"><em>Bee Happy<\/em> <\/span>raconte aussi l\u2019aventure des apicultrices et des apiculteurs qui, chacun \u00e0 leur fa\u00e7on, inventent les miels de demain\u2009: respectueux, responsables, refl\u00e9tant un terroir, artisanaux\u2026 Une g\u00e9n\u00e9ration qui retourne vers les campagnes, arm\u00e9e d\u2019un savoir citadin attentif aux diff\u00e9rences, mais capable de se mettre \u00e0 l\u2019\u00e9coute des traditions rurales et de les transmettre gr\u00e2ce \u00e0 des connaissances et \u00e0 des pratiques novatrices, dans une conscience aigu\u00eb de la nature et de la vie.<br>L\u2019ouvrage propose \u00e9galement un vocabulaire pratique et gourmand de la d\u00e9gustation du miel et une description des principaux miels.<\/p>\n\n\n\n<p><span style=\"color: #993300;\"><strong>Barbara Bonomi Romagnoli<\/strong><\/span> est italienne. Elle est apicultrice, experte en analyse sensorielle du miel et journaliste. Docteure en philosophie, elle est passionn\u00e9e de politique, de f\u00e9minisme et de bonne cuisine \u2014 domaines dans lesquels elle milite, collabore \u00e0 de nombreux projets et participe \u00e0 des conf\u00e9rences et ateliers.<br>Son miel : <a href=\"http:\/\/www.bioro.it\">www.bioro.it<\/a><\/p>\n\n\n\n<table>\n<tbody>\n<tr>\n<td>Parution : 28 mars 2019<\/td>\n<\/tr>\n<tr>\n<td>Livre : 14,90 \u20ac<\/td>\n<\/tr>\n<tr>\n<td>176 pages<\/td>\n<\/tr>\n<tr>\n<td>Format : 12,5 X 19 cm<\/td>\n<\/tr>\n<tr>\n<td>ISBN : 979-10-97079-43-7<\/td>\n<\/tr>\n<\/tbody>\n<\/table>\n<h3>&nbsp;<\/h3>\n<h3><strong>Introduction et table des mati\u00e8res<\/strong><\/h3>\n<p>&nbsp;<\/p>\n\n\n\t\t<style>\r\n            #h5vp69e1dd7db006a iframe {  width: 100%; }        <\/style>\r\n        \t    <div id=\"h5vp69e1dd7db006a\" class=\"pdfp_wrapper\">\r\n                        <div class=\"cta_wrapper\">\r\n                \t            <p><a class=\"fullscreenBtn\" href=\"https:\/\/editionsdudetour.com\/wp-content\/plugins\/pdf-poster\/pdfjs\/web\/viewer.html?file=http:\/\/editionsdudetour.com\/wp-content\/uploads\/2020\/08\/Bee-Happy-pour-site.pdf&#038;download=true&#038;print=&#038;openfile=false\"><button>View Fullscreen<\/button><\/a><\/p>\r\n            <\/div>\r\n            <div class=\"iframe_wrapper\">\r\n                <iframe loading=\"lazy\" width=\"100%\" height=\"1122px\" src=\"https:\/\/editionsdudetour.com\/wp-content\/plugins\/pdf-poster\/pdfjs\/web\/viewer.html?file=http:\/\/editionsdudetour.com\/wp-content\/uploads\/2020\/08\/Bee-Happy-pour-site.pdf&#038;download=true&#038;print=&#038;openfile=false\"><\/iframe>\r\n            <\/div>\r\n\t    <\/div>\r\n        \n\n","protected":false},"excerpt":{"rendered":"<p>Bee Happy Histoires de ruches, de miels et d\u2019apiculture Barbara Bonomi RomagnoliTraduction de l\u2019italien Fran\u00e7ois Rosso Barbara Bonomi Romagnoli a quitt\u00e9 sa vie romaine pour se consacrer aux abeilles. Elle nous emm\u00e8ne observer ces fascinants insectes, le superorganisme de leur soci\u00e9t\u00e9 collective, les miels, leurs ar\u00f4mes et les fleurs, bien s\u00fbr. Bee Happy raconte aussi [&hellip;]<\/p>\n","protected":false},"author":1,"featured_media":0,"parent":14,"menu_order":0,"comment_status":"closed","ping_status":"closed","template":"","meta":[],"_links":{"self":[{"href":"https:\/\/editionsdudetour.com\/index.php\/wp-json\/wp\/v2\/pages\/997"}],"collection":[{"href":"https:\/\/editionsdudetour.com\/index.php\/wp-json\/wp\/v2\/pages"}],"about":[{"href":"https:\/\/editionsdudetour.com\/index.php\/wp-json\/wp\/v2\/types\/page"}],"author":[{"embeddable":true,"href":"https:\/\/editionsdudetour.com\/index.php\/wp-json\/wp\/v2\/users\/1"}],"replies":[{"embeddable":true,"href":"https:\/\/editionsdudetour.com\/index.php\/wp-json\/wp\/v2\/comments?post=997"}],"version-history":[{"count":18,"href":"https:\/\/editionsdudetour.com\/index.php\/wp-json\/wp\/v2\/pages\/997\/revisions"}],"predecessor-version":[{"id":3855,"href":"https:\/\/editionsdudetour.com\/index.php\/wp-json\/wp\/v2\/pages\/997\/revisions\/3855"}],"up":[{"embeddable":true,"href":"https:\/\/editionsdudetour.com\/index.php\/wp-json\/wp\/v2\/pages\/14"}],"wp:attachment":[{"href":"https:\/\/editionsdudetour.com\/index.php\/wp-json\/wp\/v2\/media?parent=997"}],"curies":[{"name":"wp","href":"https:\/\/api.w.org\/{rel}","templated":true}]}}