{"id":993,"date":"2019-03-26T08:41:20","date_gmt":"2019-03-26T07:41:20","guid":{"rendered":"http:\/\/editionsdudetour.com\/?page_id=993"},"modified":"2022-05-18T15:47:28","modified_gmt":"2022-05-18T13:47:28","slug":"histoire-des-turcs-en-france","status":"publish","type":"page","link":"https:\/\/editionsdudetour.com\/index.php\/les-livres\/histoire-des-turcs-en-france\/","title":{"rendered":"Histoire des Turcs en France"},"content":{"rendered":"\n<h1><a href=\"http:\/\/editionsdudetour.com\/histoire-des-turcs-en-france-couverture-bat-indd-2\/\"><img loading=\"lazy\" class=\"wp-image-2527 alignleft\" src=\"http:\/\/editionsdudetour.com\/wp-content\/uploads\/2020\/08\/Histoire-des-Turcs-en-France-couverture-638x1024.jpg\" alt=\"\" width=\"185\" height=\"297\" srcset=\"https:\/\/editionsdudetour.com\/wp-content\/uploads\/2020\/08\/Histoire-des-Turcs-en-France-couverture-638x1024.jpg 638w, https:\/\/editionsdudetour.com\/wp-content\/uploads\/2020\/08\/Histoire-des-Turcs-en-France-couverture-187x300.jpg 187w, https:\/\/editionsdudetour.com\/wp-content\/uploads\/2020\/08\/Histoire-des-Turcs-en-France-couverture-768x1232.jpg 768w, https:\/\/editionsdudetour.com\/wp-content\/uploads\/2020\/08\/Histoire-des-Turcs-en-France-couverture-957x1536.jpg 957w, https:\/\/editionsdudetour.com\/wp-content\/uploads\/2020\/08\/Histoire-des-Turcs-en-France-couverture-1276x2048.jpg 1276w, https:\/\/editionsdudetour.com\/wp-content\/uploads\/2020\/08\/Histoire-des-Turcs-en-France-couverture-624x1001.jpg 624w, https:\/\/editionsdudetour.com\/wp-content\/uploads\/2020\/08\/Histoire-des-Turcs-en-France-couverture-1320x2118.jpg 1320w, https:\/\/editionsdudetour.com\/wp-content\/uploads\/2020\/08\/Histoire-des-Turcs-en-France-couverture-scaled.jpg 1595w\" sizes=\"(max-width: 185px) 100vw, 185px\" \/><\/a>Histoire des Turcs en France<\/h1>\n<h3>S\u00e9gol\u00e8ne D\u00e9barre &amp; Gaye Petek<\/h3>\n<p>La premi\u00e8re histoire des Turcs en France. Une histoire m\u00e9connue, per\u00e7ue \u00e0\u00a0tort comme r\u00e9cente, et d\u2019une grande diversit\u00e9.<\/p>\n<p>Si l\u2019actualit\u00e9 politique r\u00e9cente de la Turquie a donn\u00e9 une certaine visibilit\u00e9 aux \u00ab Turcs de France \u00bb, leur histoire migratoire longue de plus d\u2019un demi-si\u00e8cle reste, en g\u00e9n\u00e9ral, assez m\u00e9connue. Enfants, petits-enfants des \u00ab travailleurs invit\u00e9s \u00bb des Trente Glorieuses, r\u00e9fugi\u00e9s politiques ou familles b\u00e9n\u00e9ficiaires du regroupement familial, ils sont aujourd\u2019hui pr\u00e8s de 600 000 en France.<br data-rich-text-line-break=\"true\" \/>Moins nombreux et moins visibles qu\u2019en Allemagne, certains sont encore \u00e9trangers r\u00e9sidents quand d\u2019autres sont binationaux. Les trajectoires de ces hommes et de ces femmes venus de Turquie et issus de religions, de sensibilit\u00e9s politiques et parfois de langues diff\u00e9rentes, sont diverses.<br data-rich-text-line-break=\"true\" \/>S\u00e9gol\u00e8ne D\u00e9barre et Gaye Petek fournissent ici un panorama \u00e0 destination de tout lecteur curieux de mieux conna\u00eetre les Turcs ou de s\u2019approprier une histoire, peut-\u00eatre celle de ses origines.<\/p>\n\n\n\n<p><span style=\"color: #993300;\"><strong>S\u00e9gol\u00e8ne D\u00e9barre <\/strong><\/span>est g\u00e9ographe sp\u00e9cialiste de la Turquie contemporaine, enseignante-chercheure \u00e0 l\u2019Universit\u00e9 Paris-I-Panth\u00e9on-Sorbonne et membre du laboratoire G\u00e9ographie-Cit\u00e9s (UMR 8504).<\/p>\n\n\n\n<p><strong><span style=\"color: #993300;\">Gaye Petek<\/span> <\/strong>a travaill\u00e9 dans le cadre du Service social d\u2019aide aux \u00e9migrants (SSA\u00c9), aupr\u00e8s des immigr\u00e9s turcs d\u00e8s leur arriv\u00e9e en nombre en France puis au Haut-commissariat aux R\u00e9fugi\u00e9s (HCR), avant de fonder l\u2019association Elele-Migrations et cultures de Turquie, structure tremplin d\u2019insertion, qu\u2019elle a dirig\u00e9 jusqu\u2019\u00e0 sa fermeture en 2010.<\/p>\n\n\n\n<figure class=\"wp-block-table\"><table><tbody><tr><td>Collection \u00ab Venus d&rsquo;ailleurs \u00bb<\/td><\/tr><tr><td>Parution : 21 mars 2019<\/td><\/tr><tr><td>Livre : 18,50 \u20ac<\/td><\/tr><tr><td>224 pages<\/td><\/tr><tr><td>Format : 14 X 22 cm<\/td><\/tr><tr><td>ISBN : 979-10-97079-40-6<\/td><\/tr><tr><td>Epub : 14,50 \u20ac<\/td><\/tr><\/tbody><\/table><\/figure>\n\n\n\n<h3 id=\"block-8754e3a3-896c-46c8-9c3f-c822d0d720af\" class=\"block-editor-block-list__block wp-block is-selected is-typing rich-text block-editor-rich-text__editable is-hovered wp-block\" tabindex=\"0\" role=\"textbox\" aria-label=\"R\u00e9digez un titre\u2026\" aria-multiline=\"true\" data-block=\"8754e3a3-896c-46c8-9c3f-c822d0d720af\" data-type=\"core\/heading\" data-title=\"Titre\">Premi\u00e8res pages et table des mati\u00e8res<\/h3>\n\n\n\t\t<style>\r\n            #h5vp69dc1c58468e9 iframe {  width: 100%; }        <\/style>\r\n        \t    <div id=\"h5vp69dc1c58468e9\" class=\"pdfp_wrapper\">\r\n                        <div class=\"cta_wrapper\">\r\n                \t            <p><a class=\"fullscreenBtn\" href=\"https:\/\/editionsdudetour.com\/wp-content\/plugins\/pdf-poster\/pdfjs\/web\/viewer.html?file=http:\/\/editionsdudetour.com\/wp-content\/uploads\/2020\/08\/Histoire-des-Turcs-en-France.pdf&#038;download=true&#038;print=&#038;openfile=false\"><button>View Fullscreen<\/button><\/a><\/p>\r\n            <\/div>\r\n            <div class=\"iframe_wrapper\">\r\n                <iframe loading=\"lazy\" width=\"100%\" height=\"1122px\" src=\"https:\/\/editionsdudetour.com\/wp-content\/plugins\/pdf-poster\/pdfjs\/web\/viewer.html?file=http:\/\/editionsdudetour.com\/wp-content\/uploads\/2020\/08\/Histoire-des-Turcs-en-France.pdf&#038;download=true&#038;print=&#038;openfile=false\"><\/iframe>\r\n            <\/div>\r\n\t    <\/div>\r\n        ","protected":false},"excerpt":{"rendered":"<p>Histoire des Turcs en France S\u00e9gol\u00e8ne D\u00e9barre &amp; Gaye Petek La premi\u00e8re histoire des Turcs en France. Une histoire m\u00e9connue, per\u00e7ue \u00e0\u00a0tort comme r\u00e9cente, et d\u2019une grande diversit\u00e9. Si l\u2019actualit\u00e9 politique r\u00e9cente de la Turquie a donn\u00e9 une certaine visibilit\u00e9 aux \u00ab Turcs de France \u00bb, leur histoire migratoire longue de plus d\u2019un demi-si\u00e8cle reste, [&hellip;]<\/p>\n","protected":false},"author":1,"featured_media":0,"parent":14,"menu_order":0,"comment_status":"closed","ping_status":"closed","template":"","meta":[],"_links":{"self":[{"href":"https:\/\/editionsdudetour.com\/index.php\/wp-json\/wp\/v2\/pages\/993"}],"collection":[{"href":"https:\/\/editionsdudetour.com\/index.php\/wp-json\/wp\/v2\/pages"}],"about":[{"href":"https:\/\/editionsdudetour.com\/index.php\/wp-json\/wp\/v2\/types\/page"}],"author":[{"embeddable":true,"href":"https:\/\/editionsdudetour.com\/index.php\/wp-json\/wp\/v2\/users\/1"}],"replies":[{"embeddable":true,"href":"https:\/\/editionsdudetour.com\/index.php\/wp-json\/wp\/v2\/comments?post=993"}],"version-history":[{"count":4,"href":"https:\/\/editionsdudetour.com\/index.php\/wp-json\/wp\/v2\/pages\/993\/revisions"}],"predecessor-version":[{"id":3111,"href":"https:\/\/editionsdudetour.com\/index.php\/wp-json\/wp\/v2\/pages\/993\/revisions\/3111"}],"up":[{"embeddable":true,"href":"https:\/\/editionsdudetour.com\/index.php\/wp-json\/wp\/v2\/pages\/14"}],"wp:attachment":[{"href":"https:\/\/editionsdudetour.com\/index.php\/wp-json\/wp\/v2\/media?parent=993"}],"curies":[{"name":"wp","href":"https:\/\/api.w.org\/{rel}","templated":true}]}}