{"id":834,"date":"2019-02-22T08:44:12","date_gmt":"2019-02-22T07:44:12","guid":{"rendered":"http:\/\/editionsdudetour.com\/?page_id=834"},"modified":"2022-05-18T15:25:59","modified_gmt":"2022-05-18T13:25:59","slug":"histoire-des-polonais-en-france","status":"publish","type":"page","link":"https:\/\/editionsdudetour.com\/index.php\/les-livres\/histoire-des-polonais-en-france\/","title":{"rendered":"Histoire des Polonais en France"},"content":{"rendered":"\n<div class=\"wp-block-image\"><figure class=\"alignleft\"><a href=\"http:\/\/editionsdudetour.com\/wp-content\/uploads\/2020\/08\/Histoire-des-Polonais-en-France-couverture-scaled.jpg\"><img loading=\"lazy\" width=\"192\" height=\"300\" src=\"http:\/\/editionsdudetour.com\/wp-content\/uploads\/2019\/03\/Polonais_couv-2-192x300.jpg\" alt=\"\" class=\"wp-image-1015\"\/><\/a><\/figure><\/div>\n\n\n\n<h1>Histoire des Polonais en France<\/h1>\n\n\n\n<h3>Yves Frey<br><\/h3>\n\n\n\n<p>Apr\u00e8s la Premi\u00e8re Guerre mondiale, en 1919, la France, en manque de main-d\u2019\u0153uvre, conclut avec la Pologne une convention d\u2019\u00e9migration. C\u2019est par centaines de milliers que des paysans pauvres, des ch\u00f4meurs et des mineurs de Westphalie signent un contrat pour venir travailler dans les mines, les usines et les champs.<br>\nEn 1931, ces hommes et ces femmes sont plus de 500&nbsp;000 en France, soumis au travail, reconstituant dans les cit\u00e9s ouvri\u00e8res de v\u00e9ritables \u00ab\u2009petites Polognes\u2009\u00bb. <br>\nEn 1940, la d\u00e9faite de la France les surprend. Nombreux, ils s\u2019engagent dans la r\u00e9sistance au nazisme\u2009: pour eux, lib\u00e9rer la France, c\u2019est lib\u00e9rer la Pologne. Mais \u00e0 la fin de la guerre, alors que leur pays d\u2019origine rena\u00eet et sollicite leur retour, les Polonais de France doivent choisir\u2009: retourner en Pologne ou rester en France\u2009?<\/p>\n\n\n\n<p><strong><span style=\"color:#9d0034\" class=\"tadv-color\">Yves Frey<\/span><\/strong> est historien de l\u2019immigration. Agr\u00e9g\u00e9 et docteur en histoire,  il est chercheur au Cresat (Centre de recherches sur les sciences, les arts et les techniques) de l\u2019Universit\u00e9 de Haute-Alsace, \u00e0 Mulhouse.<\/p>\n\n\n\n<p>Illustration de couverture : Richard Cousin<\/p>\n\n\n\n<div class=\"wp-block-image\"><figure class=\"alignright\"><img loading=\"lazy\" width=\"200\" height=\"132\" src=\"http:\/\/editionsdudetour.com\/wp-content\/uploads\/2019\/07\/IPLogo1.jpg\" alt=\"\" class=\"wp-image-1108\"\/><\/figure><\/div>\n\n\n\n<p>L&rsquo;ouvrage a b\u00e9n\u00e9fici\u00e9 du soutien de l&rsquo;Institut Polonais de Paris.<\/p>\n\n\n\n<p><\/p>\n\n\n\n<figure class=\"wp-block-table\"><table><tbody><tr><td>Collection \u00ab Venus d&rsquo;ailleurs \u00bb<\/td><\/tr><tr><td>Parution : 7 f\u00e9vrier 2019<\/td><\/tr><tr><td>Livre : 18,50 \u20ac<\/td><\/tr><tr><td>224 pages<\/td><\/tr><tr><td>Format : 14 X 22 cm<\/td><\/tr><tr><td>ISBN :  979-10-97079-41-3 <\/td><\/tr><\/tbody><\/table><\/figure>\n\n\n\n<h3>Premi\u00e8res pages et table des mati\u00e8res<\/h3>\n<p>\u00a0<\/p>\n\n\n\t\t<style>\r\n            #h5vp6a079bed058c8 iframe {  width: 100%; }        <\/style>\r\n        \t    <div id=\"h5vp6a079bed058c8\" class=\"pdfp_wrapper\">\r\n                        <div class=\"cta_wrapper\">\r\n                \t            <p><a class=\"fullscreenBtn\" href=\"https:\/\/editionsdudetour.com\/wp-content\/plugins\/pdf-poster\/pdfjs\/web\/viewer.html?file=http:\/\/editionsdudetour.com\/wp-content\/uploads\/2020\/08\/Histoire-des-Polonais-en-France-\u2013-Yves-Frey.pdf&#038;download=true&#038;print=&#038;openfile=false\"><button>View Fullscreen<\/button><\/a><\/p>\r\n            <\/div>\r\n            <div class=\"iframe_wrapper\">\r\n                <iframe loading=\"lazy\" width=\"100%\" height=\"1122px\" src=\"https:\/\/editionsdudetour.com\/wp-content\/plugins\/pdf-poster\/pdfjs\/web\/viewer.html?file=http:\/\/editionsdudetour.com\/wp-content\/uploads\/2020\/08\/Histoire-des-Polonais-en-France-\u2013-Yves-Frey.pdf&#038;download=true&#038;print=&#038;openfile=false\"><\/iframe>\r\n            <\/div>\r\n\t    <\/div>\r\n        ","protected":false},"excerpt":{"rendered":"<p>Histoire des Polonais en France Yves Frey Apr\u00e8s la Premi\u00e8re Guerre mondiale, en 1919, la France, en manque de main-d\u2019\u0153uvre, conclut avec la Pologne une convention d\u2019\u00e9migration. C\u2019est par centaines de milliers que des paysans pauvres, des ch\u00f4meurs et des mineurs de Westphalie signent un contrat pour venir travailler dans les mines, les usines et [&hellip;]<\/p>\n","protected":false},"author":1,"featured_media":0,"parent":14,"menu_order":0,"comment_status":"closed","ping_status":"closed","template":"","meta":[],"_links":{"self":[{"href":"https:\/\/editionsdudetour.com\/index.php\/wp-json\/wp\/v2\/pages\/834"}],"collection":[{"href":"https:\/\/editionsdudetour.com\/index.php\/wp-json\/wp\/v2\/pages"}],"about":[{"href":"https:\/\/editionsdudetour.com\/index.php\/wp-json\/wp\/v2\/types\/page"}],"author":[{"embeddable":true,"href":"https:\/\/editionsdudetour.com\/index.php\/wp-json\/wp\/v2\/users\/1"}],"replies":[{"embeddable":true,"href":"https:\/\/editionsdudetour.com\/index.php\/wp-json\/wp\/v2\/comments?post=834"}],"version-history":[{"count":24,"href":"https:\/\/editionsdudetour.com\/index.php\/wp-json\/wp\/v2\/pages\/834\/revisions"}],"predecessor-version":[{"id":3105,"href":"https:\/\/editionsdudetour.com\/index.php\/wp-json\/wp\/v2\/pages\/834\/revisions\/3105"}],"up":[{"embeddable":true,"href":"https:\/\/editionsdudetour.com\/index.php\/wp-json\/wp\/v2\/pages\/14"}],"wp:attachment":[{"href":"https:\/\/editionsdudetour.com\/index.php\/wp-json\/wp\/v2\/media?parent=834"}],"curies":[{"name":"wp","href":"https:\/\/api.w.org\/{rel}","templated":true}]}}