{"id":6584,"date":"2026-05-10T11:24:34","date_gmt":"2026-05-10T09:24:34","guid":{"rendered":"http:\/\/editionsdudetour.com\/?page_id=6584"},"modified":"2026-05-10T11:27:47","modified_gmt":"2026-05-10T09:27:47","slug":"bleus","status":"publish","type":"page","link":"https:\/\/editionsdudetour.com\/index.php\/les-livres\/bleus\/","title":{"rendered":"Bleus"},"content":{"rendered":"\n<h1><a href=\"http:\/\/editionsdudetour.com\/wp-content\/uploads\/2026\/04\/Bleus-\u2013-Couverture.png\" rel=\"attachment wp-att-6558\"><img loading=\"lazy\" class=\"alignright  wp-image-6558\" src=\"http:\/\/editionsdudetour.com\/wp-content\/uploads\/2026\/04\/Bleus-\u2013-Couverture.png\" alt=\"\" width=\"347\" height=\"521\" srcset=\"https:\/\/editionsdudetour.com\/wp-content\/uploads\/2026\/04\/Bleus-\u2013-Couverture.png 608w, https:\/\/editionsdudetour.com\/wp-content\/uploads\/2026\/04\/Bleus-\u2013-Couverture-200x300.png 200w\" sizes=\"(max-width: 347px) 100vw, 347px\" \/><\/a><\/h1>\n<h1>Bleus<\/h1>\n<h2 class=\"p2\"><span class=\"Apple-converted-space\">Histoire de l\u2019\u00e9quipe de France<br \/>de football depuis 1904 <\/span><\/h2>\n<h3>Fran\u00e7ois da Rocha Carneiro<\/h3>\n<p><em>De 5 secondes \u00e0 145 capes, pr\u00e8s de 1 000 joueurs ont port\u00e9 le maillot bleu <\/em><em>depuis le premier match de l\u2019\u00e9quipe de France\u00a0 masculine de football en <\/em><em>1904. Ce livre en raconte les histoires, singuli\u00e8res et collectives.<\/em><\/p>\n<p>On croit tout conna\u00eetre de l\u2019histoire de l\u2019\u00e9quipe de France de football, tant les Bleus sont omnipr\u00e9sents m\u00e9diatiquement. Un monde se cache pourtant derri\u00e8re les quelques rencontres dont on se souvient, parce que victorieuses ou d\u00e9sastreuses. Aboutissement d\u2019une longue construction, le palmar\u00e8s, aujourd\u2019hui \u00e9toff\u00e9, s\u2019est longtemps fait attendre.<\/p>\n<p>Depuis son premier match en 1904, l\u2019\u00e9quipe de France a en effet travers\u00e9 plus d\u2019un si\u00e8cle de peines, de joies, de doutes et de gloires. La Premi\u00e8re Guerre mondiale, l\u2019adoption du professionnalisme en 1932 ou l\u2019ouverture massive du march\u00e9 europ\u00e9en des transferts marquent leur empreinte sur la s\u00e9lection autant que les titres remport\u00e9s ou les d\u00e9ceptions accumul\u00e9es.<\/p>\n<p>Ce monde est peupl\u00e9 d\u2019hommes, dont les noms ont \u00e9t\u00e9, pour la plupart, oubli\u00e9s. C\u2019est cette histoire humaine que ce livre retrace, g\u00e9n\u00e9ration apr\u00e8s g\u00e9n\u00e9ration. Une histoire sensible o\u00f9 se lisent les blessures des corps autant que les doutes des \u00e2mes. Une histoire populaire d\u2019\u00e9ph\u00e9m\u00e8res qui peuplent l\u2019\u00e9quipe autant que de ceux qui en sont les piliers. Une histoire in\u00e9dite o\u00f9 l\u2019\u00e9criture plaisante et l\u2019\u00e9rudition s\u2019entrem\u00ealent sans jamais se d\u00e9partir l\u2019une de l\u2019autre.<\/p>\n<p>Docteur en histoire contemporaine, chercheur associ\u00e9 au CREHS (Universit\u00e9 d\u2019Artois) et producteur pour LSD (France-Culture), <span style=\"color: #993300;\"><strong>Fran\u00e7ois da Rocha Carneiro<\/strong><\/span> a consacr\u00e9 sa th\u00e8se aux joueurs de l\u2019\u00e9quipe de France de football. Sp\u00e9cialiste reconnu du football fran\u00e7ais, il a d\u00e9j\u00e0 publi\u00e9 aux \u00e9ditions du D\u00e9tour <em>Les Bleus et La Coupe \u2014 De Kopa \u00e0 Mbapp\u00e9<\/em> (2020), <em>Une histoire de France en crampon<\/em>s (2022) et <em>Un peuple et son football. Une histoire sociale<\/em> (2024).<\/p>\n<table style=\"width: 44.84%; height: 253px;\">\n<tbody>\n<tr>\n<td>Parution : 14 mai 2026<\/td>\n<\/tr>\n<tr>\n<td>Genre : Histoire<\/td>\n<\/tr>\n<tr>\n<td>Domaines : Football,\u00a0histoire\u00a0de\u00a0France<\/td>\n<\/tr>\n<tr>\n<td>25 \u20ac<\/td>\n<\/tr>\n<tr>\n<td>Format : 16 x 24 cm<\/td>\n<\/tr>\n<tr>\n<td>ISBN :\u00a0978-238532-128-4<\/td>\n<\/tr>\n<\/tbody>\n<\/table>\n","protected":false},"excerpt":{"rendered":"<p>Bleus Histoire de l\u2019\u00e9quipe de Francede football depuis 1904 Fran\u00e7ois da Rocha Carneiro De 5 secondes \u00e0 145 capes, pr\u00e8s de 1 000 joueurs ont port\u00e9 le maillot bleu depuis le premier match de l\u2019\u00e9quipe de France\u00a0 masculine de football en 1904. Ce livre en raconte les histoires, singuli\u00e8res et collectives. On croit tout conna\u00eetre [&hellip;]<\/p>\n","protected":false},"author":1,"featured_media":0,"parent":14,"menu_order":0,"comment_status":"closed","ping_status":"closed","template":"","meta":[],"_links":{"self":[{"href":"https:\/\/editionsdudetour.com\/index.php\/wp-json\/wp\/v2\/pages\/6584"}],"collection":[{"href":"https:\/\/editionsdudetour.com\/index.php\/wp-json\/wp\/v2\/pages"}],"about":[{"href":"https:\/\/editionsdudetour.com\/index.php\/wp-json\/wp\/v2\/types\/page"}],"author":[{"embeddable":true,"href":"https:\/\/editionsdudetour.com\/index.php\/wp-json\/wp\/v2\/users\/1"}],"replies":[{"embeddable":true,"href":"https:\/\/editionsdudetour.com\/index.php\/wp-json\/wp\/v2\/comments?post=6584"}],"version-history":[{"count":1,"href":"https:\/\/editionsdudetour.com\/index.php\/wp-json\/wp\/v2\/pages\/6584\/revisions"}],"predecessor-version":[{"id":6586,"href":"https:\/\/editionsdudetour.com\/index.php\/wp-json\/wp\/v2\/pages\/6584\/revisions\/6586"}],"up":[{"embeddable":true,"href":"https:\/\/editionsdudetour.com\/index.php\/wp-json\/wp\/v2\/pages\/14"}],"wp:attachment":[{"href":"https:\/\/editionsdudetour.com\/index.php\/wp-json\/wp\/v2\/media?parent=6584"}],"curies":[{"name":"wp","href":"https:\/\/api.w.org\/{rel}","templated":true}]}}