{"id":6543,"date":"2026-04-19T07:05:45","date_gmt":"2026-04-19T05:05:45","guid":{"rendered":"http:\/\/editionsdudetour.com\/?page_id=6543"},"modified":"2026-04-19T19:58:33","modified_gmt":"2026-04-19T17:58:33","slug":"verts-de-rage","status":"publish","type":"page","link":"https:\/\/editionsdudetour.com\/index.php\/les-livres\/verts-de-rage\/","title":{"rendered":"Verts de rage !"},"content":{"rendered":"\n<h1><a href=\"http:\/\/editionsdudetour.com\/wp-content\/uploads\/2025\/11\/Couverture-verts-de-rage-.jpg\" rel=\"attachment wp-att-6397\"><img loading=\"lazy\" class=\"alignright  wp-image-6397\" src=\"http:\/\/editionsdudetour.com\/wp-content\/uploads\/2025\/11\/Couverture-verts-de-rage-.jpg\" alt=\"\" width=\"346\" height=\"497\" srcset=\"https:\/\/editionsdudetour.com\/wp-content\/uploads\/2025\/11\/Couverture-verts-de-rage-.jpg 618w, https:\/\/editionsdudetour.com\/wp-content\/uploads\/2025\/11\/Couverture-verts-de-rage--209x300.jpg 209w\" sizes=\"(max-width: 346px) 100vw, 346px\" \/><\/a>Verts de rage !<\/h1>\n<h2 class=\"p2\"><span class=\"Apple-converted-space\">Deux si\u00e8cles de luttes environnementales en France <\/span><\/h2>\n<h3><span style=\"color: #993300; font-size: 14pt;\">Fran\u00e7ois Jarrige <\/span><\/h3>\n<p class=\"p2\"><em>L\u2019\u00e9cologie et les luttes pour la d\u00e9fense de l\u2019environnement ne datent pas des ann\u00e9es 1970. Fran\u00e7ois Jarrige retrace dans ce livre, tr\u00e8s accessible, l\u2019histoire de deux si\u00e8cles de combats.<\/em><\/p>\n<p>L\u2019opposition aux accaparements des ressources et \u00e0 la destruction de la faune et de la flore n\u2019a pas attendu la fin du XX<sup>e<\/sup> si\u00e8cle. Les milieux populaires du pass\u00e9 n\u2019\u00e9taient pas insensibles \u00e0 la qualit\u00e9 de leur milieu de vie, c\u2019\u00e9tait la condition m\u00eame de leur subsistance. D\u00e8s lors, qu\u2019est ce qui fait la sp\u00e9cificit\u00e9 des luttes pour la nature ? Comment s\u2019articulent-elles ?<\/p>\n<p>Le livre alterne des chapitres synth\u00e9tiques et des \u00e9tudes de cas. Il restitue les rythmes et temps forts de la \u00ab grande acc\u00e9l\u00e9ration contemporaine \u00bb.<\/p>\n<p>Quatre p\u00e9riodes sont \u00e9tudi\u00e9es au cours desquelles s\u2019\u00e9noncent diff\u00e9remment les luttes pour la nature et leur r\u00e9pertoire d\u2019action : la nature subsistance fondamentale dans les mobilisations populaires du XIX<sup>e<\/sup> si\u00e8cle laisse de plus en plus la place \u00e0 une nature patrimoine qui mobilise d\u2019autres acteurs. Les ann\u00e9es 1970 repr\u00e9sentent un moment de bascule avec la multiplication des mobilisations alors que les destructions s\u2019acc\u00e9l\u00e8rent. L\u2019aube du XXI<sup>e<\/sup> si\u00e8cle est domin\u00e9e par le changement climatique et l\u2019attention au vivant alors que l\u2019urgence environnementale alterne entre reconnaissance et disqualification.<\/p>\n<p class=\"p4\"><strong><span style=\"color: #993300;\">Fran\u00e7ois Jarrige<\/span><\/strong> est ma\u00eetre de conf\u00e9rences en histoire contemporaine \u00e0 l\u2019universit\u00e9 Bourgogne Europe. Ses travaux explorent les enjeux sociaux et \u00e9cologiques. Il est, notamment, le co-auteur de <em>Nature en R\u00e9volution. Une histoire environnementale de la France, 1780-1870 <\/em>(vol.1), La D\u00e9couverte, 2025.<\/p>\n<table style=\"width: 250px; height: 252px;\">\n<tbody>\n<tr>\n<td>Parution : 23 avril 2026<\/td>\n<\/tr>\n<tr>\n<td>Genre : Essai<\/td>\n<\/tr>\n<tr>\n<td>Domaines : Histoire de l\u2019\u00e9cologie<\/td>\n<\/tr>\n<tr>\n<td>22,90 \u20ac<\/td>\n<\/tr>\n<tr>\n<td>Format : 14 x 20 cm<\/td>\n<\/tr>\n<tr>\n<td>ISBN : 978-2-38532-120-8<\/td>\n<\/tr>\n<\/tbody>\n<\/table>\n\n\n\n<h3>\u00a0<\/h3>\n<h3>Introduction et table des mati\u00e8res<\/h3>\n<p>\u00a0<\/p>\n\n\n\t\t<style>\r\n            #h5vp69e5a0236a615 iframe {  width: 100%; }        <\/style>\r\n        \t    <div id=\"h5vp69e5a0236a615\" class=\"pdfp_wrapper\">\r\n                        <div class=\"cta_wrapper\">\r\n                \t            <p><a class=\"fullscreenBtn\" href=\"https:\/\/editionsdudetour.com\/wp-content\/plugins\/pdf-poster\/pdfjs\/web\/viewer.html?file=http:\/\/editionsdudetour.com\/wp-content\/uploads\/2026\/04\/Verts-de-rage-extrait-pour-site.pdf&#038;download=true&#038;print=false&#038;openfile=false\"><button>View Fullscreen<\/button><\/a><\/p>\r\n            <\/div>\r\n            <div class=\"iframe_wrapper\">\r\n                <iframe loading=\"lazy\" width=\"100%\" height=\"1122px\" src=\"https:\/\/editionsdudetour.com\/wp-content\/plugins\/pdf-poster\/pdfjs\/web\/viewer.html?file=http:\/\/editionsdudetour.com\/wp-content\/uploads\/2026\/04\/Verts-de-rage-extrait-pour-site.pdf&#038;download=true&#038;print=false&#038;openfile=false\"><\/iframe>\r\n            <\/div>\r\n\t    <\/div>\r\n        ","protected":false},"excerpt":{"rendered":"<p>Verts de rage ! Deux si\u00e8cles de luttes environnementales en France Fran\u00e7ois Jarrige L\u2019\u00e9cologie et les luttes pour la d\u00e9fense de l\u2019environnement ne datent pas des ann\u00e9es 1970. Fran\u00e7ois Jarrige retrace dans ce livre, tr\u00e8s accessible, l\u2019histoire de deux si\u00e8cles de combats. L\u2019opposition aux accaparements des ressources et \u00e0 la destruction de la faune et [&hellip;]<\/p>\n","protected":false},"author":1,"featured_media":0,"parent":14,"menu_order":0,"comment_status":"closed","ping_status":"closed","template":"","meta":[],"_links":{"self":[{"href":"https:\/\/editionsdudetour.com\/index.php\/wp-json\/wp\/v2\/pages\/6543"}],"collection":[{"href":"https:\/\/editionsdudetour.com\/index.php\/wp-json\/wp\/v2\/pages"}],"about":[{"href":"https:\/\/editionsdudetour.com\/index.php\/wp-json\/wp\/v2\/types\/page"}],"author":[{"embeddable":true,"href":"https:\/\/editionsdudetour.com\/index.php\/wp-json\/wp\/v2\/users\/1"}],"replies":[{"embeddable":true,"href":"https:\/\/editionsdudetour.com\/index.php\/wp-json\/wp\/v2\/comments?post=6543"}],"version-history":[{"count":7,"href":"https:\/\/editionsdudetour.com\/index.php\/wp-json\/wp\/v2\/pages\/6543\/revisions"}],"predecessor-version":[{"id":6556,"href":"https:\/\/editionsdudetour.com\/index.php\/wp-json\/wp\/v2\/pages\/6543\/revisions\/6556"}],"up":[{"embeddable":true,"href":"https:\/\/editionsdudetour.com\/index.php\/wp-json\/wp\/v2\/pages\/14"}],"wp:attachment":[{"href":"https:\/\/editionsdudetour.com\/index.php\/wp-json\/wp\/v2\/media?parent=6543"}],"curies":[{"name":"wp","href":"https:\/\/api.w.org\/{rel}","templated":true}]}}