{"id":6450,"date":"2026-02-25T17:19:40","date_gmt":"2026-02-25T16:19:40","guid":{"rendered":"http:\/\/editionsdudetour.com\/?page_id=6450"},"modified":"2026-03-12T00:10:14","modified_gmt":"2026-03-11T23:10:14","slug":"moi-aussi-je-te-regarde","status":"publish","type":"page","link":"https:\/\/editionsdudetour.com\/index.php\/les-livres\/moi-aussi-je-te-regarde\/","title":{"rendered":"Moi aussi je te regarde"},"content":{"rendered":"\n<h1><a href=\"http:\/\/editionsdudetour.com\/wp-content\/uploads\/2025\/11\/Capture-de\u0301cran-2025-11-12-a\u0300-16.35.05.png\" rel=\"attachment wp-att-6377\"><img loading=\"lazy\" class=\"alignright  wp-image-6377\" src=\"http:\/\/editionsdudetour.com\/wp-content\/uploads\/2025\/11\/Capture-de\u0301cran-2025-11-12-a\u0300-16.35.05.png\" alt=\"\" width=\"337\" height=\"481\" srcset=\"https:\/\/editionsdudetour.com\/wp-content\/uploads\/2025\/11\/Capture-de\u0301cran-2025-11-12-a\u0300-16.35.05.png 614w, https:\/\/editionsdudetour.com\/wp-content\/uploads\/2025\/11\/Capture-de\u0301cran-2025-11-12-a\u0300-16.35.05-210x300.png 210w\" sizes=\"(max-width: 337px) 100vw, 337px\" \/><\/a><\/h1>\n<h1>Moi aussi je te regarde<\/h1>\n<h2 class=\"p2\">Regards de femmes sur corps d\u2019hommes<\/h2>\n<h3>Morgane Tocco<\/h3>\n<p class=\"p2\"><em>Le regard des femmes sur le corps des hommes est absent des repr\u00e9sentations<\/em><br \/><em>collectives. Pourtant les femmes regardent les hommes et peuvent<\/em><br \/><em>\u00eatre s\u00e9duites par cette vue.<\/em><\/p>\n<p>Le livre d\u00e9montre que la capacit\u00e9 des femmes \u00e0 regarder avec attention<br \/>et plaisir le corps d\u2019un homme est entrav\u00e9e par un ensemble de pratiques, repr\u00e9sentations et normes, intrins\u00e8quement li\u00e9es \u00e0 la cat\u00e9gorisation genr\u00e9e des r\u00f4les de s\u00e9duction. Celle-ci, fond\u00e9e sur le primat du d\u00e9sir (h\u00e9t\u00e9ro) sexuel masculin, attribue l\u2019attractivit\u00e9 du corps au r\u00f4le f\u00e9minin : la s\u00e9duction par l\u2019image corporelle serait propre aux femmes. Cette division genr\u00e9e des r\u00f4les participe \u00e0 r\u00e9genter leurs regards dans les espaces publics comme dans l\u2019intimit\u00e9.<\/p>\n<p>L\u2019autrice apporte cependant un \u00e9clairage sur la capacit\u00e9 des femmes \u00e0 agir par-del\u00e0 les d\u00e9terminismes : toutes ne se conforment pas de la m\u00eame mani\u00e8re aux r\u00f4les de s\u00e9duction ; certaines y r\u00e9sistent individuellement, certaines entreprennent m\u00eame de les transformer collectivement.<\/p>\n<p>Plongeant au c\u0153ur des exp\u00e9riences de femmes : une enqu\u00eate de terrain men\u00e9e aupr\u00e8s de plus de 80 femmes \u00e2g\u00e9es de 18 \u00e0 85 ans ; le livre montre que le regard et les perceptions esth\u00e9tico-\u00e9rotique, loin d\u2019\u00eatre inn\u00e9s, sont le fruit d\u2019un apprentissage, marqu\u00e9 par des normes de genre et par la domination masculine.<\/p>\n<p class=\"p6\"><strong><span class=\"s2\" style=\"color: #993300;\">Morgane Tocco <\/span><\/strong>est docteure en anthropologie sociale, dipl\u00f4m\u00e9e de l\u2019EHESS. Elle s\u2019int\u00e9resse aux \u00e9motions et perceptions sensorielles par le prisme des normes de genre et des rapports de pouvoir qui les traversent, ainsi qu\u2019aux dynamiques d\u2019\u00e9mancipation post #metoo.<\/p>\n<table style=\"width: 41.0687%; height: 221px;\">\n<tbody>\n<tr style=\"height: 37px;\">\n<td style=\"height: 37px;\">Parution : 26 f\u00e9vrier 2026<\/td>\n<\/tr>\n<tr style=\"height: 37px;\">\n<td style=\"height: 37px;\">Genre : Essai<\/td>\n<\/tr>\n<tr style=\"height: 37px;\">\n<td style=\"height: 37px;\">Domaines : F\u00e9minisme<\/td>\n<\/tr>\n<tr style=\"height: 37px;\">\n<td style=\"height: 37px;\">20,90 \u20ac<\/td>\n<\/tr>\n<tr style=\"height: 37px;\">\n<td style=\"height: 37px;\">Format : 14 x 20 cm<\/td>\n<\/tr>\n<tr style=\"height: 37px;\">\n<td style=\"height: 37px;\">ISBN :\u00a0978-2-38532-108-6<\/td>\n<\/tr>\n<\/tbody>\n<\/table>\n<h1>\u00a0<\/h1>\n<h1><span style=\"color: #993300;\">Introduction et table des mati\u00e8res<\/span><\/h1>\n<p>\u00a0<\/p>\n<p>\u00a0<\/p>\n\n\n\t\t<style>\r\n            #h5vp69dc1ca2a5a3b iframe {  width: 100%; }        <\/style>\r\n        \t    <div id=\"h5vp69dc1ca2a5a3b\" class=\"pdfp_wrapper\">\r\n                        <div class=\"cta_wrapper\">\r\n                \t            <p><a class=\"fullscreenBtn\" href=\"https:\/\/editionsdudetour.com\/wp-content\/plugins\/pdf-poster\/pdfjs\/web\/viewer.html?file=http:\/\/editionsdudetour.com\/wp-content\/uploads\/2026\/02\/Moi-aussi-je-te-regarde-pour-site.pdf&#038;download=true&#038;print=false&#038;openfile=false\"><button>View Fullscreen<\/button><\/a><\/p>\r\n            <\/div>\r\n            <div class=\"iframe_wrapper\">\r\n                <iframe loading=\"lazy\" width=\"100%\" height=\"1122px\" src=\"https:\/\/editionsdudetour.com\/wp-content\/plugins\/pdf-poster\/pdfjs\/web\/viewer.html?file=http:\/\/editionsdudetour.com\/wp-content\/uploads\/2026\/02\/Moi-aussi-je-te-regarde-pour-site.pdf&#038;download=true&#038;print=false&#038;openfile=false\"><\/iframe>\r\n            <\/div>\r\n\t    <\/div>\r\n        ","protected":false},"excerpt":{"rendered":"<p>Moi aussi je te regarde Regards de femmes sur corps d\u2019hommes Morgane Tocco Le regard des femmes sur le corps des hommes est absent des repr\u00e9sentationscollectives. Pourtant les femmes regardent les hommes et peuvent\u00eatre s\u00e9duites par cette vue. Le livre d\u00e9montre que la capacit\u00e9 des femmes \u00e0 regarder avec attentionet plaisir le corps d\u2019un homme [&hellip;]<\/p>\n","protected":false},"author":1,"featured_media":0,"parent":14,"menu_order":0,"comment_status":"closed","ping_status":"closed","template":"","meta":[],"_links":{"self":[{"href":"https:\/\/editionsdudetour.com\/index.php\/wp-json\/wp\/v2\/pages\/6450"}],"collection":[{"href":"https:\/\/editionsdudetour.com\/index.php\/wp-json\/wp\/v2\/pages"}],"about":[{"href":"https:\/\/editionsdudetour.com\/index.php\/wp-json\/wp\/v2\/types\/page"}],"author":[{"embeddable":true,"href":"https:\/\/editionsdudetour.com\/index.php\/wp-json\/wp\/v2\/users\/1"}],"replies":[{"embeddable":true,"href":"https:\/\/editionsdudetour.com\/index.php\/wp-json\/wp\/v2\/comments?post=6450"}],"version-history":[{"count":5,"href":"https:\/\/editionsdudetour.com\/index.php\/wp-json\/wp\/v2\/pages\/6450\/revisions"}],"predecessor-version":[{"id":6466,"href":"https:\/\/editionsdudetour.com\/index.php\/wp-json\/wp\/v2\/pages\/6450\/revisions\/6466"}],"up":[{"embeddable":true,"href":"https:\/\/editionsdudetour.com\/index.php\/wp-json\/wp\/v2\/pages\/14"}],"wp:attachment":[{"href":"https:\/\/editionsdudetour.com\/index.php\/wp-json\/wp\/v2\/media?parent=6450"}],"curies":[{"name":"wp","href":"https:\/\/api.w.org\/{rel}","templated":true}]}}