{"id":6336,"date":"2025-08-26T22:14:25","date_gmt":"2025-08-26T20:14:25","guid":{"rendered":"http:\/\/editionsdudetour.com\/?page_id=6336"},"modified":"2025-08-26T22:14:26","modified_gmt":"2025-08-26T20:14:26","slug":"sante-mentale","status":"publish","type":"page","link":"https:\/\/editionsdudetour.com\/index.php\/les-livres\/sante-mentale\/","title":{"rendered":"Sant\u00e9 mentale"},"content":{"rendered":"\n<h1><a href=\"http:\/\/editionsdudetour.com\/index.php\/les-livres\/a-paraitre\/sante-mentale-couverture\/\"><img loading=\"lazy\" class=\"alignright wp-image-6210 \" src=\"http:\/\/editionsdudetour.com\/wp-content\/uploads\/2025\/06\/sante\u0301-mentale-couverture.png\" alt=\"\" width=\"309\" height=\"443\" srcset=\"https:\/\/editionsdudetour.com\/wp-content\/uploads\/2025\/06\/sante\u0301-mentale-couverture.png 528w, https:\/\/editionsdudetour.com\/wp-content\/uploads\/2025\/06\/sante\u0301-mentale-couverture-210x300.png 210w\" sizes=\"(max-width: 309px) 100vw, 309px\" \/><\/a><\/h1>\n<h1>Sant\u00e9 mentale<\/h1>\n<h2 class=\"p2\">Ce que peut vraiment la psychiatrie<span class=\"Apple-converted-space\">\u00a0<\/span><\/h2>\n<h3><span style=\"color: #993300; font-size: 14pt;\">Dr David Masson<\/span><\/h3>\n<p class=\"p2\"><em><span class=\"s1\"><span class=\"Apple-converted-space\"> David Masson, psychiatre, met \u00e0 bas les id\u00e9es fausses sur la sant\u00e9 mentale et ses troubles, ainsi que sur leur prise en charge, en rappelant les d\u00e9fis de la psychiatrie d\u2019aujourd\u2019hui.<\/span><\/span><span class=\"Apple-converted-space\">\u00a0<\/span><\/em><\/p>\n<p class=\"p4\">La sant\u00e9 mentale s\u2019invite partout dans l\u2019actualit\u00e9 et il est parfois compliqu\u00e9 de d\u00e9m\u00ealer le vrai du faux \u00e0 son propos. David Masson, psychiatre, nous donne les cl\u00e9s pour comprendre la sant\u00e9 mentale et la psychiatrie d\u2019aujourd\u2019hui : y a t\u2019il des maladies \u00ab \u00e0 la mode \u00bb, est-ce acceptable d\u2019\u00eatre triste, quels sont les effets des m\u00e9dicaments, quand soigner hors de l\u2019h\u00f4pital, quelle place donne t\u2019on aux personnes souffrant de troubles, est-ce que la psychiatrie soulage vraiment ?<\/p>\n<p class=\"p4\">L\u2019auteur alerte \u00e9galement sur le sens de ces questionnements. Avoir une bonne sant\u00e9 mentale ne doit pas \u00eatre une injonction normalisatrice ou un commerce. David Masson d\u00e9fend ici la prise en compte des handicaps invisibles, de la souffrance des personnes exclues de la soi-disant norme, les progr\u00e8s bien r\u00e9els de la m\u00e9decine contemporaine, et la place menac\u00e9e de soins et th\u00e9rapies psychiatriques bien pens\u00e9s.<\/p>\n<p class=\"p4\">La sant\u00e9 mentale est cruciale et David Masson nous en r\u00e9v\u00e8le les d\u00e9fis.<\/p>\n<p><span style=\"color: #993300;\">David Masson<\/span> est psychiatre et responsable m\u00e9dical du centre de r\u00e9habilitation psychosociale CURe Grand-Est Lorraine. Il m\u00e8ne par ailleurs un travail de vulgarisation autour de la psychiatrie sur les r\u00e9seaux sociaux.<\/p>\n<p><a href=\"https:\/\/editionsdudetour.com\/index.php\/david-masson\/\" target=\"_blank\" rel=\"noopener noreferrer\"><strong>En savoir plus <\/strong><\/a><strong><a href=\"https:\/\/editionsdudetour.com\/index.php\/david-masson\/\" target=\"_blank\" rel=\"noopener noreferrer\">sur David Masson et son livre.<\/a><\/strong><\/p>\n<table style=\"width: 37.8328%; height: 247px;\">\n<tbody>\n<tr style=\"height: 37px;\">\n<td style=\"height: 37px;\">Parution : 28 ao\u00fbt 2025<\/td>\n<\/tr>\n<tr style=\"height: 37px;\">\n<td style=\"height: 37px;\">Genre : Essai<\/td>\n<\/tr>\n<tr style=\"height: 62px;\">\n<td style=\"height: 62px;\">Domaines : Sant\u00e9, Politiques de sant\u00e9 publique<\/td>\n<\/tr>\n<tr style=\"height: 37px;\">\n<td style=\"height: 37px;\">19,90 \u20ac<\/td>\n<\/tr>\n<tr style=\"height: 37px;\">\n<td style=\"height: 37px;\">Format : 14 x 20 cm<\/td>\n<\/tr>\n<tr style=\"height: 37px;\">\n<td style=\"height: 37px;\">ISBN : 978-2-38532-090-4<\/td>\n<\/tr>\n<\/tbody>\n<\/table>\n","protected":false},"excerpt":{"rendered":"<p>Sant\u00e9 mentale Ce que peut vraiment la psychiatrie\u00a0 Dr David Masson David Masson, psychiatre, met \u00e0 bas les id\u00e9es fausses sur la sant\u00e9 mentale et ses troubles, ainsi que sur leur prise en charge, en rappelant les d\u00e9fis de la psychiatrie d\u2019aujourd\u2019hui.\u00a0 La sant\u00e9 mentale s\u2019invite partout dans l\u2019actualit\u00e9 et il est parfois compliqu\u00e9 de [&hellip;]<\/p>\n","protected":false},"author":1,"featured_media":0,"parent":14,"menu_order":0,"comment_status":"closed","ping_status":"closed","template":"","meta":[],"_links":{"self":[{"href":"https:\/\/editionsdudetour.com\/index.php\/wp-json\/wp\/v2\/pages\/6336"}],"collection":[{"href":"https:\/\/editionsdudetour.com\/index.php\/wp-json\/wp\/v2\/pages"}],"about":[{"href":"https:\/\/editionsdudetour.com\/index.php\/wp-json\/wp\/v2\/types\/page"}],"author":[{"embeddable":true,"href":"https:\/\/editionsdudetour.com\/index.php\/wp-json\/wp\/v2\/users\/1"}],"replies":[{"embeddable":true,"href":"https:\/\/editionsdudetour.com\/index.php\/wp-json\/wp\/v2\/comments?post=6336"}],"version-history":[{"count":2,"href":"https:\/\/editionsdudetour.com\/index.php\/wp-json\/wp\/v2\/pages\/6336\/revisions"}],"predecessor-version":[{"id":6339,"href":"https:\/\/editionsdudetour.com\/index.php\/wp-json\/wp\/v2\/pages\/6336\/revisions\/6339"}],"up":[{"embeddable":true,"href":"https:\/\/editionsdudetour.com\/index.php\/wp-json\/wp\/v2\/pages\/14"}],"wp:attachment":[{"href":"https:\/\/editionsdudetour.com\/index.php\/wp-json\/wp\/v2\/media?parent=6336"}],"curies":[{"name":"wp","href":"https:\/\/api.w.org\/{rel}","templated":true}]}}