{"id":626,"date":"2018-10-16T20:15:45","date_gmt":"2018-10-16T18:15:45","guid":{"rendered":"http:\/\/editionsdudetour.com\/?page_id=626"},"modified":"2021-12-18T16:54:56","modified_gmt":"2021-12-18T15:54:56","slug":"histoire-de-la-commune-de-1871","status":"publish","type":"page","link":"https:\/\/editionsdudetour.com\/index.php\/les-livres\/histoire-de-la-commune-de-1871\/","title":{"rendered":"Histoire de la Commune de 1871"},"content":{"rendered":"<p><a href=\"http:\/\/editionsdudetour.com\/wp-content\/uploads\/2020\/08\/Histoire-de-la-Commune-de-1871-couverture-scaled.jpg\"><img loading=\"lazy\" class=\"wp-image-557 alignleft\" src=\"http:\/\/editionsdudetour.com\/wp-content\/uploads\/2018\/06\/Couverture-Histoire-de-la-Commune-de-1871-690x1024.jpg\" alt=\"\" width=\"192\" height=\"285\" srcset=\"https:\/\/editionsdudetour.com\/wp-content\/uploads\/2018\/06\/Couverture-Histoire-de-la-Commune-de-1871-690x1024.jpg 690w, https:\/\/editionsdudetour.com\/wp-content\/uploads\/2018\/06\/Couverture-Histoire-de-la-Commune-de-1871-202x300.jpg 202w, https:\/\/editionsdudetour.com\/wp-content\/uploads\/2018\/06\/Couverture-Histoire-de-la-Commune-de-1871-768x1139.jpg 768w, https:\/\/editionsdudetour.com\/wp-content\/uploads\/2018\/06\/Couverture-Histoire-de-la-Commune-de-1871-624x925.jpg 624w, https:\/\/editionsdudetour.com\/wp-content\/uploads\/2018\/06\/Couverture-Histoire-de-la-Commune-de-1871.jpg 1890w\" sizes=\"(max-width: 192px) 100vw, 192px\" \/><\/a><\/p>\n<h1>Histoire de la Commune de 1871<\/h1>\n<h3><span style=\"color: #993300;\">Prosper-Olivier Lissagaray<\/span><\/h3>\n<p><span style=\"color: #000000;\"><strong>Pr\u00e9face de Jacques Rougerie<\/strong><\/span><\/p>\n<p>18 mars-28 mai 1871, les 72 jours d\u2019un soul\u00e8vement populaire in\u00e9dit s\u2019ach\u00e8vent par une boucherie et la d\u00e9portation de milliers de communards. Pourtant, cet \u00e9v\u00e8nement a marqu\u00e9, et marque encore, l\u2019imaginaire politique et social, en France et partout dans le monde. Ce livre est le r\u00e9cit le plus c\u00e9l\u00e8bre de ces jours d\u2019espoirs et de luttes, par l\u2019un des protagonistes.<\/p>\n<p><span style=\"color: #993300;\"><strong>Prosper-Olivier Lissagaray<\/strong><\/span> (1838-1901), journaliste socialiste-r\u00e9publicain, rallie la Commune d\u00e8s le premier jour. Apr\u00e8s la d\u00e9faite des insurg\u00e9s, il r\u00e9ussit \u00e0 s\u2019enfuir. Exil\u00e9 \u00e0 Bruxelles puis \u00e0 Londres, il commence une contre-enqu\u00eate \u00e0 la campagne de publications versaillaises avec l\u2019objectif de r\u00e9tablir les faits, vrais et v\u00e9rifi\u00e9s. La premi\u00e8re \u00e9dition du livre parait en 1876.<br \/>Ce livre est la r\u00e9\u00e9dition de la deuxi\u00e8me \u00e9dition fran\u00e7aise du texte, en 1896, au moment o\u00f9 l\u2019auteur, rentr\u00e9 en France apr\u00e8s l\u2019amnistie de 1880, reprend l\u2019ensemble du dossier avec l\u2019ambition d\u2019\u00eatre le plus exact possible : \u00ab le vainqueur guettera la moindre inexactitude pour nier tout le reste. \u00bb<br \/>C\u2019est le plus beau t\u00e9moignage, par l\u2019un de ses d\u00e9fenseurs, de ce qu\u2019a pu \u00eatre la Commune de Paris, \u00e0 la fois revendication sociale et exp\u00e9rimentation politique. \u00ab Lissa \u00bb restitue, dans une langue vive et accessible, l\u2019histoire, au jour le jour, de la plus importante tentative de lib\u00e9ration politique du XIX<sup>e<\/sup> si\u00e8cle.<\/p>\n<p>Historien, <span style=\"color: #993300;\"><strong>Jacques Rougerie<\/strong><\/span> est sp\u00e9cialiste de la Commune de Paris, il en a renouvel\u00e9 l\u2019histoire en profondeur. Il a publi\u00e9 de nombreux ouvrages sur le sujet : <em>La Commune et les Communards<\/em>, Folio, r\u00e9\u00e9d. 2018, <em>Paris libre 1871<\/em>, r\u00e9\u00e9d. Point 2014, <em>Paris insurg\u00e9 : la Commune de 1871<\/em>, D\u00e9couvertes Gallimard, r\u00e9\u00e9d. 2012, <em>La commune de 1871<\/em>, \u00ab Que sais-je ? \u00bb, Puf, r\u00e9\u00e9d. 2014. Il est \u00e9galement l&rsquo;auteur aux \u00e9ditions du D\u00e9tour de <a href=\"http:\/\/editionsdudetour.com\/index.php\/les-livres\/1028-2\/\"><em>Eug\u00e8ne Varlin \u2014 Aux origines du mouvement ouvrier<\/em><\/a><\/p>\n<table style=\"width: 296px;\">\n<tbody>\n<tr>\n<td>Collection \u00ab Le Devenir du pass\u00e9 \u00bb<\/td>\n<\/tr>\n<tr>\n<td>Parution : 11 octobre 2018<\/td>\n<\/tr>\n<tr>\n<td>Livre : 26 \u20ac<\/td>\n<\/tr>\n<tr>\n<td>616 pages<\/td>\n<\/tr>\n<tr>\n<td>Format : 16 X 24 cm<\/td>\n<\/tr>\n<tr>\n<td>ISBN : 979-10-97079-38-3<\/td>\n<\/tr>\n<\/tbody>\n<\/table>\n\n\n<h3>\u00a0<\/h3>\n<h3>Pr\u00e9face et table des mati\u00e8res<\/h3>\n<p>\u00a0<\/p>\n\n\n\t\t<style>\r\n            #h5vp69dc1c936427d iframe {  width: 100%; }        <\/style>\r\n        \t    <div id=\"h5vp69dc1c936427d\" class=\"pdfp_wrapper\">\r\n                        <div class=\"cta_wrapper\">\r\n                \t            <p><a class=\"fullscreenBtn\" href=\"https:\/\/editionsdudetour.com\/wp-content\/plugins\/pdf-poster\/pdfjs\/web\/viewer.html?file=http:\/\/editionsdudetour.com\/wp-content\/uploads\/2020\/08\/Histoire-de-la-Commune-de-1871-pour-site.pdf&#038;download=true&#038;print=&#038;openfile=false\"><button>View Fullscreen<\/button><\/a><\/p>\r\n            <\/div>\r\n            <div class=\"iframe_wrapper\">\r\n                <iframe loading=\"lazy\" width=\"100%\" height=\"1122px\" src=\"https:\/\/editionsdudetour.com\/wp-content\/plugins\/pdf-poster\/pdfjs\/web\/viewer.html?file=http:\/\/editionsdudetour.com\/wp-content\/uploads\/2020\/08\/Histoire-de-la-Commune-de-1871-pour-site.pdf&#038;download=true&#038;print=&#038;openfile=false\"><\/iframe>\r\n            <\/div>\r\n\t    <\/div>\r\n        ","protected":false},"excerpt":{"rendered":"<p>Histoire de la Commune de 1871 Prosper-Olivier Lissagaray Pr\u00e9face de Jacques Rougerie 18 mars-28 mai 1871, les 72 jours d\u2019un soul\u00e8vement populaire in\u00e9dit s\u2019ach\u00e8vent par une boucherie et la d\u00e9portation de milliers de communards. Pourtant, cet \u00e9v\u00e8nement a marqu\u00e9, et marque encore, l\u2019imaginaire politique et social, en France et partout dans le monde. Ce livre [&hellip;]<\/p>\n","protected":false},"author":1,"featured_media":0,"parent":14,"menu_order":0,"comment_status":"closed","ping_status":"closed","template":"","meta":[],"_links":{"self":[{"href":"https:\/\/editionsdudetour.com\/index.php\/wp-json\/wp\/v2\/pages\/626"}],"collection":[{"href":"https:\/\/editionsdudetour.com\/index.php\/wp-json\/wp\/v2\/pages"}],"about":[{"href":"https:\/\/editionsdudetour.com\/index.php\/wp-json\/wp\/v2\/types\/page"}],"author":[{"embeddable":true,"href":"https:\/\/editionsdudetour.com\/index.php\/wp-json\/wp\/v2\/users\/1"}],"replies":[{"embeddable":true,"href":"https:\/\/editionsdudetour.com\/index.php\/wp-json\/wp\/v2\/comments?post=626"}],"version-history":[{"count":7,"href":"https:\/\/editionsdudetour.com\/index.php\/wp-json\/wp\/v2\/pages\/626\/revisions"}],"predecessor-version":[{"id":2715,"href":"https:\/\/editionsdudetour.com\/index.php\/wp-json\/wp\/v2\/pages\/626\/revisions\/2715"}],"up":[{"embeddable":true,"href":"https:\/\/editionsdudetour.com\/index.php\/wp-json\/wp\/v2\/pages\/14"}],"wp:attachment":[{"href":"https:\/\/editionsdudetour.com\/index.php\/wp-json\/wp\/v2\/media?parent=626"}],"curies":[{"name":"wp","href":"https:\/\/api.w.org\/{rel}","templated":true}]}}