{"id":624,"date":"2018-10-16T20:13:58","date_gmt":"2018-10-16T18:13:58","guid":{"rendered":"http:\/\/editionsdudetour.com\/?page_id=624"},"modified":"2022-05-18T16:30:26","modified_gmt":"2022-05-18T14:30:26","slug":"lhomme-en-question-du-deluge-a-fukushima","status":"publish","type":"page","link":"https:\/\/editionsdudetour.com\/index.php\/les-livres\/lhomme-en-question-du-deluge-a-fukushima\/","title":{"rendered":"De la catastrophe"},"content":{"rendered":"<p><a href=\"http:\/\/editionsdudetour.com\/wp-content\/uploads\/2020\/08\/De-la-Catastrophe-couverture.jpg\"><img loading=\"lazy\" class=\" wp-image-531 alignleft\" src=\"http:\/\/editionsdudetour.com\/wp-content\/uploads\/2018\/05\/Couverture-catastrophe-188x300.jpg\" alt=\"\" width=\"200\" height=\"319\" srcset=\"https:\/\/editionsdudetour.com\/wp-content\/uploads\/2018\/05\/Couverture-catastrophe-188x300.jpg 188w, https:\/\/editionsdudetour.com\/wp-content\/uploads\/2018\/05\/Couverture-catastrophe-768x1229.jpg 768w, https:\/\/editionsdudetour.com\/wp-content\/uploads\/2018\/05\/Couverture-catastrophe-640x1024.jpg 640w, https:\/\/editionsdudetour.com\/wp-content\/uploads\/2018\/05\/Couverture-catastrophe-624x998.jpg 624w, https:\/\/editionsdudetour.com\/wp-content\/uploads\/2018\/05\/Couverture-catastrophe.jpg 1620w\" sizes=\"(max-width: 200px) 100vw, 200px\" \/><\/a><\/p>\n<h1>De la Catastrophe<\/h1>\n<h2>L\u2019Homme en question du D\u00e9luge \u00e0 Fukushima<\/h2>\n<h3><span style=\"color: #993300;\">Sous la direction de Mich\u00e8le Riot-Sarcey<\/span><\/h3>\n<p>Une catastrophe, un penseur et quelques pages de r\u00e9cit et d\u2019analyse \u00e0<br \/>hauteur d\u2019homme, pour se rem\u00e9morer l\u2019impact de ces basculements inou\u00efs et en nourrir notre rapport au monde, alors que nous nous sentons impuissants face \u00e0 des drames dont nous sommes souvent les moteurs.<\/p>\n<p>Livre pessimiste ? En apparence seulement. <em>De la Catastrophe<\/em> rassemble un concentr\u00e9 synth\u00e9tique des \u00e9v\u00e9nements inou\u00efs qu\u2019ont d\u00fb vivre et subir les contemporains, du mythe du D\u00e9luge \u00e0 la r\u00e9alit\u00e9 de Fukushima.<\/p>\n<p>L\u2019humanit\u00e9 n\u2019a cess\u00e9 devoir affronter les exc\u00e8s du temps, de la peste noire au tremblement de terre de Lisbonne, mais cette m\u00eame humanit\u00e9 \u00e0 largement particip\u00e9 \u00e0 sa propre destruction, de la prise de Constantinople \u00e0 Fukushima. C\u2019est pourquoi il a sembl\u00e9 utile de penser l\u2019ensemble de ces adversit\u00e9s afin de mettre au jour, \u00e0 l\u2019aide de th\u00e9oriciens critiques, la part humaine de ce qui f\u00fbt consid\u00e9r\u00e9 comme un d\u00e9r\u00e8glement naturel ou une punition divine. Les deux guerres mondiales sont un exemple \u00e9difiant de l\u2019autodestruction de l\u2019humanit\u00e9, il en est de m\u00eame du devenir in\u00e9luctable de la catastrophe \u00e9cologique \u00e0 d\u00e9faut d\u2019une prise de conscience lucide de nos contemporains.<\/p>\n<p><span style=\"color: #993300;\"><strong>Mich\u00e8le Riot-Sarcey <\/strong><\/span>est professeure \u00e9m\u00e9rite d\u2019histoire contemporaine de l\u2019universit\u00e9 Paris-8, elle a publi\u00e9 de nombreux ouvrages d\u2019histoire du politique, du genre et sur l\u2019utopie au XIX<sup>e<\/sup> si\u00e8cle. Elle est l\u2019auteure, entre autres, du <em>Proc\u00e8s de la libert\u00e9<\/em> (La D\u00e9couverte, 2016), qui a obtenu le prix P\u00e9trarque de l\u2019essai <em>Le Monde<\/em>\/France Culture.<\/p>\n<p><span style=\"color: #993300;\"><strong>Sommaire<\/strong><\/span><br \/><em>Introduction<\/em>, <span style=\"color: #993300;\"><strong>Mich\u00e8le Riot-Sarcey<\/strong><\/span><br \/><em>Le D\u00e9luge<\/em>, <span style=\"color: #993300;\"><strong>Pierre-Antoine Fabre<\/strong><\/span><br \/><em>1204, la prise et le sac de Constantinople<\/em>, <span style=\"color: #993300;\"><strong>Michel Kaplan<\/strong><\/span><br \/><em>La Grande Peste de 1347<\/em>, <span style=\"color: #993300;\"><strong>Marilyn Nicoud<br \/><\/strong><\/span><em>Signes apocalyptiques, Florence 1500 et Naples 1631<\/em>, <span style=\"color: #993300;\"><strong>Gwladys Le Cuff<\/strong><span style=\"color: #000000;\"> et<\/span> <strong>Karen Dutrech<\/strong><\/span><br \/><em>La conqu\u00eate de l&rsquo;Am\u00e9rique, utopie et catastrophe<\/em>, <span style=\"color: #993300;\"><strong>Alejandro Madrid Zan<br \/><\/strong><\/span><em>Lisbonne, 1755, les philosophes et la catastrophe<\/em>, <span style=\"color: #993300;\"><strong>Paola Giacomoni<br \/><\/strong><\/span><em>Traite et esclavage en S\u00e9n\u00e9gambie, le march\u00e9 d\u2019esclaves de Marsassoum<\/em>, <span style=\"color: #993300;\"><strong>Djiguatte Am\u00e9d\u00e9 Bass\u00e8ne<\/strong><\/span><em><br \/><\/em><em>Stigmates et m\u00e9moires de l\u2019esclavage en Afrique de l\u2019Ouest<\/em>, <span style=\"color: #993300;\"><b>Ibrahima<\/b> <strong>Thioub<\/strong><\/span><br \/><em>La Grande Guerre ou la r\u00e9volution de la violence<\/em>, <span style=\"color: #993300;\"><strong>Jay Winter<br \/><\/strong><\/span><em>La requalification du progr\u00e8s en catastrophe<\/em>, <strong><span style=\"color: #993300;\">Christophe David<br \/><\/span><\/strong><em>Traces psychiques, m\u00e9moires crypt\u00e9es et catastrophes historiques<\/em>, <span style=\"color: #993300;\"><strong>Eva Weil<\/strong><\/span><br \/><em>L\u2019effondrement, la catastrophe et la r\u00e9demption, r\u00e9flexion sur la crise \u00e9cologique<\/em>, <span style=\"color: #993300;\"><strong>Paul Guillibert<\/strong><\/span><br \/><em>Fukushima ou la banalisation de la catastrophe nucl\u00e9aire<\/em>, <span style=\"color: #993300;\"><strong>Jean-Paul Del\u00e9age<\/strong><\/span><br \/><em>Conclusion<\/em>, <span style=\"color: #993300;\"><strong>Mich\u00e8le Riot-Sarcey<\/strong><\/span><\/p>\n<table style=\"width: 296px;\">\n<tbody>\n<tr>\n<td>Collection \u00ab Le Devenir du pass\u00e9 \u00bb<\/td>\n<\/tr>\n<tr>\n<td>Parution : 04 octobre 2018<\/td>\n<\/tr>\n<tr>\n<td>Livre : 22,00 \u20ac<\/td>\n<\/tr>\n<tr>\n<td>304 pages<\/td>\n<\/tr>\n<tr>\n<td>Format : 14 X 22 cm<\/td>\n<\/tr>\n<tr>\n<td>ISBN : 979-10-97079-36-9<\/td>\n<\/tr>\n<\/tbody>\n<\/table>\n\n\n<h3>\u00a0<\/h3>\n<h3>Pr\u00e9face et table des mati\u00e8res<\/h3>\n<p>\u00a0<\/p>\n\n\n\t\t<style>\r\n            #h5vp69dc1dee3e785 iframe {  width: 100%; }        <\/style>\r\n        \t    <div id=\"h5vp69dc1dee3e785\" class=\"pdfp_wrapper\">\r\n                        <div class=\"cta_wrapper\">\r\n                \t            <p><a class=\"fullscreenBtn\" href=\"https:\/\/editionsdudetour.com\/wp-content\/plugins\/pdf-poster\/pdfjs\/web\/viewer.html?file=http:\/\/editionsdudetour.com\/wp-content\/uploads\/2020\/08\/De-la-Catastrophe-pour-site.pdf&#038;download=true&#038;print=&#038;openfile=false\"><button>View Fullscreen<\/button><\/a><\/p>\r\n            <\/div>\r\n            <div class=\"iframe_wrapper\">\r\n                <iframe loading=\"lazy\" width=\"100%\" height=\"1122px\" src=\"https:\/\/editionsdudetour.com\/wp-content\/plugins\/pdf-poster\/pdfjs\/web\/viewer.html?file=http:\/\/editionsdudetour.com\/wp-content\/uploads\/2020\/08\/De-la-Catastrophe-pour-site.pdf&#038;download=true&#038;print=&#038;openfile=false\"><\/iframe>\r\n            <\/div>\r\n\t    <\/div>\r\n        ","protected":false},"excerpt":{"rendered":"<p>De la Catastrophe L\u2019Homme en question du D\u00e9luge \u00e0 Fukushima Sous la direction de Mich\u00e8le Riot-Sarcey Une catastrophe, un penseur et quelques pages de r\u00e9cit et d\u2019analyse \u00e0hauteur d\u2019homme, pour se rem\u00e9morer l\u2019impact de ces basculements inou\u00efs et en nourrir notre rapport au monde, alors que nous nous sentons impuissants face \u00e0 des drames dont [&hellip;]<\/p>\n","protected":false},"author":1,"featured_media":0,"parent":14,"menu_order":0,"comment_status":"closed","ping_status":"closed","template":"","meta":[],"_links":{"self":[{"href":"https:\/\/editionsdudetour.com\/index.php\/wp-json\/wp\/v2\/pages\/624"}],"collection":[{"href":"https:\/\/editionsdudetour.com\/index.php\/wp-json\/wp\/v2\/pages"}],"about":[{"href":"https:\/\/editionsdudetour.com\/index.php\/wp-json\/wp\/v2\/types\/page"}],"author":[{"embeddable":true,"href":"https:\/\/editionsdudetour.com\/index.php\/wp-json\/wp\/v2\/users\/1"}],"replies":[{"embeddable":true,"href":"https:\/\/editionsdudetour.com\/index.php\/wp-json\/wp\/v2\/comments?post=624"}],"version-history":[{"count":12,"href":"https:\/\/editionsdudetour.com\/index.php\/wp-json\/wp\/v2\/pages\/624\/revisions"}],"predecessor-version":[{"id":3113,"href":"https:\/\/editionsdudetour.com\/index.php\/wp-json\/wp\/v2\/pages\/624\/revisions\/3113"}],"up":[{"embeddable":true,"href":"https:\/\/editionsdudetour.com\/index.php\/wp-json\/wp\/v2\/pages\/14"}],"wp:attachment":[{"href":"https:\/\/editionsdudetour.com\/index.php\/wp-json\/wp\/v2\/media?parent=624"}],"curies":[{"name":"wp","href":"https:\/\/api.w.org\/{rel}","templated":true}]}}