{"id":584,"date":"2018-09-09T10:11:14","date_gmt":"2018-09-09T08:11:14","guid":{"rendered":"http:\/\/editionsdudetour.com\/?page_id=584"},"modified":"2022-05-18T15:02:55","modified_gmt":"2022-05-18T13:02:55","slug":"pas-de-plastique-dans-nos-assiettes","status":"publish","type":"page","link":"https:\/\/editionsdudetour.com\/index.php\/les-livres\/pas-de-plastique-dans-nos-assiettes\/","title":{"rendered":"Pas de plastique dans nos assiettes !"},"content":{"rendered":"<p><a href=\"http:\/\/editionsdudetour.com\/wp-content\/uploads\/2020\/08\/Pas-de-plastique-dans-nos-assiettes-couverture-scaled.jpg\"><img loading=\"lazy\" class=\" wp-image-544 alignleft\" src=\"http:\/\/editionsdudetour.com\/wp-content\/uploads\/2018\/06\/Couv-cantine-1-189x300.jpg\" alt=\"\" width=\"196\" height=\"311\" srcset=\"https:\/\/editionsdudetour.com\/wp-content\/uploads\/2018\/06\/Couv-cantine-1-189x300.jpg 189w, https:\/\/editionsdudetour.com\/wp-content\/uploads\/2018\/06\/Couv-cantine-1-768x1216.jpg 768w, https:\/\/editionsdudetour.com\/wp-content\/uploads\/2018\/06\/Couv-cantine-1-647x1024.jpg 647w, https:\/\/editionsdudetour.com\/wp-content\/uploads\/2018\/06\/Couv-cantine-1-624x988.jpg 624w, https:\/\/editionsdudetour.com\/wp-content\/uploads\/2018\/06\/Couv-cantine-1.jpg 1646w\" sizes=\"(max-width: 196px) 100vw, 196px\" \/><\/a><\/p>\n<h1>Pas de plastique dans nos assiettes !<\/h1>\n<h2>Des perturbateurs endocriniens \u00e0 la cantine<\/h2>\n<h3><span style=\"color: #993300;\">Association Cantine sans plastique France<\/span><\/h3>\n<p><span style=\"color: #993300;\"><span style=\"color: #000000;\"><strong>Pr\u00e9face de Ana Soto et Jane Muncke<\/strong><\/span><br \/><\/span><\/p>\n<p>\u00ab\u2009Cocktail toxique\u2009\u00bb, \u00ab\u2009bombe \u00e0 retardement \u2009\u00bb. Les scientifiques d\u00e9noncent le danger des perturbateurs endocriniens contenus dans les pesticides et les plastiques. Pourtant ils sont aujourd\u2019hui massivement employ\u00e9s dans les cantines de nos \u00e9coles.<\/p>\n<p>Normes sanitaires et r\u00e9duction des co\u00fbts ont pouss\u00e9 \u00e0 une pr\u00e9paration des plats standardis\u00e9e, avec un usage intensif de contenants jetables : sacs de cuisson en plastique, barquettes en plastique jetable et vaisselle plastique sont devenus la r\u00e8gle. Avons-nous conscience que nos enfants, dans les cantines, sont expos\u00e9s cinq fois par semaine pendant des ann\u00e9es \u00e0 des substances potentiellement toxiques ? \u00c0 quoi bon manger bio si, \u00e0 l\u2019\u00e2ge o\u00f9 ils sont les plus vuln\u00e9rables, on cuit et ils consomment leurs aliments dans du plastique ?<\/p>\n<p>Des parents d\u2019\u00e9l\u00e8ves m\u00e8nent l\u2019enqu\u00eate et nous expliquent les risques sanitaires et les mesures concr\u00e8tes \u00e0 prendre pour prot\u00e9ger nos enfants, dans les cantines de nos cr\u00e8ches, \u00e9coles, coll\u00e8ges et lyc\u00e9es. Cette approche globale inclue une r\u00e9flexion \u00e9cologique (sortir du tout jetable), sociale (am\u00e9liorer la sant\u00e9 environnementale au travail), et nutritionnelle (lutter contre la malbouffe).<br \/>Ce livre est aussi l\u2019histoire d\u2019une lutte qui commence \u00e0 peine, pour que le principe de pr\u00e9caution s\u2019applique partout, et surtout l\u00e0 o\u00f9 il prend tout son sens : la protection de la sant\u00e9 de nos enfants.<\/p>\n<p><span style=\"color: #993300;\"><span style=\"color: #000000;\">Lanceuse d\u2019alerte, compos\u00e9e <\/span><span style=\"color: #000000;\">de citoyens engag\u00e9s pour la sant\u00e9 et la protection de l\u2019environnement, <span style=\"color: #993300;\"><strong>l\u2019association Cantine sans plastique France<\/strong><\/span> r\u00e9unit les collectifs mobilis\u00e9s autour du plastique \u00e0 la cantine, avec le soutien des parents d\u2019\u00e9l\u00e8ves et des f\u00e9d\u00e9rations de parents d\u2019\u00e9l\u00e8ves. Cr\u00e9\u00e9e en f\u00e9vrier 2018, elle informe, sensibilise et agit sur les usages des plastiques \u00e0 la cantine. <\/span><strong>Ana Soto<\/strong><\/span> est professeure de biologie mol\u00e9culaire \u00e0 l&rsquo;universit\u00e9 Tufts (Boston), elle est \u00e0 l\u2019origine de la d\u00e9couverte des liens entre cancer et perturbateurs endocriniens, notamment le Bisph\u00e9nol A, permettant l\u2019interdiction de ce dernier dans les contenants alimentaires. <span style=\"color: #993300;\"><strong>Jane Muncke<\/strong><\/span> est directrice g\u00e9n\u00e9rale et directrice scientifique de la fondation Food Packaging Forum.<\/p>\n<table style=\"width: 296px;\">\n<tbody>\n<tr>\n<td>Parution : 6 septembre 2018<\/td>\n<\/tr>\n<tr>\n<td>Livre : 17,00 \u20ac<\/td>\n<\/tr>\n<tr>\n<td>192 pages<\/td>\n<\/tr>\n<tr>\n<td>Format : 14 X 22 cm<\/td>\n<\/tr>\n<tr>\n<td>ISBN : 979-10-97079-37-6<\/td>\n<\/tr>\n<\/tbody>\n<\/table>\n<hr \/>\n\n\n<h3>Premi\u00e8res pages et table des mati\u00e8res<\/h3>\n\n\n\t\t<style>\r\n            #h5vp6a079bf99847f iframe {  width: 100%; }        <\/style>\r\n        \t    <div id=\"h5vp6a079bf99847f\" class=\"pdfp_wrapper\">\r\n                        <div class=\"cta_wrapper\">\r\n                \t            <p><a class=\"fullscreenBtn\" href=\"https:\/\/editionsdudetour.com\/wp-content\/plugins\/pdf-poster\/pdfjs\/web\/viewer.html?file=http:\/\/editionsdudetour.com\/wp-content\/uploads\/2020\/08\/Pas-de-plastique-dans-nos-assiettes-.pdf&#038;download=true&#038;print=&#038;openfile=false\"><button>View Fullscreen<\/button><\/a><\/p>\r\n            <\/div>\r\n            <div class=\"iframe_wrapper\">\r\n                <iframe loading=\"lazy\" width=\"100%\" height=\"1122px\" src=\"https:\/\/editionsdudetour.com\/wp-content\/plugins\/pdf-poster\/pdfjs\/web\/viewer.html?file=http:\/\/editionsdudetour.com\/wp-content\/uploads\/2020\/08\/Pas-de-plastique-dans-nos-assiettes-.pdf&#038;download=true&#038;print=&#038;openfile=false\"><\/iframe>\r\n            <\/div>\r\n\t    <\/div>\r\n        ","protected":false},"excerpt":{"rendered":"<p>Pas de plastique dans nos assiettes ! Des perturbateurs endocriniens \u00e0 la cantine Association Cantine sans plastique France Pr\u00e9face de Ana Soto et Jane Muncke \u00ab\u2009Cocktail toxique\u2009\u00bb, \u00ab\u2009bombe \u00e0 retardement \u2009\u00bb. Les scientifiques d\u00e9noncent le danger des perturbateurs endocriniens contenus dans les pesticides et les plastiques. Pourtant ils sont aujourd\u2019hui massivement employ\u00e9s dans les cantines [&hellip;]<\/p>\n","protected":false},"author":1,"featured_media":0,"parent":14,"menu_order":1,"comment_status":"closed","ping_status":"closed","template":"","meta":[],"_links":{"self":[{"href":"https:\/\/editionsdudetour.com\/index.php\/wp-json\/wp\/v2\/pages\/584"}],"collection":[{"href":"https:\/\/editionsdudetour.com\/index.php\/wp-json\/wp\/v2\/pages"}],"about":[{"href":"https:\/\/editionsdudetour.com\/index.php\/wp-json\/wp\/v2\/types\/page"}],"author":[{"embeddable":true,"href":"https:\/\/editionsdudetour.com\/index.php\/wp-json\/wp\/v2\/users\/1"}],"replies":[{"embeddable":true,"href":"https:\/\/editionsdudetour.com\/index.php\/wp-json\/wp\/v2\/comments?post=584"}],"version-history":[{"count":6,"href":"https:\/\/editionsdudetour.com\/index.php\/wp-json\/wp\/v2\/pages\/584\/revisions"}],"predecessor-version":[{"id":3088,"href":"https:\/\/editionsdudetour.com\/index.php\/wp-json\/wp\/v2\/pages\/584\/revisions\/3088"}],"up":[{"embeddable":true,"href":"https:\/\/editionsdudetour.com\/index.php\/wp-json\/wp\/v2\/pages\/14"}],"wp:attachment":[{"href":"https:\/\/editionsdudetour.com\/index.php\/wp-json\/wp\/v2\/media?parent=584"}],"curies":[{"name":"wp","href":"https:\/\/api.w.org\/{rel}","templated":true}]}}