{"id":5324,"date":"2025-04-14T15:56:41","date_gmt":"2025-04-14T13:56:41","guid":{"rendered":"http:\/\/editionsdudetour.com\/?page_id=5324"},"modified":"2025-08-26T22:20:42","modified_gmt":"2025-08-26T20:20:42","slug":"jeudi-noir","status":"publish","type":"page","link":"https:\/\/editionsdudetour.com\/index.php\/jeudi-noir\/","title":{"rendered":"Jeudi noir"},"content":{"rendered":"\n<h1><a href=\"http:\/\/editionsdudetour.com\/wp-content\/uploads\/2025\/04\/Jeudi-noir-\u2013-Couverture.jpg\" rel=\"attachment wp-att-5238\"><img loading=\"lazy\" class=\"wp-image-5238 alignleft\" src=\"http:\/\/editionsdudetour.com\/wp-content\/uploads\/2025\/04\/Jeudi-noir-\u2013-Couverture.jpg\" alt=\"\" width=\"297\" height=\"452\" srcset=\"https:\/\/editionsdudetour.com\/wp-content\/uploads\/2025\/04\/Jeudi-noir-\u2013-Couverture.jpg 738w, https:\/\/editionsdudetour.com\/wp-content\/uploads\/2025\/04\/Jeudi-noir-\u2013-Couverture-197x300.jpg 197w, https:\/\/editionsdudetour.com\/wp-content\/uploads\/2025\/04\/Jeudi-noir-\u2013-Couverture-674x1024.jpg 674w, https:\/\/editionsdudetour.com\/wp-content\/uploads\/2025\/04\/Jeudi-noir-\u2013-Couverture-624x949.jpg 624w\" sizes=\"(max-width: 297px) 100vw, 297px\" \/><\/a>Jeudi noir<\/h1>\n<h2>La rafle du 16 juillet 1942<\/h2>\n<h3>Maurice Rajsfus\u00a0<\/h3>\n<h4><span style=\"color: #333333;\">Pr\u00e9face de <span style=\"color: #993300;\">Laurent Joly<\/span><\/span><\/h4>\n<p class=\"p2\"><i>Le jeudi 16 juillet 1942 et le vendredi 17, la police fran\u00e7aise arr\u00eatait plus de 13 000 Juifs \u00e9trangers \u00e0 Paris et dans sa proche banlieue. Maurice Rajsfus enqu\u00eate sur la rafle dont lui et sa famille ont \u00e9t\u00e9 victimes.<span class=\"Apple-converted-space\">\u00a0<\/span><\/i><\/p>\n<p class=\"p4\">16 juillet 1942. \u00c0 quatre heures du matin, la rafle du V\u00e9l d\u2019Hiv d\u00e9bute. En deux jours, 13 000 Juifs sont arr\u00eat\u00e9s par la police fran\u00e7aise \u2014 sans le concours des Allemands. Maurice Rajsfus a 14 ans et, gr\u00e2ce \u00e0 une suite d\u2019ordres et de contre-ordres, il est lib\u00e9r\u00e9, il ne reverra jamais ses parents.<span class=\"Apple-converted-space\">\u00a0<\/span><\/p>\n<p class=\"p4\"><i>Jeudi noir\u00a0<\/i>est d\u2019abord le r\u00e9cit heure par heure de cette journ\u00e9e qui restera une t\u00e2che ind\u00e9l\u00e9bile dans l\u2019histoire de l\u2019administration fran\u00e7aise.<span class=\"Apple-converted-space\">\u00a0<\/span><\/p>\n<p class=\"p4\">L\u2019auteur m\u00e8ne ensuite une enqu\u00eate sur les diff\u00e9rentes responsabilit\u00e9s des institutions : police, r\u00e9gie des bus parisiens, municipalit\u00e9, \u00c9glise mais aussi sur la l\u00e2chet\u00e9 ordinaire. Celle des complices, actifs comme Marcel Mulot, ce voisin policier qui dirige l\u2019arrestation de la famille, ou de ceux qui d\u00e9tournent le regard quand ils ne tentent pas de profiter de la situation, comme la concierge de l\u2019immeuble, qui le jour m\u00eame, essaye de voler ce qui peut l\u2019\u00eatre dans l\u2019appartement des Rajsfus.<span class=\"Apple-converted-space\">\u00a0<\/span><\/p>\n<p class=\"p4\">Le livre s\u2019ach\u00e8ve sur une r\u00e9flexion poignante sur la m\u00e9moire des victimes et les plaies qui ne se referment pas.<span class=\"Apple-converted-space\">\u00a0<\/span><\/p>\n<p class=\"p6\">Rescap\u00e9 de la rafle du V\u00e9l d\u2019Hiv, historien de la r\u00e9pression polici\u00e8re et militant antiautoritaire, <span style=\"color: #993300;\"><strong><a style=\"color: #993300;\" href=\"https:\/\/editionsdudetour.com\/index.php\/collection-maurice-rajsfus\/\" target=\"_blank\" rel=\"noopener noreferrer\"><span class=\"s2\">Maurice Rajsfus\u00a0<\/span><\/a><\/strong><span style=\"color: #000000;\">(<\/span><\/span>1928-2020) est l\u2019auteur sur la p\u00e9riode et aux \u00e9ditions du D\u00e9tour de :\u00a0<i>Des Juifs dans la Collaboration, l\u2019Ugif (1941-1944)<\/i>,\u00a0<i>La Police de Vichy, La Rafle du Vel\u2019 d\u2019Hiv<\/i>,\u00a0<i>Paris, 1942 : Chroniques d\u2019un survivant, Drancy : Un camp de concentration tr\u00e8s ordinaire\u00a0<\/i>et\u00a0<i>Le Pi\u00e8ge des Ardennes \u2013 1941- 1944<\/i>.\u00a0<span class=\"s2\"><span style=\"color: #993300;\"><strong>Laurent Joly<\/strong><\/span>\u00a0<\/span>est historien. Directeur de recherche au CNRS, il est sp\u00e9cialiste de l\u2019antis\u00e9mitisme durant le r\u00e9gime de Vichy.<span class=\"Apple-converted-space\">\u00a0<\/span><\/p>\n<p><a href=\"https:\/\/editionsdudetour.com\/index.php\/collection-maurice-rajsfus\/\" target=\"_blank\" rel=\"noopener noreferrer\">Retrouvez toute la collection d\u00e9di\u00e9e aux \u0153uvres de Maurice Rajsfus<\/a><\/p>\n<p>\u00a0<\/p>\n<table style=\"width: 51.145%; height: 202px;\">\n<tbody>\n<tr>\n<td style=\"width: 100%;\">Parution\u2009: 15 mai 2025<\/td>\n<\/tr>\n<tr>\n<td style=\"width: 100%;\">Genre\u2009: Essai<\/td>\n<\/tr>\n<tr>\n<td style=\"width: 100%;\">Domaine\u2009: histoire, France, collaboration<\/td>\n<\/tr>\n<tr>\n<td style=\"width: 100%;\">Livre\u2009: 14,90 \u20ac TTC<\/td>\n<\/tr>\n<tr>\n<td style=\"width: 100%;\">Format\u2009: 12,5 x 19 cm, broch\u00e9<\/td>\n<\/tr>\n<tr>\n<td style=\"width: 100%;\">ISBN\u2009: 978-2-38532-088-1<span class=\"Apple-converted-space\">\u00a0<\/span><\/td>\n<\/tr>\n<\/tbody>\n<\/table>\n<p>\u00a0<\/p>\n<h1><span style=\"color: #993300;\">Introduction et table des mati\u00e8res<\/span><\/h1>\n<p>\u00a0<\/p>\n\n\n\t\t<style>\r\n            #h5vp69e16f42deaa7 iframe {  width: 100%; }        <\/style>\r\n        \t    <div id=\"h5vp69e16f42deaa7\" class=\"pdfp_wrapper\">\r\n                        <div class=\"cta_wrapper\">\r\n                \t            <p><a class=\"fullscreenBtn\" href=\"https:\/\/editionsdudetour.com\/wp-content\/plugins\/pdf-poster\/pdfjs\/web\/viewer.html?file=http:\/\/editionsdudetour.com\/wp-content\/uploads\/2025\/04\/Jeudi-noir-site.pdf&#038;download=true&#038;print=false&#038;openfile=false\"><button>View Fullscreen<\/button><\/a><\/p>\r\n            <\/div>\r\n            <div class=\"iframe_wrapper\">\r\n                <iframe loading=\"lazy\" width=\"100%\" height=\"1122px\" src=\"https:\/\/editionsdudetour.com\/wp-content\/plugins\/pdf-poster\/pdfjs\/web\/viewer.html?file=http:\/\/editionsdudetour.com\/wp-content\/uploads\/2025\/04\/Jeudi-noir-site.pdf&#038;download=true&#038;print=false&#038;openfile=false\"><\/iframe>\r\n            <\/div>\r\n\t    <\/div>\r\n        ","protected":false},"excerpt":{"rendered":"<p>Jeudi noir La rafle du 16 juillet 1942 Maurice Rajsfus\u00a0 Pr\u00e9face de Laurent Joly Le jeudi 16 juillet 1942 et le vendredi 17, la police fran\u00e7aise arr\u00eatait plus de 13 000 Juifs \u00e9trangers \u00e0 Paris et dans sa proche banlieue. Maurice Rajsfus enqu\u00eate sur la rafle dont lui et sa famille ont \u00e9t\u00e9 victimes.\u00a0 16 [&hellip;]<\/p>\n","protected":false},"author":1,"featured_media":0,"parent":0,"menu_order":0,"comment_status":"closed","ping_status":"closed","template":"","meta":[],"_links":{"self":[{"href":"https:\/\/editionsdudetour.com\/index.php\/wp-json\/wp\/v2\/pages\/5324"}],"collection":[{"href":"https:\/\/editionsdudetour.com\/index.php\/wp-json\/wp\/v2\/pages"}],"about":[{"href":"https:\/\/editionsdudetour.com\/index.php\/wp-json\/wp\/v2\/types\/page"}],"author":[{"embeddable":true,"href":"https:\/\/editionsdudetour.com\/index.php\/wp-json\/wp\/v2\/users\/1"}],"replies":[{"embeddable":true,"href":"https:\/\/editionsdudetour.com\/index.php\/wp-json\/wp\/v2\/comments?post=5324"}],"version-history":[{"count":16,"href":"https:\/\/editionsdudetour.com\/index.php\/wp-json\/wp\/v2\/pages\/5324\/revisions"}],"predecessor-version":[{"id":6342,"href":"https:\/\/editionsdudetour.com\/index.php\/wp-json\/wp\/v2\/pages\/5324\/revisions\/6342"}],"wp:attachment":[{"href":"https:\/\/editionsdudetour.com\/index.php\/wp-json\/wp\/v2\/media?parent=5324"}],"curies":[{"name":"wp","href":"https:\/\/api.w.org\/{rel}","templated":true}]}}