{"id":5307,"date":"2025-04-14T15:07:54","date_gmt":"2025-04-14T13:07:54","guid":{"rendered":"http:\/\/editionsdudetour.com\/?page_id=5307"},"modified":"2025-08-26T22:22:25","modified_gmt":"2025-08-26T20:22:25","slug":"pubere-la-vie-poche","status":"publish","type":"page","link":"https:\/\/editionsdudetour.com\/index.php\/pubere-la-vie-poche\/","title":{"rendered":"Pub\u00e8re la vie poche"},"content":{"rendered":"\n<div id=\"block-06a20892-f70a-4bf9-96f6-9f6759e339fb\" class=\"block-editor-block-list__block wp-block wp-block\" tabindex=\"0\" role=\"group\" aria-label=\"Bloc\u00a0: Paragraphe classique\" data-block=\"06a20892-f70a-4bf9-96f6-9f6759e339fb\" data-type=\"tadv\/classic-paragraph\" data-title=\"Paragraphe classique\">\n<div id=\"editor-06a20892-f70a-4bf9-96f6-9f6759e339fb\" class=\"wp-block-freeform block-library-rich-text__tinymce tma-classic-paragraph mce-content-body html5-captions\">\n<p>\u00a0<\/p>\n<\/div>\n<\/div>\n<div id=\"block-528510b5-338e-4a59-ba46-03c4a3dea013\" class=\"block-editor-block-list__block wp-block wp-block\" tabindex=\"0\" role=\"group\" aria-label=\"Bloc\u00a0: Classique\" data-block=\"528510b5-338e-4a59-ba46-03c4a3dea013\" data-type=\"core\/freeform\" data-title=\"Classique\">\n<div id=\"editor-528510b5-338e-4a59-ba46-03c4a3dea013\" class=\"wp-block-freeform block-library-rich-text__tinymce mce-content-body html5-captions mce-edit-focus\">\n<h1><a href=\"http:\/\/editionsdudetour.com\/wp-content\/uploads\/2025\/04\/Couv-Pube\u0300rela-vie-125x19-1.png\"><img loading=\"lazy\" class=\"wp-image-5298 alignleft\" src=\"http:\/\/editionsdudetour.com\/wp-content\/uploads\/2025\/04\/Couv-Pube\u0300rela-vie-125x19-1.png\" alt=\"\" width=\"228\" height=\"346\" srcset=\"https:\/\/editionsdudetour.com\/wp-content\/uploads\/2025\/04\/Couv-Pube\u0300rela-vie-125x19-1.png 556w, https:\/\/editionsdudetour.com\/wp-content\/uploads\/2025\/04\/Couv-Pube\u0300rela-vie-125x19-1-197x300.png 197w\" sizes=\"(max-width: 228px) 100vw, 228px\" \/><\/a><\/h1>\n<h1>Pub\u00e8re la vie<\/h1>\n<h2>\u00c0 l\u2019\u00e9cole des genres<\/h2>\n<h3><span style=\"color: #993300; font-size: 14pt;\">Dr Kpote<\/span><\/h3>\n<p class=\"p2\"><i>D\u00e9fendons l\u2019\u00e9ducation affective et sexuelle ! Contre les violences sexuelles et sexistes, une solution : apprendre et expliquer. Dr Kpote nous raconte comment on peut faire.<span class=\"Apple-converted-space\">\u00a0<\/span><\/i><\/p>\n<p class=\"p4\">L\u2019\u00e9ducation sexuelle est au coeur de la lutte contre les violences li\u00e9es aux discriminations de genres. Dr Kpote \u00e9crit ici, avec beaucoup d\u2019humour et de d\u00e9termination, comment on peut, gr\u00e2ce \u00e0 elle, faire bouger nos st\u00e9r\u00e9otypes et ceux des futurs adultes, r\u00e9fl\u00e9chir ensemble et construire une soci\u00e9t\u00e9 respectueuse et tol\u00e9rante.<span class=\"Apple-converted-space\">\u00a0<\/span><\/p>\n<p class=\"p4\">L\u2019auteur \u00e9coute les questions que se posent les adolescents et propose des r\u00e9ponses qui valent pour nous aussi : comment ch\u00e9rir son intimit\u00e9, se prot\u00e9ger des images violentes, des id\u00e9aux de richesse ou de force, des produits en libre acc\u00e8s, respecter les identit\u00e9s sexuelles, religieuses, sociales ?<span class=\"Apple-converted-space\">\u00a0<\/span><\/p>\n<p class=\"p4\">Son livre est un portrait sensible et mordant des jeunes et une mine de ressources, le t\u00e9moignage, aussi, d\u2019un acteur au plus pr\u00e8s du terrain. Mais c\u2019est avant tout un plaidoyer pour une \u00e9ducation de toutes et tous, pour un monde moins violent.<span class=\"Apple-converted-space\">\u00a0<\/span><\/p>\n<p class=\"p6\"><span class=\"s2\"><span style=\"color: #993300;\"><strong>Dr Kpote<\/strong><\/span>\u00a0<\/span>est \u00e9crivain et animateur de pr\u00e9vention tout terrain. Il intervient chaque jour au lyc\u00e9e et aupr\u00e8s de jeunes exclus. Il milite pour l\u2019\u00e9ducation vie affective et sexuelle, puissant outil d\u2019\u00e9mancipation. Il est \u00e9galement auteur de\u00a0<i>G\u00e9n\u00e9ration Q\u00a0<\/i>(\u00c9d. La ville br\u00fble), recueil de ses chroniques pour\u00a0<i>Causette<\/i>.<span class=\"Apple-converted-space\">\u00a0<\/span><\/p>\n<p>En savoir plus en visitant<a href=\"https:\/\/editionsdudetour.com\/index.php\/pubere-la-vie-a-lecole-des-genres-plus-dinfos\/\" target=\"_blank\" rel=\"noopener noreferrer\"><strong> la page d\u00e9di\u00e9e.<\/strong><\/a><\/p>\n<br \/>\n<table style=\"width: 53.7396%; height: 209px;\">\n<tbody>\n<tr style=\"height: 37px;\">\n<td style=\"height: 37px; width: 100%;\">Parution\u2009: 8 mai 2025<\/td>\n<\/tr>\n<tr style=\"height: 37px;\">\n<td style=\"height: 37px; width: 100%;\">Genre\u2009: Essai<\/td>\n<\/tr>\n<tr style=\"height: 37px;\">\n<td style=\"height: 37px; width: 100%;\">Domaine\u2009: \u00e9ducation, sexualit\u00e9, f\u00e9minisme<\/td>\n<\/tr>\n<tr style=\"height: 37px;\">\n<td style=\"height: 37px; width: 100%;\">Livre\u2009: 13,90 \u20ac TTC<\/td>\n<\/tr>\n<tr style=\"height: 37px;\">\n<td style=\"height: 37px; width: 100%;\">Format\u2009: 12,5 x 19 cm, broch\u00e9<\/td>\n<\/tr>\n<tr style=\"height: 37px;\">\n<td style=\"height: 37px; width: 100%;\">ISBN\u2009: 978-2-38532-089-8<\/td>\n<\/tr>\n<\/tbody>\n<\/table>\n<\/div>\n<\/div>\n<div class=\"block-list-appender\" tabindex=\"-1\">\n<div class=\"wp-block block-editor-default-block-appender\" data-root-client-id=\"\">\n<div class=\"components-dropdown block-editor-inserter\">\u00a0<\/div>\n<\/div>\n<\/div>\n\n\n\n<div class=\"wp-block-buttons\">\n<div class=\"wp-block-button is-style-outline\"><a class=\"wp-block-button__link\" href=\"http:\/\/editionsdudetour.com\/index.php\/les-livres\/pubere-la-vie\/\" target=\"_blank\" rel=\"noreferrer noopener\"><strong>Grand format Pub\u00e8re la vie : \u00c0 l&rsquo;\u00e9cole des genres<\/strong><\/a><\/div>\n<\/div>\n","protected":false},"excerpt":{"rendered":"<p>\u00a0 Pub\u00e8re la vie \u00c0 l\u2019\u00e9cole des genres Dr Kpote D\u00e9fendons l\u2019\u00e9ducation affective et sexuelle ! Contre les violences sexuelles et sexistes, une solution : apprendre et expliquer. Dr Kpote nous raconte comment on peut faire.\u00a0 L\u2019\u00e9ducation sexuelle est au coeur de la lutte contre les violences li\u00e9es aux discriminations de genres. Dr Kpote \u00e9crit [&hellip;]<\/p>\n","protected":false},"author":1,"featured_media":0,"parent":0,"menu_order":0,"comment_status":"closed","ping_status":"closed","template":"","meta":[],"_links":{"self":[{"href":"https:\/\/editionsdudetour.com\/index.php\/wp-json\/wp\/v2\/pages\/5307"}],"collection":[{"href":"https:\/\/editionsdudetour.com\/index.php\/wp-json\/wp\/v2\/pages"}],"about":[{"href":"https:\/\/editionsdudetour.com\/index.php\/wp-json\/wp\/v2\/types\/page"}],"author":[{"embeddable":true,"href":"https:\/\/editionsdudetour.com\/index.php\/wp-json\/wp\/v2\/users\/1"}],"replies":[{"embeddable":true,"href":"https:\/\/editionsdudetour.com\/index.php\/wp-json\/wp\/v2\/comments?post=5307"}],"version-history":[{"count":16,"href":"https:\/\/editionsdudetour.com\/index.php\/wp-json\/wp\/v2\/pages\/5307\/revisions"}],"predecessor-version":[{"id":6344,"href":"https:\/\/editionsdudetour.com\/index.php\/wp-json\/wp\/v2\/pages\/5307\/revisions\/6344"}],"wp:attachment":[{"href":"https:\/\/editionsdudetour.com\/index.php\/wp-json\/wp\/v2\/media?parent=5307"}],"curies":[{"name":"wp","href":"https:\/\/api.w.org\/{rel}","templated":true}]}}