{"id":5269,"date":"2025-04-03T22:29:56","date_gmt":"2025-04-03T20:29:56","guid":{"rendered":"http:\/\/editionsdudetour.com\/?page_id=5269"},"modified":"2025-04-11T10:49:47","modified_gmt":"2025-04-11T08:49:47","slug":"politiser-leco-anxiete","status":"publish","type":"page","link":"https:\/\/editionsdudetour.com\/index.php\/les-livres\/politiser-leco-anxiete\/","title":{"rendered":"Politiser l&rsquo;\u00e9co-anxi\u00e9t\u00e9"},"content":{"rendered":"\n<h1><a href=\"http:\/\/editionsdudetour.com\/index.php\/les-livres\/a-paraitre\/couv-politiser-leco-anxiete\/\" rel=\"attachment wp-att-4965\"><img loading=\"lazy\" class=\"alignright  wp-image-4965\" src=\"http:\/\/editionsdudetour.com\/wp-content\/uploads\/2025\/03\/Couv-politiser-le\u0301co-anxie\u0301te\u0301.png\" alt=\"\" width=\"293\" height=\"417\" srcset=\"https:\/\/editionsdudetour.com\/wp-content\/uploads\/2025\/03\/Couv-politiser-le\u0301co-anxie\u0301te\u0301.png 621w, https:\/\/editionsdudetour.com\/wp-content\/uploads\/2025\/03\/Couv-politiser-le\u0301co-anxie\u0301te\u0301-211x300.png 211w\" sizes=\"(max-width: 293px) 100vw, 293px\" \/><\/a><\/h1>\n<h1>Politiser l&rsquo;\u00e9co-anxi\u00e9t\u00e9<\/h1>\n<h3>Jean Le Goff<\/h3>\n<p>Face \u00e0 la crise environnementale et aux angoisses qu\u2019elle suscite, notamment chez les plus jeunes, Jean Le Goff propose d\u2019aborder l\u2019\u00e9co-anxi\u00e9t\u00e9 comme un sentiment politique, pour retrouver des marges d\u2019action contre la paralysie et l\u2019emp\u00eachement de penser.<\/p>\n<p>L&rsquo;auteur a men\u00e9 une longue \u00e9tude aux c\u00f4t\u00e9s de militants du mouvement climat. Il se base sur leurs t\u00e9moignages, leur exp\u00e9rience de la joie de l\u2019action collective mais aussi de l\u2019\u00e9puisement ou de la col\u00e8re, et interroge la dimension collective de ces \u00e9motions. Quel est le sens de ces sentiments qui nous paralysent, comment nous en r\u00e9emparer ?<br \/>Il s\u2019agit d\u2019abord pour l\u2019auteur de redonner sa dimension politique \u00e0 l\u2019\u00e9co-anxi\u00e9t\u00e9 et aux sentiments qui l\u2019accompagnent : on ne parle pas ici d\u2019une peur priv\u00e9e mais d\u2019un sujet de soci\u00e9t\u00e9, enjeu majeur pour toutes et tous.<br \/>Pour r\u00e9ussir \u00e0 vivre avec ces \u00e9motions, l\u2019auteur nous invite \u00e0 prendre du recul et \u00e0 nous saisir de ce qui nous traverse comme d\u2019une ressource au service de l\u2019action. Car les \u00e9motions contribuent \u00e0 notre identit\u00e9, nous constituent en tant que citoyens et portent en elles l\u2019\u00e9lan dont nous avons besoin pour inventer le monde de demain.<\/p>\n<p><span style=\"color: #993300;\"><strong>Jean Le Goff<\/strong><\/span> est psychosociologue attach\u00e9 au Centre Esta \u00e0 Paris et docteur en sociologie. Il intervient dans les secteurs de l\u2019\u00e9cologie et du social pour accompagner les collectifs, et travaille en particulier sur les risques psychosociaux li\u00e9s aux angoisses environnementales.<\/p>\n<table style=\"width: 37.8314%; height: 246px;\">\n<tbody>\n<tr style=\"height: 41px;\">\n<td style=\"height: 41px;\">Parution : 3 avril 2025<\/td>\n<\/tr>\n<tr style=\"height: 41px;\">\n<td style=\"height: 41px;\">Genre : essai<\/td>\n<\/tr>\n<tr style=\"height: 41px;\">\n<td style=\"height: 41px;\">Domaine\u2009: \u00c9cologie, Sociologie<\/td>\n<\/tr>\n<tr style=\"height: 41px;\">\n<td style=\"height: 41px;\">Livre\u2009: 14,90 \u20ac TTC<\/td>\n<\/tr>\n<tr style=\"height: 41px;\">\n<td style=\"height: 41px;\">Format : 14 X 20 cm<\/td>\n<\/tr>\n<tr style=\"height: 41px;\">\n<td style=\"height: 41px;\">ISBN\u2009: 978-2-38532-084-3<\/td>\n<\/tr>\n<\/tbody>\n<\/table>\n<h3>Introduction, extrait et table des mati\u00e8re<\/h3>\n<p>\u00a0<\/p>\n\n\n\t\t<style>\r\n            #h5vp69e1dee377e00 iframe {  width: 100%; }        <\/style>\r\n        \t    <div id=\"h5vp69e1dee377e00\" class=\"pdfp_wrapper\">\r\n                        <div class=\"cta_wrapper\">\r\n                \t            <p><a class=\"fullscreenBtn\" href=\"https:\/\/editionsdudetour.com\/wp-content\/plugins\/pdf-poster\/pdfjs\/web\/viewer.html?file=http:\/\/editionsdudetour.com\/wp-content\/uploads\/2025\/04\/Politiser-lecoanxie\u0301te\u0301-pour-site-1.pdf&#038;download=true&#038;print=false&#038;openfile=false\"><button>View Fullscreen<\/button><\/a><\/p>\r\n            <\/div>\r\n            <div class=\"iframe_wrapper\">\r\n                <iframe loading=\"lazy\" width=\"100%\" height=\"1122px\" src=\"https:\/\/editionsdudetour.com\/wp-content\/plugins\/pdf-poster\/pdfjs\/web\/viewer.html?file=http:\/\/editionsdudetour.com\/wp-content\/uploads\/2025\/04\/Politiser-lecoanxie\u0301te\u0301-pour-site-1.pdf&#038;download=true&#038;print=false&#038;openfile=false\"><\/iframe>\r\n            <\/div>\r\n\t    <\/div>\r\n        \n\n","protected":false},"excerpt":{"rendered":"<p>Politiser l&rsquo;\u00e9co-anxi\u00e9t\u00e9 Jean Le Goff Face \u00e0 la crise environnementale et aux angoisses qu\u2019elle suscite, notamment chez les plus jeunes, Jean Le Goff propose d\u2019aborder l\u2019\u00e9co-anxi\u00e9t\u00e9 comme un sentiment politique, pour retrouver des marges d\u2019action contre la paralysie et l\u2019emp\u00eachement de penser. L&rsquo;auteur a men\u00e9 une longue \u00e9tude aux c\u00f4t\u00e9s de militants du mouvement climat. [&hellip;]<\/p>\n","protected":false},"author":1,"featured_media":0,"parent":14,"menu_order":0,"comment_status":"closed","ping_status":"closed","template":"","meta":[],"_links":{"self":[{"href":"https:\/\/editionsdudetour.com\/index.php\/wp-json\/wp\/v2\/pages\/5269"}],"collection":[{"href":"https:\/\/editionsdudetour.com\/index.php\/wp-json\/wp\/v2\/pages"}],"about":[{"href":"https:\/\/editionsdudetour.com\/index.php\/wp-json\/wp\/v2\/types\/page"}],"author":[{"embeddable":true,"href":"https:\/\/editionsdudetour.com\/index.php\/wp-json\/wp\/v2\/users\/1"}],"replies":[{"embeddable":true,"href":"https:\/\/editionsdudetour.com\/index.php\/wp-json\/wp\/v2\/comments?post=5269"}],"version-history":[{"count":4,"href":"https:\/\/editionsdudetour.com\/index.php\/wp-json\/wp\/v2\/pages\/5269\/revisions"}],"predecessor-version":[{"id":5291,"href":"https:\/\/editionsdudetour.com\/index.php\/wp-json\/wp\/v2\/pages\/5269\/revisions\/5291"}],"up":[{"embeddable":true,"href":"https:\/\/editionsdudetour.com\/index.php\/wp-json\/wp\/v2\/pages\/14"}],"wp:attachment":[{"href":"https:\/\/editionsdudetour.com\/index.php\/wp-json\/wp\/v2\/media?parent=5269"}],"curies":[{"name":"wp","href":"https:\/\/api.w.org\/{rel}","templated":true}]}}