{"id":510,"date":"2018-03-24T13:18:51","date_gmt":"2018-03-24T12:18:51","guid":{"rendered":"http:\/\/editionsdudetour.com\/?page_id=510"},"modified":"2022-05-18T15:01:16","modified_gmt":"2022-05-18T13:01:16","slug":"limpossible-consentement","status":"publish","type":"page","link":"https:\/\/editionsdudetour.com\/index.php\/les-livres\/limpossible-consentement\/","title":{"rendered":"L\u2019Impossible Consentement"},"content":{"rendered":"<p><a href=\"http:\/\/editionsdudetour.com\/wp-content\/uploads\/2020\/08\/LImpossible-consentement\u2009\u2013-laffaire-Jos\u00e9phine-Hugues-couverture.jpg\" data-wplink-url-error=\"true\"><img loading=\"lazy\" class=\"wp-image-499  alignleft\" src=\"http:\/\/editionsdudetour.com\/wp-content\/uploads\/2018\/02\/impossible.jpg\" alt=\"\" width=\"205\" height=\"324\" srcset=\"https:\/\/editionsdudetour.com\/wp-content\/uploads\/2018\/02\/impossible.jpg 293w, https:\/\/editionsdudetour.com\/wp-content\/uploads\/2018\/02\/impossible-189x300.jpg 189w\" sizes=\"(max-width: 205px) 100vw, 205px\" \/><\/a><\/p>\n<h1>L\u2019Impossible Consentement<\/h1>\n<h2>L\u2019Affaire Jos\u00e9phine Hugues<\/h2>\n<h3><span style=\"color: #800000;\">Nicole Edelman<\/span><\/h3>\n<p>En juillet 1865, Timoth\u00e9e Castellan, ancien bouchonnier, est condamn\u00e9 \u00e0 12 ans de bagne pour avoir viol\u00e9 sous magn\u00e9tisme Jos\u00e9phine Hugues, journali\u00e8re de 26 ans. Lors de ce proc\u00e8s, des m\u00e9decins-experts valident l\u2019existence de l\u2019hypnose, jusqu\u2019alors ni\u00e9e par les acad\u00e9mies m\u00e9dicales, transformant Jos\u00e9phine Hugues en cas de r\u00e9f\u00e9rence pendant de longues ann\u00e9es. Nicole Edelman questionne les archives de l\u2019affaire et l\u2019histoire du Var : pourquoi valider, \u00e0 ce moment, l\u2019efficacit\u00e9 de l\u2019hypnose ? Pourquoi fallait-il que Jos\u00e9phine soit lav\u00e9e de tout soup\u00e7on de consentement, priv\u00e9e de d\u00e9sir propre ? Pourquoi maires, m\u00e9decins et juges ont-ils pes\u00e9 de tout leur poids pour condamner Castellan \u00e0 une peine aussi lourde, si rare en cas de viol ?<\/p>\n<p>Nicole Edelman analyse cette affaire sous l\u2019angle des rapports de domination \u00e0 la fois sociale, m\u00e9dicale et politique, et elle met au jour avec brio les multiples enserrements dans lesquels sont pris Timoth\u00e9e Castellan et bien plus encore Jos\u00e9phine Hugues. Et les \u00e9chos de cette affaire r\u00e9sonnent encore, ainsi dans l\u2019adaptation r\u00e9cente que le cin\u00e9aste Beno\u00eet Jacquot en a faite.<\/p>\n<p><strong><span style=\"color: #800000;\">Nicole Edelman<\/span><\/strong> est ma\u00eetresse de conf\u00e9rences honoraire en histoire contemporaine de l\u2019universit\u00e9 de Paris Ouest-Nanterre. Ses travaux portent sur les domaines laiss\u00e9s aux marges par les pouvoirs politiques, scientifiques ou religieux.<\/p>\n<table style=\"width: 296px;\">\n<tbody>\n<tr>\n<td>Collection \u00ab Le Devenir du pass\u00e9 \u00bb<\/td>\n<\/tr>\n<tr>\n<td>Parution : 22 mars 2018<\/td>\n<\/tr>\n<tr>\n<td>Livre : 19 \u20ac<\/td>\n<\/tr>\n<tr>\n<td>192 pages<\/td>\n<\/tr>\n<tr>\n<td>Format : 14 X 22 cm<\/td>\n<\/tr>\n<tr>\n<td>ISBN : 979-10-97079-34-5<\/td>\n<\/tr>\n<\/tbody>\n<\/table>\n<hr \/>\n\n\n<h3>Premi\u00e8res pages et table des mati\u00e8res<\/h3>\n\n\n\t\t<style>\r\n            #h5vp69f857e35ed37 iframe {  width: 100%; }        <\/style>\r\n        \t    <div id=\"h5vp69f857e35ed37\" class=\"pdfp_wrapper\">\r\n                        <div class=\"cta_wrapper\">\r\n                \t            <p><a class=\"fullscreenBtn\" href=\"https:\/\/editionsdudetour.com\/wp-content\/plugins\/pdf-poster\/pdfjs\/web\/viewer.html?file=http:\/\/editionsdudetour.com\/wp-content\/uploads\/2020\/08\/impossible-consentement-laffaire-Josephine-Hugues.pdf&#038;download=true&#038;print=&#038;openfile=false\"><button>View Fullscreen<\/button><\/a><\/p>\r\n            <\/div>\r\n            <div class=\"iframe_wrapper\">\r\n                <iframe loading=\"lazy\" width=\"100%\" height=\"1122px\" src=\"https:\/\/editionsdudetour.com\/wp-content\/plugins\/pdf-poster\/pdfjs\/web\/viewer.html?file=http:\/\/editionsdudetour.com\/wp-content\/uploads\/2020\/08\/impossible-consentement-laffaire-Josephine-Hugues.pdf&#038;download=true&#038;print=&#038;openfile=false\"><\/iframe>\r\n            <\/div>\r\n\t    <\/div>\r\n        ","protected":false},"excerpt":{"rendered":"<p>L\u2019Impossible Consentement L\u2019Affaire Jos\u00e9phine Hugues Nicole Edelman En juillet 1865, Timoth\u00e9e Castellan, ancien bouchonnier, est condamn\u00e9 \u00e0 12 ans de bagne pour avoir viol\u00e9 sous magn\u00e9tisme Jos\u00e9phine Hugues, journali\u00e8re de 26 ans. Lors de ce proc\u00e8s, des m\u00e9decins-experts valident l\u2019existence de l\u2019hypnose, jusqu\u2019alors ni\u00e9e par les acad\u00e9mies m\u00e9dicales, transformant Jos\u00e9phine Hugues en cas de r\u00e9f\u00e9rence [&hellip;]<\/p>\n","protected":false},"author":1,"featured_media":0,"parent":14,"menu_order":0,"comment_status":"closed","ping_status":"closed","template":"","meta":[],"_links":{"self":[{"href":"https:\/\/editionsdudetour.com\/index.php\/wp-json\/wp\/v2\/pages\/510"}],"collection":[{"href":"https:\/\/editionsdudetour.com\/index.php\/wp-json\/wp\/v2\/pages"}],"about":[{"href":"https:\/\/editionsdudetour.com\/index.php\/wp-json\/wp\/v2\/types\/page"}],"author":[{"embeddable":true,"href":"https:\/\/editionsdudetour.com\/index.php\/wp-json\/wp\/v2\/users\/1"}],"replies":[{"embeddable":true,"href":"https:\/\/editionsdudetour.com\/index.php\/wp-json\/wp\/v2\/comments?post=510"}],"version-history":[{"count":7,"href":"https:\/\/editionsdudetour.com\/index.php\/wp-json\/wp\/v2\/pages\/510\/revisions"}],"predecessor-version":[{"id":3087,"href":"https:\/\/editionsdudetour.com\/index.php\/wp-json\/wp\/v2\/pages\/510\/revisions\/3087"}],"up":[{"embeddable":true,"href":"https:\/\/editionsdudetour.com\/index.php\/wp-json\/wp\/v2\/pages\/14"}],"wp:attachment":[{"href":"https:\/\/editionsdudetour.com\/index.php\/wp-json\/wp\/v2\/media?parent=510"}],"curies":[{"name":"wp","href":"https:\/\/api.w.org\/{rel}","templated":true}]}}