{"id":4744,"date":"2025-01-22T22:05:43","date_gmt":"2025-01-22T21:05:43","guid":{"rendered":"http:\/\/editionsdudetour.com\/?page_id=4744"},"modified":"2025-02-07T19:22:31","modified_gmt":"2025-02-07T18:22:31","slug":"endometriose-reprendre-le-pouvoir","status":"publish","type":"page","link":"https:\/\/editionsdudetour.com\/index.php\/les-livres\/endometriose-reprendre-le-pouvoir\/","title":{"rendered":"Endom\u00e9triose : reprendre le pouvoir"},"content":{"rendered":"\n<h1>Endom\u00e9triose :<br>Reprendre le pouvoir<\/h1>\n<h2><a href=\"https:\/\/editionsdudetour.com\/wp-content\/uploads\/2024\/12\/Couverture-endome%CC%81triose-1.png\"><img loading=\"lazy\" class=\"wp-image-4688  alignright\" src=\"http:\/\/editionsdudetour.com\/wp-content\/uploads\/2024\/12\/Couverture-endome\u0301triose-1-211x300.png\" alt=\"\" width=\"346\" height=\"492\" srcset=\"https:\/\/editionsdudetour.com\/wp-content\/uploads\/2024\/12\/Couverture-endome\u0301triose-1-211x300.png 211w, https:\/\/editionsdudetour.com\/wp-content\/uploads\/2024\/12\/Couverture-endome\u0301triose-1.png 621w\" sizes=\"(max-width: 346px) 100vw, 346px\" \/><\/a><\/h2>\n<h3>Marie-\u00c9lo\u00efse Basso<\/h3>\n<p>Marie-\u00c9lo\u00efse Basso expose les intol\u00e9rables insuffisances de la prise en charge des malades d\u2019endom\u00e9triose et pointe le r\u00f4le des in\u00e9galit\u00e9s de genre et du d\u00e9ni du handicap dans ces difficult\u00e9s.<\/p>\n<p>L\u2019endom\u00e9triose, maladie touchant principalement les personnes menstru\u00e9es (mais pas seulement) est encore largement m\u00e9connue, et les id\u00e9es fausses sont l\u00e9gion. Marie-Elo\u00efse Basso, th\u00e9rapeute et animatrice de groupes de parole, d\u00e9tricote celles-ci et d\u00e9montre comment notre soci\u00e9t\u00e9, souvent aveugle au handicap et aux in\u00e9galit\u00e9s de genre, peine \u00e0 embrasser pleinement cette souffrance invisible pourtant si courante.<\/p>\n<p>L\u2019autrice marque la volont\u00e9 de briser le tabou de l\u2019intime et invite les personnes concern\u00e9es \u00e0 reprendre le contr\u00f4le : sur leur corps qui n\u2019appartient ni au syst\u00e8me m\u00e9dical ni aux m\u00e9dicaments, sur leur savoir avec une science qui progresse mieux et la prise en compte du savoir des malades, en brisant l\u2019invisibilit\u00e9, aupr\u00e8s des familles, des proches, des employeurs\u2026 Elle pointe du doigt les d\u00e9ficiences du syst\u00e8me m\u00e9dical ainsi que les cons\u00e9quences sur la vie sociale des malades.<\/p>\n<p>\u00c0 travers cet expos\u00e9 de la situation, l\u2019autrice r\u00e9v\u00e8le le poids des repr\u00e9sentations et injonctions, notamment sur le rapport au corps des femmes. Elle rappelle que l\u2019intime est politique et qu\u2019\u00e0 ce titre, il est urgent de r\u00e9fl\u00e9chir \u00e0 une meilleure prise en charge des personnes atteintes d\u2019endom\u00e9triose. Cet essai est riche en enseignements sur la maladie. L\u2019autrice lance aussi un appel revigorant \u00e0 s\u2019unir pour am\u00e9liorer le sort des si nombreuses personnes touch\u00e9es.<\/p>\n<p class=\"p1\"><span style=\"color: #993300;\"><strong>Marie-\u00c9lo\u00efse Basso<\/strong><\/span> est psychanalyste. Th\u00e9rapeute agr\u00e9ment\u00e9e, elle propose par ailleurs des groupes de paroles aux personnes souffrantes d\u2019endom\u00e9triose.<\/p>\n<table style=\"width: 100%; height: 222px;\">\n<tbody>\n<tr style=\"height: 37px;\">\n<td style=\"height: 37px;\">Parution\u2009: 23 janvier 2025<\/td>\n<\/tr>\n<tr style=\"height: 37px;\">\n<td style=\"height: 37px;\">Genre\u2009: Essai<\/td>\n<\/tr>\n<tr style=\"height: 37px;\">\n<td style=\"height: 37px;\">Domaine\u2009: F\u00e9minisme<\/td>\n<\/tr>\n<tr style=\"height: 37px;\">\n<td style=\"height: 37px;\">Livre\u2009: 20,90 \u20ac TTC<\/td>\n<\/tr>\n<tr style=\"height: 37px;\">\n<td style=\"height: 37px;\">Format\u2009: 14 x 20 cm, broch\u00e9<\/td>\n<\/tr>\n<tr style=\"height: 37px;\">\n<td style=\"height: 37px;\">ISBN\u2009: 978-2-38532-072-0<\/td>\n<\/tr>\n<\/tbody>\n<\/table>\n\n\n\n<h1>\u00a0<\/h1>\n<h1><span style=\"color: #993300;\">Extrait et table des mati\u00e8res<\/span><\/h1>\n<p>\u00a0<\/p>\n<p>\u00a0<\/p>\n\n\n\t\t<style>\r\n            #h5vp6a079bf459636 iframe {  width: 100%; }        <\/style>\r\n        \t    <div id=\"h5vp6a079bf459636\" class=\"pdfp_wrapper\">\r\n                        <div class=\"cta_wrapper\">\r\n                \t            <p><a class=\"fullscreenBtn\" href=\"https:\/\/editionsdudetour.com\/wp-content\/plugins\/pdf-poster\/pdfjs\/web\/viewer.html?file=http:\/\/editionsdudetour.com\/wp-content\/uploads\/2025\/02\/Endome\u0301triose-\u2013-Reprendre-le-pouvoir-pour-site.pdf&#038;download=true&#038;print=false&#038;openfile=false\"><button>View Fullscreen<\/button><\/a><\/p>\r\n            <\/div>\r\n            <div class=\"iframe_wrapper\">\r\n                <iframe loading=\"lazy\" width=\"100%\" height=\"1122px\" src=\"https:\/\/editionsdudetour.com\/wp-content\/plugins\/pdf-poster\/pdfjs\/web\/viewer.html?file=http:\/\/editionsdudetour.com\/wp-content\/uploads\/2025\/02\/Endome\u0301triose-\u2013-Reprendre-le-pouvoir-pour-site.pdf&#038;download=true&#038;print=false&#038;openfile=false\"><\/iframe>\r\n            <\/div>\r\n\t    <\/div>\r\n        ","protected":false},"excerpt":{"rendered":"<p>Endom\u00e9triose :Reprendre le pouvoir Marie-\u00c9lo\u00efse Basso Marie-\u00c9lo\u00efse Basso expose les intol\u00e9rables insuffisances de la prise en charge des malades d\u2019endom\u00e9triose et pointe le r\u00f4le des in\u00e9galit\u00e9s de genre et du d\u00e9ni du handicap dans ces difficult\u00e9s. L\u2019endom\u00e9triose, maladie touchant principalement les personnes menstru\u00e9es (mais pas seulement) est encore largement m\u00e9connue, et les id\u00e9es fausses sont [&hellip;]<\/p>\n","protected":false},"author":1,"featured_media":0,"parent":14,"menu_order":0,"comment_status":"closed","ping_status":"closed","template":"","meta":[],"_links":{"self":[{"href":"https:\/\/editionsdudetour.com\/index.php\/wp-json\/wp\/v2\/pages\/4744"}],"collection":[{"href":"https:\/\/editionsdudetour.com\/index.php\/wp-json\/wp\/v2\/pages"}],"about":[{"href":"https:\/\/editionsdudetour.com\/index.php\/wp-json\/wp\/v2\/types\/page"}],"author":[{"embeddable":true,"href":"https:\/\/editionsdudetour.com\/index.php\/wp-json\/wp\/v2\/users\/1"}],"replies":[{"embeddable":true,"href":"https:\/\/editionsdudetour.com\/index.php\/wp-json\/wp\/v2\/comments?post=4744"}],"version-history":[{"count":6,"href":"https:\/\/editionsdudetour.com\/index.php\/wp-json\/wp\/v2\/pages\/4744\/revisions"}],"predecessor-version":[{"id":5335,"href":"https:\/\/editionsdudetour.com\/index.php\/wp-json\/wp\/v2\/pages\/4744\/revisions\/5335"}],"up":[{"embeddable":true,"href":"https:\/\/editionsdudetour.com\/index.php\/wp-json\/wp\/v2\/pages\/14"}],"wp:attachment":[{"href":"https:\/\/editionsdudetour.com\/index.php\/wp-json\/wp\/v2\/media?parent=4744"}],"curies":[{"name":"wp","href":"https:\/\/api.w.org\/{rel}","templated":true}]}}