{"id":4693,"date":"2024-12-07T20:25:37","date_gmt":"2024-12-07T19:25:37","guid":{"rendered":"http:\/\/editionsdudetour.com\/?page_id=4693"},"modified":"2025-02-07T19:08:20","modified_gmt":"2025-02-07T18:08:20","slug":"sortir-de-la-ve","status":"publish","type":"page","link":"https:\/\/editionsdudetour.com\/index.php\/les-livres\/sortir-de-la-ve\/","title":{"rendered":"Sortir de la Ve"},"content":{"rendered":"\n<h1>Sortir de la V<sup>e<\/sup><\/h1>\n<h2><a href=\"https:\/\/editionsdudetour.com\/wp-content\/uploads\/2024\/12\/Sortir-de-la-Ve-%E2%80%93-Couverture-1.png\" data-wplink-edit=\"true\"><img loading=\"lazy\" class=\"wp-image-4684  alignright\" src=\"http:\/\/editionsdudetour.com\/wp-content\/uploads\/2024\/12\/Sortir-de-la-Ve-\u2013-Couverture-1-211x300.png\" sizes=\"(max-width: 347px) 100vw, 347px\" srcset=\"https:\/\/editionsdudetour.com\/wp-content\/uploads\/2024\/12\/Sortir-de-la-Ve-\u2013-Couverture-1-211x300.png 211w, https:\/\/editionsdudetour.com\/wp-content\/uploads\/2024\/12\/Sortir-de-la-Ve-\u2013-Couverture-1.png 623w\" alt=\"\" width=\"347\" height=\"493\" \/><\/a>Pour une fabrique citoyenne de la constitution<\/h2>\n<h3>Carolina Cerda-Guzman<\/h3>\n<p>La juriste Carolina Cerda-Guzman propose des pistes pour la fabrique citoyenne d\u2019une nouvelle constitution plus inclusive et plus d\u00e9mocratique.<\/p>\n<p>La Constitution de la V<sup>e<\/sup> R\u00e9publique est aujourd\u2019hui celle qui a dur\u00e9 le plus longtemps de l\u2019histoire fran\u00e7aise. Si elle a permis une stabilit\u00e9 in\u00e9dite depuis 1789, la dissolution de l\u2019Assembl\u00e9e nationale le 9 juin dernier risque de mener \u00e0 une crise de r\u00e9gime. Une VI<sup>e<\/sup> R\u00e9publique semble repr\u00e9senter une solution \u00e9vidente pour beaucoup. Mais rares sont ceux qui d\u00e9taillent les proc\u00e9d\u00e9s envisag\u00e9s pour parvenir \u00e0 l\u2019\u00e9laboration d\u2019une nouvelle Constitution impliquant la r\u00e9elle participation des citoyen\u2022nes.<\/p>\n<p>Ce livre ne r\u00eave pas \u00e0 une VI<sup>e<\/sup> R\u00e9publique id\u00e9ale mais propose un chemin clair pour la construire. En s\u2019inspirant d\u2019exemples contemporains (plus ou moins probants) comme l\u2019Afrique du Sud, la Tunisie et le Chili, tout en tenant compte de la tradition fran\u00e7aise, l\u2019autrice explore des m\u00e9canismes innovants pour que les citoyen\u2022nes deviennent acteurs et actrices de ce proc\u00e9d\u00e9. Audacieuse mais essentielle, cette r\u00e9flexion ouvre la voie \u00e0 une d\u00e9marche d\u00e9mocratique in\u00e9dite.<\/p>\n<p>Une lecture indispensable pour celles et ceux qui souhaitent comprendre pourquoi une nouvelle Constitution est n\u00e9cessaire et comment faire en sorte que les citoyen\u2022nes y participent activement. Confier la plume au peuple est parfois consid\u00e9r\u00e9 comme une utopie, voire un danger. D\u00e9couvrez des propositions concr\u00e8tes pour transformer cette aspiration d\u00e9mocratique en r\u00e9alit\u00e9 !<\/p>\n<p class=\"p1\"><span style=\"color: #993300;\"><strong><span class=\"s1\">Carolina Cerda-Guzman <\/span><\/strong><\/span>est ma\u00eetresse de conf\u00e9rence en droit public \u00e0 l\u2019universit\u00e9 de Bordeaux. Elle est sp\u00e9cialiste en droit constitutionnel compar\u00e9.<\/p>\n<table style=\"width: 37.8326%; height: 246px;\">\n<tbody>\n<tr style=\"height: 41px;\">\n<td style=\"height: 41px; width: 100%;\">Parution\u2009: 12 d\u00e9cembre 2024<\/td>\n<\/tr>\n<tr style=\"height: 41px;\">\n<td style=\"height: 41px; width: 100%;\">Genre\u2009: Essai<\/td>\n<\/tr>\n<tr style=\"height: 41px;\">\n<td style=\"height: 41px; width: 100%;\">Domaine\u2009: Politique, D\u00e9mocratie<\/td>\n<\/tr>\n<tr style=\"height: 41px;\">\n<td style=\"height: 41px; width: 100%;\">Livre\u2009: 15,90 \u20ac TTC<\/td>\n<\/tr>\n<tr style=\"height: 41px;\">\n<td style=\"height: 41px; width: 100%;\">Format\u2009: 14 x 20 cm, broch\u00e9<\/td>\n<\/tr>\n<tr style=\"height: 41px;\">\n<td style=\"height: 41px; width: 100%;\">ISBN\u2009: 978-2-38532-076-8<\/td>\n<\/tr>\n<\/tbody>\n<\/table>\n\n\n\n<h1><span style=\"color: #993300;\">Introduction et table des mati\u00e8res<\/span><\/h1>\n<p>\u00a0<\/p>\n\n\n\t\t<style>\r\n            #h5vp6a079c13e9654 iframe {  width: 100%; }        <\/style>\r\n        \t    <div id=\"h5vp6a079c13e9654\" class=\"pdfp_wrapper\">\r\n                        <div class=\"cta_wrapper\">\r\n                \t            <p><a class=\"fullscreenBtn\" href=\"https:\/\/editionsdudetour.com\/wp-content\/plugins\/pdf-poster\/pdfjs\/web\/viewer.html?file=http:\/\/editionsdudetour.com\/wp-content\/uploads\/2025\/02\/Sortir-de-la-Ve-pour-site-1.pdf&#038;download=true&#038;print=false&#038;openfile=false\"><button>View Fullscreen<\/button><\/a><\/p>\r\n            <\/div>\r\n            <div class=\"iframe_wrapper\">\r\n                <iframe loading=\"lazy\" width=\"100%\" height=\"1122px\" src=\"https:\/\/editionsdudetour.com\/wp-content\/plugins\/pdf-poster\/pdfjs\/web\/viewer.html?file=http:\/\/editionsdudetour.com\/wp-content\/uploads\/2025\/02\/Sortir-de-la-Ve-pour-site-1.pdf&#038;download=true&#038;print=false&#038;openfile=false\"><\/iframe>\r\n            <\/div>\r\n\t    <\/div>\r\n        ","protected":false},"excerpt":{"rendered":"<p>Sortir de la Ve Pour une fabrique citoyenne de la constitution Carolina Cerda-Guzman La juriste Carolina Cerda-Guzman propose des pistes pour la fabrique citoyenne d\u2019une nouvelle constitution plus inclusive et plus d\u00e9mocratique. La Constitution de la Ve R\u00e9publique est aujourd\u2019hui celle qui a dur\u00e9 le plus longtemps de l\u2019histoire fran\u00e7aise. Si elle a permis une [&hellip;]<\/p>\n","protected":false},"author":2,"featured_media":0,"parent":14,"menu_order":0,"comment_status":"closed","ping_status":"closed","template":"","meta":[],"_links":{"self":[{"href":"https:\/\/editionsdudetour.com\/index.php\/wp-json\/wp\/v2\/pages\/4693"}],"collection":[{"href":"https:\/\/editionsdudetour.com\/index.php\/wp-json\/wp\/v2\/pages"}],"about":[{"href":"https:\/\/editionsdudetour.com\/index.php\/wp-json\/wp\/v2\/types\/page"}],"author":[{"embeddable":true,"href":"https:\/\/editionsdudetour.com\/index.php\/wp-json\/wp\/v2\/users\/2"}],"replies":[{"embeddable":true,"href":"https:\/\/editionsdudetour.com\/index.php\/wp-json\/wp\/v2\/comments?post=4693"}],"version-history":[{"count":8,"href":"https:\/\/editionsdudetour.com\/index.php\/wp-json\/wp\/v2\/pages\/4693\/revisions"}],"predecessor-version":[{"id":4891,"href":"https:\/\/editionsdudetour.com\/index.php\/wp-json\/wp\/v2\/pages\/4693\/revisions\/4891"}],"up":[{"embeddable":true,"href":"https:\/\/editionsdudetour.com\/index.php\/wp-json\/wp\/v2\/pages\/14"}],"wp:attachment":[{"href":"https:\/\/editionsdudetour.com\/index.php\/wp-json\/wp\/v2\/media?parent=4693"}],"curies":[{"name":"wp","href":"https:\/\/api.w.org\/{rel}","templated":true}]}}