{"id":4629,"date":"2024-09-29T17:31:53","date_gmt":"2024-09-29T15:31:53","guid":{"rendered":"http:\/\/editionsdudetour.com\/?page_id=4629"},"modified":"2025-01-27T17:43:26","modified_gmt":"2025-01-27T16:43:26","slug":"bazar-pop","status":"publish","type":"page","link":"https:\/\/editionsdudetour.com\/index.php\/les-livres\/bazar-pop\/","title":{"rendered":"Bazar pop"},"content":{"rendered":"\n<h1>\u00a0<\/h1>\n<h1>Bazar pop<\/h1>\n<h2><a href=\"http:\/\/editionsdudetour.com\/wp-content\/uploads\/2024\/09\/Bazar-pop-\u2013-Couverture-def.png\"><img loading=\"lazy\" class=\"alignright wp-image-4547\" src=\"http:\/\/editionsdudetour.com\/wp-content\/uploads\/2024\/09\/Bazar-pop-\u2013-Couverture-def.png\" alt=\"\" width=\"342\" height=\"490\" srcset=\"https:\/\/editionsdudetour.com\/wp-content\/uploads\/2024\/09\/Bazar-pop-\u2013-Couverture-def.png 641w, https:\/\/editionsdudetour.com\/wp-content\/uploads\/2024\/09\/Bazar-pop-\u2013-Couverture-def-209x300.png 209w, https:\/\/editionsdudetour.com\/wp-content\/uploads\/2024\/09\/Bazar-pop-\u2013-Couverture-def-624x894.png 624w\" sizes=\"(max-width: 342px) 100vw, 342px\" \/><\/a>Des objets pour une histoire <br \/>des musiques populaires<\/h2>\n<h3>V\u00e9ronique Servat<\/h3>\n<p>De la guitare au smartphone, l\u2019historienne V\u00e9ronique Servat nous raconte 70 ans de musiques pop, par le prisme des objets qui ont marqu\u00e9 leur \u00e9volution.<\/p>\n<p>Sous l\u2019emprise grandissante des technologies num\u00e9riques, les musiques populaires sont pourtant indissociables des objets\u2009: instruments, mais aussi v\u00eatements et accessoires extravagants, supports d\u2019\u00e9coute ou d\u2019enregistrement&#8230; Le livre retrace l\u2019histoire vivante de cette culture pop depuis le rock\u2019n\u2019roll des ann\u00e9es 1950 jusqu\u2019\u00e0 aujourd\u2019hui.<br \/>L\u2019autrice a puis\u00e9 dans une grande vari\u00e9t\u00e9 d\u2019archives de quoi \u00e9crire un ouvrage sourc\u00e9, men\u00e9 d\u2019une plume alerte, et enrichi d\u2019illustrations. Les objets qu\u2019elle a choisis ont jou\u00e9 un r\u00f4le d\u00e9terminant tant pour les musiciens (la guitare ou le costume de sc\u00e8ne) que pour les fans (le poster)\u00a0; ils ont fa\u00e7onn\u00e9 leurs pratiques culturelles (le walkman) ou forg\u00e9 des mythes (la seringue). Tous ouvrent les portes d\u2019une histoire culturelle et sociale de la seconde moiti\u00e9 du XX<sup>e<\/sup>\u00a0si\u00e8cle, travers\u00e9e d\u2019enjeux esth\u00e9tiques, politiques, \u00e9conomiques et m\u00e9diatiques.<br \/>Cette histoire par les objets permet aussi de comprendre plus de soixante-dix ans d\u2019\u00e9volutions technologiques indissociables de l\u2019histoire des musiques populaires. C\u2019est enfin l\u2019occasion d\u2019une balade parmi les personnages et \u00e9v\u00e9nements connus ou m\u00e9connus de cette culture pop dans laquelle les genres musicaux dialoguent et construisent des ponts avec les univers de la mode ou du sport.<\/p>\n<p class=\"p1\">Docteure en histoire contemporaine et sp\u00e9cialiste des <em>Inrocks<\/em>, de la presse musicale et des musiques rock, <span style=\"color: #993300;\"><strong>V\u00e9ronique Servat<\/strong><\/span> a \u00e9t\u00e9 professeure d\u2019histoire-g\u00e9ographie. Elle co-anime le blog Histgeobox, ressource pour les enseignants d\u00e9sireux de m\u00ealer musiques pop et histoire.<\/p>\n<p>Erratum :\u00a0 p. 199, le Mersey Beat, c&rsquo;est \u00e0 Liverpool bien \u00e9videmment.\u00a0<\/p>\n<table>\n<tbody>\n<tr>\n<td>Parution\u2009: 3 octobre 2024<\/td>\n<\/tr>\n<tr>\n<td>Genre\u2009: Essai<\/td>\n<\/tr>\n<tr>\n<td>Domaine\u2009: Histoire<\/td>\n<\/tr>\n<tr>\n<td>Livre\u2009: 20,90 \u20ac TTC<\/td>\n<\/tr>\n<tr>\n<td>Format\u2009: 14 x 20 cm, broch\u00e9<\/td>\n<\/tr>\n<tr>\n<td>ISBN\u2009: 978-2-38532-064-5<\/td>\n<\/tr>\n<\/tbody>\n<\/table>\n<h1>\u00a0<\/h1>\n<h1><span style=\"background-color: #ffffff; color: #993300;\">Introduction et table des mati\u00e8res<\/span><\/h1>\n<p>\u00a0<\/p>\n\n\n\t\t<style>\r\n            #h5vp69e025de70a9a iframe {  width: 100%; }        <\/style>\r\n        \t    <div id=\"h5vp69e025de70a9a\" class=\"pdfp_wrapper\">\r\n                        <div class=\"cta_wrapper\">\r\n                \t            <p><a class=\"fullscreenBtn\" href=\"https:\/\/editionsdudetour.com\/wp-content\/plugins\/pdf-poster\/pdfjs\/web\/viewer.html?file=http:\/\/editionsdudetour.com\/wp-content\/uploads\/2024\/09\/Bazar-pop-pour-site.pdf&#038;download=true&#038;print=false&#038;openfile=false\"><button>View Fullscreen<\/button><\/a><\/p>\r\n            <\/div>\r\n            <div class=\"iframe_wrapper\">\r\n                <iframe loading=\"lazy\" width=\"100%\" height=\"1122px\" src=\"https:\/\/editionsdudetour.com\/wp-content\/plugins\/pdf-poster\/pdfjs\/web\/viewer.html?file=http:\/\/editionsdudetour.com\/wp-content\/uploads\/2024\/09\/Bazar-pop-pour-site.pdf&#038;download=true&#038;print=false&#038;openfile=false\"><\/iframe>\r\n            <\/div>\r\n\t    <\/div>\r\n        ","protected":false},"excerpt":{"rendered":"<p>\u00a0 Bazar pop Des objets pour une histoire des musiques populaires V\u00e9ronique Servat De la guitare au smartphone, l\u2019historienne V\u00e9ronique Servat nous raconte 70 ans de musiques pop, par le prisme des objets qui ont marqu\u00e9 leur \u00e9volution. Sous l\u2019emprise grandissante des technologies num\u00e9riques, les musiques populaires sont pourtant indissociables des objets\u2009: instruments, mais aussi [&hellip;]<\/p>\n","protected":false},"author":1,"featured_media":0,"parent":14,"menu_order":0,"comment_status":"closed","ping_status":"closed","template":"","meta":[],"_links":{"self":[{"href":"https:\/\/editionsdudetour.com\/index.php\/wp-json\/wp\/v2\/pages\/4629"}],"collection":[{"href":"https:\/\/editionsdudetour.com\/index.php\/wp-json\/wp\/v2\/pages"}],"about":[{"href":"https:\/\/editionsdudetour.com\/index.php\/wp-json\/wp\/v2\/types\/page"}],"author":[{"embeddable":true,"href":"https:\/\/editionsdudetour.com\/index.php\/wp-json\/wp\/v2\/users\/1"}],"replies":[{"embeddable":true,"href":"https:\/\/editionsdudetour.com\/index.php\/wp-json\/wp\/v2\/comments?post=4629"}],"version-history":[{"count":8,"href":"https:\/\/editionsdudetour.com\/index.php\/wp-json\/wp\/v2\/pages\/4629\/revisions"}],"predecessor-version":[{"id":4765,"href":"https:\/\/editionsdudetour.com\/index.php\/wp-json\/wp\/v2\/pages\/4629\/revisions\/4765"}],"up":[{"embeddable":true,"href":"https:\/\/editionsdudetour.com\/index.php\/wp-json\/wp\/v2\/pages\/14"}],"wp:attachment":[{"href":"https:\/\/editionsdudetour.com\/index.php\/wp-json\/wp\/v2\/media?parent=4629"}],"curies":[{"name":"wp","href":"https:\/\/api.w.org\/{rel}","templated":true}]}}