{"id":4569,"date":"2024-09-17T22:42:28","date_gmt":"2024-09-17T20:42:28","guid":{"rendered":"http:\/\/editionsdudetour.com\/?page_id=4569"},"modified":"2024-12-16T15:45:06","modified_gmt":"2024-12-16T14:45:06","slug":"un-peuple-et-son-football","status":"publish","type":"page","link":"https:\/\/editionsdudetour.com\/index.php\/les-livres\/un-peuple-et-son-football\/","title":{"rendered":"Un peuple et son football"},"content":{"rendered":"\n<h1>Un peuple et son football<\/h1>\n<h2><a href=\"http:\/\/editionsdudetour.com\/wp-content\/uploads\/2024\/09\/Un-peuple-et-son-football-couverture.png\"><img loading=\"lazy\" class=\"alignright  wp-image-4583\" src=\"http:\/\/editionsdudetour.com\/wp-content\/uploads\/2024\/09\/Un-peuple-et-son-football-couverture.png\" alt=\"\" width=\"366\" height=\"524\" srcset=\"https:\/\/editionsdudetour.com\/wp-content\/uploads\/2024\/09\/Un-peuple-et-son-football-couverture.png 641w, https:\/\/editionsdudetour.com\/wp-content\/uploads\/2024\/09\/Un-peuple-et-son-football-couverture-209x300.png 209w, https:\/\/editionsdudetour.com\/wp-content\/uploads\/2024\/09\/Un-peuple-et-son-football-couverture-624x894.png 624w\" sizes=\"(max-width: 366px) 100vw, 366px\" \/><\/a>Une histoire sociale<\/h2>\n<h3>Fran\u00e7ois da Rocha Carneiro<\/h3>\n<p>\u00ab La France n\u2019est pas un pays de football \u00bb, entend-on souvent\u2026 Vraiment ? Souvent d\u00e9nigr\u00e9e par les \u00e9lites, la culture populaire associ\u00e9e \u00e0 ce sport existe pourtant bel et bien.<\/p>\n<p>Le football a forg\u00e9 dans un m\u00eame mouvement l\u2019histoire populaire de la France et celle du sport lui-m\u00eame : en plus de cent vingt ans, c\u2019est toute une identit\u00e9 qui s\u2019est structur\u00e9e autour de ses comp\u00e9titions, ses \u00e9v\u00e9nements mythiques, ses rituels, ses drames et ses enfants-prodiges.<\/p>\n<p>Apr\u00e8s ses premiers pas bourgeois en France au XIX\u1d49 si\u00e8cle, la pratique masculine du football en a fait le sport du peuple. Si tous les clubs embl\u00e9matiques se sont construits sur la ferveur de leurs supporters, certains d\u2019entre eux \u2014 comme le FC Sochaux \u2014 ont aussi prosp\u00e9r\u00e9 sous la coupe d\u2019entreprises dont les patrons \u00e9taient d\u00e9sireux d\u2019\u00eatre associ\u00e9s \u00e0 cette culture prol\u00e9taire. Ce livre met en lumi\u00e8re les l\u00e9gendes populaires, ouvri\u00e8res et immigr\u00e9es qui ont travers\u00e9 l\u2019histoire de ce sport, jusqu\u2019\u00e0 incarner, parfois, l\u2019identit\u00e9 d\u2019une ville.<\/p>\n<p><span style=\"font-size: inherit; color: #333333;\">L\u2019auteur n\u2019omet rien des conflits de classe que ces r\u00e9cits r\u00e9v\u00e8lent. Les footballeurs sont des personnalit\u00e9s publiques qui, encore aujourd\u2019hui, se revendiquent du peuple, qu\u2019on aime ou qu\u2019on ex\u00e8cre. Trop populaires pour certains, ils sont confront\u00e9s au racisme, aux exigences de masculinit\u00e9 et aux soup\u00e7ons de n\u2019\u00eatre au fond que de la \u00ab racaille \u00bb. Il est \u00e9galement reproch\u00e9 \u00e0 cette \u00e9lite sportive son rapport \u00e0 l\u2019argent. Ce livre raconte un pays o\u00f9 le football unit les foules, bien au-del\u00e0 des stades, incarnant en cela une culture et un fait social majeur.<\/span><\/p>\n<p class=\"p1\">Docteur en histoire contemporaine et chercheur associ\u00e9 au CREHS (Universit\u00e9 d\u2019Artois), <span style=\"color: #993300;\"><strong><span class=\"s1\">Fran\u00e7ois da Rocha Carneiro <\/span><\/strong><\/span>est sp\u00e9cialiste de l\u2019\u00e9quipe de France de football, dont il \u00e9tudie les matchs et les joueurs depuis sa cr\u00e9ation en 1904. Il a d\u00e9j\u00e0 publi\u00e9 aux \u00e9ditions du D\u00e9tour <i>Les Bleus et La Coupe \u2014 De Kopa \u00e0 Mbapp\u00e9 <\/i>(2020) et <i>Une histoire de France en crampons <\/i>(2022).<span class=\"Apple-converted-space\">\u00a0<\/span><\/p>\n<table style=\"border-collapse: collapse;\">\n<tbody>\n<tr>\n<td>Parution\u2009: 19 septembre 2024<\/td>\n<\/tr>\n<tr>\n<td>Genre\u2009: Essai<\/td>\n<\/tr>\n<tr>\n<td>Domaine\u2009: Histoire sociale<\/td>\n<\/tr>\n<tr>\n<td>Livre\u2009: 19,90 \u20ac TTC<\/td>\n<\/tr>\n<tr>\n<td>Format\u2009: 14 x 20 cm, broch\u00e9<\/td>\n<\/tr>\n<tr>\n<td>ISBN\u2009: 978-2-38532-060-7<\/td>\n<\/tr>\n<\/tbody>\n<\/table>\n<h1>\u00a0<\/h1>\n<h1><span style=\"color: #993300;\">Introduction et table des mati\u00e8res<br \/><\/span><\/h1>\n<p>\u00a0<\/p>\n\n\n\t\t<style>\r\n            #h5vp69e16eee8cd96 iframe {  width: 100%; }        <\/style>\r\n        \t    <div id=\"h5vp69e16eee8cd96\" class=\"pdfp_wrapper\">\r\n                        <div class=\"cta_wrapper\">\r\n                \t            <p><a class=\"fullscreenBtn\" href=\"https:\/\/editionsdudetour.com\/wp-content\/plugins\/pdf-poster\/pdfjs\/web\/viewer.html?file=http:\/\/editionsdudetour.com\/wp-content\/uploads\/2024\/09\/Un-peuple-et-son-football-extrait-pour-site.pdf&#038;download=true&#038;print=false&#038;openfile=false\"><button>View Fullscreen<\/button><\/a><\/p>\r\n            <\/div>\r\n            <div class=\"iframe_wrapper\">\r\n                <iframe loading=\"lazy\" width=\"100%\" height=\"1122px\" src=\"https:\/\/editionsdudetour.com\/wp-content\/plugins\/pdf-poster\/pdfjs\/web\/viewer.html?file=http:\/\/editionsdudetour.com\/wp-content\/uploads\/2024\/09\/Un-peuple-et-son-football-extrait-pour-site.pdf&#038;download=true&#038;print=false&#038;openfile=false\"><\/iframe>\r\n            <\/div>\r\n\t    <\/div>\r\n        ","protected":false},"excerpt":{"rendered":"<p>Un peuple et son football Une histoire sociale Fran\u00e7ois da Rocha Carneiro \u00ab La France n\u2019est pas un pays de football \u00bb, entend-on souvent\u2026 Vraiment ? Souvent d\u00e9nigr\u00e9e par les \u00e9lites, la culture populaire associ\u00e9e \u00e0 ce sport existe pourtant bel et bien. Le football a forg\u00e9 dans un m\u00eame mouvement l\u2019histoire populaire de la [&hellip;]<\/p>\n","protected":false},"author":1,"featured_media":0,"parent":14,"menu_order":0,"comment_status":"closed","ping_status":"closed","template":"","meta":[],"_links":{"self":[{"href":"https:\/\/editionsdudetour.com\/index.php\/wp-json\/wp\/v2\/pages\/4569"}],"collection":[{"href":"https:\/\/editionsdudetour.com\/index.php\/wp-json\/wp\/v2\/pages"}],"about":[{"href":"https:\/\/editionsdudetour.com\/index.php\/wp-json\/wp\/v2\/types\/page"}],"author":[{"embeddable":true,"href":"https:\/\/editionsdudetour.com\/index.php\/wp-json\/wp\/v2\/users\/1"}],"replies":[{"embeddable":true,"href":"https:\/\/editionsdudetour.com\/index.php\/wp-json\/wp\/v2\/comments?post=4569"}],"version-history":[{"count":12,"href":"https:\/\/editionsdudetour.com\/index.php\/wp-json\/wp\/v2\/pages\/4569\/revisions"}],"predecessor-version":[{"id":4730,"href":"https:\/\/editionsdudetour.com\/index.php\/wp-json\/wp\/v2\/pages\/4569\/revisions\/4730"}],"up":[{"embeddable":true,"href":"https:\/\/editionsdudetour.com\/index.php\/wp-json\/wp\/v2\/pages\/14"}],"wp:attachment":[{"href":"https:\/\/editionsdudetour.com\/index.php\/wp-json\/wp\/v2\/media?parent=4569"}],"curies":[{"name":"wp","href":"https:\/\/api.w.org\/{rel}","templated":true}]}}