{"id":4514,"date":"2024-08-26T17:50:34","date_gmt":"2024-08-26T15:50:34","guid":{"rendered":"http:\/\/editionsdudetour.com\/?page_id=4514"},"modified":"2025-02-14T15:40:18","modified_gmt":"2025-02-14T14:40:18","slug":"test-2","status":"publish","type":"page","link":"https:\/\/editionsdudetour.com\/index.php\/les-livres\/test-2\/","title":{"rendered":""},"content":{"rendered":"\n<h1><a href=\"https:\/\/editionsdudetour.com\/wp-content\/uploads\/2024\/05\/On-sest-battu%C2%B7es-pour-les-gagner-%E2%80%93-C1-EP3-12-04-624x891.png\"><img loading=\"lazy\" class=\"alignright wp-image-4400 \" src=\"http:\/\/editionsdudetour.com\/wp-content\/uploads\/2024\/05\/On-sest-battu\u00b7es-pour-les-gagner-\u2013-C1-EP3-12-04.png\" alt=\"\" width=\"337\" height=\"482\" srcset=\"https:\/\/editionsdudetour.com\/wp-content\/uploads\/2024\/05\/On-sest-battu\u00b7es-pour-les-gagner-\u2013-C1-EP3-12-04.png 840w, https:\/\/editionsdudetour.com\/wp-content\/uploads\/2024\/05\/On-sest-battu\u00b7es-pour-les-gagner-\u2013-C1-EP3-12-04-210x300.png 210w, https:\/\/editionsdudetour.com\/wp-content\/uploads\/2024\/05\/On-sest-battu\u00b7es-pour-les-gagner-\u2013-C1-EP3-12-04-717x1024.png 717w, https:\/\/editionsdudetour.com\/wp-content\/uploads\/2024\/05\/On-sest-battu\u00b7es-pour-les-gagner-\u2013-C1-EP3-12-04-768x1097.png 768w, https:\/\/editionsdudetour.com\/wp-content\/uploads\/2024\/05\/On-sest-battu\u00b7es-pour-les-gagner-\u2013-C1-EP3-12-04-624x891.png 624w\" sizes=\"(max-width: 337px) 100vw, 337px\" \/><\/a><\/h1>\n<h1>On s\u2019est battu\u00b7es pour les gagner<\/h1>\n<h2>Histoire de la conqu\u00eate des droits en France<\/h2>\n<h3>Mathilde Larr\u00e8re<\/h3>\n<h4><span style=\"color: #333333;\">Illustrations de<\/span> <span style=\"color: #993300;\">Fred Sochard<\/span><\/h4>\n<p>De la D\u00e9claration des droits de l\u2019homme et du citoyen en 1789 \u00e0 la constitutionnalisation de l\u2019IVG en 2024, Mathilde Larr\u00e8re nous plonge dans l\u2019histoire de nos droits et des luttes qui les ont conquis.<\/p>\n<p>Voter, vivre et travailler dignement, s\u2019instruire, s\u2019associer, publier librement, manifester, avorter\u2026 Tous ces droits \u2014 et bien d\u2019autres encore \u2014 sont le fruit de longs combats contre ceux qui les entravent pour pr\u00e9server leurs privil\u00e8ges ou leurs int\u00e9r\u00eats. L\u2019histoire de la conqu\u00eate de nos droits montre comment chacun d\u2019entre eux a \u00e9t\u00e9 arrach\u00e9, dans la rue, sur les barricades, dans les journaux, sur les piquets de gr\u00e8ve. L\u2019historienne Mathilde Larr\u00e8re retrace les avanc\u00e9es (et les reculs) de ces luttes \u00e9mancipatrices \u2014 jusqu\u2019aux revendications les plus contemporaines.<\/p>\n<p>Elle met au c\u0153ur de son r\u00e9cit leur caract\u00e8re collectif, racontant les anonymes qui les ont port\u00e9es, ensemble, autant que les personnages qui les incarnent. L\u2019histoire des droits humains, politiques et sociaux des travailleurs et travailleuses, des femmes, des minorit\u00e9s sexuelles et des \u00e9trangers est aussi celle de la soci\u00e9t\u00e9 fran\u00e7aise de la R\u00e9volution fran\u00e7aise \u00e0 aujourd\u2019hui. Les luttes ne sont jamais termin\u00e9es et si les victoires se font parfois attendre, c\u2019est gr\u00e2ce \u00e0 elles que la soci\u00e9t\u00e9 \u00e9volue pour viser \u00e0 rendre r\u00e9elle la belle devise des r\u00e9volutionnaires : libert\u00e9, \u00e9galit\u00e9, fraternit\u00e9.<\/p>\n<p>\u00ab On s\u2019est battu\u00b7es pour les gagner, on se battra pour les garder ! \u00bb<\/p>\n<p><span style=\"color: #993300;\"><strong>Mathilde Larr\u00e8re <\/strong><\/span>est enseignante-chercheuse en histoire, sp\u00e9cialiste des mouvements sociaux et des questions de citoyennet\u00e9 en France au XIX\u1d49 si\u00e8cle. Elle enseigne \u00e0 l\u2019universit\u00e9 Gustave-Eiffel ainsi qu\u2019\u00e0 l\u2019Institut d\u2019\u00e9tudes politiques de Paris et intervient r\u00e9guli\u00e8rement dans des universit\u00e9s populaires et des formations syndicales. Elle est membre du conseil d&rsquo;administration du Fonds pour la presse libre. Elle a d\u00e9j\u00e0 publi\u00e9 aux \u00e9ditions du D\u00e9tour&nbsp;<em>Guns and Roses <i>\u2014<\/i> Les objets des luttes f\u00e9ministes <\/em>(2023),&nbsp;<em>Rage against the machisme&nbsp;<\/em>(2020), <em>Il \u00e9tait une fois les r\u00e9volutions <\/em>(2019) et <em>Des intrus en politiques <i>\u2014<\/i> Femmes et minorit\u00e9s : dominations et r\u00e9sistances <\/em>(2018).<\/p>\n<p><span style=\"color: #993300;\"><span style=\"color: #333333;\">Le livre est illustr\u00e9 par<\/span><strong> Fred Sochard<\/strong><\/span>, qui dessine \u00e9galement pour la presse et la jeunesse.<\/p>\n<p>&nbsp;<\/p>\n<table style=\"width: 37.8326%; height: 246px;\">\n<tbody>\n<tr style=\"height: 41px;\">\n<td style=\"height: 41px; width: 100%;\">Parution\u2009: 29 ao\u00fbt 2024<\/td>\n<\/tr>\n<tr style=\"height: 41px;\">\n<td style=\"height: 41px; width: 100%;\">Genre\u2009: Essai<\/td>\n<\/tr>\n<tr style=\"height: 41px;\">\n<td style=\"height: 41px; width: 100%;\">Domaine\u2009: Histoire<\/td>\n<\/tr>\n<tr style=\"height: 41px;\">\n<td style=\"height: 41px; width: 100%;\">Livre\u2009: 19,90 \u20ac TTC<\/td>\n<\/tr>\n<tr style=\"height: 41px;\">\n<td style=\"height: 41px; width: 100%;\">Format\u2009: 14 x 20 cm, broch\u00e9<\/td>\n<\/tr>\n<tr style=\"height: 41px;\">\n<td style=\"height: 41px; width: 100%;\">ISBN\u2009: 978-2-38532-056-0<\/td>\n<\/tr>\n<\/tbody>\n<\/table>\n\n\n\n<h1>&nbsp;<\/h1>\n<h1><span style=\"color: #993300;\">Sommaire et extrait<\/span><\/h1>\n<p>&nbsp;<\/p>\n\n\n\t\t<style>\r\n            #h5vp6a0601648374d iframe {  width: 100%; }        <\/style>\r\n        \t    <div id=\"h5vp6a0601648374d\" class=\"pdfp_wrapper\">\r\n                        <div class=\"cta_wrapper\">\r\n                \t            <p><a class=\"fullscreenBtn\" href=\"https:\/\/editionsdudetour.com\/wp-content\/plugins\/pdf-poster\/pdfjs\/web\/viewer.html?file=http:\/\/editionsdudetour.com\/wp-content\/uploads\/2024\/08\/On-sest-battu\u00b7es-pour-les-gagner-pour-site-1.pdf&#038;download=true&#038;print=false&#038;openfile=false\"><button>View Fullscreen<\/button><\/a><\/p>\r\n            <\/div>\r\n            <div class=\"iframe_wrapper\">\r\n                <iframe loading=\"lazy\" width=\"100%\" height=\"1122px\" src=\"https:\/\/editionsdudetour.com\/wp-content\/plugins\/pdf-poster\/pdfjs\/web\/viewer.html?file=http:\/\/editionsdudetour.com\/wp-content\/uploads\/2024\/08\/On-sest-battu\u00b7es-pour-les-gagner-pour-site-1.pdf&#038;download=true&#038;print=false&#038;openfile=false\"><\/iframe>\r\n            <\/div>\r\n\t    <\/div>\r\n        \n\n","protected":false},"excerpt":{"rendered":"<p>On s\u2019est battu\u00b7es pour les gagner Histoire de la conqu\u00eate des droits en France Mathilde Larr\u00e8re Illustrations de Fred Sochard De la D\u00e9claration des droits de l\u2019homme et du citoyen en 1789 \u00e0 la constitutionnalisation de l\u2019IVG en 2024, Mathilde Larr\u00e8re nous plonge dans l\u2019histoire de nos droits et des luttes qui les ont conquis. [&hellip;]<\/p>\n","protected":false},"author":1,"featured_media":0,"parent":14,"menu_order":0,"comment_status":"closed","ping_status":"closed","template":"","meta":[],"_links":{"self":[{"href":"https:\/\/editionsdudetour.com\/index.php\/wp-json\/wp\/v2\/pages\/4514"}],"collection":[{"href":"https:\/\/editionsdudetour.com\/index.php\/wp-json\/wp\/v2\/pages"}],"about":[{"href":"https:\/\/editionsdudetour.com\/index.php\/wp-json\/wp\/v2\/types\/page"}],"author":[{"embeddable":true,"href":"https:\/\/editionsdudetour.com\/index.php\/wp-json\/wp\/v2\/users\/1"}],"replies":[{"embeddable":true,"href":"https:\/\/editionsdudetour.com\/index.php\/wp-json\/wp\/v2\/comments?post=4514"}],"version-history":[{"count":9,"href":"https:\/\/editionsdudetour.com\/index.php\/wp-json\/wp\/v2\/pages\/4514\/revisions"}],"predecessor-version":[{"id":4774,"href":"https:\/\/editionsdudetour.com\/index.php\/wp-json\/wp\/v2\/pages\/4514\/revisions\/4774"}],"up":[{"embeddable":true,"href":"https:\/\/editionsdudetour.com\/index.php\/wp-json\/wp\/v2\/pages\/14"}],"wp:attachment":[{"href":"https:\/\/editionsdudetour.com\/index.php\/wp-json\/wp\/v2\/media?parent=4514"}],"curies":[{"name":"wp","href":"https:\/\/api.w.org\/{rel}","templated":true}]}}