{"id":4347,"date":"2024-04-24T18:45:41","date_gmt":"2024-04-24T16:45:41","guid":{"rendered":"http:\/\/editionsdudetour.com\/?page_id=4347"},"modified":"2024-09-22T18:15:47","modified_gmt":"2024-09-22T16:15:47","slug":"un-antifascisme-de-combat","status":"publish","type":"page","link":"https:\/\/editionsdudetour.com\/index.php\/les-livres\/un-antifascisme-de-combat\/","title":{"rendered":"Un antifascisme de combat"},"content":{"rendered":"\n<h1><a href=\"http:\/\/editionsdudetour.com\/wp-content\/uploads\/2024\/03\/Un-Antifascime-de-combat_couv.jpg\"><img loading=\"lazy\" class=\"alignright wp-image-4205 size-full\" src=\"http:\/\/editionsdudetour.com\/wp-content\/uploads\/2024\/03\/Un-Antifascime-de-combat_couv.jpg\" alt=\"\" width=\"360\" height=\"564\" \/><\/a><\/h1>\n<h1>Un antifascisme de combat<\/h1>\n<h2><em>Armer l\u2019Espagne r\u00e9volutionnaire<br \/>1936-1939<\/em><\/h2>\n<h3><span style=\"color: #993300; font-size: 14pt;\">Pierre Salmon<\/span><\/h3>\n<p><strong data-rich-text-format-boundary=\"true\">Pr\u00e9face de Nicolas Offenstadt<\/strong><\/p>\n<p>Un aspect m\u00e9connu de la guerre d\u2019Espagne\u00a0: comment des groupes antifascistes r\u00e9volutionnaires se lanc\u00e8rent dans la contrebande pour trouver des armes, par tous les moyens.<\/p>\n<p>Le coup d\u2019\u00c9tat militaire de juillet\u202f1936, qui d\u00e9bouche sur une longue guerre civile, engendre aussi une r\u00e9volution sociale dans une grande partie de la zone r\u00e9publicaine.<br \/>Les r\u00e9publicains comme les r\u00e9volutionnaires cherchent des armes. La R\u00e9publique structure un march\u00e9 qui m\u00e9lange les circuits l\u00e9gaux et ill\u00e9gaux. La plus grande partie du mat\u00e9riel provient d\u2019URSS, m\u00eame si d\u2019autres voies sont par ailleurs explor\u00e9es.<br \/>Certaines forces r\u00e9volutionnaires choisissent les chemins de l\u2019ill\u00e9galit\u00e9. Dans ce cadre, anarchistes, trotskistes, socialistes ou communistes, en France et ailleurs, d\u00e9cident d\u2019apporter leur soutien aux camarades qui, venus d\u2019Espagne, avec des mandats incertains, cherchent des armes pour que survive leur r\u00e9volution.<br \/>D\u00e9pourvus d\u2019exp\u00e9rience, ces derniers doivent alors s\u2019en remettre \u00e0 des groupes criminels tr\u00e8s \u00e9loign\u00e9s de leurs horizons militants. D\u00e9crire cette alliance interlope suppose de faire dialoguer Espagne et France, mais aussi militants, criminels et structures institutionnelles ou partisanes.<\/p>\n<p>Cet ouvrage propose une relecture de l\u2019engagement antifasciste au prisme de l\u2019histoire transnationale. V\u00e9ritable ph\u00e9nom\u00e8ne de transgressions frontali\u00e8res, cette contrebande subit en France une forte r\u00e9pression\u2009: le nom de la loi n\u2019est pas celui de la r\u00e9volution.<\/p>\n<p><span style=\"color: #993300;\"><strong>Pierre Salmon<\/strong><\/span> est ma\u00eetre de conf\u00e9rences en histoire contemporaine \u00e0 l\u2019\u00c9cole normale sup\u00e9rieure, membre de l\u2019Institut d\u2019histoire moderne et contemporaine (IHMC), et sp\u00e9cialiste des circulations ill\u00e9gales au XX<sup>e<\/sup>\u00a0si\u00e8cle.<br \/><span style=\"color: #993300;\"><strong><br \/>Nicolas Offenstadt<\/strong><\/span> est ma\u00eetre de conf\u00e9rences habilit\u00e9 \u00e0 diriger des recherches \u00e0 l\u2019universit\u00e9 Paris\u00a0I, membre de l\u2019IHMC, sp\u00e9cialiste des questions m\u00e9morielles.<\/p>\n<table style=\"width: 37.8326%; height: 246px;\">\n<tbody>\n<tr style=\"height: 41px;\">\n<td style=\"height: 41px; width: 100%;\">Parution\u2009: 25 avril 2024<\/td>\n<\/tr>\n<tr style=\"height: 41px;\">\n<td style=\"height: 41px; width: 100%;\">Genre\u2009: Essai<\/td>\n<\/tr>\n<tr style=\"height: 41px;\">\n<td style=\"height: 41px; width: 100%;\">Domaine\u2009: Histoire<\/td>\n<\/tr>\n<tr style=\"height: 41px;\">\n<td style=\"height: 41px; width: 100%;\">Livre\u2009: 21,90 \u20ac TTC<\/td>\n<\/tr>\n<tr style=\"height: 41px;\">\n<td style=\"height: 41px; width: 100%;\">Format\u2009: 14 x 20 cm, broch\u00e9<\/td>\n<\/tr>\n<tr style=\"height: 41px;\">\n<td style=\"height: 41px; width: 100%;\">ISBN\u2009: 978-2-38532-044-7<\/td>\n<\/tr>\n<\/tbody>\n<\/table>\n<p>\u00a0<\/p>\n\n\n\t\t<style>\r\n            #h5vp69ece2829293b iframe {  width: 100%; }        <\/style>\r\n        \t    <div id=\"h5vp69ece2829293b\" class=\"pdfp_wrapper\">\r\n                        <div class=\"cta_wrapper\">\r\n                \t            <p><a class=\"fullscreenBtn\" href=\"https:\/\/editionsdudetour.com\/wp-content\/plugins\/pdf-poster\/pdfjs\/web\/viewer.html?file=http:\/\/editionsdudetour.com\/wp-content\/uploads\/2024\/04\/Un-antifascisme-de-combat_EXTRAIT.pdf&#038;download=true&#038;print=false&#038;openfile=false\"><button>View Fullscreen<\/button><\/a><\/p>\r\n            <\/div>\r\n            <div class=\"iframe_wrapper\">\r\n                <iframe loading=\"lazy\" width=\"100%\" height=\"1122px\" src=\"https:\/\/editionsdudetour.com\/wp-content\/plugins\/pdf-poster\/pdfjs\/web\/viewer.html?file=http:\/\/editionsdudetour.com\/wp-content\/uploads\/2024\/04\/Un-antifascisme-de-combat_EXTRAIT.pdf&#038;download=true&#038;print=false&#038;openfile=false\"><\/iframe>\r\n            <\/div>\r\n\t    <\/div>\r\n        ","protected":false},"excerpt":{"rendered":"<p>Un antifascisme de combat Armer l\u2019Espagne r\u00e9volutionnaire1936-1939 Pierre Salmon Pr\u00e9face de Nicolas Offenstadt Un aspect m\u00e9connu de la guerre d\u2019Espagne\u00a0: comment des groupes antifascistes r\u00e9volutionnaires se lanc\u00e8rent dans la contrebande pour trouver des armes, par tous les moyens. Le coup d\u2019\u00c9tat militaire de juillet\u202f1936, qui d\u00e9bouche sur une longue guerre civile, engendre aussi une r\u00e9volution [&hellip;]<\/p>\n","protected":false},"author":1,"featured_media":0,"parent":14,"menu_order":0,"comment_status":"closed","ping_status":"closed","template":"","meta":[],"_links":{"self":[{"href":"https:\/\/editionsdudetour.com\/index.php\/wp-json\/wp\/v2\/pages\/4347"}],"collection":[{"href":"https:\/\/editionsdudetour.com\/index.php\/wp-json\/wp\/v2\/pages"}],"about":[{"href":"https:\/\/editionsdudetour.com\/index.php\/wp-json\/wp\/v2\/types\/page"}],"author":[{"embeddable":true,"href":"https:\/\/editionsdudetour.com\/index.php\/wp-json\/wp\/v2\/users\/1"}],"replies":[{"embeddable":true,"href":"https:\/\/editionsdudetour.com\/index.php\/wp-json\/wp\/v2\/comments?post=4347"}],"version-history":[{"count":8,"href":"https:\/\/editionsdudetour.com\/index.php\/wp-json\/wp\/v2\/pages\/4347\/revisions"}],"predecessor-version":[{"id":4664,"href":"https:\/\/editionsdudetour.com\/index.php\/wp-json\/wp\/v2\/pages\/4347\/revisions\/4664"}],"up":[{"embeddable":true,"href":"https:\/\/editionsdudetour.com\/index.php\/wp-json\/wp\/v2\/pages\/14"}],"wp:attachment":[{"href":"https:\/\/editionsdudetour.com\/index.php\/wp-json\/wp\/v2\/media?parent=4347"}],"curies":[{"name":"wp","href":"https:\/\/api.w.org\/{rel}","templated":true}]}}