{"id":429,"date":"2017-12-25T23:00:13","date_gmt":"2017-12-25T22:00:13","guid":{"rendered":"http:\/\/editionsdudetour.com\/?page_id=429"},"modified":"2023-05-31T15:54:33","modified_gmt":"2023-05-31T13:54:33","slug":"ou-acheter","status":"publish","type":"page","link":"https:\/\/editionsdudetour.com\/index.php\/ou-acheter\/","title":{"rendered":"O\u00f9 acheter"},"content":{"rendered":"\n<p><span style=\"color:#ae0120\" class=\"tadv-color\"><strong>En France, un livre a le m\u00eame prix partout<\/strong>. <\/span>C\u2019est le \u00ab prix unique du livre \u00bb instaur\u00e9 par la loi de 1981 pour prot\u00e9ger le livre et la lecture. L\u2019\u00e9diteur fixe librement ce prix et l\u2019imprime sur le livre. Tous les commer\u00e7ants sont oblig\u00e9s de le respecter.<br>Que vous achetiez votre livre en librairie, dans une grande surface ou en ligne, vous le payez donc au m\u00eame prix.<br>Avec une carte de fid\u00e9lit\u00e9, vous pouvez b\u00e9n\u00e9ficier d\u2019une r\u00e9duction allant jusqu\u2019\u00e0 5% applicable uniquement en magasin (les commandes en ligne exp\u00e9di\u00e9es \u00e0 domicile en sont exclues). Si vous payez moins cher, c\u2019est que le livre est d\u2019occasion.<\/p>\n\n\n\n<p><strong><span style=\"font-size: 14pt;\">Cliquez pour trouver la librairie la plus proche de chez vous :<\/span><br><\/strong><\/p>\n\n\n\n<p>Les libraires ind\u00e9pendantes, indispensables pour que vive l&rsquo;\u00e9dition ind\u00e9pendante&nbsp;:<\/p>\n\n\n\n<ul class=\"text-left\"><li><a href=\"https:\/\/www.librairiesindependantes.com\/\" target=\"_blank\" rel=\"noreferrer noopener\">Librairies ind\u00e9pendante<\/a><a href=\"https:\/\/www.librairiesindependantes.com\/\" data-type=\"URL\" data-id=\"https:\/\/www.librairiesindependantes.com\/\" target=\"_blank\" rel=\"noreferrer noopener\">s<\/a><\/li><\/ul>\n\n\n\n<p>Les cha\u00eenes :<\/p>\n\n\n\n<ul class=\"text-left\"><li><a href=\"http:\/\/www.gibertjoseph.com\/catalogsearch\/result\/?token=b4d8af36c0471c3b0fbb7318ea1b207cd8c8746d&amp;q=EDITIONS%2BDU%2BDETOUR&amp;product_type=Book\">Gibert Joseph<\/a><\/li><li><a href=\"https:\/\/www.fnac.com\/e378016\/Du-Detour\">La Fnac<\/a><\/li><li><a href=\"http:\/\/www.furet.com\/catalogsearch\/result\/?loupe.x=0&amp;loupe.y=0&amp;q=EDITIONS+DU+DETOUR+&amp;searchtype=facette\">Le Furet du Nord<\/a><\/li><li><a href=\"https:\/\/www.cultura.com\/catalogsearch\/result\/index\/?book_editor_book_editor=1339028&amp;previous_name=D%C3%A9tour+%28%C3%A9ditions+du%29\">Cultura<\/a><\/li><\/ul>\n\n\n\n<figure class=\"wp-block-image\"><img loading=\"lazy\" width=\"730\" height=\"200\" src=\"http:\/\/editionsdudetour.com\/wp-content\/uploads\/2020\/01\/Bannie\u0300re_web_730x200.jpg\" alt=\"\" class=\"wp-image-1332\" srcset=\"https:\/\/editionsdudetour.com\/wp-content\/uploads\/2020\/01\/Bannie\u0300re_web_730x200.jpg 730w, https:\/\/editionsdudetour.com\/wp-content\/uploads\/2020\/01\/Bannie\u0300re_web_730x200-300x82.jpg 300w, https:\/\/editionsdudetour.com\/wp-content\/uploads\/2020\/01\/Bannie\u0300re_web_730x200-624x171.jpg 624w\" sizes=\"(max-width: 730px) 100vw, 730px\" \/><\/figure>\n","protected":false},"excerpt":{"rendered":"<p>En France, un livre a le m\u00eame prix partout. C\u2019est le \u00ab prix unique du livre \u00bb instaur\u00e9 par la loi de 1981 pour prot\u00e9ger le livre et la lecture. L\u2019\u00e9diteur fixe librement ce prix et l\u2019imprime sur le livre. Tous les commer\u00e7ants sont oblig\u00e9s de le respecter.Que vous achetiez votre livre en librairie, dans [&hellip;]<\/p>\n","protected":false},"author":1,"featured_media":0,"parent":0,"menu_order":0,"comment_status":"closed","ping_status":"closed","template":"","meta":[],"_links":{"self":[{"href":"https:\/\/editionsdudetour.com\/index.php\/wp-json\/wp\/v2\/pages\/429"}],"collection":[{"href":"https:\/\/editionsdudetour.com\/index.php\/wp-json\/wp\/v2\/pages"}],"about":[{"href":"https:\/\/editionsdudetour.com\/index.php\/wp-json\/wp\/v2\/types\/page"}],"author":[{"embeddable":true,"href":"https:\/\/editionsdudetour.com\/index.php\/wp-json\/wp\/v2\/users\/1"}],"replies":[{"embeddable":true,"href":"https:\/\/editionsdudetour.com\/index.php\/wp-json\/wp\/v2\/comments?post=429"}],"version-history":[{"count":25,"href":"https:\/\/editionsdudetour.com\/index.php\/wp-json\/wp\/v2\/pages\/429\/revisions"}],"predecessor-version":[{"id":3615,"href":"https:\/\/editionsdudetour.com\/index.php\/wp-json\/wp\/v2\/pages\/429\/revisions\/3615"}],"wp:attachment":[{"href":"https:\/\/editionsdudetour.com\/index.php\/wp-json\/wp\/v2\/media?parent=429"}],"curies":[{"name":"wp","href":"https:\/\/api.w.org\/{rel}","templated":true}]}}