{"id":4261,"date":"2024-03-25T11:45:44","date_gmt":"2024-03-25T10:45:44","guid":{"rendered":"http:\/\/editionsdudetour.com\/?page_id=4261"},"modified":"2024-03-25T11:45:45","modified_gmt":"2024-03-25T10:45:45","slug":"felicitations-vous-etes-maintenant-inscrit-e-a-la-newsletter-des-editions-du-detour","status":"publish","type":"page","link":"https:\/\/editionsdudetour.com\/index.php\/felicitations-vous-etes-maintenant-inscrit-e-a-la-newsletter-des-editions-du-detour\/","title":{"rendered":"F\u00e9licitations ! Vous \u00eates maintenant inscrit.e \u00e0 la newsletter des \u00c9ditions du D\u00e9tour."},"content":{"rendered":"\n<h3>F\u00e9licitations !<\/h3>\n\n\n\n<h2>Vous \u00eates maintenant inscrit.e \u00e0 la newsletter des \u00c9ditions du D\u00e9tour !<\/h2>\n\n\n\n<figure class=\"wp-block-image size-large is-resized is-style-default\"><img loading=\"lazy\" src=\"http:\/\/editionsdudetour.com\/wp-content\/uploads\/2024\/03\/fond-collage-couvertues-1024x576.png\" alt=\"\" class=\"wp-image-4186\" width=\"767\" height=\"431\" srcset=\"https:\/\/editionsdudetour.com\/wp-content\/uploads\/2024\/03\/fond-collage-couvertues-1024x576.png 1024w, https:\/\/editionsdudetour.com\/wp-content\/uploads\/2024\/03\/fond-collage-couvertues-300x169.png 300w, https:\/\/editionsdudetour.com\/wp-content\/uploads\/2024\/03\/fond-collage-couvertues-768x432.png 768w, https:\/\/editionsdudetour.com\/wp-content\/uploads\/2024\/03\/fond-collage-couvertues-1536x864.png 1536w, https:\/\/editionsdudetour.com\/wp-content\/uploads\/2024\/03\/fond-collage-couvertues-624x351.png 624w, https:\/\/editionsdudetour.com\/wp-content\/uploads\/2024\/03\/fond-collage-couvertues-1320x743.png 1320w, https:\/\/editionsdudetour.com\/wp-content\/uploads\/2024\/03\/fond-collage-couvertues.png 1920w\" sizes=\"(max-width: 767px) 100vw, 767px\" \/><\/figure>\n","protected":false},"excerpt":{"rendered":"<p>F\u00e9licitations ! Vous \u00eates maintenant inscrit.e \u00e0 la newsletter des \u00c9ditions du D\u00e9tour !<\/p>\n","protected":false},"author":1,"featured_media":0,"parent":0,"menu_order":0,"comment_status":"closed","ping_status":"closed","template":"","meta":[],"_links":{"self":[{"href":"https:\/\/editionsdudetour.com\/index.php\/wp-json\/wp\/v2\/pages\/4261"}],"collection":[{"href":"https:\/\/editionsdudetour.com\/index.php\/wp-json\/wp\/v2\/pages"}],"about":[{"href":"https:\/\/editionsdudetour.com\/index.php\/wp-json\/wp\/v2\/types\/page"}],"author":[{"embeddable":true,"href":"https:\/\/editionsdudetour.com\/index.php\/wp-json\/wp\/v2\/users\/1"}],"replies":[{"embeddable":true,"href":"https:\/\/editionsdudetour.com\/index.php\/wp-json\/wp\/v2\/comments?post=4261"}],"version-history":[{"count":1,"href":"https:\/\/editionsdudetour.com\/index.php\/wp-json\/wp\/v2\/pages\/4261\/revisions"}],"predecessor-version":[{"id":4262,"href":"https:\/\/editionsdudetour.com\/index.php\/wp-json\/wp\/v2\/pages\/4261\/revisions\/4262"}],"wp:attachment":[{"href":"https:\/\/editionsdudetour.com\/index.php\/wp-json\/wp\/v2\/media?parent=4261"}],"curies":[{"name":"wp","href":"https:\/\/api.w.org\/{rel}","templated":true}]}}