{"id":4211,"date":"2024-03-17T22:58:32","date_gmt":"2024-03-17T21:58:32","guid":{"rendered":"http:\/\/editionsdudetour.com\/?page_id=4211"},"modified":"2024-03-19T17:22:33","modified_gmt":"2024-03-19T16:22:33","slug":"nos-ancetres-les-pharaons","status":"publish","type":"page","link":"https:\/\/editionsdudetour.com\/index.php\/les-livres\/nos-ancetres-les-pharaons\/","title":{"rendered":"Nos anc\u00eatres les pharaons"},"content":{"rendered":"\n<h1><a href=\"http:\/\/editionsdudetour.com\/wp-content\/uploads\/2024\/02\/Nos-ance\u0302tres-les-pharaons.jpg\"><img loading=\"lazy\" class=\"alignright wp-image-4169 size-full\" src=\"http:\/\/editionsdudetour.com\/wp-content\/uploads\/2024\/02\/Nos-ance\u0302tres-les-pharaons.jpg\" alt=\"\" width=\"364\" height=\"560\"><\/a><\/h1>\n<h1>Nos anc\u00eatres les pharaons<\/h1>\n<h2><em>Cinq si\u00e8cles d\u2019illusions sur l\u2019\u00c9gypte ancienne<\/em><\/h2>\n<h3><span style=\"color: #993300; font-size: 14pt;\">Jean-Lo\u00efc Le Quellec<\/span><\/h3>\n<p>L\u2019\u00c9gypte ancienne fascine depuis toujours, \u00e0 tel point que de nombreux groupes \u2014 aux buts parfois oppos\u00e9s \u2014 s\u2019en sont revendiqu\u00e9s ou en ont vu l\u2019influence partout. Ce livre d\u00e9crypte cette \u00e9gyptomanie.<\/p>\n<p>D\u00e8s la Renaissance s\u2019est manifest\u00e9e en Europe une fascination pour l\u2019\u00c9gypte. Ce go\u00fbt ne fit que croitre pour prendre une ampleur sans pr\u00e9c\u00e9dent apr\u00e8s la campagne men\u00e9e par Napol\u00e9on en \u00c9gypte, de 1798 \u00e0 1801.<br>R\u00eaver des grandeurs pass\u00e9es de l\u2019\u00c9gypte a conduit \u00e0 la consid\u00e9rer comme une civilisation insurpass\u00e9e, mod\u00e8le, voire matrice de toutes les autres.<br>Elle a \u00e9t\u00e9 ainsi mobilis\u00e9e aussi bien par des supr\u00e9macistes blancs du XIX<sup>e&nbsp;<\/sup>si\u00e8cle que par des Afro-Am\u00e9ricains abolitionnistes, jusqu\u2019\u00e0 Malcolm X, mais aussi par toute une foule d\u2019\u00ab arch\u00e9ologues \u00bb plus ou moins s\u00e9rieux qui virent l\u2019influence de l\u2019\u00c9gypte ancienne dans les pyramides pr\u00e9colombiennes ou sur la culture aborig\u00e8ne australienne. De m\u00eame, le rap, de IAM \u00e0 Gims (dont on se souvient des propos sur la ma\u00eetrise de l\u2019\u00e9lectricit\u00e9 par les \u00c9gyptiens), y fait souvent r\u00e9f\u00e9rence.<\/p>\n<p>Jean-Lo\u00efc Le Quellec nous propose de partir sur les traces de cette \u00c9gypte fantasm\u00e9e dans ses diff\u00e9rentes acceptions, de l\u2019Afrique jusqu\u2019en Australie en passant par l\u2019Am\u00e9rique, pour \u00e9tudier les ressorts de ce mythe \u00e9gyptien aujourd\u2019hui encore si puissant. Une promenade arch\u00e9ologique enjou\u00e9e et savante, richement illustr\u00e9e.<\/p>\n<p><span style=\"color: #993300;\"><strong>Jean-Lo\u00efc Le Quellec<\/strong><\/span> est anthropologue, directeur de recherche \u00e9m\u00e9rite au CNRS. Sp\u00e9cialiste des images rupestres, il \u00e9tudie leurs aspects mythologiques. Il est l\u2019auteur notamment de<em> Avant nous le D\u00e9luge !<\/em> (2021, D\u00e9tour), <em>La Caverne originelle<\/em> (2022, La D\u00e9couverte) et <em>Des Martiens au Sahara<\/em> (2023, D\u00e9tour).<\/p>\n<table style=\"width: 37.8328%; height: 252px;\">\n<tbody>\n<tr style=\"height: 36px;\">\n<td style=\"height: 36px;\">Parution : 21 mars 2024<\/td>\n<\/tr>\n<tr style=\"height: 36px;\">\n<td style=\"height: 36px;\">Genre : essai<\/td>\n<\/tr>\n<tr style=\"height: 36px;\">\n<td style=\"height: 36px;\">Domaine : Arch\u00e9ologie<\/td>\n<\/tr>\n<tr style=\"height: 36px;\">\n<td style=\"height: 36px;\">Livre: 22,90 \u20ac<\/td>\n<\/tr>\n<tr style=\"height: 36px;\">\n<td style=\"height: 36px;\">280 pages, noir<\/td>\n<\/tr>\n<tr style=\"height: 36px;\">\n<td style=\"height: 36px;\">Format : 16 X 24 cm<\/td>\n<\/tr>\n<tr style=\"height: 36px;\">\n<td style=\"height: 36px;\">ISBN : 978-2-38532-048-5<\/td>\n<\/tr>\n<\/tbody>\n<\/table>\n<h3>&nbsp;<\/h3>\n<h3>Lisez un extrait de&nbsp;<em>Nos anc\u00eatres les pharaons&nbsp;<\/em>en exclusivit\u00e9 :<\/h3>\n\n\n\n<div class=\"wp-block-algori-pdf-viewer-block-algori-pdf-viewer\"><iframe class=\"wp-block-algori-pdf-viewer-block-algori-pdf-viewer-iframe\" src=\"https:\/\/editionsdudetour.com\/wp-content\/plugins\/algori-pdf-viewer\/dist\/web\/viewer.html?file=https%3A%2F%2Feditionsdudetour.com%2Fwp-content%2Fuploads%2F2024%2F03%2FNos-ance%CC%82tres-les-pharaons_EXTRAIT-1.pdf\" style=\"width:800px;height:900px\"><\/iframe><\/div>\n\n\n","protected":false},"excerpt":{"rendered":"<p>Nos anc\u00eatres les pharaons Cinq si\u00e8cles d\u2019illusions sur l\u2019\u00c9gypte ancienne Jean-Lo\u00efc Le Quellec L\u2019\u00c9gypte ancienne fascine depuis toujours, \u00e0 tel point que de nombreux groupes \u2014 aux buts parfois oppos\u00e9s \u2014 s\u2019en sont revendiqu\u00e9s ou en ont vu l\u2019influence partout. Ce livre d\u00e9crypte cette \u00e9gyptomanie. D\u00e8s la Renaissance s\u2019est manifest\u00e9e en Europe une fascination pour [&hellip;]<\/p>\n","protected":false},"author":1,"featured_media":0,"parent":14,"menu_order":0,"comment_status":"closed","ping_status":"closed","template":"","meta":[],"_links":{"self":[{"href":"https:\/\/editionsdudetour.com\/index.php\/wp-json\/wp\/v2\/pages\/4211"}],"collection":[{"href":"https:\/\/editionsdudetour.com\/index.php\/wp-json\/wp\/v2\/pages"}],"about":[{"href":"https:\/\/editionsdudetour.com\/index.php\/wp-json\/wp\/v2\/types\/page"}],"author":[{"embeddable":true,"href":"https:\/\/editionsdudetour.com\/index.php\/wp-json\/wp\/v2\/users\/1"}],"replies":[{"embeddable":true,"href":"https:\/\/editionsdudetour.com\/index.php\/wp-json\/wp\/v2\/comments?post=4211"}],"version-history":[{"count":9,"href":"https:\/\/editionsdudetour.com\/index.php\/wp-json\/wp\/v2\/pages\/4211\/revisions"}],"predecessor-version":[{"id":5433,"href":"https:\/\/editionsdudetour.com\/index.php\/wp-json\/wp\/v2\/pages\/4211\/revisions\/5433"}],"up":[{"embeddable":true,"href":"https:\/\/editionsdudetour.com\/index.php\/wp-json\/wp\/v2\/pages\/14"}],"wp:attachment":[{"href":"https:\/\/editionsdudetour.com\/index.php\/wp-json\/wp\/v2\/media?parent=4211"}],"curies":[{"name":"wp","href":"https:\/\/api.w.org\/{rel}","templated":true}]}}