{"id":3814,"date":"2023-11-07T09:01:20","date_gmt":"2023-11-07T08:01:20","guid":{"rendered":"http:\/\/editionsdudetour.com\/?page_id=3814"},"modified":"2024-07-03T17:01:51","modified_gmt":"2024-07-03T15:01:51","slug":"cest-le-peuple-qui-commande","status":"publish","type":"page","link":"https:\/\/editionsdudetour.com\/index.php\/les-livres\/cest-le-peuple-qui-commande\/","title":{"rendered":"C\u2019est le peuple qui commande"},"content":{"rendered":"\n<h1>C&rsquo;est le peuple qui commande <a href=\"http:\/\/editionsdudetour.com\/wp-content\/uploads\/2023\/08\/Cest-le-peuple-qui-commande-\u2013-Couverture-652x1024.jpg\"><img loading=\"lazy\" class=\"alignright  wp-image-3747\" src=\"http:\/\/editionsdudetour.com\/wp-content\/uploads\/2023\/08\/Cest-le-peuple-qui-commande-\u2013-Couverture-652x1024.jpg\" alt=\"\" width=\"319\" height=\"501\" srcset=\"https:\/\/editionsdudetour.com\/wp-content\/uploads\/2023\/08\/Cest-le-peuple-qui-commande-\u2013-Couverture-652x1024.jpg 652w, https:\/\/editionsdudetour.com\/wp-content\/uploads\/2023\/08\/Cest-le-peuple-qui-commande-\u2013-Couverture-191x300.jpg 191w, https:\/\/editionsdudetour.com\/wp-content\/uploads\/2023\/08\/Cest-le-peuple-qui-commande-\u2013-Couverture-768x1206.jpg 768w, https:\/\/editionsdudetour.com\/wp-content\/uploads\/2023\/08\/Cest-le-peuple-qui-commande-\u2013-Couverture-978x1536.jpg 978w, https:\/\/editionsdudetour.com\/wp-content\/uploads\/2023\/08\/Cest-le-peuple-qui-commande-\u2013-Couverture-1304x2048.jpg 1304w, https:\/\/editionsdudetour.com\/wp-content\/uploads\/2023\/08\/Cest-le-peuple-qui-commande-\u2013-Couverture-624x980.jpg 624w, https:\/\/editionsdudetour.com\/wp-content\/uploads\/2023\/08\/Cest-le-peuple-qui-commande-\u2013-Couverture-1320x2073.jpg 1320w, https:\/\/editionsdudetour.com\/wp-content\/uploads\/2023\/08\/Cest-le-peuple-qui-commande-\u2013-Couverture-scaled.jpg 1630w\" sizes=\"(max-width: 319px) 100vw, 319px\" \/><\/a><\/h1>\n<h2>La R\u00e9volution des \u0152illets : 1974-1976<\/h2>\n<h3>Victor Pereira<\/h3>\n<p><i>L\u2019historien Victor Pereira propose une vision renouvel\u00e9e de la R\u00e9volution des \u0152illets. Plus que le renversement d\u2019une dictature par l\u2019arm\u00e9e, cette r\u00e9volution enclenche un profond bouleversement social et d\u00e9mocratique au Portugal et d\u00e9bouche sur l\u2019ind\u00e9pendance de ses anciennes colonies.<span class=\"Apple-converted-space\">\u00a0<\/span><\/i><\/p>\n<p>Au Portugal, il y a 50 ans, le 25 avril 1974, de jeunes officiers, soutenus par une grande partie de la population, renversaient l\u2019<i>Estado Novo<\/i>, r\u00e9gime autoritaire mis en place par Ant\u00f3nio de Oliveira Salazar en 1933. La fin de cette dictature de pr\u00e8s de 40 ans signera \u00e9galement l\u2019arr\u00eat de mort d\u2019un empire colonial europ\u00e9en majeur.<span class=\"Apple-converted-space\">\u00a0<\/span><\/p>\n<p>Trop souvent r\u00e9duite \u00e0 un coup d\u2019\u00c9tat pacifique qui ne dure que quelques heures, la R\u00e9volution des \u0152illets et ses cons\u00e9quences (d\u00e9colonisation, mobilisations sociales, qu\u00eate d\u2019une voie socialiste originale) sont encore mal connues. Cet ouvrage offre une synth\u00e8se actualis\u00e9e du processus r\u00e9volutionnaire portugais. Il analyse non seulement la dynamique r\u00e9volutionnaire, les oppositions entre partis politiques et militaires, les inqui\u00e9tudes diplomatiques (cette prise de pouvoir d\u00e9mocratique est aussi socialiste), mais aussi les diff\u00e9rents mouvements sociaux qui tent\u00e8rent de transformer radicalement la soci\u00e9t\u00e9 portugaise, pour enfin penser ensemble ces \u00e9l\u00e9ments qui le sont rarement.<span class=\"Apple-converted-space\">\u00a0<\/span><\/p>\n<p><span style=\"color: #993300;\"><strong>Victor Pereira<\/strong><\/span>, ma\u00eetre de conf\u00e9rences en histoire contemporaine \u00e0 l\u2019universit\u00e9 de Pau et des Pays de l\u2019Adour, est actuellement chercheur \u00e0 l\u2019<i>Instituto de Hist\u00f3ria Contempor\u00e2nea <\/i>de l\u2019Universit\u00e9 nouvelle de Lisbonne. Il m\u00e8ne des recherches sur les migrations portugaises et sur l\u2019histoire du xx<sup>e <\/sup>si\u00e8cle portugais.<span class=\"Apple-converted-space\">\u00a0<\/span><\/p>\n<table style=\"width: 250px; height: 252px;\">\n<tbody>\n<tr>\n<td>Parution : 9 novembre 2023<\/td>\n<\/tr>\n<tr>\n<td>Genre : essai<\/td>\n<\/tr>\n<tr>\n<td>Domaine : Histoire &#8211; XX<sup>e<\/sup> si\u00e8cle<\/td>\n<\/tr>\n<tr>\n<td>21,90 \u20ac<\/td>\n<\/tr>\n<tr>\n<td>280 pages, broch\u00e9<\/td>\n<\/tr>\n<tr>\n<td>Format : 14 X 22 cm<\/td>\n<\/tr>\n<tr>\n<td>ISBN :\u00a0<span style=\"font-size: inherit; font-family: inherit;\">978-2-38532-032-4<\/span>\u00a0<\/td>\n<\/tr>\n<\/tbody>\n<\/table>\n\n\n\n<hr class=\"wp-block-separator is-style-wide\"\/>\n\n\n\n<h2 class=\"has-text-color\" style=\"color:#a30012\"><em>Introduction, extrait et table des mati\u00e8res<\/em><\/h2>\n\n\n\n\t\t<style>\r\n            #h5vp69e16f78c571d iframe {  width: 100%; }        <\/style>\r\n        \t    <div id=\"h5vp69e16f78c571d\" class=\"pdfp_wrapper\">\r\n                        <div class=\"cta_wrapper\">\r\n                \t            <p><a class=\"fullscreenBtn\" href=\"https:\/\/editionsdudetour.com\/wp-content\/plugins\/pdf-poster\/pdfjs\/web\/viewer.html?file=http:\/\/editionsdudetour.com\/wp-content\/uploads\/2023\/11\/Cest-le-peuple-qui-commande-pour-site-3.pdf&#038;download=true&#038;print=false&#038;openfile=false\"><button>View Fullscreen<\/button><\/a><\/p>\r\n            <\/div>\r\n            <div class=\"iframe_wrapper\">\r\n                <iframe loading=\"lazy\" width=\"100%\" height=\"1122px\" src=\"https:\/\/editionsdudetour.com\/wp-content\/plugins\/pdf-poster\/pdfjs\/web\/viewer.html?file=http:\/\/editionsdudetour.com\/wp-content\/uploads\/2023\/11\/Cest-le-peuple-qui-commande-pour-site-3.pdf&#038;download=true&#038;print=false&#038;openfile=false\"><\/iframe>\r\n            <\/div>\r\n\t    <\/div>\r\n        \n","protected":false},"excerpt":{"rendered":"<p>C&rsquo;est le peuple qui commande La R\u00e9volution des \u0152illets : 1974-1976 Victor Pereira L\u2019historien Victor Pereira propose une vision renouvel\u00e9e de la R\u00e9volution des \u0152illets. Plus que le renversement d\u2019une dictature par l\u2019arm\u00e9e, cette r\u00e9volution enclenche un profond bouleversement social et d\u00e9mocratique au Portugal et d\u00e9bouche sur l\u2019ind\u00e9pendance de ses anciennes colonies.\u00a0 Au Portugal, il [&hellip;]<\/p>\n","protected":false},"author":1,"featured_media":0,"parent":14,"menu_order":0,"comment_status":"closed","ping_status":"closed","template":"","meta":[],"_links":{"self":[{"href":"https:\/\/editionsdudetour.com\/index.php\/wp-json\/wp\/v2\/pages\/3814"}],"collection":[{"href":"https:\/\/editionsdudetour.com\/index.php\/wp-json\/wp\/v2\/pages"}],"about":[{"href":"https:\/\/editionsdudetour.com\/index.php\/wp-json\/wp\/v2\/types\/page"}],"author":[{"embeddable":true,"href":"https:\/\/editionsdudetour.com\/index.php\/wp-json\/wp\/v2\/users\/1"}],"replies":[{"embeddable":true,"href":"https:\/\/editionsdudetour.com\/index.php\/wp-json\/wp\/v2\/comments?post=3814"}],"version-history":[{"count":29,"href":"https:\/\/editionsdudetour.com\/index.php\/wp-json\/wp\/v2\/pages\/3814\/revisions"}],"predecessor-version":[{"id":4493,"href":"https:\/\/editionsdudetour.com\/index.php\/wp-json\/wp\/v2\/pages\/3814\/revisions\/4493"}],"up":[{"embeddable":true,"href":"https:\/\/editionsdudetour.com\/index.php\/wp-json\/wp\/v2\/pages\/14"}],"wp:attachment":[{"href":"https:\/\/editionsdudetour.com\/index.php\/wp-json\/wp\/v2\/media?parent=3814"}],"curies":[{"name":"wp","href":"https:\/\/api.w.org\/{rel}","templated":true}]}}