{"id":3796,"date":"2023-10-17T15:40:25","date_gmt":"2023-10-17T13:40:25","guid":{"rendered":"http:\/\/editionsdudetour.com\/?page_id=3796"},"modified":"2023-11-17T19:27:54","modified_gmt":"2023-11-17T18:27:54","slug":"ces-hommes-parmi-nous","status":"publish","type":"page","link":"https:\/\/editionsdudetour.com\/index.php\/les-livres\/ces-hommes-parmi-nous\/","title":{"rendered":"Ces Hommes parmi nous"},"content":{"rendered":"\n<h1><a href=\"http:\/\/editionsdudetour.com\/wp-content\/uploads\/2023\/06\/Couverture_14x22_Pubere_la_vie-624x980.jpg\">&nbsp;<\/a><\/h1>\n<h1>Ces Hommes parmi nous <a href=\"http:\/\/editionsdudetour.com\/wp-content\/uploads\/2023\/07\/CesHommesParmiNous-couv-624x981.jpg\"><img loading=\"lazy\" class=\"alignright  wp-image-3708\" src=\"http:\/\/editionsdudetour.com\/wp-content\/uploads\/2023\/07\/CesHommesParmiNous-couv-651x1024.jpg\" alt=\"\" width=\"312\" height=\"491\" srcset=\"https:\/\/editionsdudetour.com\/wp-content\/uploads\/2023\/07\/CesHommesParmiNous-couv-651x1024.jpg 651w, https:\/\/editionsdudetour.com\/wp-content\/uploads\/2023\/07\/CesHommesParmiNous-couv-191x300.jpg 191w, https:\/\/editionsdudetour.com\/wp-content\/uploads\/2023\/07\/CesHommesParmiNous-couv-768x1208.jpg 768w, https:\/\/editionsdudetour.com\/wp-content\/uploads\/2023\/07\/CesHommesParmiNous-couv-977x1536.jpg 977w, https:\/\/editionsdudetour.com\/wp-content\/uploads\/2023\/07\/CesHommesParmiNous-couv-1302x2048.jpg 1302w, https:\/\/editionsdudetour.com\/wp-content\/uploads\/2023\/07\/CesHommesParmiNous-couv-624x981.jpg 624w, https:\/\/editionsdudetour.com\/wp-content\/uploads\/2023\/07\/CesHommesParmiNous-couv-1320x2076.jpg 1320w, https:\/\/editionsdudetour.com\/wp-content\/uploads\/2023\/07\/CesHommesParmiNous-couv-scaled.jpg 1628w\" sizes=\"(max-width: 312px) 100vw, 312px\" \/><\/a><\/h1>\n<h2>Soigner les auteurs de violences sexuelles<\/h2>\n<h3>Gabrielle Arena, Caroline Legendre et Ga\u00eblle Saint-Jalmes<\/h3>\n<p><em>La grande majorit\u00e9 des agresseurs sexuels ne ressemblent pas \u00e0 Dutroux&nbsp;ou Founiret, ce sont des sujets ordinaires : c\u2019est le p\u00e8re, le voisin qui rend&nbsp;service, l\u2019\u00e9ducateur sportif\u2026 Ce sont ceux-l\u00e0 que les autrices \u2014 th\u00e9rapeutes&nbsp;sp\u00e9cialis\u00e9es reconnues \u2014 tentent de soigner. Pour emp\u00eacher la&nbsp;r\u00e9cidive et prot\u00e9ger les femmes et les enfants.<\/em><\/p>\n<p>Les infractions sexuelles sont diverses, allant des agressions sexuelles jusqu\u2019aux&nbsp;viols, incestes, en passant par les exhibitions, corruptions de mineur ou p\u00e9docriminalit\u00e9,&nbsp;violences sur conjoint avec viol\u2026 En France, la loi oblige les auteurs&nbsp;de violences sexuelles \u00e0 suivre des soins psychiatriques. Ce livre est le r\u00e9cit document\u00e9&nbsp;de ces soins, avant et apr\u00e8s le proc\u00e8s, puis apr\u00e8s la sortie de prison.<\/p>\n<p>Les autrices, psychiatre et psychologues cliniciennes, font face \u00e0 des agresseurs de&nbsp;femmes et d\u2019enfants qui, loin des clich\u00e9s, ne sont pas des monstres mais bien souvent monsieur Tout-le-Monde. Ils sont professeurs, coll\u00e8gues de travail, bons p\u00e8res de&nbsp;famille, hommes ordinaires, rang\u00e9s\u2026 Ces auteurs-l\u00e0 sont les plus nombreux. Dans&nbsp;la majorit\u00e9 des agressions sexuelles, la victime est une connaissance.<\/p>\n<p>\u00c0 travers la pr\u00e9sentation de cas cliniques repr\u00e9sentatifs, souvent gla\u00e7ants, elles&nbsp;d\u00e9crivent le fonctionnent psychique de ces hommes et les diff\u00e9rentes th\u00e9rapies&nbsp;destin\u00e9es \u00e0 leur faire prendre conscience de la gravit\u00e9 de leurs actes, dans le but&nbsp;d\u2019emp\u00eacher la r\u00e9cidive.<\/p>\n<p><span style=\"color: #993300;\"><strong>Gabrielle Arena<\/strong><\/span>, psychiatre, anciennement responsable du centre ressources pour intervenants aupr\u00e8s d\u2019auteurs de violences sexuelles \u00cele-de-France Nord-Est ; <strong><span style=\"color: #993300;\">Caroline&nbsp;Legendre<\/span><\/strong>, psychologue clinicienne, sp\u00e9cialis\u00e9e dans le travail en milieu&nbsp;carc\u00e9ral, particuli\u00e8rement aupr\u00e8s et des auteurs de violences sexuelles, ancienne experte&nbsp;judiciaire ; <strong><span style=\"color: #993300;\">Ga\u00eblle Saint-Jalmes<\/span><\/strong>, psychologue clinicienne, aupr\u00e8s des auteurs de&nbsp;violences sexuelles et des personnes victimes.<\/p>\n<table style=\"width: 98.3208%; height: 274px;\">\n<tbody>\n<tr>\n<td style=\"width: 100%;\">Parution : 19 octobre 2023<\/td>\n<\/tr>\n<tr>\n<td style=\"width: 100%;\">Genre : essai<\/td>\n<\/tr>\n<tr>\n<td style=\"width: 100%;\">Domaine : Psychologie<\/td>\n<\/tr>\n<tr>\n<td style=\"width: 100%;\">20,90 \u20ac<\/td>\n<\/tr>\n<tr>\n<td style=\"width: 100%;\">256 pages, broch\u00e9<\/td>\n<\/tr>\n<tr>\n<td style=\"width: 100%;\">Format : 14 X 22 cm<\/td>\n<\/tr>\n<tr>\n<td style=\"width: 100%;\">ISBN :&nbsp;<span style=\"font-size: inherit; font-family: inherit;\">978-2-38532-035-5<\/span>&nbsp;<\/td>\n<\/tr>\n<\/tbody>\n<\/table>\n<hr>\n\n\n\n<p><strong><span style=\"color:#a30003\" class=\"tadv-color\">Introduction, extrait et table des mati\u00e8res<\/span><\/strong><\/p>\n\n\n\n\n\t\t<style>\r\n            #h5vp69f5f3015a70d iframe {  width: 100%; }        <\/style>\r\n        \t    <div id=\"h5vp69f5f3015a70d\" class=\"pdfp_wrapper\">\r\n                        <div class=\"cta_wrapper\">\r\n                \t            <p><a class=\"fullscreenBtn\" href=\"https:\/\/editionsdudetour.com\/wp-content\/plugins\/pdf-poster\/pdfjs\/web\/viewer.html?file=http:\/\/editionsdudetour.com\/wp-content\/uploads\/2023\/11\/Ces-Hommes-parmi-nous-pour-site.pdf&#038;download=true&#038;print=false&#038;openfile=false\"><button>View Fullscreen<\/button><\/a><\/p>\r\n            <\/div>\r\n            <div class=\"iframe_wrapper\">\r\n                <iframe loading=\"lazy\" width=\"100%\" height=\"1122px\" src=\"https:\/\/editionsdudetour.com\/wp-content\/plugins\/pdf-poster\/pdfjs\/web\/viewer.html?file=http:\/\/editionsdudetour.com\/wp-content\/uploads\/2023\/11\/Ces-Hommes-parmi-nous-pour-site.pdf&#038;download=true&#038;print=false&#038;openfile=false\"><\/iframe>\r\n            <\/div>\r\n\t    <\/div>\r\n        \n","protected":false},"excerpt":{"rendered":"<p>&nbsp; Ces Hommes parmi nous Soigner les auteurs de violences sexuelles Gabrielle Arena, Caroline Legendre et Ga\u00eblle Saint-Jalmes La grande majorit\u00e9 des agresseurs sexuels ne ressemblent pas \u00e0 Dutroux&nbsp;ou Founiret, ce sont des sujets ordinaires : c\u2019est le p\u00e8re, le voisin qui rend&nbsp;service, l\u2019\u00e9ducateur sportif\u2026 Ce sont ceux-l\u00e0 que les autrices \u2014 th\u00e9rapeutes&nbsp;sp\u00e9cialis\u00e9es reconnues \u2014 [&hellip;]<\/p>\n","protected":false},"author":1,"featured_media":0,"parent":14,"menu_order":0,"comment_status":"closed","ping_status":"closed","template":"","meta":[],"_links":{"self":[{"href":"https:\/\/editionsdudetour.com\/index.php\/wp-json\/wp\/v2\/pages\/3796"}],"collection":[{"href":"https:\/\/editionsdudetour.com\/index.php\/wp-json\/wp\/v2\/pages"}],"about":[{"href":"https:\/\/editionsdudetour.com\/index.php\/wp-json\/wp\/v2\/types\/page"}],"author":[{"embeddable":true,"href":"https:\/\/editionsdudetour.com\/index.php\/wp-json\/wp\/v2\/users\/1"}],"replies":[{"embeddable":true,"href":"https:\/\/editionsdudetour.com\/index.php\/wp-json\/wp\/v2\/comments?post=3796"}],"version-history":[{"count":5,"href":"https:\/\/editionsdudetour.com\/index.php\/wp-json\/wp\/v2\/pages\/3796\/revisions"}],"predecessor-version":[{"id":3935,"href":"https:\/\/editionsdudetour.com\/index.php\/wp-json\/wp\/v2\/pages\/3796\/revisions\/3935"}],"up":[{"embeddable":true,"href":"https:\/\/editionsdudetour.com\/index.php\/wp-json\/wp\/v2\/pages\/14"}],"wp:attachment":[{"href":"https:\/\/editionsdudetour.com\/index.php\/wp-json\/wp\/v2\/media?parent=3796"}],"curies":[{"name":"wp","href":"https:\/\/api.w.org\/{rel}","templated":true}]}}