{"id":3723,"date":"2023-08-29T22:53:36","date_gmt":"2023-08-29T20:53:36","guid":{"rendered":"http:\/\/editionsdudetour.com\/?page_id=3723"},"modified":"2025-04-16T16:00:01","modified_gmt":"2025-04-16T14:00:01","slug":"pubere-la-vie","status":"publish","type":"page","link":"https:\/\/editionsdudetour.com\/index.php\/les-livres\/pubere-la-vie\/","title":{"rendered":"Pub\u00e8re la vie"},"content":{"rendered":"\n<h1><a href=\"http:\/\/editionsdudetour.com\/wp-content\/uploads\/2023\/06\/Couverture_14x22_Pubere_la_vie-624x980.jpg\"><img loading=\"lazy\" class=\"alignright wp-image-3632\" src=\"http:\/\/editionsdudetour.com\/wp-content\/uploads\/2023\/06\/Couverture_14x22_Pubere_la_vie-191x300.jpg\" alt=\"\" width=\"341\" height=\"535\" srcset=\"https:\/\/editionsdudetour.com\/wp-content\/uploads\/2023\/06\/Couverture_14x22_Pubere_la_vie-191x300.jpg 191w, https:\/\/editionsdudetour.com\/wp-content\/uploads\/2023\/06\/Couverture_14x22_Pubere_la_vie-652x1024.jpg 652w, https:\/\/editionsdudetour.com\/wp-content\/uploads\/2023\/06\/Couverture_14x22_Pubere_la_vie-768x1206.jpg 768w, https:\/\/editionsdudetour.com\/wp-content\/uploads\/2023\/06\/Couverture_14x22_Pubere_la_vie-624x980.jpg 624w, https:\/\/editionsdudetour.com\/wp-content\/uploads\/2023\/06\/Couverture_14x22_Pubere_la_vie.jpg 827w\" sizes=\"(max-width: 341px) 100vw, 341px\" \/><\/a>Pub\u00e8re la vie<\/h1>\n\n\n\n<h2>\u00c0 l\u2019\u00e9cole des genres<\/h2>\n\n\n\n<h3>Dr Kpote<\/h3>\n\n\n\n<p><em>Les rapports de genre sont un sujet br\u00fblant. Dr Kpote nous raconte comment les jeunes s\u2019en emparent aujourd\u2019hui.<\/em><\/p>\n\n\n\n<p>\u00c0 la veille d\u2019une nouvelle ann\u00e9e scolaire, <em>Pub\u00e8re la vie : \u00c0 l\u2019\u00e9cole des genres<\/em>, nous emm\u00e8ne au c\u0153ur des salles de classe, partout en France, pour d\u00e9couvrir sans filtre comment les ados appr\u00e9hendent les questions d\u2019\u00e9galit\u00e9 li\u00e9es aux genres. N\u00e9\u00b7es \u00e0 l\u2019\u00e8re de #MeToo, ces jeunes qui se heurtent \u00e0 des injonctions contradictoires au quotidien doivent jongler et se situer, tant bien que mal, entre une \u00e9ducation parfois genr\u00e9e et patriarcale et de nouvelles normes d\u2019\u00e9galit\u00e9 de genres et de masculinit\u00e9s.<\/p>\n\n\n\n<p>Ce livre propose le point de vue d\u2019un travailleur social rompu \u00e0 parler autant d\u2019IST, de harc\u00e8lement que de sexisme, \u00e0 l\u2019oral comme \u00e0 l\u2019\u00e9crit, avec un ton mordant et beaucoup d\u2019humour. <span style=\"color: #993300;\">Dr Kpote<\/span> raconte comment il parle de d\u00e9construction avec des jeunes en pleine construction et s\u2019attache \u00e0 ne pas faire payer l\u2019addition des g\u00e9n\u00e9rations pass\u00e9es \u00e0 des jeunes, hommes en particulier, en qu\u00eate de rep\u00e8res, et qui seront les adultes de demain.<\/p>\n\n\n\n<p><b><span style=\"color: #993300;\">Dr Kpote<\/span> <\/b>est animateur de pr\u00e9vention vie affective et sexuelle dans les coll\u00e8ges, lyc\u00e9es et formations professionnelles depuis 20 ans. Il est \u00e9galement chroniqueur pour le magazine <em>Causette<\/em> depuis 2012.<\/p>\n\n\n\n<p>En savoir plus en visitant <a href=\"http:\/\/editionsdudetour.com\/index.php\/pubere-la-vie-a-lecole-des-genres-plus-dinfos\/\"><strong>l<\/strong><strong>a page d\u00e9di\u00e9e<\/strong><\/a>.<\/p>\n\n\n\n<figure class=\"wp-block-table\"><table><tbody><tr><td>Parution : 31 ao\u00fbt 2023<\/td><\/tr><tr><td>Genre : essai<\/td><\/tr><tr><td>Domaine : Soci\u00e9t\u00e9 \u2014 genre \u2014 sexualit\u00e9<\/td><\/tr><tr><td>20,90 \u20ac<\/td><\/tr><tr><td>320 pages, broch\u00e9<\/td><\/tr><tr><td>Format : 14 X 22 cm<\/td><\/tr><tr><td>ISBN :&nbsp;978-2-385320-22-5<\/td><\/tr><\/tbody><\/table><\/figure>\n\n\n\n<div class=\"wp-block-buttons\">\n<div class=\"wp-block-button is-style-outline\"><a class=\"wp-block-button__link\" href=\"http:\/\/editionsdudetour.com\/index.php\/pubere-la-vie-poche\/\" target=\"_blank\" rel=\"noreferrer noopener\"><strong>Nouvelle \u00e9dition au format poche de Pub\u00e8re la vie : \u00c0 l&rsquo;\u00e9cole des genres<\/strong><\/a><\/div>\n<\/div>\n\n\n\n<hr class=\"wp-block-separator is-style-wide\"\/>\n\n\n\n<h3>&nbsp;<\/h3>\n\n\n\n<h3>Introduction, extrait et table des mati\u00e8re<\/h3>\n\n\n\t\t<style>\r\n            #h5vp69f1f48140990 iframe {  width: 100%; }        <\/style>\r\n        \t    <div id=\"h5vp69f1f48140990\" class=\"pdfp_wrapper\">\r\n                        <div class=\"cta_wrapper\">\r\n                \t            <p><a class=\"fullscreenBtn\" href=\"https:\/\/editionsdudetour.com\/wp-content\/plugins\/pdf-poster\/pdfjs\/web\/viewer.html?file=http:\/\/editionsdudetour.com\/wp-content\/uploads\/2023\/11\/Pubere-la-vie-pour-site.pdf&#038;download=true&#038;print=false&#038;openfile=false\"><button>View Fullscreen<\/button><\/a><\/p>\r\n            <\/div>\r\n            <div class=\"iframe_wrapper\">\r\n                <iframe loading=\"lazy\" width=\"100%\" height=\"1122px\" src=\"https:\/\/editionsdudetour.com\/wp-content\/plugins\/pdf-poster\/pdfjs\/web\/viewer.html?file=http:\/\/editionsdudetour.com\/wp-content\/uploads\/2023\/11\/Pubere-la-vie-pour-site.pdf&#038;download=true&#038;print=false&#038;openfile=false\"><\/iframe>\r\n            <\/div>\r\n\t    <\/div>\r\n        ","protected":false},"excerpt":{"rendered":"<p>Pub\u00e8re la vie \u00c0 l\u2019\u00e9cole des genres Dr Kpote Les rapports de genre sont un sujet br\u00fblant. Dr Kpote nous raconte comment les jeunes s\u2019en emparent aujourd\u2019hui. \u00c0 la veille d\u2019une nouvelle ann\u00e9e scolaire, Pub\u00e8re la vie : \u00c0 l\u2019\u00e9cole des genres, nous emm\u00e8ne au c\u0153ur des salles de classe, partout en France, pour d\u00e9couvrir [&hellip;]<\/p>\n","protected":false},"author":1,"featured_media":0,"parent":14,"menu_order":0,"comment_status":"closed","ping_status":"closed","template":"","meta":[],"_links":{"self":[{"href":"https:\/\/editionsdudetour.com\/index.php\/wp-json\/wp\/v2\/pages\/3723"}],"collection":[{"href":"https:\/\/editionsdudetour.com\/index.php\/wp-json\/wp\/v2\/pages"}],"about":[{"href":"https:\/\/editionsdudetour.com\/index.php\/wp-json\/wp\/v2\/types\/page"}],"author":[{"embeddable":true,"href":"https:\/\/editionsdudetour.com\/index.php\/wp-json\/wp\/v2\/users\/1"}],"replies":[{"embeddable":true,"href":"https:\/\/editionsdudetour.com\/index.php\/wp-json\/wp\/v2\/comments?post=3723"}],"version-history":[{"count":16,"href":"https:\/\/editionsdudetour.com\/index.php\/wp-json\/wp\/v2\/pages\/3723\/revisions"}],"predecessor-version":[{"id":5363,"href":"https:\/\/editionsdudetour.com\/index.php\/wp-json\/wp\/v2\/pages\/3723\/revisions\/5363"}],"up":[{"embeddable":true,"href":"https:\/\/editionsdudetour.com\/index.php\/wp-json\/wp\/v2\/pages\/14"}],"wp:attachment":[{"href":"https:\/\/editionsdudetour.com\/index.php\/wp-json\/wp\/v2\/media?parent=3723"}],"curies":[{"name":"wp","href":"https:\/\/api.w.org\/{rel}","templated":true}]}}