{"id":3619,"date":"2023-06-16T10:55:49","date_gmt":"2023-06-16T08:55:49","guid":{"rendered":"http:\/\/editionsdudetour.com\/?page_id=3619"},"modified":"2025-01-27T17:41:11","modified_gmt":"2025-01-27T16:41:11","slug":"travailler-autrement-les-cooperatives-2","status":"publish","type":"page","link":"https:\/\/editionsdudetour.com\/index.php\/les-livres\/travailler-autrement-les-cooperatives-2\/","title":{"rendered":"Travailler autrement : les coop\u00e9ratives"},"content":{"rendered":"\n<h1><a href=\"http:\/\/editionsdudetour.com\/wp-content\/uploads\/2023\/02\/couv-Travailler-autrement-les-Cooperatives-poche-1.jpg\" rel=\"attachment wp-att-3328\"><img loading=\"lazy\" class=\"alignright wp-image-3442\" src=\"http:\/\/editionsdudetour.com\/wp-content\/uploads\/2023\/02\/couv-Travailler-autrement-les-Cooperatives-poche-1-674x1024.jpg\" alt=\"\" width=\"330\" height=\"501\" srcset=\"https:\/\/editionsdudetour.com\/wp-content\/uploads\/2023\/02\/couv-Travailler-autrement-les-Cooperatives-poche-1-674x1024.jpg 674w, https:\/\/editionsdudetour.com\/wp-content\/uploads\/2023\/02\/couv-Travailler-autrement-les-Cooperatives-poche-1-197x300.jpg 197w, https:\/\/editionsdudetour.com\/wp-content\/uploads\/2023\/02\/couv-Travailler-autrement-les-Cooperatives-poche-1-768x1167.jpg 768w, https:\/\/editionsdudetour.com\/wp-content\/uploads\/2023\/02\/couv-Travailler-autrement-les-Cooperatives-poche-1-1011x1536.jpg 1011w, https:\/\/editionsdudetour.com\/wp-content\/uploads\/2023\/02\/couv-Travailler-autrement-les-Cooperatives-poche-1-1347x2048.jpg 1347w, https:\/\/editionsdudetour.com\/wp-content\/uploads\/2023\/02\/couv-Travailler-autrement-les-Cooperatives-poche-1-624x948.jpg 624w, https:\/\/editionsdudetour.com\/wp-content\/uploads\/2023\/02\/couv-Travailler-autrement-les-Cooperatives-poche-1-1320x2006.jpg 1320w, https:\/\/editionsdudetour.com\/wp-content\/uploads\/2023\/02\/couv-Travailler-autrement-les-Cooperatives-poche-1.jpg 1477w\" sizes=\"(max-width: 330px) 100vw, 330px\" \/><\/a>Travailler autrement : les coop\u00e9ratives<\/h1>\n<h3>Beno\u00eet Borrits et Aur\u00e9lien Singer<\/h3>\n<p><em>Le travail en coop\u00e9rative est aujourd\u2019hui une possibilit\u00e9 concr\u00e8te pour\u00a0celles et ceux qui veulent travailler autrement en prenant part au\u00a0processus de d\u00e9cision.<\/em><\/p>\n<p>Les coop\u00e9ratives de consommateurs connaissent historiquement, et encore\u00a0maintenant, un r\u00e9el enthousiasme, mais qu\u2019en est-il des coop\u00e9ratives de\u00a0travail ? Elles sont aujourd\u2019hui une solution tangible pour celles et ceux qui\u00a0veulent \u00eatre co-acteurs de leur travail plut\u00f4t qu\u2019ex\u00e9cutants. Il n\u2019est pas rare,\u00a0lorsque les entreprises sont en difficult\u00e9, que la piste d\u2019une reprise sous forme\u00a0de soci\u00e9t\u00e9 coop\u00e9rative ouvri\u00e8re et participative (SCOP) \u00e9merge, signe que\u00a0cette solution de d\u00e9mocratie v\u00e9ritable s\u00e9duit toujours les travailleurs.<\/p>\n<p>\u00catre salari\u00e9, propri\u00e9taire et dirigeant de son entreprise est possible. C\u2019est ce que\u00a0ce livre, r\u00e9elle bo\u00eete \u00e0 outils historique, th\u00e9orique et juridique, nous propose\u00a0d\u2019apprendre, pour que quiconque veut s\u2019organiser et cr\u00e9er avec d\u2019autres une\u00a0coop\u00e9rative de travail, ou en rejoindre une d\u00e9j\u00e0 \u00e9tablie, en ait les moyens.<\/p>\n<p><span style=\"color: #993300;\"><b>Beno\u00eet\u00a0Borrits\u00a0<\/b><\/span>est chercheur ind\u00e9pendant et promoteur de la S\u00e9curit\u00e9\u00a0\u00e9conomique (securiteeconomique.org). Il est l\u2019auteur d\u2019<em>Au-del\u00e0 de la\u00a0propri\u00e9t\u00e9 : Pour une \u00e9conomie des communs<\/em> \u00e0 La D\u00e9couverte (2018), et\u00a0de <em>Coop\u00e9ratives contre capitalisme<\/em> aux \u00c9ditions Syllepse (2015).<\/p>\n<p><span style=\"color: #993300;\"><strong>Aur\u00e9lien\u00a0<\/strong><span style=\"caret-color: #993300;\"><b>Singer<\/b><\/span><\/span>, universitaire et syndicaliste, a \u00e9t\u00e9 repr\u00e9sentant du\u00a0personnel d\u2019un \u00e9tablissement public pendant plusieurs ann\u00e9es.<\/p>\n<table style=\"width: 38.01526717557252%; height: 259px;\">\n<tbody>\n<tr style=\"height: 37px;\">\n<td style=\"height: 37px; width: 100%;\">Parution : 15 juin 2023<\/td>\n<\/tr>\n<tr style=\"height: 37px;\">\n<td style=\"height: 37px; width: 100%;\">Genre : essai<\/td>\n<\/tr>\n<tr style=\"height: 37px;\">\n<td style=\"height: 37px; width: 100%;\">Domaine : politique, travail<\/td>\n<\/tr>\n<tr style=\"height: 37px;\">\n<td style=\"height: 37px; width: 100%;\">14,90 \u20ac<\/td>\n<\/tr>\n<tr style=\"height: 37px;\">\n<td style=\"height: 37px; width: 100%;\">264 pages, broch\u00e9<\/td>\n<\/tr>\n<tr style=\"height: 37px;\">\n<td style=\"height: 37px; width: 100%;\">Format : 12,5 X 19 cm<\/td>\n<\/tr>\n<tr style=\"height: 37px;\">\n<td style=\"height: 37px; width: 100%;\">ISBN :\u00a0<span style=\"font-size: inherit; font-family: inherit;\">978-2-38532-016-4<\/span><\/td>\n<\/tr>\n<\/tbody>\n<\/table>\n<p>\u00a0<\/p>\n\n\n\t\t<style>\r\n            #h5vp6a08a3a466b83 iframe {  width: 100%; }        <\/style>\r\n        \t    <div id=\"h5vp6a08a3a466b83\" class=\"pdfp_wrapper\">\r\n                        <div class=\"cta_wrapper\">\r\n                \t            <p><a class=\"fullscreenBtn\" href=\"https:\/\/editionsdudetour.com\/wp-content\/plugins\/pdf-poster\/pdfjs\/web\/viewer.html?file=http:\/\/editionsdudetour.com\/wp-content\/uploads\/2023\/07\/travailler-autrement-pour-site.pdf&#038;download=true&#038;print=false&#038;openfile=false\"><button>View Fullscreen<\/button><\/a><\/p>\r\n            <\/div>\r\n            <div class=\"iframe_wrapper\">\r\n                <iframe loading=\"lazy\" width=\"100%\" height=\"1122px\" src=\"https:\/\/editionsdudetour.com\/wp-content\/plugins\/pdf-poster\/pdfjs\/web\/viewer.html?file=http:\/\/editionsdudetour.com\/wp-content\/uploads\/2023\/07\/travailler-autrement-pour-site.pdf&#038;download=true&#038;print=false&#038;openfile=false\"><\/iframe>\r\n            <\/div>\r\n\t    <\/div>\r\n        ","protected":false},"excerpt":{"rendered":"<p>Travailler autrement : les coop\u00e9ratives Beno\u00eet Borrits et Aur\u00e9lien Singer Le travail en coop\u00e9rative est aujourd\u2019hui une possibilit\u00e9 concr\u00e8te pour\u00a0celles et ceux qui veulent travailler autrement en prenant part au\u00a0processus de d\u00e9cision. Les coop\u00e9ratives de consommateurs connaissent historiquement, et encore\u00a0maintenant, un r\u00e9el enthousiasme, mais qu\u2019en est-il des coop\u00e9ratives de\u00a0travail ? Elles sont aujourd\u2019hui une solution [&hellip;]<\/p>\n","protected":false},"author":1,"featured_media":0,"parent":14,"menu_order":0,"comment_status":"closed","ping_status":"closed","template":"","meta":[],"_links":{"self":[{"href":"https:\/\/editionsdudetour.com\/index.php\/wp-json\/wp\/v2\/pages\/3619"}],"collection":[{"href":"https:\/\/editionsdudetour.com\/index.php\/wp-json\/wp\/v2\/pages"}],"about":[{"href":"https:\/\/editionsdudetour.com\/index.php\/wp-json\/wp\/v2\/types\/page"}],"author":[{"embeddable":true,"href":"https:\/\/editionsdudetour.com\/index.php\/wp-json\/wp\/v2\/users\/1"}],"replies":[{"embeddable":true,"href":"https:\/\/editionsdudetour.com\/index.php\/wp-json\/wp\/v2\/comments?post=3619"}],"version-history":[{"count":3,"href":"https:\/\/editionsdudetour.com\/index.php\/wp-json\/wp\/v2\/pages\/3619\/revisions"}],"predecessor-version":[{"id":4764,"href":"https:\/\/editionsdudetour.com\/index.php\/wp-json\/wp\/v2\/pages\/3619\/revisions\/4764"}],"up":[{"embeddable":true,"href":"https:\/\/editionsdudetour.com\/index.php\/wp-json\/wp\/v2\/pages\/14"}],"wp:attachment":[{"href":"https:\/\/editionsdudetour.com\/index.php\/wp-json\/wp\/v2\/media?parent=3619"}],"curies":[{"name":"wp","href":"https:\/\/api.w.org\/{rel}","templated":true}]}}