{"id":3605,"date":"2023-05-23T21:46:54","date_gmt":"2023-05-23T19:46:54","guid":{"rendered":"http:\/\/editionsdudetour.com\/?page_id=3605"},"modified":"2023-07-19T16:11:27","modified_gmt":"2023-07-19T14:11:27","slug":"le-piege-des-ardennes-1941-1944","status":"publish","type":"page","link":"https:\/\/editionsdudetour.com\/index.php\/le-piege-des-ardennes-1941-1944\/","title":{"rendered":"Le Pi\u00e8ge des Ardennes &#8211; 1941-1944"},"content":{"rendered":"\n<h1><a href=\"http:\/\/editionsdudetour.com\/wp-content\/uploads\/2023\/02\/couv-Le-piege-des-Ardennes.jpg\" rel=\"attachment wp-att-3328\"><img loading=\"lazy\" class=\"wp-image-3432  alignleft\" src=\"http:\/\/editionsdudetour.com\/wp-content\/uploads\/2023\/02\/couv-Le-piege-des-Ardennes.jpg\" alt=\"\" width=\"335\" height=\"502\" srcset=\"https:\/\/editionsdudetour.com\/wp-content\/uploads\/2023\/02\/couv-Le-piege-des-Ardennes.jpg 454w, https:\/\/editionsdudetour.com\/wp-content\/uploads\/2023\/02\/couv-Le-piege-des-Ardennes-200x300.jpg 200w\" sizes=\"(max-width: 335px) 100vw, 335px\" \/><\/a>Le Pi\u00e8ge des Ardennes &#8211; 1941-1944<\/h1>\n<h3>Maurice Rajsfus<\/h3>\n<h3><span style=\"color: #000000;\">Pr\u00e9face de Jacques Lambert<\/span><\/h3>\n<h3><span style=\"color: #000000;\">Postface d&rsquo;Annie Cyngiser<\/span><\/h3>\n<p><em>En 1941, des centaines de Juifs immigr\u00e9s parisiens sont envoy\u00e9s cultiver\u00a0la terre dans les Ardennes. C\u2019est le projet \u00ab Retour \u00e0 la terre \u00bb. Ils seront\u00a0d\u00e9port\u00e9s \u00e0 Auschwitz en janvier 1944.<\/em><\/p>\n<p>En avril 1941 d\u00e9bute le projet \u00ab Retour \u00e0 la terre \u00bb de juifs immigr\u00e9s, initi\u00e9 par\u00a0le Consistoire isra\u00e9lite et propos\u00e9 au Commissariat g\u00e9n\u00e9ral aux questions\u00a0juives. Cette main-d\u2019oeuvre \u00ab volontaire \u00bb, dup\u00e9e et r\u00e9duite \u00e0 l\u2019\u00e9tat de for\u00e7at,\u00a0sera envoy\u00e9e dans la \u00ab zone interdite \u00bb des Ardennes. L\u00e0-bas, cette \u00ab Terre\u00a0promise \u00bb de libert\u00e9 et de s\u00e9curit\u00e9, deviendra tr\u00e8s vite un pi\u00e8ge redoutable.<\/p>\n<p>Celles et ceux qui y s\u00e9journeront laisseront leur sant\u00e9, et parfois leur vie dans\u00a0ces champs et ces cantonnements. Ceux qui y survivront seront rafl\u00e9s en\u00a0janvier 1944 et d\u00e9port\u00e9s \u00e0 Auschwitz apr\u00e8s un passage par Drancy.<\/p>\n<p>\u00c0 l\u2019aide d\u2019archives et de t\u00e9moignages, Maurice Rajsfus approfondit un autre\u00a0aspect de la collaboration des notables de l\u2019Ugif qui, esp\u00e9rant se sauver en\u00a0servant l\u2019occupant, finirent eux-m\u00eames d\u00e9port\u00e9s.<\/p>\n<p>Rescap\u00e9 de la rafle du V\u00e9l\u2019 d\u2019Hiv \u00e0 quatorze ans, <span style=\"color: #993300;\"><strong>Maurice Rajsfus<\/strong><\/span> n\u2019aura\u00a0de cesse, jusqu\u2019\u00e0 sa mort en juin 2020, d\u2019interroger la p\u00e9riode et ses\u00a0acteurs. Attach\u00e9 \u00e0 raconter certains \u00e9pisodes sans grand retentissement\u00a0que connaissent les guerres, ces histoires inconnues qui devraient \u00eatre\u00a0cont\u00e9es, il sera l\u2019auteur de plus de 60 ouvrages.<\/p>\n<p>Il a \u00e9t\u00e9 le premier \u00e0 d\u00e9montrer dans <em>Des Juifs dans la Collaboration :\u00a0L\u2019Ugif (1941-1944)<\/em>, sources \u00e0 l\u2019appui, la m\u00e9canique infernale de ce\u00a0Judenrat \u00e0 la fran\u00e7aise.<\/p>\n<table style=\"width: 31.297709923664122%; height: 259px;\">\n<tbody>\n<tr style=\"height: 37px;\">\n<td style=\"height: 37px; width: 100%;\">Parution : 25 mai 2023<\/td>\n<\/tr>\n<tr style=\"height: 37px;\">\n<td style=\"height: 37px; width: 100%;\">Genre : essai<\/td>\n<\/tr>\n<tr style=\"height: 37px;\">\n<td style=\"height: 37px; width: 100%;\">Domaine : histoire<\/td>\n<\/tr>\n<tr style=\"height: 37px;\">\n<td style=\"height: 37px; width: 100%;\">23,00 \u20ac<\/td>\n<\/tr>\n<tr style=\"height: 37px;\">\n<td style=\"height: 37px; width: 100%;\">264 pages, broch\u00e9<\/td>\n<\/tr>\n<tr style=\"height: 37px;\">\n<td style=\"height: 37px; width: 100%;\">Format : 16X24 cm<\/td>\n<\/tr>\n<tr style=\"height: 37px;\">\n<td style=\"height: 37px; width: 100%;\">ISBN :\u00a0<span style=\"font-size: inherit; font-family: inherit;\">978-2-385320-21-8<\/span><\/td>\n<\/tr>\n<\/tbody>\n<\/table>\n<hr \/>\n<p>\u00a0<\/p>\n\n\n\t\t<style>\r\n            #h5vp69e1d0628fee3 iframe {  width: 100%; }        <\/style>\r\n        \t    <div id=\"h5vp69e1d0628fee3\" class=\"pdfp_wrapper\">\r\n                        <div class=\"cta_wrapper\">\r\n                \t            <p><a class=\"fullscreenBtn\" href=\"https:\/\/editionsdudetour.com\/wp-content\/plugins\/pdf-poster\/pdfjs\/web\/viewer.html?file=http:\/\/editionsdudetour.com\/wp-content\/uploads\/2023\/07\/Ardennes-pour-site.pdf&#038;download=true&#038;print=false&#038;openfile=false\"><button>View Fullscreen<\/button><\/a><\/p>\r\n            <\/div>\r\n            <div class=\"iframe_wrapper\">\r\n                <iframe loading=\"lazy\" width=\"100%\" height=\"1122px\" src=\"https:\/\/editionsdudetour.com\/wp-content\/plugins\/pdf-poster\/pdfjs\/web\/viewer.html?file=http:\/\/editionsdudetour.com\/wp-content\/uploads\/2023\/07\/Ardennes-pour-site.pdf&#038;download=true&#038;print=false&#038;openfile=false\"><\/iframe>\r\n            <\/div>\r\n\t    <\/div>\r\n        ","protected":false},"excerpt":{"rendered":"<p>Le Pi\u00e8ge des Ardennes &#8211; 1941-1944 Maurice Rajsfus Pr\u00e9face de Jacques Lambert Postface d&rsquo;Annie Cyngiser En 1941, des centaines de Juifs immigr\u00e9s parisiens sont envoy\u00e9s cultiver\u00a0la terre dans les Ardennes. C\u2019est le projet \u00ab Retour \u00e0 la terre \u00bb. Ils seront\u00a0d\u00e9port\u00e9s \u00e0 Auschwitz en janvier 1944. En avril 1941 d\u00e9bute le projet \u00ab Retour \u00e0 [&hellip;]<\/p>\n","protected":false},"author":2,"featured_media":0,"parent":0,"menu_order":0,"comment_status":"closed","ping_status":"closed","template":"","meta":[],"_links":{"self":[{"href":"https:\/\/editionsdudetour.com\/index.php\/wp-json\/wp\/v2\/pages\/3605"}],"collection":[{"href":"https:\/\/editionsdudetour.com\/index.php\/wp-json\/wp\/v2\/pages"}],"about":[{"href":"https:\/\/editionsdudetour.com\/index.php\/wp-json\/wp\/v2\/types\/page"}],"author":[{"embeddable":true,"href":"https:\/\/editionsdudetour.com\/index.php\/wp-json\/wp\/v2\/users\/2"}],"replies":[{"embeddable":true,"href":"https:\/\/editionsdudetour.com\/index.php\/wp-json\/wp\/v2\/comments?post=3605"}],"version-history":[{"count":2,"href":"https:\/\/editionsdudetour.com\/index.php\/wp-json\/wp\/v2\/pages\/3605\/revisions"}],"predecessor-version":[{"id":3701,"href":"https:\/\/editionsdudetour.com\/index.php\/wp-json\/wp\/v2\/pages\/3605\/revisions\/3701"}],"wp:attachment":[{"href":"https:\/\/editionsdudetour.com\/index.php\/wp-json\/wp\/v2\/media?parent=3605"}],"curies":[{"name":"wp","href":"https:\/\/api.w.org\/{rel}","templated":true}]}}