{"id":3571,"date":"2023-05-11T07:58:08","date_gmt":"2023-05-11T05:58:08","guid":{"rendered":"http:\/\/editionsdudetour.com\/?page_id=3571"},"modified":"2023-11-15T18:48:34","modified_gmt":"2023-11-15T17:48:34","slug":"le-pouvoir-le-bonheur-le-climat-2","status":"publish","type":"page","link":"https:\/\/editionsdudetour.com\/index.php\/les-livres\/le-pouvoir-le-bonheur-le-climat-2\/","title":{"rendered":"Le pouvoir, le bonheur, le climat"},"content":{"rendered":"\n<h1><a href=\"http:\/\/editionsdudetour.com\/wp-content\/uploads\/2023\/04\/Le-pouvoir-le-bonheur-le-climat-%E2%80%93-Couverture.jpg\"><img loading=\"lazy\" class=\"wp-image-3530 alignleft\" src=\"http:\/\/editionsdudetour.com\/wp-content\/uploads\/2023\/04\/Le-pouvoir-le-bonheur-le-climat-\u2013-Couverture-191x300.jpg\" alt=\"\" width=\"258\" height=\"405\" srcset=\"https:\/\/editionsdudetour.com\/wp-content\/uploads\/2023\/04\/Le-pouvoir-le-bonheur-le-climat-\u2013-Couverture-191x300.jpg 191w, https:\/\/editionsdudetour.com\/wp-content\/uploads\/2023\/04\/Le-pouvoir-le-bonheur-le-climat-\u2013-Couverture-652x1024.jpg 652w, https:\/\/editionsdudetour.com\/wp-content\/uploads\/2023\/04\/Le-pouvoir-le-bonheur-le-climat-\u2013-Couverture-768x1206.jpg 768w, https:\/\/editionsdudetour.com\/wp-content\/uploads\/2023\/04\/Le-pouvoir-le-bonheur-le-climat-\u2013-Couverture-978x1536.jpg 978w, https:\/\/editionsdudetour.com\/wp-content\/uploads\/2023\/04\/Le-pouvoir-le-bonheur-le-climat-\u2013-Couverture-1304x2048.jpg 1304w, https:\/\/editionsdudetour.com\/wp-content\/uploads\/2023\/04\/Le-pouvoir-le-bonheur-le-climat-\u2013-Couverture-624x980.jpg 624w, https:\/\/editionsdudetour.com\/wp-content\/uploads\/2023\/04\/Le-pouvoir-le-bonheur-le-climat-\u2013-Couverture-1320x2073.jpg 1320w, https:\/\/editionsdudetour.com\/wp-content\/uploads\/2023\/04\/Le-pouvoir-le-bonheur-le-climat-\u2013-Couverture-scaled.jpg 1630w\" sizes=\"(max-width: 258px) 100vw, 258px\" \/><\/a><br \/>Le pouvoir, le bonheur, le climat<\/h1>\n<h2>Le d\u00e9sarroi des cadres<\/h2>\n<h3>Laurent Polet<\/h3>\n<p><em>Longtemps vou\u00e9s \u00e0 une carri\u00e8re toute trac\u00e9e, les cadres qui forment nos\u00a0\u00e9lites, souvent issus des grandes \u00e9coles, sont aujourd\u2019hui confront\u00e9s \u00e0 la\u00a0perte de sens de leur travail.<\/em><\/p>\n<p>Nos grandes \u00e9coles forment depuis des g\u00e9n\u00e9rations une \u00e9lite intellectuelle\u00a0\u2014 ou au moins \u00e9conomique \u2014 vou\u00e9e \u00e0 diriger nos grandes entreprises. Une\u00a0voie royale, dont l\u2019acc\u00e8s reste tr\u00e8s exigeant.<\/p>\n<p>Les profondes transformations du monde du travail affectent d\u00e9sormais\u00a0directement cette part de la soci\u00e9t\u00e9 qui se sentait \u2014 jusqu\u2019\u00e0 pr\u00e9sent \u2014 \u00e0 l\u2019abri.<\/p>\n<p>Confront\u00e9s \u00e0 la perte de sens de leur travail, \u00e0 la r\u00e9duction de leur autonomie\u00a0et au d\u00e9classement des quarantenaires, aujourd\u2019hui \u00ab seniors \u00bb, ces\u00a0cadres, ou futurs cadres, se d\u00e9couvrent flou\u00e9s par un mod\u00e8le qui leur allait\u00a0si bien. D\u2019autant plus que, form\u00e9s \u00e0 \u00eatre des leaders, ils se voient r\u00e9duits \u00e0\u00a0devenir les pions d\u2019une \u00e9conomie vorace, mondialis\u00e9e et polluante dont ils\u00a0ne partagent plus les valeurs.<\/p>\n<p>Il est urgent de transformer ces parcours d\u2019excellence inf\u00e9od\u00e9s \u00e0 la financiarisation, aveugle aux conditions de travail des salari\u00e9s, aveugle \u00e0 l\u2019urgence climatique ; en un mot, aveugle au bonheur.<\/p>\n<p>Bifurquer est possible, mais beaucoup restent, par obligation ou par choix\u00a0de changer les choses de l\u2019int\u00e9rieur. Est-il aujourd\u2019hui possible d\u2019oeuvrer au\u00a0service de toutes et de tous ?<\/p>\n<p>Ing\u00e9nieur dipl\u00f4m\u00e9 de l\u2019\u00e9cole Centrale Paris, <span style=\"color: #993300;\"><strong>Laurent Polet<\/strong><\/span> y est\u00a0professeur en management depuis 2009. Il est \u00e9galement cofondateur\u00a0de l\u2019\u00e9cole Primaveras sp\u00e9cialis\u00e9e dans l\u2019accompagnement des cadres en\u00a0qu\u00eate de sens au travail.<\/p>\n<table style=\"width: 36.33587786259542%; height: 259px;\">\n<tbody>\n<tr style=\"height: 37px;\">\n<td style=\"height: 37px; width: 100%;\">Parution : 11 mai 2023<\/td>\n<\/tr>\n<tr style=\"height: 37px;\">\n<td style=\"height: 37px; width: 100%;\">Genre : essai<\/td>\n<\/tr>\n<tr style=\"height: 37px;\">\n<td style=\"height: 37px; width: 100%;\">Domaine : soci\u00e9t\u00e9, travail<\/td>\n<\/tr>\n<tr style=\"height: 37px;\">\n<td style=\"height: 37px; width: 100%;\">19,50 \u20ac<\/td>\n<\/tr>\n<tr style=\"height: 37px;\">\n<td style=\"height: 37px; width: 100%;\">224 pages, broch\u00e9<\/td>\n<\/tr>\n<tr style=\"height: 37px;\">\n<td style=\"height: 37px; width: 100%;\">Format : 14X22 cm<\/td>\n<\/tr>\n<tr style=\"height: 37px;\">\n<td style=\"height: 37px; width: 100%;\">ISBN :\u00a0<span style=\"font-size: inherit; font-family: inherit;\">978-2-385320-20-1<\/span><\/td>\n<\/tr>\n<\/tbody>\n<\/table>\n<hr \/>\n<h1><span style=\"color: #993300;\">Extraits et table des mati\u00e8res<\/span><\/h1>\n<p>\u00a0<\/p>\n\n\n\t\t<style>\r\n            #h5vp69ecbbed3d6f2 iframe {  width: 100%; }        <\/style>\r\n        \t    <div id=\"h5vp69ecbbed3d6f2\" class=\"pdfp_wrapper\">\r\n                        <div class=\"cta_wrapper\">\r\n                \t            <p><a class=\"fullscreenBtn\" href=\"https:\/\/editionsdudetour.com\/wp-content\/plugins\/pdf-poster\/pdfjs\/web\/viewer.html?file=http:\/\/editionsdudetour.com\/wp-content\/uploads\/2023\/05\/Le-pouvoir-le-bonheur-le-climat-pour-site.pdf&#038;download=true&#038;print=false&#038;openfile=false\"><button>View Fullscreen<\/button><\/a><\/p>\r\n            <\/div>\r\n            <div class=\"iframe_wrapper\">\r\n                <iframe loading=\"lazy\" width=\"100%\" height=\"1122px\" src=\"https:\/\/editionsdudetour.com\/wp-content\/plugins\/pdf-poster\/pdfjs\/web\/viewer.html?file=http:\/\/editionsdudetour.com\/wp-content\/uploads\/2023\/05\/Le-pouvoir-le-bonheur-le-climat-pour-site.pdf&#038;download=true&#038;print=false&#038;openfile=false\"><\/iframe>\r\n            <\/div>\r\n\t    <\/div>\r\n        ","protected":false},"excerpt":{"rendered":"<p>Le pouvoir, le bonheur, le climat Le d\u00e9sarroi des cadres Laurent Polet Longtemps vou\u00e9s \u00e0 une carri\u00e8re toute trac\u00e9e, les cadres qui forment nos\u00a0\u00e9lites, souvent issus des grandes \u00e9coles, sont aujourd\u2019hui confront\u00e9s \u00e0 la\u00a0perte de sens de leur travail. Nos grandes \u00e9coles forment depuis des g\u00e9n\u00e9rations une \u00e9lite intellectuelle\u00a0\u2014 ou au moins \u00e9conomique \u2014 vou\u00e9e [&hellip;]<\/p>\n","protected":false},"author":1,"featured_media":0,"parent":14,"menu_order":0,"comment_status":"closed","ping_status":"closed","template":"","meta":[],"_links":{"self":[{"href":"https:\/\/editionsdudetour.com\/index.php\/wp-json\/wp\/v2\/pages\/3571"}],"collection":[{"href":"https:\/\/editionsdudetour.com\/index.php\/wp-json\/wp\/v2\/pages"}],"about":[{"href":"https:\/\/editionsdudetour.com\/index.php\/wp-json\/wp\/v2\/types\/page"}],"author":[{"embeddable":true,"href":"https:\/\/editionsdudetour.com\/index.php\/wp-json\/wp\/v2\/users\/1"}],"replies":[{"embeddable":true,"href":"https:\/\/editionsdudetour.com\/index.php\/wp-json\/wp\/v2\/comments?post=3571"}],"version-history":[{"count":6,"href":"https:\/\/editionsdudetour.com\/index.php\/wp-json\/wp\/v2\/pages\/3571\/revisions"}],"predecessor-version":[{"id":3588,"href":"https:\/\/editionsdudetour.com\/index.php\/wp-json\/wp\/v2\/pages\/3571\/revisions\/3588"}],"up":[{"embeddable":true,"href":"https:\/\/editionsdudetour.com\/index.php\/wp-json\/wp\/v2\/pages\/14"}],"wp:attachment":[{"href":"https:\/\/editionsdudetour.com\/index.php\/wp-json\/wp\/v2\/media?parent=3571"}],"curies":[{"name":"wp","href":"https:\/\/api.w.org\/{rel}","templated":true}]}}