{"id":3537,"date":"2023-04-17T12:19:04","date_gmt":"2023-04-17T10:19:04","guid":{"rendered":"http:\/\/editionsdudetour.com\/?page_id=3537"},"modified":"2026-04-10T19:47:54","modified_gmt":"2026-04-10T17:47:54","slug":"une-enfance-laique-et-republicaine","status":"publish","type":"page","link":"https:\/\/editionsdudetour.com\/index.php\/une-enfance-laique-et-republicaine\/","title":{"rendered":"Une Enfance la\u00efque et r\u00e9publicaine"},"content":{"rendered":"\n<h1><a href=\"http:\/\/editionsdudetour.com\/wp-content\/uploads\/2023\/02\/Une-enfance-laique-et-republicaine-\u2013-Couverture-\u2013-EP1-scaled.jpg\"><img loading=\"lazy\" class=\"alignleft wp-image-3436\" src=\"http:\/\/editionsdudetour.com\/wp-content\/uploads\/2023\/02\/Une-enfance-laique-et-republicaine-\u2013-Couverture-\u2013-EP1-683x1024.jpg\" alt=\"\" width=\"252\" height=\"377\" srcset=\"https:\/\/editionsdudetour.com\/wp-content\/uploads\/2023\/02\/Une-enfance-laique-et-republicaine-\u2013-Couverture-\u2013-EP1-683x1024.jpg 683w, https:\/\/editionsdudetour.com\/wp-content\/uploads\/2023\/02\/Une-enfance-laique-et-republicaine-\u2013-Couverture-\u2013-EP1-200x300.jpg 200w, https:\/\/editionsdudetour.com\/wp-content\/uploads\/2023\/02\/Une-enfance-laique-et-republicaine-\u2013-Couverture-\u2013-EP1-768x1152.jpg 768w, https:\/\/editionsdudetour.com\/wp-content\/uploads\/2023\/02\/Une-enfance-laique-et-republicaine-\u2013-Couverture-\u2013-EP1-1024x1536.jpg 1024w, https:\/\/editionsdudetour.com\/wp-content\/uploads\/2023\/02\/Une-enfance-laique-et-republicaine-\u2013-Couverture-\u2013-EP1-1365x2048.jpg 1365w, https:\/\/editionsdudetour.com\/wp-content\/uploads\/2023\/02\/Une-enfance-laique-et-republicaine-\u2013-Couverture-\u2013-EP1-624x936.jpg 624w, https:\/\/editionsdudetour.com\/wp-content\/uploads\/2023\/02\/Une-enfance-laique-et-republicaine-\u2013-Couverture-\u2013-EP1-1320x1980.jpg 1320w, https:\/\/editionsdudetour.com\/wp-content\/uploads\/2023\/02\/Une-enfance-laique-et-republicaine-\u2013-Couverture-\u2013-EP1-scaled.jpg 1707w\" sizes=\"(max-width: 252px) 100vw, 252px\" \/><\/a>Une Enfance la\u00efque et r\u00e9publicaine<\/h1>\n<h3>Maurice Rajsfus<\/h3>\n<h3>Pr\u00e9face de G\u00e9rard Delteil<\/h3>\n<p><em>La guerre propulse le jeune Maurice Rajsfus dans la survie, mais aussi,\u00a0la paix revenue, dans la lutte. R\u00e9cit d\u2019une jeunesse enrag\u00e9e puis engag\u00e9e.<\/em><\/p>\n<p>\u00c0 la veille de la Seconde Guerre mondiale le jeune Maurice Rajsfus est un\u00a0\u00e9colier comme les autres dans cette \u00e9cole la\u00efque et r\u00e9publicaine. Mais les\u00a0\u00e9v\u00e8nements pr\u00e9cipitent ce fils d\u2019immigr\u00e9s juifs polonais et sa soeur dans la\u00a0survie. \u00c0 la Lib\u00e9ration, l\u2019orphelin, rempli d\u2019un esprit de r\u00e9volte, s\u2019engage.<\/p>\n<p>C\u2019est l\u2019\u00e9tonnant parcours de vie, entre la Seconde Guerre mondiale et la\u00a0guerre d\u2019Alg\u00e9rie, de ce fervent pacifiste, anticolonialiste, anticl\u00e9rical, antinationaliste\u00a0et antistalinien que fut Maurice Rajsfus. Tout l\u2019art ici est d\u2019avoir su\u00a0m\u00ealer subtilement la grande histoire \u00e0 sa vie priv\u00e9e, sa jeunesse marqu\u00e9e par\u00a0les conflits mondiaux et la puissance de ses id\u00e9aux politiques.<\/p>\n<p>Dans un de ses r\u00e9cits les plus autobiographiques, il d\u00e9peint l\u2019esprit d\u2019une\u00a0\u00e9poque o\u00f9 la jeunesse essaye de se faire une place dans les d\u00e9combres du\u00a0vieux monde.<\/p>\n<p>Historien de la r\u00e9pression polici\u00e8re et militant antiautoritaire, <strong>Maurice Rajsfus<\/strong>\u00a0(1928-2020) a quatorze ans le 16 juillet 1942 lorsqu\u2019il est arr\u00eat\u00e9 par la\u00a0police fran\u00e7aise lors de la rafle du V\u00e9l\u2019 d\u2019Hiv. Il ne reverra jamais ses parents.\u00a0D\u00e8s lors il n\u2019a de cesse, jusqu\u2019\u00e0 sa mort, de passer au crible les faits et m\u00e9faits\u00a0de la police et de lutter aux c\u00f4t\u00e9s de celles et ceux qu\u2019elle opprime.<\/p>\n<p><strong>G\u00e9rard Delteil<\/strong> est un \u00e9crivain, auteur de nombreux romans noirs, de\u00a0thrillers et de livres d\u2019anticipation.<\/p>\n<table style=\"width: 38.626%; height: 259px;\">\n<tbody>\n<tr style=\"height: 37px;\">\n<td style=\"width: 100%; height: 37px;\">Parution : 20 avril 2023<\/td>\n<\/tr>\n<tr style=\"height: 37px;\">\n<td style=\"width: 100%; height: 37px;\">Genre : t\u00e9moignage<\/td>\n<\/tr>\n<tr style=\"height: 37px;\">\n<td style=\"width: 100%; height: 37px;\">Domaine : histoire<\/td>\n<\/tr>\n<tr style=\"height: 37px;\">\n<td style=\"width: 100%; height: 37px;\">24,90 \u20ac<\/td>\n<\/tr>\n<tr style=\"height: 37px;\">\n<td style=\"width: 100%; height: 37px;\">448 pages, broch\u00e9<\/td>\n<\/tr>\n<tr style=\"height: 37px;\">\n<td style=\"width: 100%; height: 37px;\">Format : 16X24 cm<\/td>\n<\/tr>\n<tr style=\"height: 37px;\">\n<td style=\"width: 100%; height: 37px;\">ISBN :\u00a0979-10-97079-22-2<\/td>\n<\/tr>\n<\/tbody>\n<\/table>\n<hr \/>\n<h3>Pr\u00e9face, extrait et table des mati\u00e8res<\/h3>\n<p>\u00a0<\/p>\n\n\n\t\t<style>\r\n            #h5vp69ded90180367 iframe {  width: 100%; }        <\/style>\r\n        \t    <div id=\"h5vp69ded90180367\" class=\"pdfp_wrapper\">\r\n                        <div class=\"cta_wrapper\">\r\n                \t            <p><a class=\"fullscreenBtn\" href=\"https:\/\/editionsdudetour.com\/wp-content\/plugins\/pdf-poster\/pdfjs\/web\/viewer.html?file=http:\/\/editionsdudetour.com\/wp-content\/uploads\/2023\/04\/Une-Enfance-laique-pour-site.pdf&#038;download=true&#038;print=false&#038;openfile=false\"><button>View Fullscreen<\/button><\/a><\/p>\r\n            <\/div>\r\n            <div class=\"iframe_wrapper\">\r\n                <iframe loading=\"lazy\" width=\"100%\" height=\"1122px\" src=\"https:\/\/editionsdudetour.com\/wp-content\/plugins\/pdf-poster\/pdfjs\/web\/viewer.html?file=http:\/\/editionsdudetour.com\/wp-content\/uploads\/2023\/04\/Une-Enfance-laique-pour-site.pdf&#038;download=true&#038;print=false&#038;openfile=false\"><\/iframe>\r\n            <\/div>\r\n\t    <\/div>\r\n        ","protected":false},"excerpt":{"rendered":"<p>Une Enfance la\u00efque et r\u00e9publicaine Maurice Rajsfus Pr\u00e9face de G\u00e9rard Delteil La guerre propulse le jeune Maurice Rajsfus dans la survie, mais aussi,\u00a0la paix revenue, dans la lutte. R\u00e9cit d\u2019une jeunesse enrag\u00e9e puis engag\u00e9e. \u00c0 la veille de la Seconde Guerre mondiale le jeune Maurice Rajsfus est un\u00a0\u00e9colier comme les autres dans cette \u00e9cole la\u00efque [&hellip;]<\/p>\n","protected":false},"author":1,"featured_media":0,"parent":0,"menu_order":0,"comment_status":"closed","ping_status":"closed","template":"","meta":[],"_links":{"self":[{"href":"https:\/\/editionsdudetour.com\/index.php\/wp-json\/wp\/v2\/pages\/3537"}],"collection":[{"href":"https:\/\/editionsdudetour.com\/index.php\/wp-json\/wp\/v2\/pages"}],"about":[{"href":"https:\/\/editionsdudetour.com\/index.php\/wp-json\/wp\/v2\/types\/page"}],"author":[{"embeddable":true,"href":"https:\/\/editionsdudetour.com\/index.php\/wp-json\/wp\/v2\/users\/1"}],"replies":[{"embeddable":true,"href":"https:\/\/editionsdudetour.com\/index.php\/wp-json\/wp\/v2\/comments?post=3537"}],"version-history":[{"count":5,"href":"https:\/\/editionsdudetour.com\/index.php\/wp-json\/wp\/v2\/pages\/3537\/revisions"}],"predecessor-version":[{"id":6538,"href":"https:\/\/editionsdudetour.com\/index.php\/wp-json\/wp\/v2\/pages\/3537\/revisions\/6538"}],"wp:attachment":[{"href":"https:\/\/editionsdudetour.com\/index.php\/wp-json\/wp\/v2\/media?parent=3537"}],"curies":[{"name":"wp","href":"https:\/\/api.w.org\/{rel}","templated":true}]}}