{"id":3498,"date":"2023-03-26T20:14:39","date_gmt":"2023-03-26T18:14:39","guid":{"rendered":"http:\/\/editionsdudetour.com\/?page_id=3498"},"modified":"2023-03-27T13:15:43","modified_gmt":"2023-03-27T11:15:43","slug":"des-martiens-au-sahara","status":"publish","type":"page","link":"https:\/\/editionsdudetour.com\/index.php\/les-livres\/des-martiens-au-sahara\/","title":{"rendered":"Des Martiens au Sahara"},"content":{"rendered":"\n<h1><a href=\"http:\/\/editionsdudetour.com\/wp-content\/uploads\/2023\/02\/couv-martiens-1-683x1024.jpeg\" rel=\"attachment wp-att-3328\"><img loading=\"lazy\" class=\"alignleft wp-image-3440\" src=\"http:\/\/editionsdudetour.com\/wp-content\/uploads\/2023\/02\/couv-martiens-1-683x1024.jpeg\" alt=\"\" width=\"265\" height=\"416\" \/><\/a>Des Martiens au Sahara<\/h1>\n<h1><em>Deux si\u00e8cles de<\/em> fake news <em>arch\u00e9ologiques<\/em><\/h1>\n<h3>Jean-Lo\u00efc Le Quellec<\/h3>\n<h3>\u00a0<\/h3>\n<p><em>L\u2019anthropologue fait ici le r\u00e9cit des erreurs ou des supercheries scientifiques\u00a0des deux derniers si\u00e8cles, \u00e0 l\u2019origine des plus fumeuses des \u00ab<\/em>\u00a0fake news<em>\u00a0\u00bb arch\u00e9ologiques d\u2019aujourd\u2019hui.<\/em><\/p>\n<p><span style=\"color: #993300;\">Les Martiens sont venus au Sahara<\/span> pendant la pr\u00e9histoire ; les hommes ont v\u00e9cu avec les dinosaures ; les Celtes sont les premiers colons de l\u2019Am\u00e9rique pr\u00e9colombienne ; on a retrouv\u00e9 l\u2019arche de No\u00e9\u00a0; le matriacat primitif\u2026<\/p>\n<p>Toutes ces histoires ont un point commun\u00a0: elles sont fausses.<\/p>\n<p>Leurs origines sont passionnantes : elles peuvent \u00eatre pens\u00e9es et r\u00e9pandues par des \u00ab\u00a0acad\u00e9miciens na\u00effs \u00bb arriv\u00e9s en fin de carri\u00e8re et qui sortent de leur domaine de comp\u00e9tence, r\u00eav\u00e9es par des \u00ab arch\u00e9ologues romantiques \u00bb d\u00e9connect\u00e9s des faits, construites par des amateurs un peu d\u00e9rang\u00e9s convaincus que leur d\u00e9couverte g\u00eane la science bienpensante, ou mont\u00e9es consciemment par de r\u00e9els escrocs. Jean-Lo\u00efc Le Quellec d\u00e9cortique leur \u00e9closion et leur diffusion.<\/p>\n<p>Par son \u00e9rudition et son humour, ce livre est une formidable invitation \u00e0 exercer notre esprit critique.<\/p>\n<p><span style=\"color: #993300;\">Jean-Lo\u00efc Le Quellec<\/span> est directeur de recherche \u00e9m\u00e9rite \u00e0 l\u2019Institut des mondes africains (CNRS). S\u2019int\u00e9ressant particuli\u00e8rement aux relations entre mythes et images rupestres, il est notamment l\u2019auteur du <em>Dictionnaire critique de mythologie<\/em> (2017, CNRS \u00c9ditions, avec Bernard Sergent), <em>Avant nous le D\u00e9luge ! \u2013 L&rsquo;humanit\u00e9 et ses mythes<\/em> (2021, Le D\u00e9tour), <em>L\u2019Homme de Lascaux et l\u2019\u00e9nigme du puits<\/em> (2022, Tautem) et <em>La Caverne originelle\u00a0: Art, mythes et premi\u00e8res humanit\u00e9s<\/em> (2022, La D\u00e9couverte).<\/p>\n<table style=\"width: 36.18320610687023%; height: 259px;\">\n<tbody>\n<tr style=\"height: 37px;\">\n<td style=\"height: 37px; width: 100%;\">Parution : 30 mars 2023<\/td>\n<\/tr>\n<tr style=\"height: 37px;\">\n<td style=\"height: 37px; width: 100%;\">Genre : essai<\/td>\n<\/tr>\n<tr style=\"height: 37px;\">\n<td style=\"height: 37px; width: 100%;\">Domaine : arch\u00e9ologie<\/td>\n<\/tr>\n<tr style=\"height: 37px;\">\n<td style=\"height: 37px; width: 100%;\">23,90 \u20ac<\/td>\n<\/tr>\n<tr style=\"height: 37px;\">\n<td style=\"height: 37px; width: 100%;\">440 pages, broch\u00e9<\/td>\n<\/tr>\n<tr style=\"height: 37px;\">\n<td style=\"height: 37px; width: 100%;\">Format : 16X24 cm<\/td>\n<\/tr>\n<tr style=\"height: 37px;\">\n<td style=\"height: 37px; width: 100%;\">ISBN :\u00a0<span style=\"font-size: inherit; font-family: inherit;\">979-10-97079-23-9<\/span><\/td>\n<\/tr>\n<\/tbody>\n<\/table>\n<hr \/>\n<h3>Extrait du prologue et table des mati\u00e8res<\/h3>\n\n\n\t\t<style>\r\n            #h5vp69e5dd9aa3b22 iframe {  width: 100%; }        <\/style>\r\n        \t    <div id=\"h5vp69e5dd9aa3b22\" class=\"pdfp_wrapper\">\r\n                        <div class=\"cta_wrapper\">\r\n                \t            <p><a class=\"fullscreenBtn\" href=\"https:\/\/editionsdudetour.com\/wp-content\/plugins\/pdf-poster\/pdfjs\/web\/viewer.html?file=http:\/\/editionsdudetour.com\/wp-content\/uploads\/2023\/03\/Des-martiens-au-Sahara-pour-site.pdf&#038;download=true&#038;print=false&#038;openfile=false\"><button>View Fullscreen<\/button><\/a><\/p>\r\n            <\/div>\r\n            <div class=\"iframe_wrapper\">\r\n                <iframe loading=\"lazy\" width=\"100%\" height=\"1122px\" src=\"https:\/\/editionsdudetour.com\/wp-content\/plugins\/pdf-poster\/pdfjs\/web\/viewer.html?file=http:\/\/editionsdudetour.com\/wp-content\/uploads\/2023\/03\/Des-martiens-au-Sahara-pour-site.pdf&#038;download=true&#038;print=false&#038;openfile=false\"><\/iframe>\r\n            <\/div>\r\n\t    <\/div>\r\n        ","protected":false},"excerpt":{"rendered":"<p>Des Martiens au Sahara Deux si\u00e8cles de fake news arch\u00e9ologiques Jean-Lo\u00efc Le Quellec \u00a0 L\u2019anthropologue fait ici le r\u00e9cit des erreurs ou des supercheries scientifiques\u00a0des deux derniers si\u00e8cles, \u00e0 l\u2019origine des plus fumeuses des \u00ab\u00a0fake news\u00a0\u00bb arch\u00e9ologiques d\u2019aujourd\u2019hui. Les Martiens sont venus au Sahara pendant la pr\u00e9histoire ; les hommes ont v\u00e9cu avec les dinosaures [&hellip;]<\/p>\n","protected":false},"author":1,"featured_media":0,"parent":14,"menu_order":0,"comment_status":"closed","ping_status":"closed","template":"","meta":[],"_links":{"self":[{"href":"https:\/\/editionsdudetour.com\/index.php\/wp-json\/wp\/v2\/pages\/3498"}],"collection":[{"href":"https:\/\/editionsdudetour.com\/index.php\/wp-json\/wp\/v2\/pages"}],"about":[{"href":"https:\/\/editionsdudetour.com\/index.php\/wp-json\/wp\/v2\/types\/page"}],"author":[{"embeddable":true,"href":"https:\/\/editionsdudetour.com\/index.php\/wp-json\/wp\/v2\/users\/1"}],"replies":[{"embeddable":true,"href":"https:\/\/editionsdudetour.com\/index.php\/wp-json\/wp\/v2\/comments?post=3498"}],"version-history":[{"count":10,"href":"https:\/\/editionsdudetour.com\/index.php\/wp-json\/wp\/v2\/pages\/3498\/revisions"}],"predecessor-version":[{"id":3527,"href":"https:\/\/editionsdudetour.com\/index.php\/wp-json\/wp\/v2\/pages\/3498\/revisions\/3527"}],"up":[{"embeddable":true,"href":"https:\/\/editionsdudetour.com\/index.php\/wp-json\/wp\/v2\/pages\/14"}],"wp:attachment":[{"href":"https:\/\/editionsdudetour.com\/index.php\/wp-json\/wp\/v2\/media?parent=3498"}],"curies":[{"name":"wp","href":"https:\/\/api.w.org\/{rel}","templated":true}]}}