{"id":3489,"date":"2023-03-17T22:31:59","date_gmt":"2023-03-17T21:31:59","guid":{"rendered":"http:\/\/editionsdudetour.com\/?page_id=3489"},"modified":"2025-02-14T15:41:44","modified_gmt":"2025-02-14T14:41:44","slug":"quand-jetais-juif","status":"publish","type":"page","link":"https:\/\/editionsdudetour.com\/index.php\/les-livres\/quand-jetais-juif\/","title":{"rendered":""},"content":{"rendered":"\n<h1>\u00a0<\/h1>\n<h1><a href=\"http:\/\/editionsdudetour.com\/wp-content\/uploads\/2023\/02\/Quand-jetais-Juif-\u2013-Couverture-\u2013-EP1-652x1024.jpg\" rel=\"attachment wp-att-3328\"><img loading=\"lazy\" class=\"alignleft wp-image-3449\" src=\"http:\/\/editionsdudetour.com\/wp-content\/uploads\/2023\/02\/Quand-jetais-Juif-\u2013-Couverture-\u2013-EP1-652x1024.jpg\" alt=\"\" width=\"265\" height=\"416\" \/><\/a>Quand j\u2019\u00e9tais Juif<\/h1>\n<h2>Maurice Rajsfus<\/h2>\n<h3>Pr\u00e9face d\u2019Alain Brossat<\/h3>\n<p><em>Ce livre est le r\u00e9cit de quatre ans de la vie d\u2019un jeune gar\u00e7on, fait Juif\u00a0par l\u2019administration \u00e0 douze ans, qui devenu adulte, recherche un sens \u00e0\u00a0cette assignation qui changea le cours de sa vie.<\/em><\/p>\n<p>D\u00e8s 1940, l\u2019administration et la police fran\u00e7aise appliquent avec z\u00e8le les\u00a0directives allemandes et marquent les Juifs comme des parias.\u00a0<\/p>\n<p>Maurice Rajsfus d\u00e9couvre alors qu\u2019il est juif. Ce qui pour lui n\u2019\u00e9tait qu\u2019une\u00a0tradition d\u2019une famille lointaine rest\u00e9e en Pologne, devient une r\u00e9alit\u00e9 qui\u00a0changera le cours de sa vie. Cette d\u00e9cision administrative lui prendra ses\u00a0parents et son innocence.<\/p>\n<p>Ce livre, introspectif et combatif, est sa tentative pour reconstruire son\u00a0identit\u00e9, celle d\u2019un \u00ab d\u00e9serteur du juda\u00efsme \u00bb qui ne peut s\u2019emp\u00eacher d\u2019\u00eatre\u00a0\u00e9mu par le yiddish et qui se rendra jusqu\u2019au village de sa m\u00e8re pour se\u00a0sentir Juif, deux heures dans sa vie.<\/p>\n<p>Rescap\u00e9 de la rafle du V\u00e9l\u2019 d\u2019Hiv \u00e0 quatorze ans, l\u2019historien <span style=\"color: #993300;\"><strong>Maurice Rajsfus<\/strong><\/span>\u00a0(1928-2020), sera toute sa vie, du c\u00f4t\u00e9 des opprim\u00e9s, de celles\u00a0et ceux que la police, qui \u00ab ob\u00e9it \u00e0 ses ma\u00eetres du moment, quels qu\u2019ils\u00a0soient \u00bb, pers\u00e9cute.<\/p>\n<p><span style=\"color: #993300;\"><strong>Alain Brossat<\/strong><\/span>\u00a0est professeur de philosophie politique et contemporaine\u00a0\u00e0 l\u2019universit\u00e9 Paris-8 Vincennes-Saint-Denis.<\/p>\n<table style=\"width: 39.847328244274806%; height: 259px;\">\n<tbody>\n<tr style=\"height: 37px;\">\n<td style=\"height: 37px; width: 100%;\">Parution : 16 mars 2023<\/td>\n<\/tr>\n<tr style=\"height: 37px;\">\n<td style=\"height: 37px; width: 100%;\">Genre : t\u00e9moignage<\/td>\n<\/tr>\n<tr style=\"height: 37px;\">\n<td style=\"height: 37px; width: 100%;\">Domaine : histoire<\/td>\n<\/tr>\n<tr style=\"height: 37px;\">\n<td style=\"height: 37px; width: 100%;\">20,90 \u20ac<\/td>\n<\/tr>\n<tr style=\"height: 37px;\">\n<td style=\"height: 37px; width: 100%;\">224 pages, broch\u00e9<\/td>\n<\/tr>\n<tr style=\"height: 37px;\">\n<td style=\"height: 37px; width: 100%;\">Format : 14X22 cm<\/td>\n<\/tr>\n<tr style=\"height: 37px;\">\n<td style=\"height: 37px; width: 100%;\">ISBN :\u00a0<span style=\"font-size: inherit; font-family: inherit;\">979-10-97079-21-5<\/span><\/td>\n<\/tr>\n<\/tbody>\n<\/table>\n<hr \/>\n<h1><span style=\"color: #993300;\">Pr\u00e9face, extraits et table des mati\u00e8res<\/span><\/h1>\n<p>\u00a0<\/p>\n\n\n\t\t<style>\r\n            #h5vp69e16f1edf74d iframe {  width: 100%; }        <\/style>\r\n        \t    <div id=\"h5vp69e16f1edf74d\" class=\"pdfp_wrapper\">\r\n                        <div class=\"cta_wrapper\">\r\n                \t            <p><a class=\"fullscreenBtn\" href=\"https:\/\/editionsdudetour.com\/wp-content\/plugins\/pdf-poster\/pdfjs\/web\/viewer.html?file=http:\/\/editionsdudetour.com\/wp-content\/uploads\/2023\/05\/Quand-jetais-juif-\u2013-pour-site.pdf&#038;download=true&#038;print=false&#038;openfile=false\"><button>View Fullscreen<\/button><\/a><\/p>\r\n            <\/div>\r\n            <div class=\"iframe_wrapper\">\r\n                <iframe loading=\"lazy\" width=\"100%\" height=\"1122px\" src=\"https:\/\/editionsdudetour.com\/wp-content\/plugins\/pdf-poster\/pdfjs\/web\/viewer.html?file=http:\/\/editionsdudetour.com\/wp-content\/uploads\/2023\/05\/Quand-jetais-juif-\u2013-pour-site.pdf&#038;download=true&#038;print=false&#038;openfile=false\"><\/iframe>\r\n            <\/div>\r\n\t    <\/div>\r\n        ","protected":false},"excerpt":{"rendered":"<p>\u00a0 Quand j\u2019\u00e9tais Juif Maurice Rajsfus Pr\u00e9face d\u2019Alain Brossat Ce livre est le r\u00e9cit de quatre ans de la vie d\u2019un jeune gar\u00e7on, fait Juif\u00a0par l\u2019administration \u00e0 douze ans, qui devenu adulte, recherche un sens \u00e0\u00a0cette assignation qui changea le cours de sa vie. D\u00e8s 1940, l\u2019administration et la police fran\u00e7aise appliquent avec z\u00e8le les\u00a0directives [&hellip;]<\/p>\n","protected":false},"author":1,"featured_media":0,"parent":14,"menu_order":0,"comment_status":"closed","ping_status":"closed","template":"","meta":[],"_links":{"self":[{"href":"https:\/\/editionsdudetour.com\/index.php\/wp-json\/wp\/v2\/pages\/3489"}],"collection":[{"href":"https:\/\/editionsdudetour.com\/index.php\/wp-json\/wp\/v2\/pages"}],"about":[{"href":"https:\/\/editionsdudetour.com\/index.php\/wp-json\/wp\/v2\/types\/page"}],"author":[{"embeddable":true,"href":"https:\/\/editionsdudetour.com\/index.php\/wp-json\/wp\/v2\/users\/1"}],"replies":[{"embeddable":true,"href":"https:\/\/editionsdudetour.com\/index.php\/wp-json\/wp\/v2\/comments?post=3489"}],"version-history":[{"count":4,"href":"https:\/\/editionsdudetour.com\/index.php\/wp-json\/wp\/v2\/pages\/3489\/revisions"}],"predecessor-version":[{"id":4772,"href":"https:\/\/editionsdudetour.com\/index.php\/wp-json\/wp\/v2\/pages\/3489\/revisions\/4772"}],"up":[{"embeddable":true,"href":"https:\/\/editionsdudetour.com\/index.php\/wp-json\/wp\/v2\/pages\/14"}],"wp:attachment":[{"href":"https:\/\/editionsdudetour.com\/index.php\/wp-json\/wp\/v2\/media?parent=3489"}],"curies":[{"name":"wp","href":"https:\/\/api.w.org\/{rel}","templated":true}]}}