{"id":3445,"date":"2023-02-16T15:59:33","date_gmt":"2023-02-16T14:59:33","guid":{"rendered":"http:\/\/editionsdudetour.com\/?page_id=3445"},"modified":"2023-02-20T09:44:33","modified_gmt":"2023-02-20T08:44:33","slug":"fille-a-papa","status":"publish","type":"page","link":"https:\/\/editionsdudetour.com\/index.php\/fille-a-papa\/","title":{"rendered":"Fille \u00e0 Papa"},"content":{"rendered":"\n<h1>\u00a0<\/h1>\n<h1><a href=\"https:\/\/editionsdudetour.com\/wp-content\/uploads\/2023\/02\/Couverture-Fille-a-papa-624x980.jpg\" rel=\"attachment wp-att-3328\"><img loading=\"lazy\" class=\"alignleft wp-image-3449\" src=\"http:\/\/editionsdudetour.com\/wp-content\/uploads\/2023\/02\/Couverture-Fille-a-papa-652x1024.jpg\" alt=\"\" width=\"265\" height=\"416\" srcset=\"https:\/\/editionsdudetour.com\/wp-content\/uploads\/2023\/02\/Couverture-Fille-a-papa-652x1024.jpg 652w, https:\/\/editionsdudetour.com\/wp-content\/uploads\/2023\/02\/Couverture-Fille-a-papa-191x300.jpg 191w, https:\/\/editionsdudetour.com\/wp-content\/uploads\/2023\/02\/Couverture-Fille-a-papa-768x1206.jpg 768w, https:\/\/editionsdudetour.com\/wp-content\/uploads\/2023\/02\/Couverture-Fille-a-papa-978x1536.jpg 978w, https:\/\/editionsdudetour.com\/wp-content\/uploads\/2023\/02\/Couverture-Fille-a-papa-1304x2048.jpg 1304w, https:\/\/editionsdudetour.com\/wp-content\/uploads\/2023\/02\/Couverture-Fille-a-papa-624x980.jpg 624w, https:\/\/editionsdudetour.com\/wp-content\/uploads\/2023\/02\/Couverture-Fille-a-papa-1320x2073.jpg 1320w, https:\/\/editionsdudetour.com\/wp-content\/uploads\/2023\/02\/Couverture-Fille-a-papa-scaled.jpg 1630w\" sizes=\"(max-width: 265px) 100vw, 265px\" \/><\/a>Fille \u00e0 Papa<\/h1>\n<h2>Les Femmes et leur p\u00e8re<\/h2>\n<h3>Katherine Angel<\/h3>\n<h3><span style=\"color: #000000;\">Traduction de Caroline Nicolas<\/span><\/h3>\n<p><em>L\u2019autrice de <\/em>Demain le bon sexe<em> se penche dans ce texte incisif sur la relation des filles \u00e0 leur p\u00e8re et celle des femmes au patriarcat.<br \/><\/em><\/p>\n<p>Depuis le mouvement #MeToo, on a beaucoup parl\u00e9 des violences faites aux femmes commises majoritairement par des hommes. On ne s\u2019appesantit pour autant pas beaucoup sur le fait que ces hommes sont aussi souvent des p\u00e8res.<\/p>\n<p>Dans cet essai nuanc\u00e9 et intr\u00e9pide, Katherine Angel interroge les limites de l\u2019amour et du pouvoir paternel sur les filles dans notre culture, et la mani\u00e8re dont le m\u00e9lange d\u2019affection et de haine que nous ressentons \u00e0 l\u2019\u00e9gard de nos p\u00e8res \u2014 et des figures paternelles patriarcales\u00a0\u2014 pourrait \u00eatre transform\u00e9 en une relation qui soit g\u00e9n\u00e9ratrice plut\u00f4t que destructrice.<\/p>\n<p style=\"text-align: left;\">\u00ab Passant sans effort des romans de Virginia Woolf aux th\u00e9ories du psychanalyste Donald Winnicott, Angel fait preuve d\u2019une acuit\u00e9 intellectuelle aig\u00fce dans son \u00e9lucidation du mythe culturel entourant les \u201cpapas\u201d. Le r\u00e9sultat est une contribution pr\u00e9cieuse \u00e0 la compr\u00e9hension f\u00e9ministe de la paternit\u00e9. \u00bb <em>Publishers Weekly<\/em><\/p>\n<p>N\u00e9e \u00e0 Bruxelles, <span style=\"color: #993300;\"><strong>Katherine Angel<\/strong> <\/span>est philosophe et historienne de la sexualit\u00e9. Elle est \u00e9galement essayiste et enseignante d\u2019anglais \u00e0 Queen Mary (University of London).<\/p>\n<table style=\"width: 36.6412213740458%; height: 259px;\">\n<tbody>\n<tr style=\"height: 37px;\">\n<td style=\"height: 37px; width: 100%;\">Parution : 16 f\u00e9vrier 2023<\/td>\n<\/tr>\n<tr style=\"height: 37px;\">\n<td style=\"height: 37px; width: 100%;\">Genre : essai<\/td>\n<\/tr>\n<tr style=\"height: 37px;\">\n<td style=\"height: 37px; width: 100%;\">Domaine : f\u00e9minisme<\/td>\n<\/tr>\n<tr style=\"height: 37px;\">\n<td style=\"height: 37px; width: 100%;\">15,50 \u20ac<\/td>\n<\/tr>\n<tr style=\"height: 37px;\">\n<td style=\"height: 37px; width: 100%;\">144 pages, broch\u00e9, rabats<\/td>\n<\/tr>\n<tr style=\"height: 37px;\">\n<td style=\"height: 37px; width: 100%;\">Format : 14X22 cm<\/td>\n<\/tr>\n<tr style=\"height: 37px;\">\n<td style=\"height: 37px; width: 100%;\">ISBN : 979-10-97079-26-0<\/td>\n<\/tr>\n<\/tbody>\n<\/table>\n\n\n\t\t<style>\r\n            #h5vp69fc9167cc227 iframe {  width: 100%; }        <\/style>\r\n        \t    <div id=\"h5vp69fc9167cc227\" class=\"pdfp_wrapper\">\r\n                        <div class=\"cta_wrapper\">\r\n                \t            <p><a class=\"fullscreenBtn\" href=\"https:\/\/editionsdudetour.com\/wp-content\/plugins\/pdf-poster\/pdfjs\/web\/viewer.html?file=http:\/\/editionsdudetour.com\/wp-content\/uploads\/2023\/02\/Fille-a-papa.pdf&#038;download=true&#038;print=false&#038;openfile=false\"><button>View Fullscreen<\/button><\/a><\/p>\r\n            <\/div>\r\n            <div class=\"iframe_wrapper\">\r\n                <iframe loading=\"lazy\" width=\"100%\" height=\"1122px\" src=\"https:\/\/editionsdudetour.com\/wp-content\/plugins\/pdf-poster\/pdfjs\/web\/viewer.html?file=http:\/\/editionsdudetour.com\/wp-content\/uploads\/2023\/02\/Fille-a-papa.pdf&#038;download=true&#038;print=false&#038;openfile=false\"><\/iframe>\r\n            <\/div>\r\n\t    <\/div>\r\n        ","protected":false},"excerpt":{"rendered":"<p>\u00a0 Fille \u00e0 Papa Les Femmes et leur p\u00e8re Katherine Angel Traduction de Caroline Nicolas L\u2019autrice de Demain le bon sexe se penche dans ce texte incisif sur la relation des filles \u00e0 leur p\u00e8re et celle des femmes au patriarcat. Depuis le mouvement #MeToo, on a beaucoup parl\u00e9 des violences faites aux femmes commises [&hellip;]<\/p>\n","protected":false},"author":1,"featured_media":0,"parent":0,"menu_order":0,"comment_status":"closed","ping_status":"closed","template":"","meta":[],"_links":{"self":[{"href":"https:\/\/editionsdudetour.com\/index.php\/wp-json\/wp\/v2\/pages\/3445"}],"collection":[{"href":"https:\/\/editionsdudetour.com\/index.php\/wp-json\/wp\/v2\/pages"}],"about":[{"href":"https:\/\/editionsdudetour.com\/index.php\/wp-json\/wp\/v2\/types\/page"}],"author":[{"embeddable":true,"href":"https:\/\/editionsdudetour.com\/index.php\/wp-json\/wp\/v2\/users\/1"}],"replies":[{"embeddable":true,"href":"https:\/\/editionsdudetour.com\/index.php\/wp-json\/wp\/v2\/comments?post=3445"}],"version-history":[{"count":4,"href":"https:\/\/editionsdudetour.com\/index.php\/wp-json\/wp\/v2\/pages\/3445\/revisions"}],"predecessor-version":[{"id":3474,"href":"https:\/\/editionsdudetour.com\/index.php\/wp-json\/wp\/v2\/pages\/3445\/revisions\/3474"}],"wp:attachment":[{"href":"https:\/\/editionsdudetour.com\/index.php\/wp-json\/wp\/v2\/media?parent=3445"}],"curies":[{"name":"wp","href":"https:\/\/api.w.org\/{rel}","templated":true}]}}