{"id":3289,"date":"2022-10-19T20:16:28","date_gmt":"2022-10-19T18:16:28","guid":{"rendered":"http:\/\/editionsdudetour.com\/?page_id=3289"},"modified":"2025-05-15T11:48:44","modified_gmt":"2025-05-15T09:48:44","slug":"guns-and-roses","status":"publish","type":"page","link":"https:\/\/editionsdudetour.com\/index.php\/les-livres\/guns-and-roses\/","title":{"rendered":""},"content":{"rendered":"\n<h1><a href=\"http:\/\/editionsdudetour.com\/wp-content\/uploads\/2020\/08\/Guns-Roses-\u2013-Couverture-scaled.jpg\"><img loading=\"lazy\" class=\"alignleft wp-image-3215\" src=\"http:\/\/editionsdudetour.com\/wp-content\/uploads\/2020\/08\/Guns-Roses-\u2013-Couverture-652x1024.jpg\" alt=\"\" width=\"262\" height=\"411\" srcset=\"https:\/\/editionsdudetour.com\/wp-content\/uploads\/2020\/08\/Guns-Roses-\u2013-Couverture-652x1024.jpg 652w, https:\/\/editionsdudetour.com\/wp-content\/uploads\/2020\/08\/Guns-Roses-\u2013-Couverture-191x300.jpg 191w, https:\/\/editionsdudetour.com\/wp-content\/uploads\/2020\/08\/Guns-Roses-\u2013-Couverture-768x1206.jpg 768w, https:\/\/editionsdudetour.com\/wp-content\/uploads\/2020\/08\/Guns-Roses-\u2013-Couverture-978x1536.jpg 978w, https:\/\/editionsdudetour.com\/wp-content\/uploads\/2020\/08\/Guns-Roses-\u2013-Couverture-1304x2048.jpg 1304w, https:\/\/editionsdudetour.com\/wp-content\/uploads\/2020\/08\/Guns-Roses-\u2013-Couverture-624x980.jpg 624w, https:\/\/editionsdudetour.com\/wp-content\/uploads\/2020\/08\/Guns-Roses-\u2013-Couverture-1320x2073.jpg 1320w, https:\/\/editionsdudetour.com\/wp-content\/uploads\/2020\/08\/Guns-Roses-\u2013-Couverture-scaled.jpg 1630w\" sizes=\"(max-width: 262px) 100vw, 262px\" \/><\/a>Guns and Roses<\/h1>\n<h2>Les objets des luttes f\u00e9ministes<\/h2>\n<h3>Mathilde Larr\u00e8re<br \/><span style=\"color: #000000;\">Illustrations de Fred Sochard<\/span><\/h3>\n<p><em>L\u2019historienne Mathilde Larr\u00e8re raconte avec \u00e9rudition et humour l\u2019histoire des objets, connus ou insolites, des luttes f\u00e9ministes.<\/em><\/p>\n<p>L\u2019autrice de <em>Rage against the Machisme<\/em> poursuit son exploration des luttes f\u00e9ministes depuis la R\u00e9volution fran\u00e7aise et nous en propose une histoire mat\u00e9rielle, une histoire par les objets du quotidien. Mathide Larr\u00e8re a choisi de se pencher sur une vingtaine d\u2019entre eux, symboliques des combats des f\u00e9ministes, et outils bien r\u00e9els de leur \u00e9mancipation.<\/p>\n<p>Ces objets racontent au fil des ans les libert\u00e9s ch\u00e8rement acquises, tant sociales, physiques, vestimentaires ou laborieuses des femmes. Le fusil, le carnet de ch\u00e8que, le cintre ou la pompe \u00e0 v\u00e9lo, la crinoline ou la <em>cup<\/em><i> <\/i>: autant de signes du courage, de l\u2019auto-organisation et de la cr\u00e9ativit\u00e9 des f\u00e9ministes rel\u00e9gu\u00e9es \u00e0 leurs placards, et qui se battent avec les armes qu\u2019elles y trouvent.<\/p>\n<p>Dans <em>Guns and Roses<\/em>, Mathilde Larr\u00e8re renoue avec son style combattif et plein d\u2019entrain, accompagn\u00e9e \u00e0 nouveau par le dessin de Fred Sochard, pour un r\u00e9cit enlev\u00e9 o\u00f9 les \u00e9poques et les luttes se r\u00e9pondent. Elle propose aussi au fil du texte de nombreuses sources d\u2019\u00e9poque, discours, chansons, citations.<\/p>\n<p><span style=\"color: #993300;\"><strong>Mathilde Larr\u00e8re<\/strong><\/span> est enseignante-chercheuse en histoire, sp\u00e9cialiste du XIX<sup>e<\/sup><i>\u00a0<\/i>si\u00e8cle. Elle enseigne \u00e0 l\u2019uni\u00adversit\u00e9 Gustave-Eiffel ainsi qu\u2019\u00e0 l\u2019Institut d\u2019\u00e9tudes politiques de Paris et intervient r\u00e9guli\u00e8rement dans des universit\u00e9s populaires. Elle tient \u00e9galement une chronique d\u2019histoire pour <em>Arr\u00eat sur Image<\/em> et pour <em>Politis<\/em>, o\u00f9 elle co-dirige avec Laurence De Cock la ru\u00adbrique \u00ab<i>\u00a0<\/i>L\u2019Histoire n\u2019est pas un roman<i>\u00a0<\/i>\u00bb.<\/p>\n<p>En savoir plus en visitant\u00a0<a href=\"https:\/\/editionsdudetour.com\/index.php\/mathilde-larrere-plus-dinfos-2\/\" target=\"_blank\" rel=\"noopener noreferrer\"><strong>l<\/strong><strong>a page d\u00e9di\u00e9e<\/strong>.<\/a><\/p>\n<table style=\"width: 32.2137%; height: 255px;\">\n<tbody>\n<tr style=\"height: 37px;\">\n<td style=\"height: 37px; width: 100%;\">Parution : 20 octobre 2022<\/td>\n<\/tr>\n<tr style=\"height: 37px;\">\n<td style=\"height: 37px; width: 100%;\">Genre\u00a0: essai<\/td>\n<\/tr>\n<tr style=\"height: 37px;\">\n<td style=\"height: 37px; width: 100%;\">Domaine : f\u00e9minisme, histoire<\/td>\n<\/tr>\n<tr style=\"height: 37px;\">\n<td style=\"height: 37px; width: 100%;\">19,90 \u20ac<\/td>\n<\/tr>\n<tr style=\"height: 37px;\">\n<td style=\"height: 37px; width: 100%;\">240 pages, broch\u00e9, rabats<\/td>\n<\/tr>\n<tr style=\"height: 37px;\">\n<td style=\"height: 37px; width: 100%;\">Format : 14X22 cm<\/td>\n<\/tr>\n<tr style=\"height: 37px;\">\n<td style=\"height: 37px; width: 100%;\">ISBN : 978-2-493229-04-5<\/td>\n<\/tr>\n<\/tbody>\n<\/table>\n<h3>Extraits, index des objets et table des mati\u00e8res<\/h3>\n<p>\u00a0<\/p>\n<p>\u00a0<\/p>\n<hr \/>\n<h1>\u00a0<\/h1>\n\n\n\t\t<style>\r\n            #h5vp69e16f1ec06b0 iframe {  width: 100%; }        <\/style>\r\n        \t    <div id=\"h5vp69e16f1ec06b0\" class=\"pdfp_wrapper\">\r\n                        <div class=\"cta_wrapper\">\r\n                \t            <p><a class=\"fullscreenBtn\" href=\"https:\/\/editionsdudetour.com\/wp-content\/plugins\/pdf-poster\/pdfjs\/web\/viewer.html?file=http:\/\/editionsdudetour.com\/wp-content\/uploads\/2020\/08\/Guns-Roses-\u2013-pour-site.pdf&#038;download=true&#038;print=&#038;openfile=false\"><button>View Fullscreen<\/button><\/a><\/p>\r\n            <\/div>\r\n            <div class=\"iframe_wrapper\">\r\n                <iframe loading=\"lazy\" width=\"100%\" height=\"1122px\" src=\"https:\/\/editionsdudetour.com\/wp-content\/plugins\/pdf-poster\/pdfjs\/web\/viewer.html?file=http:\/\/editionsdudetour.com\/wp-content\/uploads\/2020\/08\/Guns-Roses-\u2013-pour-site.pdf&#038;download=true&#038;print=&#038;openfile=false\"><\/iframe>\r\n            <\/div>\r\n\t    <\/div>\r\n        ","protected":false},"excerpt":{"rendered":"<p>Guns and Roses Les objets des luttes f\u00e9ministes Mathilde Larr\u00e8reIllustrations de Fred Sochard L\u2019historienne Mathilde Larr\u00e8re raconte avec \u00e9rudition et humour l\u2019histoire des objets, connus ou insolites, des luttes f\u00e9ministes. L\u2019autrice de Rage against the Machisme poursuit son exploration des luttes f\u00e9ministes depuis la R\u00e9volution fran\u00e7aise et nous en propose une histoire mat\u00e9rielle, une histoire [&hellip;]<\/p>\n","protected":false},"author":1,"featured_media":0,"parent":14,"menu_order":0,"comment_status":"closed","ping_status":"closed","template":"","meta":[],"_links":{"self":[{"href":"https:\/\/editionsdudetour.com\/index.php\/wp-json\/wp\/v2\/pages\/3289"}],"collection":[{"href":"https:\/\/editionsdudetour.com\/index.php\/wp-json\/wp\/v2\/pages"}],"about":[{"href":"https:\/\/editionsdudetour.com\/index.php\/wp-json\/wp\/v2\/types\/page"}],"author":[{"embeddable":true,"href":"https:\/\/editionsdudetour.com\/index.php\/wp-json\/wp\/v2\/users\/1"}],"replies":[{"embeddable":true,"href":"https:\/\/editionsdudetour.com\/index.php\/wp-json\/wp\/v2\/comments?post=3289"}],"version-history":[{"count":8,"href":"https:\/\/editionsdudetour.com\/index.php\/wp-json\/wp\/v2\/pages\/3289\/revisions"}],"predecessor-version":[{"id":6172,"href":"https:\/\/editionsdudetour.com\/index.php\/wp-json\/wp\/v2\/pages\/3289\/revisions\/6172"}],"up":[{"embeddable":true,"href":"https:\/\/editionsdudetour.com\/index.php\/wp-json\/wp\/v2\/pages\/14"}],"wp:attachment":[{"href":"https:\/\/editionsdudetour.com\/index.php\/wp-json\/wp\/v2\/media?parent=3289"}],"curies":[{"name":"wp","href":"https:\/\/api.w.org\/{rel}","templated":true}]}}