{"id":3259,"date":"2022-10-14T12:23:22","date_gmt":"2022-10-14T10:23:22","guid":{"rendered":"http:\/\/editionsdudetour.com\/?page_id=3259"},"modified":"2023-11-08T13:56:20","modified_gmt":"2023-11-08T12:56:20","slug":"catalogue-2022","status":"publish","type":"page","link":"https:\/\/editionsdudetour.com\/index.php\/catalogue-2022\/","title":{"rendered":"Catalogue 2022"},"content":{"rendered":"\n<h1>Le catalogue des \u00e9ditions du D\u00e9tour<\/h1>\n<p>\u00a0<\/p>\n<p style=\"font-weight: 400;\">Les \u00e9ditions du D\u00e9tour ont eu 5 ans en 2022. \u00c0 cette occasion nous avons pr\u00e9par\u00e9 le catalogue de la maison qui pr\u00e9sente nos cinquante premiers livres, <span style=\"color: #993300;\"><strong>audacieux<\/strong><\/span>, <span style=\"color: #993300;\"><strong>inventifs<\/strong><\/span> et <span style=\"color: #993300;\"><strong>critiques,<\/strong><\/span> pour prendre le temps de r\u00e9fl\u00e9chir au monde qui nous entoure.<\/p>\n\n\n\t\t<style>\r\n            #h5vp69f63f07a3636 iframe {  width: 100%; }        <\/style>\r\n        \t    <div id=\"h5vp69f63f07a3636\" class=\"pdfp_wrapper\">\r\n                        <div class=\"cta_wrapper\">\r\n                \t            <p><a class=\"fullscreenBtn\" href=\"https:\/\/editionsdudetour.com\/wp-content\/plugins\/pdf-poster\/pdfjs\/web\/viewer.html?file=http:\/\/editionsdudetour.com\/wp-content\/uploads\/2020\/08\/CATALOGUE-DETOUR-copie.pdf&#038;download=true&#038;print=&#038;openfile=false\"><button>View Fullscreen<\/button><\/a><\/p>\r\n            <\/div>\r\n            <div class=\"iframe_wrapper\">\r\n                <iframe loading=\"lazy\" width=\"100%\" height=\"1122px\" src=\"https:\/\/editionsdudetour.com\/wp-content\/plugins\/pdf-poster\/pdfjs\/web\/viewer.html?file=http:\/\/editionsdudetour.com\/wp-content\/uploads\/2020\/08\/CATALOGUE-DETOUR-copie.pdf&#038;download=true&#038;print=&#038;openfile=false\"><\/iframe>\r\n            <\/div>\r\n\t    <\/div>\r\n        ","protected":false},"excerpt":{"rendered":"<p>Le catalogue des \u00e9ditions du D\u00e9tour \u00a0 Les \u00e9ditions du D\u00e9tour ont eu 5 ans en 2022. \u00c0 cette occasion nous avons pr\u00e9par\u00e9 le catalogue de la maison qui pr\u00e9sente nos cinquante premiers livres, audacieux, inventifs et critiques, pour prendre le temps de r\u00e9fl\u00e9chir au monde qui nous entoure.<\/p>\n","protected":false},"author":1,"featured_media":0,"parent":0,"menu_order":0,"comment_status":"closed","ping_status":"closed","template":"","meta":[],"_links":{"self":[{"href":"https:\/\/editionsdudetour.com\/index.php\/wp-json\/wp\/v2\/pages\/3259"}],"collection":[{"href":"https:\/\/editionsdudetour.com\/index.php\/wp-json\/wp\/v2\/pages"}],"about":[{"href":"https:\/\/editionsdudetour.com\/index.php\/wp-json\/wp\/v2\/types\/page"}],"author":[{"embeddable":true,"href":"https:\/\/editionsdudetour.com\/index.php\/wp-json\/wp\/v2\/users\/1"}],"replies":[{"embeddable":true,"href":"https:\/\/editionsdudetour.com\/index.php\/wp-json\/wp\/v2\/comments?post=3259"}],"version-history":[{"count":18,"href":"https:\/\/editionsdudetour.com\/index.php\/wp-json\/wp\/v2\/pages\/3259\/revisions"}],"predecessor-version":[{"id":3822,"href":"https:\/\/editionsdudetour.com\/index.php\/wp-json\/wp\/v2\/pages\/3259\/revisions\/3822"}],"wp:attachment":[{"href":"https:\/\/editionsdudetour.com\/index.php\/wp-json\/wp\/v2\/media?parent=3259"}],"curies":[{"name":"wp","href":"https:\/\/api.w.org\/{rel}","templated":true}]}}