{"id":313,"date":"2017-08-03T11:07:08","date_gmt":"2017-08-03T09:07:08","guid":{"rendered":"http:\/\/editionsdudetour.com\/?page_id=313"},"modified":"2025-01-27T18:15:43","modified_gmt":"2025-01-27T17:15:43","slug":"construire-luniversite-au-xxie-siecle","status":"publish","type":"page","link":"https:\/\/editionsdudetour.com\/index.php\/les-livres\/construire-luniversite-au-xxie-siecle\/","title":{"rendered":"Construire l\u2019Universit\u00e9 au XXIe si\u00e8cle"},"content":{"rendered":"<p style=\"text-align: justify;\"><a href=\"http:\/\/editionsdudetour.com\/wp-content\/uploads\/2016\/12\/Couverture-Tarta.jpg\"><img loading=\"lazy\" class=\"alignleft wp-image-88\" src=\"http:\/\/editionsdudetour.com\/wp-content\/uploads\/2016\/12\/Couverture-Tarta.jpg\" alt=\"\" width=\"219\" height=\"345\" srcset=\"https:\/\/editionsdudetour.com\/wp-content\/uploads\/2016\/12\/Couverture-Tarta.jpg 300w, https:\/\/editionsdudetour.com\/wp-content\/uploads\/2016\/12\/Couverture-Tarta-191x300.jpg 191w\" sizes=\"(max-width: 219px) 100vw, 219px\" \/><\/a><\/p>\n<h1><span style=\"color: #000000;\"><a id=\"construire\"><\/a>Construire l\u2019Universit\u00e9 au XXI<sup>e<\/sup> si\u00e8cle<\/span><\/h1>\n<h2>R\u00e9cits d\u2019une pr\u00e9sidence<br \/>Paris 8 \u2013 2012-2016<\/h2>\n<h3><span style=\"color: #993300;\">Danielle Tartakowsky<\/span><\/h3>\n<p style=\"text-align: justify;\"><span style=\"color: #000000;\">C<\/span>e livre est <strong><span style=\"color: #800000;\">le r\u00e9cit vivant de la pr\u00e9sidence d\u2019une grande universit\u00e9 fran\u00e7aise<\/span><\/strong> dans un moment tr\u00e8s particulier : celui de la mise en place des lois qui organisent l\u2019autonomie des \u00e9tablissements d\u2019enseignement sup\u00e9rieur \u2014 mais aussi le regroupement de ceux-ci et des tensions qui en d\u00e9coulent.<br \/>Portrait de l\u2019Universit\u00e9 depuis 1968, il est \u00e9galement un plaidoyer passionn\u00e9 pour la d\u00e9mocratie universitaire et une r\u00e9flexion tr\u00e8s document\u00e9e sur le pr\u00e9sent et l\u2019avenir de notre syst\u00e8me d\u2019enseignement sup\u00e9rieur, essentiel pour la formation des citoyens mais aussi comme outil de d\u00e9veloppement territorial et \u00e9conomique.<\/p>\n<p style=\"text-align: justify;\"><span style=\"color: #808080;\"><strong><span style=\"color: #800000;\">Danielle Tartakowsky<\/span><\/strong><\/span> a pr\u00e9sid\u00e9 l\u2019universit\u00e9 Paris 8 \u2014 Vincennes-Saint-Denis de 2012 \u00e0 2016. Elle est\u00a0pr\u00e9sidente du conseil scientifique du campus Condorcet depuis d\u00e9cembre 2022. Militante politique et syndicale, elle est sp\u00e9cialiste de l\u2019histoire sociale et politique de la France du XX<sup>e<\/sup> si\u00e8cle, et plus sp\u00e9cifiquement de l\u2019histoire des mouvements sociaux en 1934-1936 et 1968, elle est professeur \u00e0 l\u2019universit\u00e9 Paris 8 depuis 1997.<\/p>\n<table style=\"width: 192px;\">\n<tbody>\n<tr>\n<td style=\"width: 207px;\"><span style=\"color: #000000;\">Parution : 09 mars 2017<\/span><\/td>\n<\/tr>\n<tr>\n<td style=\"width: 207px;\"><span style=\"color: #000000;\">Livre : 19,50 \u20ac<\/span><\/td>\n<\/tr>\n<tr>\n<td style=\"width: 207px;\"><span style=\"color: #000000;\">224 pages<\/span><\/td>\n<\/tr>\n<tr>\n<td style=\"width: 207px;\"><span style=\"color: #000000;\">Format : 14 X 22 cm<\/span><\/td>\n<\/tr>\n<tr>\n<td style=\"width: 207px;\"><span style=\"color: #000000;\">ISBN : 979-10-97079-02-4<\/span><\/td>\n<\/tr>\n<\/tbody>\n<\/table>\n<hr \/>\n\n\n<h3>Premi\u00e8res pages et table des mati\u00e8res<\/h3>\n\n\n\t\t<style>\r\n            #h5vp69e1f84065763 iframe {  width: 100%; }        <\/style>\r\n        \t    <div id=\"h5vp69e1f84065763\" class=\"pdfp_wrapper\">\r\n                        <div class=\"cta_wrapper\">\r\n                \t            <p><a class=\"fullscreenBtn\" href=\"https:\/\/editionsdudetour.com\/wp-content\/plugins\/pdf-poster\/pdfjs\/web\/viewer.html?file=http:\/\/editionsdudetour.com\/wp-content\/uploads\/2020\/08\/Construire-lUniversite-au-XXIe-siecle.pdf&#038;download=true&#038;print=&#038;openfile=false\"><button>View Fullscreen<\/button><\/a><\/p>\r\n            <\/div>\r\n            <div class=\"iframe_wrapper\">\r\n                <iframe loading=\"lazy\" width=\"100%\" height=\"1122px\" src=\"https:\/\/editionsdudetour.com\/wp-content\/plugins\/pdf-poster\/pdfjs\/web\/viewer.html?file=http:\/\/editionsdudetour.com\/wp-content\/uploads\/2020\/08\/Construire-lUniversite-au-XXIe-siecle.pdf&#038;download=true&#038;print=&#038;openfile=false\"><\/iframe>\r\n            <\/div>\r\n\t    <\/div>\r\n        ","protected":false},"excerpt":{"rendered":"<p>Construire l\u2019Universit\u00e9 au XXIe si\u00e8cle R\u00e9cits d\u2019une pr\u00e9sidenceParis 8 \u2013 2012-2016 Danielle Tartakowsky Ce livre est le r\u00e9cit vivant de la pr\u00e9sidence d\u2019une grande universit\u00e9 fran\u00e7aise dans un moment tr\u00e8s particulier : celui de la mise en place des lois qui organisent l\u2019autonomie des \u00e9tablissements d\u2019enseignement sup\u00e9rieur \u2014 mais aussi le regroupement de ceux-ci et [&hellip;]<\/p>\n","protected":false},"author":1,"featured_media":0,"parent":14,"menu_order":0,"comment_status":"closed","ping_status":"closed","template":"","meta":[],"_links":{"self":[{"href":"https:\/\/editionsdudetour.com\/index.php\/wp-json\/wp\/v2\/pages\/313"}],"collection":[{"href":"https:\/\/editionsdudetour.com\/index.php\/wp-json\/wp\/v2\/pages"}],"about":[{"href":"https:\/\/editionsdudetour.com\/index.php\/wp-json\/wp\/v2\/types\/page"}],"author":[{"embeddable":true,"href":"https:\/\/editionsdudetour.com\/index.php\/wp-json\/wp\/v2\/users\/1"}],"replies":[{"embeddable":true,"href":"https:\/\/editionsdudetour.com\/index.php\/wp-json\/wp\/v2\/comments?post=313"}],"version-history":[{"count":10,"href":"https:\/\/editionsdudetour.com\/index.php\/wp-json\/wp\/v2\/pages\/313\/revisions"}],"predecessor-version":[{"id":4795,"href":"https:\/\/editionsdudetour.com\/index.php\/wp-json\/wp\/v2\/pages\/313\/revisions\/4795"}],"up":[{"embeddable":true,"href":"https:\/\/editionsdudetour.com\/index.php\/wp-json\/wp\/v2\/pages\/14"}],"wp:attachment":[{"href":"https:\/\/editionsdudetour.com\/index.php\/wp-json\/wp\/v2\/media?parent=313"}],"curies":[{"name":"wp","href":"https:\/\/api.w.org\/{rel}","templated":true}]}}