{"id":307,"date":"2017-08-03T11:05:07","date_gmt":"2017-08-03T09:05:07","guid":{"rendered":"http:\/\/editionsdudetour.com\/?page_id=307"},"modified":"2025-05-15T11:48:14","modified_gmt":"2025-05-15T09:48:14","slug":"des-intrus-en-politique","status":"publish","type":"page","link":"https:\/\/editionsdudetour.com\/index.php\/les-livres\/des-intrus-en-politique\/","title":{"rendered":"Des intrus en politique"},"content":{"rendered":"<p><a href=\"http:\/\/editionsdudetour.com\/wp-content\/uploads\/2020\/08\/Des-intrus-en-politique-couverture-scaled.jpg\"><img loading=\"lazy\" class=\"alignleft wp-image-373 \" src=\"http:\/\/editionsdudetour.com\/wp-content\/uploads\/2017\/08\/Intrus_couv_ok.jpg\" alt=\"\" width=\"200\" height=\"311\" srcset=\"https:\/\/editionsdudetour.com\/wp-content\/uploads\/2017\/08\/Intrus_couv_ok.jpg 300w, https:\/\/editionsdudetour.com\/wp-content\/uploads\/2017\/08\/Intrus_couv_ok-193x300.jpg 193w\" sizes=\"(max-width: 200px) 100vw, 200px\" \/><\/a><\/p>\n<h1>Des intrus en politique<\/h1>\n<h2>Femmes et minorit\u00e9s : dominations et r\u00e9sistances<\/h2>\n<h3><span style=\"color: #800000;\">Mathilde Larr\u00e8re &amp; Aude Lorriaux<\/span><\/h3>\n<p>Nos repr\u00e9sentants politiques ont longtemps \u00e9t\u00e9 des hommes blancs et ais\u00e9s. Aujourd\u2019hui la situation change et quelques places ont \u00e9t\u00e9 c\u00e9d\u00e9es \u00e0 des femmes, des personnes racialis\u00e9es, issues des classes populaires ou homosexuelles.<\/p>\n<p>Pourtant pour ces intrus, le syst\u00e8me politique s\u2019apparente \u00e0 une ar\u00e8ne, tant le fait d\u2019y entrer et de s\u2019y maintenir rel\u00e8ve de strat\u00e9gies de combat. Attaques personnelles, soup\u00e7ons d\u2019incomp\u00e9tence, manoeuvres collectives : tout est bon pour juguler l\u2019ouverture. Mais les nouveaux entrants ne sont pas d\u00e9munis : jouer un r\u00f4le, se fondre dans le moule, brandir sa diff\u00e9rence sont quelques-unes des multiples armes dont ils disposent, dont certaines \u00e0 double tranchant.<\/p>\n<p><strong><span style=\"color: #993300;\">Mathilde Larr\u00e8re<\/span><\/strong> et <strong><span style=\"color: #993300;\">Aude Lorriaux<\/span><\/strong> r\u00e9ussissent le double pari d\u2019expliquer ces luttes sur le temps long de l\u2019histoire depuis la R\u00e9volution fran\u00e7aise, et \u00e0 hauteur de femme et d\u2019homme. Elles ont interrog\u00e9 plus de trente personnalit\u00e9s politiques, au plus haut niveau de responsabilit\u00e9 comme au niveau local, au sein des institutions comme \u00e0 l\u2019int\u00e9rieur des partis. Une exploration rare de ceux qui, longtemps exclus du pouvoir, parviennent \u00e0 s\u2019y hisser.<\/p>\n<p><strong><span style=\"color: #800000;\">Mathilde Larr\u00e8re<\/span><\/strong> est ma\u00eetresse de conf\u00e9rences en histoire politique du XIX<sup>e<\/sup> si\u00e8cle \u00e0 l\u2019universit\u00e9 Paris-est Marne-la-Vall\u00e9e, chroniqueuse pour Arr\u00eat sur Image et d\u00e9tricoteuse pour M\u00e9diapart.<br \/><strong><span style=\"color: #800000;\">Aude Lorriaux<\/span><\/strong>, est journaliste freelance, sp\u00e9cialis\u00e9e en politique et discriminations. Elle travaille entre autres pour <em>slate.fr<\/em>.<\/p>\n<table style=\"width: 192px;\">\n<tbody>\n<tr>\n<td style=\"width: 207px;\"><span style=\"color: #000000;\">Parution : 25\/01\/2018<\/span><\/td>\n<\/tr>\n<tr>\n<td style=\"width: 207px;\"><span style=\"color: #000000;\">Livre : 19,50 \u20ac<\/span><\/td>\n<\/tr>\n<tr>\n<td style=\"width: 207px;\"><span style=\"color: #000000;\">224 pages<\/span><\/td>\n<\/tr>\n<tr>\n<td style=\"width: 207px;\"><span style=\"color: #000000;\">Format : 14 X 22 cm<\/span><\/td>\n<\/tr>\n<tr>\n<td style=\"width: 207px;\"><span style=\"color: #000000;\">ISBN : 979-10-97079-28-4<\/span><\/td>\n<\/tr>\n<\/tbody>\n<\/table>\n<p>En savoir plus en visitant <strong><a href=\"https:\/\/editionsdudetour.com\/index.php\/mathilde-larrere-plus-dinfos-2\/\" target=\"_blank\" rel=\"noopener noreferrer\">la page d\u00e9di\u00e9e.<\/a><\/strong><\/p>\n<hr \/>\n\n\n<h3>Premi\u00e8res pages et table des mati\u00e8res<\/h3>\n\n\n\t\t<style>\r\n            #h5vp69e8e112769e1 iframe {  width: 100%; }        <\/style>\r\n        \t    <div id=\"h5vp69e8e112769e1\" class=\"pdfp_wrapper\">\r\n                        <div class=\"cta_wrapper\">\r\n                \t            <p><a class=\"fullscreenBtn\" href=\"https:\/\/editionsdudetour.com\/wp-content\/plugins\/pdf-poster\/pdfjs\/web\/viewer.html?file=http:\/\/editionsdudetour.com\/wp-content\/uploads\/2020\/08\/Des-intrus-en-politique.pdf&#038;download=true&#038;print=&#038;openfile=false\"><button>View Fullscreen<\/button><\/a><\/p>\r\n            <\/div>\r\n            <div class=\"iframe_wrapper\">\r\n                <iframe loading=\"lazy\" width=\"100%\" height=\"1122px\" src=\"https:\/\/editionsdudetour.com\/wp-content\/plugins\/pdf-poster\/pdfjs\/web\/viewer.html?file=http:\/\/editionsdudetour.com\/wp-content\/uploads\/2020\/08\/Des-intrus-en-politique.pdf&#038;download=true&#038;print=&#038;openfile=false\"><\/iframe>\r\n            <\/div>\r\n\t    <\/div>\r\n        ","protected":false},"excerpt":{"rendered":"<p>Des intrus en politique Femmes et minorit\u00e9s : dominations et r\u00e9sistances Mathilde Larr\u00e8re &amp; Aude Lorriaux Nos repr\u00e9sentants politiques ont longtemps \u00e9t\u00e9 des hommes blancs et ais\u00e9s. Aujourd\u2019hui la situation change et quelques places ont \u00e9t\u00e9 c\u00e9d\u00e9es \u00e0 des femmes, des personnes racialis\u00e9es, issues des classes populaires ou homosexuelles. Pourtant pour ces intrus, le syst\u00e8me [&hellip;]<\/p>\n","protected":false},"author":1,"featured_media":0,"parent":14,"menu_order":0,"comment_status":"closed","ping_status":"closed","template":"","meta":[],"_links":{"self":[{"href":"https:\/\/editionsdudetour.com\/index.php\/wp-json\/wp\/v2\/pages\/307"}],"collection":[{"href":"https:\/\/editionsdudetour.com\/index.php\/wp-json\/wp\/v2\/pages"}],"about":[{"href":"https:\/\/editionsdudetour.com\/index.php\/wp-json\/wp\/v2\/types\/page"}],"author":[{"embeddable":true,"href":"https:\/\/editionsdudetour.com\/index.php\/wp-json\/wp\/v2\/users\/1"}],"replies":[{"embeddable":true,"href":"https:\/\/editionsdudetour.com\/index.php\/wp-json\/wp\/v2\/comments?post=307"}],"version-history":[{"count":15,"href":"https:\/\/editionsdudetour.com\/index.php\/wp-json\/wp\/v2\/pages\/307\/revisions"}],"predecessor-version":[{"id":6171,"href":"https:\/\/editionsdudetour.com\/index.php\/wp-json\/wp\/v2\/pages\/307\/revisions\/6171"}],"up":[{"embeddable":true,"href":"https:\/\/editionsdudetour.com\/index.php\/wp-json\/wp\/v2\/pages\/14"}],"wp:attachment":[{"href":"https:\/\/editionsdudetour.com\/index.php\/wp-json\/wp\/v2\/media?parent=307"}],"curies":[{"name":"wp","href":"https:\/\/api.w.org\/{rel}","templated":true}]}}