{"id":304,"date":"2017-08-03T11:04:11","date_gmt":"2017-08-03T09:04:11","guid":{"rendered":"http:\/\/editionsdudetour.com\/?page_id=304"},"modified":"2024-12-16T15:53:38","modified_gmt":"2024-12-16T14:53:38","slug":"la-secu-les-vautours-et-moi","status":"publish","type":"page","link":"https:\/\/editionsdudetour.com\/index.php\/les-livres\/la-secu-les-vautours-et-moi\/","title":{"rendered":"La S\u00e9cu, les vautours et moi"},"content":{"rendered":"<p>\u25ca<a href=\"http:\/\/editionsdudetour.com\/wp-content\/uploads\/2023\/04\/La-secu-les-vautours-et-moi-\u2013-Couverture-beige-\u2013-Bat-\u2013-Couverture-\u2013-BAT-scaled.jpg\" data-wplink-edit=\"true\"><img loading=\"lazy\" class=\"wp-image-3555 alignleft\" src=\"http:\/\/editionsdudetour.com\/wp-content\/uploads\/2023\/04\/La-secu-les-vautours-et-moi-\u2013-Couverture-beige-\u2013-Bat-\u2013-Couverture-\u2013-BAT-653x1024.jpg\" alt=\"\" width=\"265\" height=\"415\" srcset=\"https:\/\/editionsdudetour.com\/wp-content\/uploads\/2023\/04\/La-secu-les-vautours-et-moi-\u2013-Couverture-beige-\u2013-Bat-\u2013-Couverture-\u2013-BAT-653x1024.jpg 653w, https:\/\/editionsdudetour.com\/wp-content\/uploads\/2023\/04\/La-secu-les-vautours-et-moi-\u2013-Couverture-beige-\u2013-Bat-\u2013-Couverture-\u2013-BAT-191x300.jpg 191w, https:\/\/editionsdudetour.com\/wp-content\/uploads\/2023\/04\/La-secu-les-vautours-et-moi-\u2013-Couverture-beige-\u2013-Bat-\u2013-Couverture-\u2013-BAT-768x1203.jpg 768w, https:\/\/editionsdudetour.com\/wp-content\/uploads\/2023\/04\/La-secu-les-vautours-et-moi-\u2013-Couverture-beige-\u2013-Bat-\u2013-Couverture-\u2013-BAT-980x1536.jpg 980w, https:\/\/editionsdudetour.com\/wp-content\/uploads\/2023\/04\/La-secu-les-vautours-et-moi-\u2013-Couverture-beige-\u2013-Bat-\u2013-Couverture-\u2013-BAT-1307x2048.jpg 1307w, https:\/\/editionsdudetour.com\/wp-content\/uploads\/2023\/04\/La-secu-les-vautours-et-moi-\u2013-Couverture-beige-\u2013-Bat-\u2013-Couverture-\u2013-BAT-624x978.jpg 624w, https:\/\/editionsdudetour.com\/wp-content\/uploads\/2023\/04\/La-secu-les-vautours-et-moi-\u2013-Couverture-beige-\u2013-Bat-\u2013-Couverture-\u2013-BAT-1320x2068.jpg 1320w, https:\/\/editionsdudetour.com\/wp-content\/uploads\/2023\/04\/La-secu-les-vautours-et-moi-\u2013-Couverture-beige-\u2013-Bat-\u2013-Couverture-\u2013-BAT-scaled.jpg 1634w\" sizes=\"(max-width: 265px) 100vw, 265px\" \/><\/a><\/p>\n<h1>La S\u00e9cu, les vautours et moi<\/h1>\n<h2>Les enjeux de la protection sociale<\/h2>\n<h3><span style=\"color: #800000;\">Richard Monvoisin &amp; Nicolas Pinsault<\/span><\/h3>\n<p>Comprendre sous forme l\u00e9g\u00e8re mais corrosive le fonctionnement de la s\u00e9curit\u00e9 sociale, dans le but de se r\u00e9approprier les enjeux politiques et \u00e9thiques li\u00e9s \u00e0 la sant\u00e9 : histoire de la protection sociale, probl\u00e8mes politiques et moraux, les menaces qui p\u00e8sent sur elle. Ce livre rappelle, sous forme de dialogue, le sens des mots couverture maladie, parcours de soin, ticket mod\u00e9rateur, mutuelle, d\u00e9pendance, etc.<\/p>\n<p>Ce dialogue entre un \u00e9tudiant et son a\u00een\u00e9 nous d\u00e9crit la protection sociale en France, du d\u00e9but du XX<sup>e<\/sup> si\u00e8cle \u00e0 nos jours. Les auteurs scrutent avec un \u0153il critique et un ton d\u00e9capant les \u00e9l\u00e9ments pour comprendre ce qu\u2019est la s\u00e9curit\u00e9 sociale. L\u2019analyse d\u00e9taill\u00e9e de la couverture sant\u00e9 est l\u2019occasion pour nos comparses d\u2019aborder son financement, de fustiger les acteurs publics et priv\u00e9s, de s\u2019empailler sur les enjeux de sa marchandisation ou d\u2019esquisser des solutions pour repeupler les fameux d\u00e9serts m\u00e9dicaux. Conscients des enjeux politiques et \u00e9thiques, ils n\u2019h\u00e9sitent pas \u00e0 sortir des sentiers battus pour interroger tous les aspects de la sant\u00e9, les \u00ab alternatives \u00bb, la contraception, le vieillissement, la d\u00e9pendance et la fin de vie ainsi que l\u2019\u00e9volution de notre rapport \u00e0 la sant\u00e9 en ce d\u00e9but de si\u00e8cle.<\/p>\n<p><strong><span style=\"color: #800000;\">Richard Monvoisin<\/span><\/strong>, didacticien des sciences, co-fondateur du collectif CorteX, enseigne l\u2019autod\u00e9fense intellectuelle.<br \/><strong><span style=\"color: #800000;\">Nicolas Pinsault <\/span><\/strong>est kin\u00e9sith\u00e9rapeute et ma\u00eetre de conf\u00e9rences en UFR de m\u00e9decine.<br \/>Ils enseignent, cherchent et \u00e9crivent ensemble \u00e0 l\u2019universit\u00e9 Grenoble-Alpes.<\/p>\n<p>Illustration de couverture : Julien Cau<\/p>\n<table style=\"width: 192px;\">\n<tbody>\n<tr>\n<td style=\"width: 207px;\"><span style=\"color: #000000;\">Parution : 05 octobre 2017<\/span><\/td>\n<\/tr>\n<tr>\n<td style=\"width: 207px;\"><span style=\"color: #000000;\">Livre : 19 \u20ac<\/span><\/td>\n<\/tr>\n<tr>\n<td style=\"width: 207px;\"><span style=\"color: #000000;\">272 pages<\/span><\/td>\n<\/tr>\n<tr>\n<td style=\"width: 207px;\"><span style=\"color: #000000;\">Format : 14 X 22 cm<\/span><\/td>\n<\/tr>\n<tr>\n<td style=\"width: 207px;\"><span style=\"color: #000000;\">ISBN : 979-10-97079-24-6<\/span><\/td>\n<\/tr>\n<\/tbody>\n<\/table>\n<hr \/>\n\n\n<h3>Premi\u00e8res pages et table des mati\u00e8res<\/h3>\n<p>\u00a0<\/p>\n\n\n\t\t<style>\r\n            #h5vp69e63c92b9380 iframe {  width: 100%; }        <\/style>\r\n        \t    <div id=\"h5vp69e63c92b9380\" class=\"pdfp_wrapper\">\r\n                        <div class=\"cta_wrapper\">\r\n                \t            <p><a class=\"fullscreenBtn\" href=\"https:\/\/editionsdudetour.com\/wp-content\/plugins\/pdf-poster\/pdfjs\/web\/viewer.html?file=http:\/\/editionsdudetour.com\/wp-content\/uploads\/2023\/09\/pour-site-La-Secu-les-vautours-et-moi.pdf&#038;download=true&#038;print=false&#038;openfile=false\"><button>View Fullscreen<\/button><\/a><\/p>\r\n            <\/div>\r\n            <div class=\"iframe_wrapper\">\r\n                <iframe loading=\"lazy\" width=\"100%\" height=\"1122px\" src=\"https:\/\/editionsdudetour.com\/wp-content\/plugins\/pdf-poster\/pdfjs\/web\/viewer.html?file=http:\/\/editionsdudetour.com\/wp-content\/uploads\/2023\/09\/pour-site-La-Secu-les-vautours-et-moi.pdf&#038;download=true&#038;print=false&#038;openfile=false\"><\/iframe>\r\n            <\/div>\r\n\t    <\/div>\r\n        ","protected":false},"excerpt":{"rendered":"<p>\u25ca La S\u00e9cu, les vautours et moi Les enjeux de la protection sociale Richard Monvoisin &amp; Nicolas Pinsault Comprendre sous forme l\u00e9g\u00e8re mais corrosive le fonctionnement de la s\u00e9curit\u00e9 sociale, dans le but de se r\u00e9approprier les enjeux politiques et \u00e9thiques li\u00e9s \u00e0 la sant\u00e9 : histoire de la protection sociale, probl\u00e8mes politiques et moraux, [&hellip;]<\/p>\n","protected":false},"author":1,"featured_media":0,"parent":14,"menu_order":0,"comment_status":"closed","ping_status":"closed","template":"","meta":[],"_links":{"self":[{"href":"https:\/\/editionsdudetour.com\/index.php\/wp-json\/wp\/v2\/pages\/304"}],"collection":[{"href":"https:\/\/editionsdudetour.com\/index.php\/wp-json\/wp\/v2\/pages"}],"about":[{"href":"https:\/\/editionsdudetour.com\/index.php\/wp-json\/wp\/v2\/types\/page"}],"author":[{"embeddable":true,"href":"https:\/\/editionsdudetour.com\/index.php\/wp-json\/wp\/v2\/users\/1"}],"replies":[{"embeddable":true,"href":"https:\/\/editionsdudetour.com\/index.php\/wp-json\/wp\/v2\/comments?post=304"}],"version-history":[{"count":20,"href":"https:\/\/editionsdudetour.com\/index.php\/wp-json\/wp\/v2\/pages\/304\/revisions"}],"predecessor-version":[{"id":4733,"href":"https:\/\/editionsdudetour.com\/index.php\/wp-json\/wp\/v2\/pages\/304\/revisions\/4733"}],"up":[{"embeddable":true,"href":"https:\/\/editionsdudetour.com\/index.php\/wp-json\/wp\/v2\/pages\/14"}],"wp:attachment":[{"href":"https:\/\/editionsdudetour.com\/index.php\/wp-json\/wp\/v2\/media?parent=304"}],"curies":[{"name":"wp","href":"https:\/\/api.w.org\/{rel}","templated":true}]}}