{"id":301,"date":"2017-08-03T11:01:42","date_gmt":"2017-08-03T09:01:42","guid":{"rendered":"http:\/\/editionsdudetour.com\/?page_id=301"},"modified":"2022-05-18T16:27:03","modified_gmt":"2022-05-18T14:27:03","slug":"seize-promenades-historiques-dans-paris","status":"publish","type":"page","link":"https:\/\/editionsdudetour.com\/index.php\/les-livres\/seize-promenades-historiques-dans-paris\/","title":{"rendered":"Seize promenades historiques dans Paris"},"content":{"rendered":"<p><a href=\"http:\/\/editionsdudetour.com\/wp-content\/uploads\/2020\/08\/16-promenades-historiques-dans-Paris-couverture-scaled.jpg\"><img loading=\"lazy\" class=\"alignleft wp-image-264\" src=\"http:\/\/editionsdudetour.com\/wp-content\/uploads\/2017\/07\/Couverture-Pinol-Garden.jpg\" alt=\"Seize promenades historiques dans Paris\" width=\"217\" height=\"326\" \/><\/a><\/p>\n<h1>Seize promenades historiques dans Paris<\/h1>\n<h3><span style=\"color: #800000;\">Jean-Luc Pinol &amp; Maurice Garden<\/span><\/h3>\n<p>Dans Paris en compagnie de deux historiens sp\u00e9cialistes de l\u2019histoire de la ville. Chaque promenade est compl\u00e9t\u00e9e de cartes et d\u2019encarts sp\u00e9cifiques pour d\u00e9couvrir des aspects inconnus ou \u00e9tonnants de Paris et de l\u2019histoire de ses habitants.<\/p>\n<p>La rue Saint-Dominique est en plein tr\u00e8s chic 7<sup>e<\/sup> arrondissement, et pourtant elle garde une tonalit\u00e9 populaire. Est-ce parce qu\u2019ici, jusqu\u2019en 1905, se dressait l\u2019une des plus grosse usines de Paris, la Manufacture des tabacs ?<\/p>\n<p>Convoquant leur connaissance de l\u2019histoire urbaine et sociale de Paris, Maurice Garden et Jean-Luc Pinol nous proposent d\u2019en parcourir les rues loin des clich\u00e9s. En les suivant, vous d\u00e9couvrirez l\u2019histoire de la ville et de ses habitants : le Marais par la rue Vieille du Temple, les riches h\u00f4tels et les jardins de la rue du Faubourg Saint-Honor\u00e9, le quartier qu\u2019acheta et construisit le banquier Delessert et son usine de sucre de betteraves au seuil de Passy, le destin des loueurs de chevaux des Champs-Elys\u00e9es, les premier logements sociaux de la rue de Nantes&#8230;<\/p>\n<p><span style=\"color: #800000;\"><strong>Maurice Garden<\/strong><\/span> est professeur honoraire des universit\u00e9s et sp\u00e9cialiste de l\u2019histoire sociale des villes (Lyon, Paris).\u00a0 <span style=\"color: #800000;\"><strong>Jean-Luc Pinol<\/strong> <\/span>est professeur \u00e9m\u00e9rite d\u2019histoire contemporaine \u00e0 L\u2019ENS Lyon et sp\u00e9cialiste d\u2019histoire urbaine. Il est \u00e9galement l&rsquo;auteur aux \u00e9ditions du D\u00e9tour de <a href=\"http:\/\/editionsdudetour.com\/index.php\/les-livres\/convois\/\"><em>Convois \u2014 La D\u00e9portation des Juifs de France<\/em><\/a><\/p>\n<table style=\"width: 192px;\">\n<tbody>\n<tr>\n<td style=\"width: 207px;\"><span style=\"color: #000000;\">Parution : 28 septembre 2017<\/span><\/td>\n<\/tr>\n<tr>\n<td style=\"width: 207px;\"><span style=\"color: #000000;\">Livre : 22 \u20ac<\/span><\/td>\n<\/tr>\n<tr>\n<td style=\"width: 207px;\"><span style=\"color: #000000;\">272 pages<\/span><\/td>\n<\/tr>\n<tr>\n<td style=\"width: 207px;\"><span style=\"color: #000000;\">Format : 16 X 24 cm<\/span><\/td>\n<\/tr>\n<tr>\n<td style=\"width: 207px;\"><span style=\"color: #000000;\">ISBN : 979-10-97079-16-1<\/span><\/td>\n<\/tr>\n<\/tbody>\n<\/table>\n<hr \/>\n\n\n<h3>\u00a0<\/h3>\n<h3>Extraits et table des mati\u00e8res<\/h3>\n<p>\u00a0<\/p>\n\n\n\t\t<style>\r\n            #h5vp69eb88b13d82e iframe {  width: 100%; }        <\/style>\r\n        \t    <div id=\"h5vp69eb88b13d82e\" class=\"pdfp_wrapper\">\r\n                        <div class=\"cta_wrapper\">\r\n                \t            <p><a class=\"fullscreenBtn\" href=\"https:\/\/editionsdudetour.com\/wp-content\/plugins\/pdf-poster\/pdfjs\/web\/viewer.html?file=http:\/\/editionsdudetour.com\/wp-content\/uploads\/2020\/08\/16-promenades-pour-site.pdf&#038;download=true&#038;print=&#038;openfile=false\"><button>View Fullscreen<\/button><\/a><\/p>\r\n            <\/div>\r\n            <div class=\"iframe_wrapper\">\r\n                <iframe loading=\"lazy\" width=\"100%\" height=\"1122px\" src=\"https:\/\/editionsdudetour.com\/wp-content\/plugins\/pdf-poster\/pdfjs\/web\/viewer.html?file=http:\/\/editionsdudetour.com\/wp-content\/uploads\/2020\/08\/16-promenades-pour-site.pdf&#038;download=true&#038;print=&#038;openfile=false\"><\/iframe>\r\n            <\/div>\r\n\t    <\/div>\r\n        ","protected":false},"excerpt":{"rendered":"<p>Seize promenades historiques dans Paris Jean-Luc Pinol &amp; Maurice Garden Dans Paris en compagnie de deux historiens sp\u00e9cialistes de l\u2019histoire de la ville. Chaque promenade est compl\u00e9t\u00e9e de cartes et d\u2019encarts sp\u00e9cifiques pour d\u00e9couvrir des aspects inconnus ou \u00e9tonnants de Paris et de l\u2019histoire de ses habitants. La rue Saint-Dominique est en plein tr\u00e8s chic [&hellip;]<\/p>\n","protected":false},"author":1,"featured_media":0,"parent":14,"menu_order":0,"comment_status":"closed","ping_status":"closed","template":"","meta":[],"_links":{"self":[{"href":"https:\/\/editionsdudetour.com\/index.php\/wp-json\/wp\/v2\/pages\/301"}],"collection":[{"href":"https:\/\/editionsdudetour.com\/index.php\/wp-json\/wp\/v2\/pages"}],"about":[{"href":"https:\/\/editionsdudetour.com\/index.php\/wp-json\/wp\/v2\/types\/page"}],"author":[{"embeddable":true,"href":"https:\/\/editionsdudetour.com\/index.php\/wp-json\/wp\/v2\/users\/1"}],"replies":[{"embeddable":true,"href":"https:\/\/editionsdudetour.com\/index.php\/wp-json\/wp\/v2\/comments?post=301"}],"version-history":[{"count":14,"href":"https:\/\/editionsdudetour.com\/index.php\/wp-json\/wp\/v2\/pages\/301\/revisions"}],"predecessor-version":[{"id":3112,"href":"https:\/\/editionsdudetour.com\/index.php\/wp-json\/wp\/v2\/pages\/301\/revisions\/3112"}],"up":[{"embeddable":true,"href":"https:\/\/editionsdudetour.com\/index.php\/wp-json\/wp\/v2\/pages\/14"}],"wp:attachment":[{"href":"https:\/\/editionsdudetour.com\/index.php\/wp-json\/wp\/v2\/media?parent=301"}],"curies":[{"name":"wp","href":"https:\/\/api.w.org\/{rel}","templated":true}]}}