{"id":2958,"date":"2022-04-27T15:56:18","date_gmt":"2022-04-27T13:56:18","guid":{"rendered":"http:\/\/editionsdudetour.com\/?page_id=2958"},"modified":"2022-05-18T14:30:15","modified_gmt":"2022-05-18T12:30:15","slug":"2958-2","status":"publish","type":"page","link":"https:\/\/editionsdudetour.com\/index.php\/2958-2\/","title":{"rendered":"&#8211; L&rsquo;An prochain, la r\u00e9volution"},"content":{"rendered":"\n<h1>&nbsp;<\/h1>\n<h1 id=\"block-74b30278-7234-4843-940d-c373b65bbca5\"><a href=\"http:\/\/editionsdudetour.com\/index.php\/2958-2\/lan-prochain-la-revolution\/\" rel=\"attachment wp-att-3052\"><img loading=\"lazy\" class=\"wp-image-3052 alignleft\" src=\"http:\/\/editionsdudetour.com\/wp-content\/uploads\/2022\/05\/lan-prochain-la-revolution-683x1024.jpg\" alt=\"\" width=\"203\" height=\"305\" srcset=\"https:\/\/editionsdudetour.com\/wp-content\/uploads\/2022\/05\/lan-prochain-la-revolution-683x1024.jpg 683w, https:\/\/editionsdudetour.com\/wp-content\/uploads\/2022\/05\/lan-prochain-la-revolution-200x300.jpg 200w, https:\/\/editionsdudetour.com\/wp-content\/uploads\/2022\/05\/lan-prochain-la-revolution-768x1152.jpg 768w, https:\/\/editionsdudetour.com\/wp-content\/uploads\/2022\/05\/lan-prochain-la-revolution-1024x1536.jpg 1024w, https:\/\/editionsdudetour.com\/wp-content\/uploads\/2022\/05\/lan-prochain-la-revolution-1366x2048.jpg 1366w, https:\/\/editionsdudetour.com\/wp-content\/uploads\/2022\/05\/lan-prochain-la-revolution-624x936.jpg 624w, https:\/\/editionsdudetour.com\/wp-content\/uploads\/2022\/05\/lan-prochain-la-revolution-1320x1980.jpg 1320w, https:\/\/editionsdudetour.com\/wp-content\/uploads\/2022\/05\/lan-prochain-la-revolution-scaled.jpg 1707w\" sizes=\"(max-width: 203px) 100vw, 203px\" \/><\/a><br>L\u2019An prochain, la r\u00e9volution<\/h1>\n<h2>Les communistes juifs immigr\u00e9s dans la tourmente stalinienne (1930-1945)<\/h2>\n<h3>Maurice Rajsfus<\/h3>\n<p><strong>Pr\u00e9face d\u2019Olivier Besancenot<\/strong><\/p>\n<p>Ils sont arriv\u00e9s d\u2019Europe orientale au d\u00e9but des ann\u00e9es 1920, la <em>Torah<\/em> et le <em>Manifeste du parti communiste en poche<\/em>. Itin\u00e9raires de ces militants \u00ab Yids \u00bb, quand il \u00e9tait minuit dans le XX<sup>e<\/sup> si\u00e8cle.<\/p>\n<p>Ouvriers, artisans ou intellectuels, ils sont arriv\u00e9s en France aspirant \u00e0 un monde plus juste. Ils vont grossir les rangs des r\u00e9volutionnaires communistes, dans ou tr\u00e8s pr\u00e8s du PCF.<\/p>\n<p>Ce livre est le r\u00e9cit, sur quinze ann\u00e9es, de luttes, de r\u00e9voltes contre l\u2019exploitation puis contre la barbarie fasciste. Du d\u00e9but des ann\u00e9es 1930 \u00e0 l\u2019imm\u00e9diat apr\u00e8s-guerre, en passant par le Front populaire, la guerre d\u2019Espagne et la R\u00e9sistance, ces exil\u00e9s d\u2019Europe centrale, fuyant l\u2019antis\u00e9mitisme, ont \u00e9t\u00e9 de tous les combats.<\/p>\n<p>T\u00e9moignages et documents rares \u00e0 l\u2019appui, Maurice Rajsfus d\u00e9voile les parcours de ces militants r\u00e9volutionnaires. Il interroge \u00e9galement les ambigu\u00eft\u00e9s du PCF, parfois m\u00e9fiant \u00e0 l\u2019\u00e9gard de ces combattants venus d\u2019ailleurs\u2026<\/p>\n<p>Rescap\u00e9 de la rafle du V\u00e9l\u2019 d\u2019Hiv \u00e0 quatorze ans, historien de la r\u00e9pression polici\u00e8re et militant antiautoritaire, <span style=\"color: #993300;\"><strong><span class=\"tadv-color\">Maurice Rajsfus<\/span><\/strong><\/span> (1928-2020) fut l\u2019auteur de plus de 60&nbsp;ouvrages, dont, aux \u00e9ditions du D\u00e9tour, <em>Des Juifs dans la Collaboration&nbsp;: L\u2019Ugif (1941-1944), La Police de Vichy<\/em> et <em>La Rafle du Vel\u2019 d\u2019Hiv<\/em>, en 2021 et, en 2022, <em>Drancy&nbsp;: Un camp de concentration tr\u00e8s ordinaire<\/em>, <em>Op\u00e9ration \u00e9toile jaune<\/em> et <em>Paris,1942 \u2013 Chroniques d\u2019un survivant<\/em>.<\/p>\n<figure class=\"wp-block-table\">\n<table>\n<tbody>\n<tr>\n<td>Parution&nbsp;: 12 mai 2022<\/td>\n<\/tr>\n<tr>\n<td>Genre&nbsp;: essai<\/td>\n<\/tr>\n<tr>\n<td>Domaine&nbsp;: Histoire<\/td>\n<\/tr>\n<tr>\n<td>23&nbsp;\u20ac<\/td>\n<\/tr>\n<tr>\n<td>448 pages, broch\u00e9<\/td>\n<\/tr>\n<tr>\n<td>Format&nbsp;: 16X24 cm<\/td>\n<\/tr>\n<tr>\n<td>ISBN&nbsp;: 978-2-493229-68-7<\/td>\n<\/tr>\n<\/tbody>\n<\/table>\n<\/figure>\n\n\n\n<h3>Premi\u00e8res pages et table des mati\u00e8res<\/h3>\n<p>\u00a0<\/p>\n\n\n\t\t<style>\r\n            #h5vp6a079c13e9996 iframe {  width: 100%; }        <\/style>\r\n        \t    <div id=\"h5vp6a079c13e9996\" class=\"pdfp_wrapper\">\r\n                        <div class=\"cta_wrapper\">\r\n                \t            <p><a class=\"fullscreenBtn\" href=\"https:\/\/editionsdudetour.com\/wp-content\/plugins\/pdf-poster\/pdfjs\/web\/viewer.html?file=http:\/\/editionsdudetour.com\/wp-content\/uploads\/2020\/08\/lan-prochain-la-revolution-pour-site.pdf&#038;download=true&#038;print=&#038;openfile=false\"><button>View Fullscreen<\/button><\/a><\/p>\r\n            <\/div>\r\n            <div class=\"iframe_wrapper\">\r\n                <iframe loading=\"lazy\" width=\"100%\" height=\"1122px\" src=\"https:\/\/editionsdudetour.com\/wp-content\/plugins\/pdf-poster\/pdfjs\/web\/viewer.html?file=http:\/\/editionsdudetour.com\/wp-content\/uploads\/2020\/08\/lan-prochain-la-revolution-pour-site.pdf&#038;download=true&#038;print=&#038;openfile=false\"><\/iframe>\r\n            <\/div>\r\n\t    <\/div>\r\n        ","protected":false},"excerpt":{"rendered":"<p>&nbsp; L\u2019An prochain, la r\u00e9volution Les communistes juifs immigr\u00e9s dans la tourmente stalinienne (1930-1945) Maurice Rajsfus Pr\u00e9face d\u2019Olivier Besancenot Ils sont arriv\u00e9s d\u2019Europe orientale au d\u00e9but des ann\u00e9es 1920, la Torah et le Manifeste du parti communiste en poche. Itin\u00e9raires de ces militants \u00ab Yids \u00bb, quand il \u00e9tait minuit dans le XXe si\u00e8cle. Ouvriers, [&hellip;]<\/p>\n","protected":false},"author":1,"featured_media":0,"parent":0,"menu_order":0,"comment_status":"closed","ping_status":"closed","template":"","meta":[],"_links":{"self":[{"href":"https:\/\/editionsdudetour.com\/index.php\/wp-json\/wp\/v2\/pages\/2958"}],"collection":[{"href":"https:\/\/editionsdudetour.com\/index.php\/wp-json\/wp\/v2\/pages"}],"about":[{"href":"https:\/\/editionsdudetour.com\/index.php\/wp-json\/wp\/v2\/types\/page"}],"author":[{"embeddable":true,"href":"https:\/\/editionsdudetour.com\/index.php\/wp-json\/wp\/v2\/users\/1"}],"replies":[{"embeddable":true,"href":"https:\/\/editionsdudetour.com\/index.php\/wp-json\/wp\/v2\/comments?post=2958"}],"version-history":[{"count":6,"href":"https:\/\/editionsdudetour.com\/index.php\/wp-json\/wp\/v2\/pages\/2958\/revisions"}],"predecessor-version":[{"id":3073,"href":"https:\/\/editionsdudetour.com\/index.php\/wp-json\/wp\/v2\/pages\/2958\/revisions\/3073"}],"wp:attachment":[{"href":"https:\/\/editionsdudetour.com\/index.php\/wp-json\/wp\/v2\/media?parent=2958"}],"curies":[{"name":"wp","href":"https:\/\/api.w.org\/{rel}","templated":true}]}}