{"id":2944,"date":"2022-04-18T10:51:02","date_gmt":"2022-04-18T08:51:02","guid":{"rendered":"http:\/\/editionsdudetour.com\/?page_id=2944"},"modified":"2022-05-18T14:53:55","modified_gmt":"2022-05-18T12:53:55","slug":"paris-1942","status":"publish","type":"page","link":"https:\/\/editionsdudetour.com\/index.php\/les-livres\/paris-1942\/","title":{"rendered":"Paris, 1942"},"content":{"rendered":"\n<h1 id=\"block-74b30278-7234-4843-940d-c373b65bbca5\"><a href=\"http:\/\/editionsdudetour.com\/wp-content\/uploads\/2020\/08\/Couv-Paris-1942-624x980-1.jpg\"><img loading=\"lazy\" class=\" wp-image-2812 alignleft\" src=\"http:\/\/editionsdudetour.com\/wp-content\/uploads\/2022\/01\/Couv-Paris-1942-652x1024.jpg\" sizes=\"(max-width: 250px) 100vw, 250px\" srcset=\"http:\/\/editionsdudetour.com\/wp-content\/uploads\/2022\/01\/Couv-Paris-1942-652x1024.jpg 652w, http:\/\/editionsdudetour.com\/wp-content\/uploads\/2022\/01\/Couv-Paris-1942-191x300.jpg 191w, http:\/\/editionsdudetour.com\/wp-content\/uploads\/2022\/01\/Couv-Paris-1942-768x1206.jpg 768w, http:\/\/editionsdudetour.com\/wp-content\/uploads\/2022\/01\/Couv-Paris-1942-978x1536.jpg 978w, http:\/\/editionsdudetour.com\/wp-content\/uploads\/2022\/01\/Couv-Paris-1942-1304x2048.jpg 1304w, http:\/\/editionsdudetour.com\/wp-content\/uploads\/2022\/01\/Couv-Paris-1942-624x980.jpg 624w, http:\/\/editionsdudetour.com\/wp-content\/uploads\/2022\/01\/Couv-Paris-1942-1320x2073.jpg 1320w, http:\/\/editionsdudetour.com\/wp-content\/uploads\/2022\/01\/Couv-Paris-1942-scaled.jpg 1630w\" alt=\"\" width=\"250\" height=\"393\" \/><\/a>Paris,\u00a01942<\/h1>\n<h2>Chroniques d\u2019un survivant<\/h2>\n<h3>Maurice Rajsfus<\/h3>\n<p>Ce livre est le r\u00e9cit du quotidien, amer et dramatique, d\u2019un gar\u00e7on juif de quatorze ans, bient\u00f4t seul avec sa s\u0153ur dans le Paris de l\u2019Occupation.<\/p>\n<p>Paris, 1942. Le sort des Juifs de France, d\u00e9j\u00e0 pers\u00e9cut\u00e9s depuis le d\u00e9but de l\u2019Occupation, s\u2019aggrave brutalement. Le port de l\u2019\u00e9toile est impos\u00e9 \u00e0 partir de juin et surtout les d\u00e9portations s\u2019acc\u00e9l\u00e8rent. Le 16 juillet, les Rajsfus sont victimes de la rafle du V\u00e9l\u2019 d\u2019Hiv. Seuls le petit Maurice et sa s\u0153ur Eug\u00e9nie seront lib\u00e9r\u00e9s, ils ne reverront jamais leurs parents.<\/p>\n<p>Au-del\u00e0 des pers\u00e9cutions \u00e9tatiques, le livre montre comment la majorit\u00e9 de la population fran\u00e7aise, apeur\u00e9e, est odieusement indiff\u00e9rente au sort des Juifs. M\u00eame les solidarit\u00e9s de classe sont \u00e9branl\u00e9es. C\u2019est ici le legs unique d\u2019un jeune fran\u00e7ais soudainement projet\u00e9 dans la survie, consid\u00e9r\u00e9 comme un paria dans son propre pays.<\/p>\n<p>Compos\u00e9 de r\u00e9cits courts, vivants, Paris,\u00a01942 est \u00e9crit dans un style enlev\u00e9, parfois avec humour, souvent avec col\u00e8re. Il permet de saisir de fa\u00e7on sensible le quotidien \u2014 dans la rue, le m\u00e9tro ou chez le joaillier o\u00f9 l\u2019auteur fait son apprentissage\u2026 \u2014 d\u2019un jeune gar\u00e7on tentant de survivre aux moments les plus sombres de l\u2019Occupation.<\/p>\n<p>Rescap\u00e9 de la rafle du V\u00e9l\u2019 d\u2019Hiv \u00e0 quatorze ans, historien de la r\u00e9pression polici\u00e8re et militant antiautoritaire, <span style=\"color: #993300;\"><strong>Maurice Rajsfus<\/strong><\/span> (1928-2020) fut l\u2019auteur de plus de 60\u00a0ouvrages, dont, sur la m\u00eame p\u00e9riode et aux \u00e9ditions du D\u00e9tour, <em>Des Juifs dans la Collaboration\u00a0: L\u2019Ugif (1941-1944), La Police de Vichy<\/em> et <em>La Rafle du Vel\u2019 d\u2019Hiv<\/em>, en 2021 et, en 2022, <em>Drancy\u00a0: Un camp de concentration tr\u00e8s ordinaire<\/em> et <em>Op\u00e9ration \u00e9toile jaune<\/em>.<\/p>\n<figure class=\"wp-block-table\">\n<table>\n<tbody>\n<tr>\n<td>Parution\u00a0: 14 avril 2022<\/td>\n<\/tr>\n<tr>\n<td>Genre\u00a0: essai<\/td>\n<\/tr>\n<tr>\n<td>Domaine\u00a0: Histoire<\/td>\n<\/tr>\n<tr>\n<td>18,90 \u20ac<\/td>\n<\/tr>\n<tr>\n<td>224 pages, broch\u00e9, rabats<\/td>\n<\/tr>\n<tr>\n<td>Format\u00a0: 14 X 22 cm<\/td>\n<\/tr>\n<tr>\n<td>ISBN\u00a0: 978-24-9322-900-7<\/td>\n<\/tr>\n<\/tbody>\n<\/table>\n<\/figure>\n\n\n\n<h3>Premi\u00e8res pages et table des mati\u00e8res\u00a0<\/h3>\n\n\n\t\t<style>\r\n            #h5vp69e0c948a73b0 iframe {  width: 100%; }        <\/style>\r\n        \t    <div id=\"h5vp69e0c948a73b0\" class=\"pdfp_wrapper\">\r\n                        <div class=\"cta_wrapper\">\r\n                \t            <p><a class=\"fullscreenBtn\" href=\"https:\/\/editionsdudetour.com\/wp-content\/plugins\/pdf-poster\/pdfjs\/web\/viewer.html?file=http:\/\/editionsdudetour.com\/wp-content\/uploads\/2020\/08\/9782493229397_web.pdf&#038;download=true&#038;print=&#038;openfile=false\"><button>View Fullscreen<\/button><\/a><\/p>\r\n            <\/div>\r\n            <div class=\"iframe_wrapper\">\r\n                <iframe loading=\"lazy\" width=\"100%\" height=\"1122px\" src=\"https:\/\/editionsdudetour.com\/wp-content\/plugins\/pdf-poster\/pdfjs\/web\/viewer.html?file=http:\/\/editionsdudetour.com\/wp-content\/uploads\/2020\/08\/9782493229397_web.pdf&#038;download=true&#038;print=&#038;openfile=false\"><\/iframe>\r\n            <\/div>\r\n\t    <\/div>\r\n        ","protected":false},"excerpt":{"rendered":"<p>Paris,\u00a01942 Chroniques d\u2019un survivant Maurice Rajsfus Ce livre est le r\u00e9cit du quotidien, amer et dramatique, d\u2019un gar\u00e7on juif de quatorze ans, bient\u00f4t seul avec sa s\u0153ur dans le Paris de l\u2019Occupation. Paris, 1942. Le sort des Juifs de France, d\u00e9j\u00e0 pers\u00e9cut\u00e9s depuis le d\u00e9but de l\u2019Occupation, s\u2019aggrave brutalement. Le port de l\u2019\u00e9toile est impos\u00e9 [&hellip;]<\/p>\n","protected":false},"author":1,"featured_media":0,"parent":14,"menu_order":0,"comment_status":"closed","ping_status":"closed","template":"","meta":[],"_links":{"self":[{"href":"https:\/\/editionsdudetour.com\/index.php\/wp-json\/wp\/v2\/pages\/2944"}],"collection":[{"href":"https:\/\/editionsdudetour.com\/index.php\/wp-json\/wp\/v2\/pages"}],"about":[{"href":"https:\/\/editionsdudetour.com\/index.php\/wp-json\/wp\/v2\/types\/page"}],"author":[{"embeddable":true,"href":"https:\/\/editionsdudetour.com\/index.php\/wp-json\/wp\/v2\/users\/1"}],"replies":[{"embeddable":true,"href":"https:\/\/editionsdudetour.com\/index.php\/wp-json\/wp\/v2\/comments?post=2944"}],"version-history":[{"count":7,"href":"https:\/\/editionsdudetour.com\/index.php\/wp-json\/wp\/v2\/pages\/2944\/revisions"}],"predecessor-version":[{"id":3083,"href":"https:\/\/editionsdudetour.com\/index.php\/wp-json\/wp\/v2\/pages\/2944\/revisions\/3083"}],"up":[{"embeddable":true,"href":"https:\/\/editionsdudetour.com\/index.php\/wp-json\/wp\/v2\/pages\/14"}],"wp:attachment":[{"href":"https:\/\/editionsdudetour.com\/index.php\/wp-json\/wp\/v2\/media?parent=2944"}],"curies":[{"name":"wp","href":"https:\/\/api.w.org\/{rel}","templated":true}]}}