{"id":2897,"date":"2022-03-10T20:45:14","date_gmt":"2022-03-10T19:45:14","guid":{"rendered":"http:\/\/editionsdudetour.com\/?page_id=2897"},"modified":"2025-02-14T15:41:44","modified_gmt":"2025-02-14T14:41:44","slug":"operation-etoile-jaune","status":"publish","type":"page","link":"https:\/\/editionsdudetour.com\/index.php\/les-livres\/operation-etoile-jaune\/","title":{"rendered":""},"content":{"rendered":"\n<div class=\"wp-block-image\">\n<figure class=\"alignleft size-large is-resized\"><a href=\"http:\/\/editionsdudetour.com\/wp-content\/uploads\/2022\/01\/Couv-Ope\u0301ration-e\u0301toile.jpg\"><img loading=\"lazy\" class=\"alignnone wp-image-2791\" src=\"http:\/\/editionsdudetour.com\/wp-content\/uploads\/2022\/01\/Couv-Ope\u0301ration-e\u0301toile-674x1024.jpg\" sizes=\"(max-width: 250px) 100vw, 250px\" srcset=\"http:\/\/editionsdudetour.com\/wp-content\/uploads\/2022\/01\/Couv-Ope\u0301ration-e\u0301toile-674x1024.jpg 674w, http:\/\/editionsdudetour.com\/wp-content\/uploads\/2022\/01\/Couv-Ope\u0301ration-e\u0301toile-197x300.jpg 197w, http:\/\/editionsdudetour.com\/wp-content\/uploads\/2022\/01\/Couv-Ope\u0301ration-e\u0301toile-768x1168.jpg 768w, http:\/\/editionsdudetour.com\/wp-content\/uploads\/2022\/01\/Couv-Ope\u0301ration-e\u0301toile-1010x1536.jpg 1010w, http:\/\/editionsdudetour.com\/wp-content\/uploads\/2022\/01\/Couv-Ope\u0301ration-e\u0301toile-1347x2048.jpg 1347w, http:\/\/editionsdudetour.com\/wp-content\/uploads\/2022\/01\/Couv-Ope\u0301ration-e\u0301toile-624x949.jpg 624w, http:\/\/editionsdudetour.com\/wp-content\/uploads\/2022\/01\/Couv-Ope\u0301ration-e\u0301toile-1320x2007.jpg 1320w, http:\/\/editionsdudetour.com\/wp-content\/uploads\/2022\/01\/Couv-Ope\u0301ration-e\u0301toile.jpg 1476w\" alt=\"\" width=\"250\" height=\"379\" \/><\/a><\/figure>\n<\/div>\n<h1 class=\"has-large-font-size\">Op\u00e9ration \u00e9toile jaune<\/h1>\n<h3>Maurice Rajsfus<\/h3>\n<p>Le 7 juin 1942, en zone occup\u00e9e, entre en application l\u2019ordonnance nazie imposant le port de l\u2019\u00e9toile jaune \u00e0 tous les Juifs, d\u00e8s l\u2019\u00e2ge de six ans. La police fran\u00e7aise va mettre tout son z\u00e8le \u00e0 la faire appliquer.<\/p>\n<p>En application de la huiti\u00e8me ordonnance nazie du 29 mai 1942, le port de l\u2019\u00e9toile jaune est obligatoire pour les Juifs d\u00e8s l\u2019\u00e2ge de six ans, dans la zone occup\u00e9e, \u00e0 compter du 7 juin 1942. L\u2019ordonnance dispose\u00a0: \u00ab\u00a0Les Juifs devront se pr\u00e9senter au commissariat de police [\u2026] pour y recevoir les insignes en forme d\u2019\u00e9toile.\u00a0\u00bb<\/p>\n<p>S\u2019appuyant sur les archives de la pr\u00e9fecture de police et les rapports des renseignements g\u00e9n\u00e9raux, le livre montre \u00e0 quel point la police fran\u00e7aise est partie prenante de la stigmatisation et de l\u2019oppression des Juifs de France. Elle va en effet faire montre d\u2019un z\u00e8le sans faille, de nombreux Juifs furent arr\u00eat\u00e9s, intern\u00e9s et d\u00e9port\u00e9s sous les pr\u00e9textes les plus fallacieux\u2009: \u00e9toiles mal cousues, peu visibles mais aussi pour \u00ab\u00a0comportement arrogant\u00a0\u00bb\u2026<\/p>\n<p>Au-del\u00e0 de la simple application de l\u2019obligation du port de l\u2019\u00e9toile jaune, Maurice Rajsfus d\u00e9nonce le comportement de la police fran\u00e7aise sous l\u2019Occupation qui, sous couvert de faire respecter la loi, laisse, voire encourage, certains individus \u00e0 imposer par la force leur conception de l\u2019\u00ab\u00a0ordre\u00a0\u00bb, pas m\u00e9contents de \u00ab\u00a0nettoyer\u00a0\u00bb la France.<\/p>\n<p>Rescap\u00e9 de la rafle du V\u00e9l\u2019 d\u2019Hiv \u00e0 quatorze ans, historien de la r\u00e9pression polici\u00e8re et militant antiautoritaire, <span style=\"color: #993300;\"><strong><span class=\"tadv-color\">Maurice Rajsfus<\/span><\/strong><\/span> (1928-2020) fut l\u2019auteur de plus de 60\u00a0ouvrages, dont, sur la m\u00eame p\u00e9riode et aux \u00e9ditions du D\u00e9tour, <em>Des Juifs dans la Collaboration\u2009: L\u2019Ugif (1941-1944), La Police de Vichy<\/em> et <em>La Rafle du Vel\u2019 d\u2019Hiv<\/em>, en 2021 et, en 2022, <em>Paris, 1942\u00a0: Chroniques d\u2019un survivant<\/em> et <em>Drancy\u2009: Un camp de concentration tr\u00e8s ordinaire<\/em>.<\/p>\n<figure class=\"wp-block-table\">\n<table>\n<tbody>\n<tr>\n<td>Parution\u00a0: 17 mars 2022<\/td>\n<\/tr>\n<tr>\n<td>Genre\u00a0: essai<\/td>\n<\/tr>\n<tr>\n<td>Domaine\u00a0: Histoire<\/td>\n<\/tr>\n<tr>\n<td>14,90\u00a0\u20ac<\/td>\n<\/tr>\n<tr>\n<td>216 pages, broch\u00e9<\/td>\n<\/tr>\n<tr>\n<td>Format\u00a0: 12,5 X 19 cm<\/td>\n<\/tr>\n<tr>\n<td>ISBN\u00a0: 978-24-9322-901-4<\/td>\n<\/tr>\n<\/tbody>\n<\/table>\n<\/figure>\n\n\n\n<h3>\u00a0<\/h3>\n<h3>Extrait et table des mati\u00e8res<\/h3>\n<p>\u00a0<\/p>\n\n\n\t\t<style>\r\n            #h5vp69e027d8307a9 iframe {  width: 100%; }        <\/style>\r\n        \t    <div id=\"h5vp69e027d8307a9\" class=\"pdfp_wrapper\">\r\n                        <div class=\"cta_wrapper\">\r\n                \t            <p><a class=\"fullscreenBtn\" href=\"https:\/\/editionsdudetour.com\/wp-content\/plugins\/pdf-poster\/pdfjs\/web\/viewer.html?file=http:\/\/editionsdudetour.com\/wp-content\/uploads\/2020\/08\/Ope\u0301ration-e\u0301toile-jaune-pour-site.pdf&#038;download=true&#038;print=&#038;openfile=false\"><button>View Fullscreen<\/button><\/a><\/p>\r\n            <\/div>\r\n            <div class=\"iframe_wrapper\">\r\n                <iframe loading=\"lazy\" width=\"100%\" height=\"1122px\" src=\"https:\/\/editionsdudetour.com\/wp-content\/plugins\/pdf-poster\/pdfjs\/web\/viewer.html?file=http:\/\/editionsdudetour.com\/wp-content\/uploads\/2020\/08\/Ope\u0301ration-e\u0301toile-jaune-pour-site.pdf&#038;download=true&#038;print=&#038;openfile=false\"><\/iframe>\r\n            <\/div>\r\n\t    <\/div>\r\n        ","protected":false},"excerpt":{"rendered":"<p>Op\u00e9ration \u00e9toile jaune Maurice Rajsfus Le 7 juin 1942, en zone occup\u00e9e, entre en application l\u2019ordonnance nazie imposant le port de l\u2019\u00e9toile jaune \u00e0 tous les Juifs, d\u00e8s l\u2019\u00e2ge de six ans. La police fran\u00e7aise va mettre tout son z\u00e8le \u00e0 la faire appliquer. En application de la huiti\u00e8me ordonnance nazie du 29 mai 1942, [&hellip;]<\/p>\n","protected":false},"author":1,"featured_media":0,"parent":14,"menu_order":0,"comment_status":"closed","ping_status":"closed","template":"","meta":[],"_links":{"self":[{"href":"https:\/\/editionsdudetour.com\/index.php\/wp-json\/wp\/v2\/pages\/2897"}],"collection":[{"href":"https:\/\/editionsdudetour.com\/index.php\/wp-json\/wp\/v2\/pages"}],"about":[{"href":"https:\/\/editionsdudetour.com\/index.php\/wp-json\/wp\/v2\/types\/page"}],"author":[{"embeddable":true,"href":"https:\/\/editionsdudetour.com\/index.php\/wp-json\/wp\/v2\/users\/1"}],"replies":[{"embeddable":true,"href":"https:\/\/editionsdudetour.com\/index.php\/wp-json\/wp\/v2\/comments?post=2897"}],"version-history":[{"count":6,"href":"https:\/\/editionsdudetour.com\/index.php\/wp-json\/wp\/v2\/pages\/2897\/revisions"}],"predecessor-version":[{"id":4780,"href":"https:\/\/editionsdudetour.com\/index.php\/wp-json\/wp\/v2\/pages\/2897\/revisions\/4780"}],"up":[{"embeddable":true,"href":"https:\/\/editionsdudetour.com\/index.php\/wp-json\/wp\/v2\/pages\/14"}],"wp:attachment":[{"href":"https:\/\/editionsdudetour.com\/index.php\/wp-json\/wp\/v2\/media?parent=2897"}],"curies":[{"name":"wp","href":"https:\/\/api.w.org\/{rel}","templated":true}]}}