{"id":2747,"date":"2022-01-19T10:12:07","date_gmt":"2022-01-19T09:12:07","guid":{"rendered":"http:\/\/editionsdudetour.com\/?page_id=2747"},"modified":"2025-02-14T15:41:44","modified_gmt":"2025-02-14T14:41:44","slug":"agora-toxica","status":"publish","type":"page","link":"https:\/\/editionsdudetour.com\/index.php\/agora-toxica\/","title":{"rendered":""},"content":{"rendered":"<h1><a href=\"http:\/\/editionsdudetour.com\/wp-content\/uploads\/2020\/08\/gAgora-toxica-\u2013-Couverture-\u2013-Presse-scaled.jpg\"><img loading=\"lazy\" class=\"wp-image-1091 size-medium alignleft\" src=\"http:\/\/editionsdudetour.com\/wp-content\/uploads\/2020\/08\/mAgora-toxica-\u2013-Couverture-\u2013-Presse.jpg\" alt=\"\" width=\"200\" height=\"300\"><\/a><\/h1>\n<h1><em>Agora toxica<\/em><\/h1>\n<h2><em><em><em>La soci\u00e9t\u00e9 incivile \u00e0 l\u2019\u00e8re d\u2019Internet<\/em><\/em><\/em><\/h2>\n<h3>Stephanie Lamy<\/h3>\n<h2 class=\"has-normal-font-size\"><strong>Pr\u00e9face de Michel Duclos<\/strong><\/h2>\n<p>Racistes, sexistes, ennemis de la libert\u00e9 : une soci\u00e9t\u00e9 incivile exploite notre attention pour augmenter son influence politique, dans les m\u00e9dias, sur les r\u00e9seaux et dans les urnes. D\u00e9cryptons-les pour mieux prot\u00e9ger notre d\u00e9mocratie.<\/p>\n<p>Il serait dangereux de r\u00e9duire la d\u00e9sinformation aux <em>fake news<\/em> et aux flamb\u00e9es de commentaires haineux sur les \u00ab&nbsp;r\u00e9seaux sociaux&nbsp;\u00bb. Stephanie Lamy nous incite \u00e0 nous d\u00e9tacher des leurres pour regarder qui finance, organise et commandite les op\u00e9rations s\u00e9mantiques visant \u00e0 d\u00e9stabiliser les id\u00e9es d\u00e9mocratiques et le respect des droits humains.<\/p>\n<p>Trumpistes, identitaires, masculinistes, homophobes, affid\u00e9s de gouvernements autoritaires\u2026 Stephanie Lamy ne se limite pas \u00e0 remonter au hashtag qui a mis le feu \u00e0 telle ou telle situation explosive, mais retrace les strat\u00e9gies de ceux qui veulent prendre le pouvoir dans nos d\u00e9mocraties. Le danger n\u2019est pas que virtuel : des proches du Kremlin sont bien intervenus pour aggraver les tensions au moment de #BlackLiveMatter, ou, plus pr\u00e8s de nous, G\u00e9n\u00e9ration identitaire a r\u00e9ussi \u00e0 financer un bateau anti-migrants en M\u00e9diterran\u00e9e (op\u00e9ration Defend Europe).<\/p>\n<p>Or cette soci\u00e9t\u00e9 \u00abincivile\u00bb ressemble \u00e0 s\u2019y m\u00e9prendre aux ONG et associations de d\u00e9fense des droits respect\u00e9es et utilise les m\u00eames armes. Stephanie Lamy fait dans ce livre le r\u00e9cit de ces op\u00e9rations qui visent \u00e0 fragiliser notre paix, elle y explique les techniques de d\u00e9sinformation, les rouages de son \u00e9conomie, et les interactions entre ces groupes souvent ultra-r\u00e9actionnaires qui n\u2019ont en commun que la haine de nos libert\u00e9s.<\/p>\n<p><strong><span class=\"tadv-color\" style=\"color: #a30023;\">Stephanie Lamy<\/span><\/strong>, est sp\u00e9cialiste des guerres de l\u2019information et militante f\u00e9ministe. Elle enqu\u00eate sur les op\u00e9rations de d\u00e9sinformations et conseille ceux qui souhaitent s\u2019en pr\u00e9munir. Elle est cofondatrice de <a href=\"http:\/\/danaides.org\" target=\"_blank\" rel=\"noreferrer noopener\">danaides.org<\/a>, ONG qui d\u00e9veloppe des outils de mobilisation collective s\u00fbrs \u00e0 destination des civils en zone de conflit.<\/p>\n<p><span class=\"tadv-color\" style=\"color: #a30023;\"><strong>Michel Duclos<\/strong><\/span> est ancien diplomate, conseiller sp\u00e9cial \u00e0 l\u2019Institut Montaigne, essayiste (<em>La Longue Nuit Syrienne<\/em>, 2019 ; <em>Le Monde des Nouveaux Autoritaires<\/em> (direction), 2019 ; <em>La France dans le bouleversement du monde<\/em>, 2021, aux \u00e9ditions de l\u2019Observatoire).<\/p>\n<p>Couverture Richard Cousin.<\/p>\n<figure class=\"wp-block-table\">\n<table class=\"has-fixed-layout\" style=\"width: 44.5802%; height: 260px;\">\n<tbody>\n<tr>\n<td>Parution : 20 janvier 2022<\/td>\n<\/tr>\n<tr>\n<td>Genre : essai<\/td>\n<\/tr>\n<tr>\n<td>Domaine : Politique, d\u00e9mocratie, droits humains<\/td>\n<\/tr>\n<tr>\n<td>18,90 \u20ac<\/td>\n<\/tr>\n<tr>\n<td>224 pages, broch\u00e9, rabats<\/td>\n<\/tr>\n<tr>\n<td>Format : 14 X 22 cm<\/td>\n<\/tr>\n<tr>\n<td>ISBN : 979-10-97079-87-1<\/td>\n<\/tr>\n<\/tbody>\n<\/table>\n<\/figure>\n\n\n<h3>\u00a0<\/h3>\n<h3>Introduction et tables des mati\u00e8res<\/h3>\n<p>\u00a0<\/p>\n\n\n\t\t<style>\r\n            #h5vp69f5f2939104b iframe {  width: 100%; }        <\/style>\r\n        \t    <div id=\"h5vp69f5f2939104b\" class=\"pdfp_wrapper\">\r\n                        <div class=\"cta_wrapper\">\r\n                \t            <p><a class=\"fullscreenBtn\" href=\"https:\/\/editionsdudetour.com\/wp-content\/plugins\/pdf-poster\/pdfjs\/web\/viewer.html?file=http:\/\/editionsdudetour.com\/wp-content\/uploads\/2020\/08\/Agora-toxica-\u2013-pour-site.pdf&#038;download=true&#038;print=&#038;openfile=false\"><button>View Fullscreen<\/button><\/a><\/p>\r\n            <\/div>\r\n            <div class=\"iframe_wrapper\">\r\n                <iframe loading=\"lazy\" width=\"100%\" height=\"1122px\" src=\"https:\/\/editionsdudetour.com\/wp-content\/plugins\/pdf-poster\/pdfjs\/web\/viewer.html?file=http:\/\/editionsdudetour.com\/wp-content\/uploads\/2020\/08\/Agora-toxica-\u2013-pour-site.pdf&#038;download=true&#038;print=&#038;openfile=false\"><\/iframe>\r\n            <\/div>\r\n\t    <\/div>\r\n        ","protected":false},"excerpt":{"rendered":"<p>Agora toxica La soci\u00e9t\u00e9 incivile \u00e0 l\u2019\u00e8re d\u2019Internet Stephanie Lamy Pr\u00e9face de Michel Duclos Racistes, sexistes, ennemis de la libert\u00e9 : une soci\u00e9t\u00e9 incivile exploite notre attention pour augmenter son influence politique, dans les m\u00e9dias, sur les r\u00e9seaux et dans les urnes. D\u00e9cryptons-les pour mieux prot\u00e9ger notre d\u00e9mocratie. Il serait dangereux de r\u00e9duire la d\u00e9sinformation [&hellip;]<\/p>\n","protected":false},"author":2,"featured_media":0,"parent":0,"menu_order":0,"comment_status":"closed","ping_status":"closed","template":"","meta":[],"_links":{"self":[{"href":"https:\/\/editionsdudetour.com\/index.php\/wp-json\/wp\/v2\/pages\/2747"}],"collection":[{"href":"https:\/\/editionsdudetour.com\/index.php\/wp-json\/wp\/v2\/pages"}],"about":[{"href":"https:\/\/editionsdudetour.com\/index.php\/wp-json\/wp\/v2\/types\/page"}],"author":[{"embeddable":true,"href":"https:\/\/editionsdudetour.com\/index.php\/wp-json\/wp\/v2\/users\/2"}],"replies":[{"embeddable":true,"href":"https:\/\/editionsdudetour.com\/index.php\/wp-json\/wp\/v2\/comments?post=2747"}],"version-history":[{"count":15,"href":"https:\/\/editionsdudetour.com\/index.php\/wp-json\/wp\/v2\/pages\/2747\/revisions"}],"predecessor-version":[{"id":4781,"href":"https:\/\/editionsdudetour.com\/index.php\/wp-json\/wp\/v2\/pages\/2747\/revisions\/4781"}],"wp:attachment":[{"href":"https:\/\/editionsdudetour.com\/index.php\/wp-json\/wp\/v2\/media?parent=2747"}],"curies":[{"name":"wp","href":"https:\/\/api.w.org\/{rel}","templated":true}]}}