{"id":2734,"date":"2022-01-05T12:09:46","date_gmt":"2022-01-05T11:09:46","guid":{"rendered":"http:\/\/editionsdudetour.com\/?page_id=2734"},"modified":"2025-02-14T15:41:44","modified_gmt":"2025-02-14T14:41:44","slug":"pour-un-revenu-de-base-universel-2","status":"publish","type":"page","link":"https:\/\/editionsdudetour.com\/index.php\/les-livres\/pour-un-revenu-de-base-universel-2\/","title":{"rendered":""},"content":{"rendered":"<h1><a href=\"http:\/\/editionsdudetour.com\/wp-content\/uploads\/2021\/11\/Revenu-cale%CC%81-674x1024.jpg\"><img loading=\"lazy\" class=\"wp-image-1091 size-medium alignleft\" src=\"http:\/\/editionsdudetour.com\/wp-content\/uploads\/2021\/11\/Revenu-cale\u0301-674x1024.jpg\" alt=\"\" width=\"200\" height=\"300\"><\/a><\/h1>\n<h1>Pour un revenu de base universel<\/h1>\n<h2><em>Vers une soci\u00e9t\u00e9 du choix<\/em><\/h2>\n<h3><span style=\"color: #993300;\">Mouvement fran\u00e7ais<br>pour un revenu de base (MFRB)<\/span><\/h3>\n<h3 class=\"has-dark-gray-color has-text-color has-normal-font-size\"><strong><em>Pr\u00e9face de Cynthia Fleury<\/em><\/strong><\/h3>\n<p>Ce livre questionne la grande id\u00e9e du revenu de base universel, levier puissant pour l\u2019\u00e9mancipation individuelle et collective.<\/p>\n<p>L\u2019id\u00e9e d\u2019un revenu pour tous est ancienne. Il simplifierait l\u2019administration, r\u00e8glerait certains probl\u00e8mes de pr\u00e9carit\u00e9, faciliterait la libert\u00e9 de choix\u2026 Vers\u00e9 \u00e0 toutes et tous, de la naissance \u00e0 la mort, sur une base individuelle, sans contr\u00f4le des ressources ni contrepartie, il nous offre de penser une soci\u00e9t\u00e9 plus juste et plus s\u00fbre.<\/p>\n<p>Mais c\u2019est un projet complexe, objet de nombreuses variantes, et faisant parfois le lit de ceux qui veulent se d\u00e9barrasser de nos m\u00e9canismes d\u2019entraide. Le MFRB nous propose un tour d\u2019horizon de cette grande id\u00e9e, nourri par les nombreuses exp\u00e9rimentations dont il a fait l\u2019objet, pour qu\u2019elle soit l\u2019outil d\u2019une r\u00e9volution \u00e9mancipatrice.<\/p>\n<p><span style=\"color: #993300;\"><strong><span class=\"tadv-color\">Le Mouvement fran\u00e7ais pour un revenu de base (MFRB)<\/span><\/strong><\/span> est une association transpartisane qui promeut l\u2019id\u00e9e d\u2019un revenu de base dans le d\u00e9bat public. Il est aujourd\u2019hui le principal centre d\u2019information et de ressources sur la question.<\/p>\n<p><span style=\"color: #993300;\"><span class=\"tadv-color\"><strong>Cynthia Fleur<\/strong><\/span><span class=\"tadv-color\"><strong>y<\/strong><\/span><\/span> est philosophe et psychanalyste. Elle est l\u2019autrice de nombreux ouvrages dont <em>Ci g\u00eet l\u2019amer, Gu\u00e9rir du ressentiment<\/em> (Gallimard).<\/p>\n<p>Couverture Agata Frydrych.<\/p>\n<figure class=\"wp-block-table\">\n<table class=\"has-fixed-layout\">\n<tbody>\n<tr>\n<td>Parution : 6 janvier 2022<\/td>\n<\/tr>\n<tr>\n<td>Genre : essai<\/td>\n<\/tr>\n<tr>\n<td>14,90 \u20ac<\/td>\n<\/tr>\n<tr>\n<td>288 pages, broch\u00e9<\/td>\n<\/tr>\n<tr>\n<td>Format : 12,5 X 19 cm<\/td>\n<\/tr>\n<tr>\n<td>ISBN : 979-10-97079-95-6<\/td>\n<\/tr>\n<\/tbody>\n<\/table>\n<\/figure>\n\n\n<h3>\u00a0<\/h3>\n<h3>Pr\u00e9face et table des mati\u00e8res<\/h3>\n<p>\u00a0<\/p>\n\n\n\t\t<style>\r\n            #h5vp69f281c8a4169 iframe {  width: 100%; }        <\/style>\r\n        \t    <div id=\"h5vp69f281c8a4169\" class=\"pdfp_wrapper\">\r\n                        <div class=\"cta_wrapper\">\r\n                \t            <p><a class=\"fullscreenBtn\" href=\"https:\/\/editionsdudetour.com\/wp-content\/plugins\/pdf-poster\/pdfjs\/web\/viewer.html?file=http:\/\/editionsdudetour.com\/wp-content\/uploads\/2020\/08\/Pour-un-revenu-de-base-universel-\u2013-MFRB.pdf&#038;download=true&#038;print=&#038;openfile=false\"><button>View Fullscreen<\/button><\/a><\/p>\r\n            <\/div>\r\n            <div class=\"iframe_wrapper\">\r\n                <iframe loading=\"lazy\" width=\"100%\" height=\"1122px\" src=\"https:\/\/editionsdudetour.com\/wp-content\/plugins\/pdf-poster\/pdfjs\/web\/viewer.html?file=http:\/\/editionsdudetour.com\/wp-content\/uploads\/2020\/08\/Pour-un-revenu-de-base-universel-\u2013-MFRB.pdf&#038;download=true&#038;print=&#038;openfile=false\"><\/iframe>\r\n            <\/div>\r\n\t    <\/div>\r\n        ","protected":false},"excerpt":{"rendered":"<p>Pour un revenu de base universel Vers une soci\u00e9t\u00e9 du choix Mouvement fran\u00e7aispour un revenu de base (MFRB) Pr\u00e9face de Cynthia Fleury Ce livre questionne la grande id\u00e9e du revenu de base universel, levier puissant pour l\u2019\u00e9mancipation individuelle et collective. L\u2019id\u00e9e d\u2019un revenu pour tous est ancienne. Il simplifierait l\u2019administration, r\u00e8glerait certains probl\u00e8mes de pr\u00e9carit\u00e9, [&hellip;]<\/p>\n","protected":false},"author":2,"featured_media":0,"parent":14,"menu_order":0,"comment_status":"closed","ping_status":"closed","template":"","meta":[],"_links":{"self":[{"href":"https:\/\/editionsdudetour.com\/index.php\/wp-json\/wp\/v2\/pages\/2734"}],"collection":[{"href":"https:\/\/editionsdudetour.com\/index.php\/wp-json\/wp\/v2\/pages"}],"about":[{"href":"https:\/\/editionsdudetour.com\/index.php\/wp-json\/wp\/v2\/types\/page"}],"author":[{"embeddable":true,"href":"https:\/\/editionsdudetour.com\/index.php\/wp-json\/wp\/v2\/users\/2"}],"replies":[{"embeddable":true,"href":"https:\/\/editionsdudetour.com\/index.php\/wp-json\/wp\/v2\/comments?post=2734"}],"version-history":[{"count":6,"href":"https:\/\/editionsdudetour.com\/index.php\/wp-json\/wp\/v2\/pages\/2734\/revisions"}],"predecessor-version":[{"id":4782,"href":"https:\/\/editionsdudetour.com\/index.php\/wp-json\/wp\/v2\/pages\/2734\/revisions\/4782"}],"up":[{"embeddable":true,"href":"https:\/\/editionsdudetour.com\/index.php\/wp-json\/wp\/v2\/pages\/14"}],"wp:attachment":[{"href":"https:\/\/editionsdudetour.com\/index.php\/wp-json\/wp\/v2\/media?parent=2734"}],"curies":[{"name":"wp","href":"https:\/\/api.w.org\/{rel}","templated":true}]}}