{"id":2231,"date":"2021-10-31T11:35:04","date_gmt":"2021-10-31T10:35:04","guid":{"rendered":"http:\/\/editionsdudetour.com\/?page_id=2231"},"modified":"2025-01-27T17:46:50","modified_gmt":"2025-01-27T16:46:50","slug":"avant-nous-le-deluge","status":"publish","type":"page","link":"https:\/\/editionsdudetour.com\/index.php\/les-livres\/avant-nous-le-deluge\/","title":{"rendered":"Avant nous le D\u00e9luge !"},"content":{"rendered":"<h1><a href=\"http:\/\/editionsdudetour.com\/wp-content\/uploads\/2025\/01\/Avant-nous-le-De\u0301luge-couverture-scaled.jpg\"><img loading=\"lazy\" class=\"alignright wp-image-4759 size-medium\" src=\"http:\/\/editionsdudetour.com\/wp-content\/uploads\/2025\/01\/Avant-nous-le-De\u0301luge-couverture-200x300.jpg\" alt=\"\" width=\"200\" height=\"300\" srcset=\"https:\/\/editionsdudetour.com\/wp-content\/uploads\/2025\/01\/Avant-nous-le-De\u0301luge-couverture-200x300.jpg 200w, https:\/\/editionsdudetour.com\/wp-content\/uploads\/2025\/01\/Avant-nous-le-De\u0301luge-couverture-683x1024.jpg 683w, https:\/\/editionsdudetour.com\/wp-content\/uploads\/2025\/01\/Avant-nous-le-De\u0301luge-couverture-768x1152.jpg 768w, https:\/\/editionsdudetour.com\/wp-content\/uploads\/2025\/01\/Avant-nous-le-De\u0301luge-couverture-1024x1536.jpg 1024w, https:\/\/editionsdudetour.com\/wp-content\/uploads\/2025\/01\/Avant-nous-le-De\u0301luge-couverture-1365x2048.jpg 1365w, https:\/\/editionsdudetour.com\/wp-content\/uploads\/2025\/01\/Avant-nous-le-De\u0301luge-couverture-624x936.jpg 624w, https:\/\/editionsdudetour.com\/wp-content\/uploads\/2025\/01\/Avant-nous-le-De\u0301luge-couverture-1320x1980.jpg 1320w, https:\/\/editionsdudetour.com\/wp-content\/uploads\/2025\/01\/Avant-nous-le-De\u0301luge-couverture-scaled.jpg 1707w\" sizes=\"(max-width: 200px) 100vw, 200px\" \/><\/a><\/h1>\n<h1><span id=\"page74R_mcid203\" class=\"markedContent\"><span dir=\"ltr\" role=\"presentation\">Avant nous le D\u00e9luge !<\/span><\/span><\/h1>\n<h2><em><span id=\"page74R_mcid204\" class=\"markedContent\"><span dir=\"ltr\" role=\"presentation\">L\u2019humanit\u00e9 et ses mythes<\/span><\/span><\/em><\/h2>\n<h3><span style=\"color: #993300; font-size: 14pt;\"><span id=\"page74R_mcid205\" class=\"markedContent\"><span dir=\"ltr\" role=\"presentation\">Jean-Lo\u00efc Le <span style=\"color: #993300;\">Quellec<\/span><\/span><\/span><\/span><\/h3>\n<p><span id=\"page74R_mcid206\" class=\"markedContent\"><span dir=\"ltr\" role=\"presentation\">Une d\u00e9ambulation dans les mythes qui accompagnent l\u2019huma<\/span><\/span><span id=\"page74R_mcid208\" class=\"markedContent\"><span dir=\"ltr\" role=\"presentation\">nit\u00e9. Comment ils \u00e9mergent, se partagent, circulent. Un \u00e9merveil<\/span><\/span><span id=\"page74R_mcid210\" class=\"markedContent\"><span dir=\"ltr\" role=\"presentation\">lement de r\u00e9cits, dans le monde entier, depuis nos origines.<\/span><\/span><\/p>\n<p><span id=\"page74R_mcid212\" class=\"markedContent\"><span dir=\"ltr\" role=\"presentation\">Depuis le d\u00e9but de l\u2019humanit\u00e9, nous inventons des r\u00e9cits, les mythes, pour <\/span><\/span><span id=\"page74R_mcid213\" class=\"markedContent\"><span dir=\"ltr\" role=\"presentation\">mieux comprendre notre monde. Jean-Lo\u00efc Le Quellec les collecte, les <\/span><\/span><span id=\"page74R_mcid214\" class=\"markedContent\"><span dir=\"ltr\" role=\"presentation\">\u00e9tudie, les compare, \u00e0 toute \u00e9poque m\u00eame la plus recul\u00e9e, dans tout peuple, <\/span><\/span><span id=\"page74R_mcid215\" class=\"markedContent\"><span dir=\"ltr\" role=\"presentation\">dans autant de langues que possible. <\/span><\/span><\/p>\n<p><span id=\"page74R_mcid216\" class=\"markedContent\"><span dir=\"ltr\" role=\"presentation\">On explique l\u2019universalit\u00e9 des mythes aujourd\u2019hui par une transmission au <\/span><\/span><span id=\"page74R_mcid217\" class=\"markedContent\"><span dir=\"ltr\" role=\"presentation\">fil des migrations. Cette diffusion n\u2019est pas syst\u00e9matique, elle se fait ou pas, <\/span><\/span><span id=\"page74R_mcid218\" class=\"markedContent\"><span dir=\"ltr\" role=\"presentation\">ou de diff\u00e9rentes mani\u00e8res, dessinant ainsi les \u00e9volutions des peuples en une <\/span><\/span><span id=\"page74R_mcid219\" class=\"markedContent\"><span dir=\"ltr\" role=\"presentation\">fabuleuse cartographie historique du monde.<\/span><\/span><\/p>\n<p><span id=\"page74R_mcid220\" class=\"markedContent\"><span dir=\"ltr\" role=\"presentation\">Mythes cosmogniques ou h\u00e9ro\u00efques, animaux mythiques (jusqu\u2019\u00e0 notre <\/span><\/span><span id=\"page74R_mcid221\" class=\"markedContent\"><span dir=\"ltr\" role=\"presentation\">pangolin)&#8230; L\u2019auteur nous emm\u00e8ne dans une histoire infinie, po\u00e9tique, puis<\/span><\/span><span id=\"page74R_mcid223\" class=\"markedContent\"><span dir=\"ltr\" role=\"presentation\">sante, pour r\u00e9fl\u00e9chir au r\u00f4le des mythes dans notre humanit\u00e9.<\/span><\/span><\/p>\n<p><span id=\"page74R_mcid224\" class=\"markedContent\"><span dir=\"ltr\" role=\"presentation\">Ce tour du monde nous invite \u00e0 nous d\u00e9tacher de notre perception euro<\/span><\/span><span id=\"page74R_mcid226\" class=\"markedContent\"><span dir=\"ltr\" role=\"presentation\">p\u00e9ano-centr\u00e9e, \u00e0 revoir nos certitudes (mythiques elles aussi ?). Une lecture <\/span><\/span><span id=\"page74R_mcid227\" class=\"markedContent\"><span dir=\"ltr\" role=\"presentation\">jouissive et \u00e9blouissante.<\/span><\/span><\/p>\n<p><span style=\"color: #993300;\"><strong>Jean-Lo\u00efc Le Quellec<\/strong><\/span> est anthropologue, directeur de recherche \u00e9m\u00e9rite au CNRS. Sp\u00e9cialiste des images rupestres, il \u00e9tudie leurs aspects mythologiques. Il est l\u2019auteur notamment de <em>Arts rupestres et mythologie en Afrique<\/em> (2004, Flammarion), <em>L\u2019Homme de Lascaux<\/em> (2018, Flammarion) et, en collaboration avec Bernard Sergent, le <em>Dictionnaire critique de mythologie<\/em> (2017, CNRS \u00c9ditions).<\/p>\n<table style=\"width: 100%; height: 222px;\">\n<tbody>\n<tr style=\"height: 37px;\">\n<td style=\"height: 37px;\">Parution : 4 novembre 2021<\/td>\n<\/tr>\n<tr style=\"height: 37px;\">\n<td style=\"height: 37px;\">Genre : essai<\/td>\n<\/tr>\n<tr style=\"height: 37px;\">\n<td style=\"height: 37px;\">22,90 \u20ac<\/td>\n<\/tr>\n<tr style=\"height: 37px;\">\n<td style=\"height: 37px;\">264 pages, broch\u00e9, rabats<\/td>\n<\/tr>\n<tr style=\"height: 37px;\">\n<td style=\"height: 37px;\">Format : 16 X 24 cm<\/td>\n<\/tr>\n<tr style=\"height: 37px;\">\n<td style=\"height: 37px;\">ISBN : 979-10-97079-89-5<\/td>\n<\/tr>\n<\/tbody>\n<\/table>\n\n\n<h1>\u00a0<\/h1>\n<h1><span style=\"color: #993300;\"><strong>Introduction et table des mati\u00e8res<\/strong><\/span><\/h1>\n<p>\u00a0<\/p>\n\n\n\t\t<style>\r\n            #h5vp69ebc933c8037 iframe {  width: 100%; }        <\/style>\r\n        \t    <div id=\"h5vp69ebc933c8037\" class=\"pdfp_wrapper\">\r\n                        <div class=\"cta_wrapper\">\r\n                \t            <p><a class=\"fullscreenBtn\" href=\"https:\/\/editionsdudetour.com\/wp-content\/plugins\/pdf-poster\/pdfjs\/web\/viewer.html?file=http:\/\/editionsdudetour.com\/wp-content\/uploads\/2020\/08\/Avant-nous-le-De\u0301luge-Introduction-et-table-des-matie\u0300res.pdf&#038;download=true&#038;print=&#038;openfile=false\"><button>View Fullscreen<\/button><\/a><\/p>\r\n            <\/div>\r\n            <div class=\"iframe_wrapper\">\r\n                <iframe loading=\"lazy\" width=\"100%\" height=\"1122px\" src=\"https:\/\/editionsdudetour.com\/wp-content\/plugins\/pdf-poster\/pdfjs\/web\/viewer.html?file=http:\/\/editionsdudetour.com\/wp-content\/uploads\/2020\/08\/Avant-nous-le-De\u0301luge-Introduction-et-table-des-matie\u0300res.pdf&#038;download=true&#038;print=&#038;openfile=false\"><\/iframe>\r\n            <\/div>\r\n\t    <\/div>\r\n        ","protected":false},"excerpt":{"rendered":"<p>Avant nous le D\u00e9luge ! L\u2019humanit\u00e9 et ses mythes Jean-Lo\u00efc Le Quellec Une d\u00e9ambulation dans les mythes qui accompagnent l\u2019humanit\u00e9. Comment ils \u00e9mergent, se partagent, circulent. Un \u00e9merveillement de r\u00e9cits, dans le monde entier, depuis nos origines. Depuis le d\u00e9but de l\u2019humanit\u00e9, nous inventons des r\u00e9cits, les mythes, pour mieux comprendre notre monde. Jean-Lo\u00efc Le [&hellip;]<\/p>\n","protected":false},"author":1,"featured_media":0,"parent":14,"menu_order":0,"comment_status":"closed","ping_status":"closed","template":"","meta":[],"_links":{"self":[{"href":"https:\/\/editionsdudetour.com\/index.php\/wp-json\/wp\/v2\/pages\/2231"}],"collection":[{"href":"https:\/\/editionsdudetour.com\/index.php\/wp-json\/wp\/v2\/pages"}],"about":[{"href":"https:\/\/editionsdudetour.com\/index.php\/wp-json\/wp\/v2\/types\/page"}],"author":[{"embeddable":true,"href":"https:\/\/editionsdudetour.com\/index.php\/wp-json\/wp\/v2\/users\/1"}],"replies":[{"embeddable":true,"href":"https:\/\/editionsdudetour.com\/index.php\/wp-json\/wp\/v2\/comments?post=2231"}],"version-history":[{"count":23,"href":"https:\/\/editionsdudetour.com\/index.php\/wp-json\/wp\/v2\/pages\/2231\/revisions"}],"predecessor-version":[{"id":4766,"href":"https:\/\/editionsdudetour.com\/index.php\/wp-json\/wp\/v2\/pages\/2231\/revisions\/4766"}],"up":[{"embeddable":true,"href":"https:\/\/editionsdudetour.com\/index.php\/wp-json\/wp\/v2\/pages\/14"}],"wp:attachment":[{"href":"https:\/\/editionsdudetour.com\/index.php\/wp-json\/wp\/v2\/media?parent=2231"}],"curies":[{"name":"wp","href":"https:\/\/api.w.org\/{rel}","templated":true}]}}