{"id":2210,"date":"2021-09-26T13:30:35","date_gmt":"2021-09-26T11:30:35","guid":{"rendered":"http:\/\/editionsdudetour.com\/?page_id=2210"},"modified":"2025-04-14T15:08:55","modified_gmt":"2025-04-14T13:08:55","slug":"2210-2","status":"publish","type":"page","link":"https:\/\/editionsdudetour.com\/index.php\/2210-2\/","title":{"rendered":"Ub\u00e9risation et apr\u00e8s ?"},"content":{"rendered":"\n\n<h1><a href=\"http:\/\/editionsdudetour.com\/wp-content\/uploads\/2021\/08\/Couv-Uberisation-et-apre%CC%80s-702x1024.jpg\"><img loading=\"lazy\" class=\"wp-image-1091 size-medium alignleft\" src=\"http:\/\/editionsdudetour.com\/wp-content\/uploads\/2021\/08\/Couv-Uberisation-et-apre\u0300s-206x300.jpg\" alt=\"\" width=\"200\" height=\"300\"><\/a><\/h1>\n<h1>Ub\u00e9risation, et apr\u00e8s ?<\/h1>\n<h3><span style=\"color: #993300; font-size: 14pt;\">Collectif coordonn\u00e9 par Pascal Savoldelli.<\/span><\/h3>\n<p>Dix ans d\u00e9j\u00e0 qu\u2019Uber est install\u00e9 en France, faisant miroiter une vie de patron \u00e0 des personnes qui peinent \u00e0 trouver un travail digne. Chauffeurs, coursiers, femmes de m\u00e9nage, ouvriers de la logistique, int\u00e9rimaires, free-lance, restaurateurs\u2026 Aujourd\u2019hui, le mod\u00e8le des plateformes num\u00e9riques de travail s\u2019est r\u00e9pandu et, avec lui, un autoentrepreneuriat pr\u00e9caire qui touche chaque jour de plus en plus de m\u00e9tiers.<\/p>\n<p>Ces entreprises, employeurs qui se r\u00eavent sans responsabilit\u00e9 autre que celle de leurs actionnaires, nous imposent un choix de soci\u00e9t\u00e9, sans emploi cr\u00e9\u00e9, o\u00f9 le travail salari\u00e9 s\u2019efface derri\u00e8re le mirage d\u2019une autonomie factice.<\/p>\n<p>Cet ouvrage nous arme pour la bataille du droit du travail qui ne fait commencer, et nous invite \u00e0 \u00e9crire l\u2019apr\u00e8s\u2026<\/p>\n<p><strong><span style=\"color: #993300;\">Pascal Savoldelli<\/span><\/strong> est s\u00e9nateur. Il a r\u00e9uni autour de lui des juristes, \u00e9conomistes, sociologues, livreurs, syndicalistes et militants pour une r\u00e9flexion globale sur le travail \u00e0 l\u2019\u00e8re du num\u00e9rique\u200a: Dominique M\u00e9da, Eva Jaurena, Antonio Casilli, Nicole Teke, Attac, CGT, Clap, Sarah Abdelnour, Sophie Bernard, St\u00e9phane Le Lay, Fabien Lemozy, Fabien Gay, Le\u00efla Chaibi, Barbara Gomes et CoopCycle.<\/p>\n<p><\/p>\n<table style=\"width: 100%; height: 222px;\">\n<tbody>\n<tr style=\"height: 37px;\">\n<td style=\"height: 37px;\">Parution : 30 septembre 2021<\/td>\n<\/tr>\n<tr style=\"height: 37px;\">\n<td style=\"height: 37px;\">Genre : essai<\/td>\n<\/tr>\n<tr style=\"height: 37px;\">\n<td style=\"height: 37px;\">Livre : 19,90 \u20ac<\/td>\n<\/tr>\n<tr style=\"height: 37px;\">\n<td style=\"height: 37px;\">272 pages, noir<\/td>\n<\/tr>\n<tr style=\"height: 37px;\">\n<td style=\"height: 37px;\">Format : 14 X 22 cm, broch\u00e9, rabats<\/td>\n<\/tr>\n<tr style=\"height: 37px;\">\n<td style=\"height: 37px;\">ISBN : 979-10-97079-88-8<\/td>\n<\/tr>\n<\/tbody>\n<\/table>\n\n\n<p><\/p>\n\n\n\n<h3>I<strong>ntroduction et table des mati\u00e8res<\/strong><\/h3>\n\n\n\n<p><\/p>\n\n\n\n\n\t\t<style>\r\n            #h5vp69ed1e093f7bc iframe {  width: 100%; }        <\/style>\r\n        \t    <div id=\"h5vp69ed1e093f7bc\" class=\"pdfp_wrapper\">\r\n                        <div class=\"cta_wrapper\">\r\n                \t            <p><a class=\"fullscreenBtn\" href=\"https:\/\/editionsdudetour.com\/wp-content\/plugins\/pdf-poster\/pdfjs\/web\/viewer.html?file=http:\/\/editionsdudetour.com\/wp-content\/uploads\/2020\/08\/Ube\u0301risation-et-apre\u0300s-Intro-et-table-des-matie\u0300res.pdf&#038;download=true&#038;print=&#038;openfile=false\"><button>View Fullscreen<\/button><\/a><\/p>\r\n            <\/div>\r\n            <div class=\"iframe_wrapper\">\r\n                <iframe loading=\"lazy\" width=\"100%\" height=\"1122px\" src=\"https:\/\/editionsdudetour.com\/wp-content\/plugins\/pdf-poster\/pdfjs\/web\/viewer.html?file=http:\/\/editionsdudetour.com\/wp-content\/uploads\/2020\/08\/Ube\u0301risation-et-apre\u0300s-Intro-et-table-des-matie\u0300res.pdf&#038;download=true&#038;print=&#038;openfile=false\"><\/iframe>\r\n            <\/div>\r\n\t    <\/div>\r\n        ","protected":false},"excerpt":{"rendered":"<p>Ub\u00e9risation, et apr\u00e8s ? Collectif coordonn\u00e9 par Pascal Savoldelli. Dix ans d\u00e9j\u00e0 qu\u2019Uber est install\u00e9 en France, faisant miroiter une vie de patron \u00e0 des personnes qui peinent \u00e0 trouver un travail digne. Chauffeurs, coursiers, femmes de m\u00e9nage, ouvriers de la logistique, int\u00e9rimaires, free-lance, restaurateurs\u2026 Aujourd\u2019hui, le mod\u00e8le des plateformes num\u00e9riques de travail s\u2019est r\u00e9pandu [&hellip;]<\/p>\n","protected":false},"author":2,"featured_media":0,"parent":0,"menu_order":0,"comment_status":"closed","ping_status":"closed","template":"","meta":[],"_links":{"self":[{"href":"https:\/\/editionsdudetour.com\/index.php\/wp-json\/wp\/v2\/pages\/2210"}],"collection":[{"href":"https:\/\/editionsdudetour.com\/index.php\/wp-json\/wp\/v2\/pages"}],"about":[{"href":"https:\/\/editionsdudetour.com\/index.php\/wp-json\/wp\/v2\/types\/page"}],"author":[{"embeddable":true,"href":"https:\/\/editionsdudetour.com\/index.php\/wp-json\/wp\/v2\/users\/2"}],"replies":[{"embeddable":true,"href":"https:\/\/editionsdudetour.com\/index.php\/wp-json\/wp\/v2\/comments?post=2210"}],"version-history":[{"count":12,"href":"https:\/\/editionsdudetour.com\/index.php\/wp-json\/wp\/v2\/pages\/2210\/revisions"}],"predecessor-version":[{"id":5309,"href":"https:\/\/editionsdudetour.com\/index.php\/wp-json\/wp\/v2\/pages\/2210\/revisions\/5309"}],"wp:attachment":[{"href":"https:\/\/editionsdudetour.com\/index.php\/wp-json\/wp\/v2\/media?parent=2210"}],"curies":[{"name":"wp","href":"https:\/\/api.w.org\/{rel}","templated":true}]}}