{"id":2157,"date":"2021-08-15T15:56:15","date_gmt":"2021-08-15T13:56:15","guid":{"rendered":"http:\/\/editionsdudetour.com\/?page_id=2157"},"modified":"2025-02-14T15:41:44","modified_gmt":"2025-02-14T14:41:44","slug":"i_love_porn","status":"publish","type":"page","link":"https:\/\/editionsdudetour.com\/index.php\/i_love_porn\/","title":{"rendered":""},"content":{"rendered":"\n\n<h1><a href=\"http:\/\/editionsdudetour.com\/wp-content\/uploads\/2020\/08\/I-Love-Porn-couverture-g.jpg\"><img loading=\"lazy\" class=\"wp-image-1091 size-medium alignleft\" src=\"http:\/\/editionsdudetour.com\/wp-content\/uploads\/2021\/08\/I-Love-Porn-couverture-p.png\" alt=\"\" width=\"200\" height=\"300\"><\/a><\/h1>\n<h1>I Love Porn<\/h1>\n<h3><span style=\"color: #993300; font-size: 14pt;\">Didier Lestrade<br><\/span><\/h3>\n<p>M\u00e9moire, \u00e9thique, droits des minorit\u00e9s, <strong><span style=\"color: #993300;\"><em>I Love\u2009\u2009Porn<\/em><\/span><\/strong> est un livre positif sur les sexualit\u00e9s d\u2019aujourd\u2019hui.<\/p>\n<p>Ce livre partage une passion que l\u2019auteur met au m\u00eame niveau que celles qui ont nourri son m\u00e9tier et sa carri\u00e8re\u2009: la musique, la nature, le militantisme. <span style=\"color: #000000;\">Didier Lestrade <\/span>retrouve dans le porno (gay mais pas seulement) sa dimension contestataire, sa g\u00e9n\u00e9rosit\u00e9 humaine.<\/p>\n<p>Depuis les cin\u00e9mas sp\u00e9cialis\u00e9s, chers et rares, jusqu\u2019aux sites internet, imm\u00e9diatement accessibles et pour la plupart gratuits, la pornographie n\u2019a cess\u00e9 de prolif\u00e9rer dans notre quotidien. <span style=\"color: #000000;\">Didier Lestrade <\/span> en retrace l\u2019histoire depuis les ann\u00e9es 1970.<\/p>\n<p><strong><span style=\"color: #993300;\"><em>I Love Porn<\/em><\/span><\/strong> est aussi une autobiographie du d\u00e9sir et du plaisir, en r\u00e9sonance avec l\u2019\u00e9poque. Le livre est un t\u00e9moignage, intime et collectif, de notre rapport \u00e0 la repr\u00e9sentation de notre sexualit\u00e9.<\/p>\n<p><strong><span style=\"color: #993300;\">Didier Lestrade<\/span><\/strong> est journaliste, \u00e9crivain, fondateur d\u2019Act Up-Paris et du magazine <em>T\u00eatu<\/em>. Il est l\u2019auteur, notamment, de <em>Act Up, une histoire<\/em> (Deno\u00ebl, 2000) et de <em>Pourquoi les gays sont pass\u00e9s \u00e0 droite<\/em> (Le Seuil, 2012).<\/p>\n<table style=\"width: 100%; height: 222px;\">\n<tbody>\n<tr style=\"height: 37px;\">\n<td style=\"height: 37px;\">Parution : 2 septembre 2021<\/td>\n<\/tr>\n<tr style=\"height: 37px;\">\n<td style=\"height: 37px;\">Genre : essai<\/td>\n<\/tr>\n<tr style=\"height: 37px;\">\n<td style=\"height: 37px;\">21,90 \u20ac<\/td>\n<\/tr>\n<tr style=\"height: 37px;\">\n<td style=\"height: 37px;\">336 pages, broch\u00e9, rabats<\/td>\n<\/tr>\n<tr style=\"height: 37px;\">\n<td style=\"height: 37px;\">Format : 14 X 22 cm<\/td>\n<\/tr>\n<tr style=\"height: 37px;\">\n<td style=\"height: 37px;\">ISBN : 979-10-97079-84-0<\/td>\n<\/tr>\n<\/tbody>\n<\/table>\n\n\n<h3>\u00a0<\/h3>\n<h3>Extrait et table des mati\u00e8res<\/h3>\n<p>\u00a0<\/p>\n\n\n\t\t<style>\r\n            #h5vp69fde11872fd8 iframe {  width: 100%; }        <\/style>\r\n        \t    <div id=\"h5vp69fde11872fd8\" class=\"pdfp_wrapper\">\r\n                        <div class=\"cta_wrapper\">\r\n                \t            <p><a class=\"fullscreenBtn\" href=\"https:\/\/editionsdudetour.com\/wp-content\/plugins\/pdf-poster\/pdfjs\/web\/viewer.html?file=http:\/\/editionsdudetour.com\/wp-content\/uploads\/2021\/08\/I-Love-Porn-\u2013-Didier-Lestrade-\u2013-extrait-pour-site.pdf&#038;download=true&#038;print=&#038;openfile=false\"><button>View Fullscreen<\/button><\/a><\/p>\r\n            <\/div>\r\n            <div class=\"iframe_wrapper\">\r\n                <iframe loading=\"lazy\" width=\"100%\" height=\"1122px\" src=\"https:\/\/editionsdudetour.com\/wp-content\/plugins\/pdf-poster\/pdfjs\/web\/viewer.html?file=http:\/\/editionsdudetour.com\/wp-content\/uploads\/2021\/08\/I-Love-Porn-\u2013-Didier-Lestrade-\u2013-extrait-pour-site.pdf&#038;download=true&#038;print=&#038;openfile=false\"><\/iframe>\r\n            <\/div>\r\n\t    <\/div>\r\n        ","protected":false},"excerpt":{"rendered":"<p>I Love Porn Didier Lestrade M\u00e9moire, \u00e9thique, droits des minorit\u00e9s, I Love\u2009\u2009Porn est un livre positif sur les sexualit\u00e9s d\u2019aujourd\u2019hui. Ce livre partage une passion que l\u2019auteur met au m\u00eame niveau que celles qui ont nourri son m\u00e9tier et sa carri\u00e8re\u2009: la musique, la nature, le militantisme. Didier Lestrade retrouve dans le porno (gay mais [&hellip;]<\/p>\n","protected":false},"author":2,"featured_media":0,"parent":0,"menu_order":0,"comment_status":"closed","ping_status":"closed","template":"","meta":[],"_links":{"self":[{"href":"https:\/\/editionsdudetour.com\/index.php\/wp-json\/wp\/v2\/pages\/2157"}],"collection":[{"href":"https:\/\/editionsdudetour.com\/index.php\/wp-json\/wp\/v2\/pages"}],"about":[{"href":"https:\/\/editionsdudetour.com\/index.php\/wp-json\/wp\/v2\/types\/page"}],"author":[{"embeddable":true,"href":"https:\/\/editionsdudetour.com\/index.php\/wp-json\/wp\/v2\/users\/2"}],"replies":[{"embeddable":true,"href":"https:\/\/editionsdudetour.com\/index.php\/wp-json\/wp\/v2\/comments?post=2157"}],"version-history":[{"count":21,"href":"https:\/\/editionsdudetour.com\/index.php\/wp-json\/wp\/v2\/pages\/2157\/revisions"}],"predecessor-version":[{"id":4785,"href":"https:\/\/editionsdudetour.com\/index.php\/wp-json\/wp\/v2\/pages\/2157\/revisions\/4785"}],"wp:attachment":[{"href":"https:\/\/editionsdudetour.com\/index.php\/wp-json\/wp\/v2\/media?parent=2157"}],"curies":[{"name":"wp","href":"https:\/\/api.w.org\/{rel}","templated":true}]}}