{"id":2146,"date":"2021-06-19T09:28:18","date_gmt":"2021-06-19T07:28:18","guid":{"rendered":"http:\/\/editionsdudetour.com\/?page_id=2146"},"modified":"2025-02-14T15:41:44","modified_gmt":"2025-02-14T14:41:44","slug":"1953-un-14-juillet-sanglant","status":"publish","type":"page","link":"https:\/\/editionsdudetour.com\/index.php\/les-livres\/1953-un-14-juillet-sanglant\/","title":{"rendered":""},"content":{"rendered":"\n<h1><a href=\"http:\/\/editionsdudetour.com\/wp-content\/uploads\/2021\/04\/1953-un-14-juillet-sanglant.jpg\"><img loading=\"lazy\" class=\" wp-image-2096 alignleft\" src=\"http:\/\/editionsdudetour.com\/wp-content\/uploads\/2021\/04\/1953-un-14-juillet-sanglant-652x1024.jpg\" alt=\"\" width=\"187\" height=\"294\" srcset=\"https:\/\/editionsdudetour.com\/wp-content\/uploads\/2021\/04\/1953-un-14-juillet-sanglant-652x1024.jpg 652w, https:\/\/editionsdudetour.com\/wp-content\/uploads\/2021\/04\/1953-un-14-juillet-sanglant-191x300.jpg 191w, https:\/\/editionsdudetour.com\/wp-content\/uploads\/2021\/04\/1953-un-14-juillet-sanglant-768x1206.jpg 768w, https:\/\/editionsdudetour.com\/wp-content\/uploads\/2021\/04\/1953-un-14-juillet-sanglant-624x980.jpg 624w, https:\/\/editionsdudetour.com\/wp-content\/uploads\/2021\/04\/1953-un-14-juillet-sanglant.jpg 827w\" sizes=\"(max-width: 187px) 100vw, 187px\" \/><\/a>1953, un 14 juillet sanglant<\/h1>\n<h3>Maurice Rajsfus<br><span style=\"color: #000000;\">Pr\u00e9face de Ludivine Bantigny<\/span><br><span style=\"color: #000000;\">Postface de Jean-Luc Einaudi<\/span><\/h3>\n<p>Le 14 juillet 1953, lors d\u2019une manifestation syndicale, la police assassine froidement six travailleurs alg\u00e9riens et un syndicaliste fran\u00e7ais, place de la Nation, \u00e0 Paris. Alors que r\u00e9sonne pour la premi\u00e8re fois le slogan \u00ab nous voulons l\u2019ind\u00e9pendance&nbsp;!&nbsp;\u00bb.<\/p>\n<p>Ce livre constitue la premi\u00e8re enqu\u00eate sur ce crime d\u2019\u00c9tat. Il s\u2019efforce de reconstituer minutieusement le d\u00e9roulement des \u00e9v\u00e9nements qui ont abouti \u00e0 la mort par balles de six jeunes ouvriers alg\u00e9riens et d\u2019un m\u00e9tallurgiste fran\u00e7ais, syndicaliste CGT, \u00e0 l\u2019issue du traditionnel d\u00e9fil\u00e9 populaire du 14 juillet.<\/p>\n<p><span style=\"color: #993300;\"><strong>Maurice Rajsfus<\/strong><\/span> s\u2019appuie sur un vaste corpus de sources, qui comprend les r\u00e9cits de t\u00e9moins, de journalistes, d\u2019hommes politiques ou d\u2019interventions au Parlement. Sur fond de racisme d\u2019\u00c9tat, il pointe aussi la responsabilit\u00e9 d\u2019un des acteurs de cette funeste journ\u00e9e qui deviendra, quelques ann\u00e9es plus tard, le donneur d\u2019ordre principal des massacres du 17 octobre 1961 et du 8 f\u00e9vrier 1962, au m\u00e9tro Charonne&nbsp;: Maurice Papon, alors secr\u00e9taire g\u00e9n\u00e9ral de la Pr\u00e9fecture de police.<\/p>\n<p>La premi\u00e8re \u00e9dition de ce livre est parue en 2003.<\/p>\n<p>Rescap\u00e9 de la rafle du V\u00e9l\u2019 d\u2019Hiv \u00e0 quatorze ans, historien de la r\u00e9pression polici\u00e8re et militant antiautoritaire, <span style=\"color: #993300;\"><strong>Maurice Rajsfus<\/strong><\/span> (1928-2020) fut l\u2019auteur de plus de 60 ouvrages, dont, aux \u00e9ditions du D\u00e9tour, <em>La Police de Vichy, La Rafle du V\u00e9l\u2019 d\u2019Hiv<\/em> et <em>Des Juifs dans la Collaboration<\/em>.<\/p>\n<p><span style=\"color: #993300;\"><strong>Ludivine Bantigny<\/strong><\/span> est historienne, ma\u00eetresse de conf\u00e9rences \u00e0 l\u2019universit\u00e9 de Rouen. Elle travaille sur l\u2019histoire des mouvements sociaux et des engagements politiques. Elle est notamment l\u2019autrice de <em>1968. De grands soirs en petits matins<\/em> (Le Seuil, 2018).<\/p>\n<p><span style=\"color: #993300;\"><strong>Jean-Luc Einaudi<\/strong><\/span> (1951-2014), historien et militant, fut celui par qui le massacre des Alg\u00e9riens par la police fran\u00e7aise du 17\u202foctobre 1961 fut port\u00e9 \u00e0 la connaissance du grand public.<\/p>\n<table width=\"623\">\n<tbody>\n<tr>\n<td>Parution : 10 juin 2021<\/td>\n<\/tr>\n<tr>\n<td>Genre : essai<\/td>\n<\/tr>\n<tr>\n<td>Domaine : Histoire<\/td>\n<\/tr>\n<tr>\n<td>Livre 18,90 \u20ac, ePub 12,99 \u20ac<\/td>\n<\/tr>\n<tr>\n<td>264 pages, noir<\/td>\n<\/tr>\n<tr>\n<td>Format : 14 x 22 cm, broch\u00e9, rabats<\/td>\n<\/tr>\n<tr>\n<td>ISBN : 979-10-97079-71-0<\/td>\n<\/tr>\n<\/tbody>\n<\/table>\n\n\n\n<h3>\u00a0<\/h3>\n<h3>Pr\u00e9face de Ludivine Bantigny, postface de Jean-Luc Einaudi et table des mati\u00e8res<\/h3>\n\n\n\t\t<style>\r\n            #h5vp69e2fd4998382 iframe {  width: 100%; }        <\/style>\r\n        \t    <div id=\"h5vp69e2fd4998382\" class=\"pdfp_wrapper\">\r\n                        <div class=\"cta_wrapper\">\r\n                \t            <p><a class=\"fullscreenBtn\" href=\"https:\/\/editionsdudetour.com\/wp-content\/plugins\/pdf-poster\/pdfjs\/web\/viewer.html?file=http:\/\/editionsdudetour.com\/wp-content\/uploads\/2020\/08\/Un-14-juillet-sanglant-\u2013-pour-site.pdf&#038;download=true&#038;print=&#038;openfile=false\"><button>View Fullscreen<\/button><\/a><\/p>\r\n            <\/div>\r\n            <div class=\"iframe_wrapper\">\r\n                <iframe loading=\"lazy\" width=\"100%\" height=\"1122px\" src=\"https:\/\/editionsdudetour.com\/wp-content\/plugins\/pdf-poster\/pdfjs\/web\/viewer.html?file=http:\/\/editionsdudetour.com\/wp-content\/uploads\/2020\/08\/Un-14-juillet-sanglant-\u2013-pour-site.pdf&#038;download=true&#038;print=&#038;openfile=false\"><\/iframe>\r\n            <\/div>\r\n\t    <\/div>\r\n        ","protected":false},"excerpt":{"rendered":"<p>1953, un 14 juillet sanglant Maurice RajsfusPr\u00e9face de Ludivine BantignyPostface de Jean-Luc Einaudi Le 14 juillet 1953, lors d\u2019une manifestation syndicale, la police assassine froidement six travailleurs alg\u00e9riens et un syndicaliste fran\u00e7ais, place de la Nation, \u00e0 Paris. Alors que r\u00e9sonne pour la premi\u00e8re fois le slogan \u00ab nous voulons l\u2019ind\u00e9pendance&nbsp;!&nbsp;\u00bb. Ce livre constitue la [&hellip;]<\/p>\n","protected":false},"author":2,"featured_media":0,"parent":14,"menu_order":0,"comment_status":"closed","ping_status":"closed","template":"","meta":[],"_links":{"self":[{"href":"https:\/\/editionsdudetour.com\/index.php\/wp-json\/wp\/v2\/pages\/2146"}],"collection":[{"href":"https:\/\/editionsdudetour.com\/index.php\/wp-json\/wp\/v2\/pages"}],"about":[{"href":"https:\/\/editionsdudetour.com\/index.php\/wp-json\/wp\/v2\/types\/page"}],"author":[{"embeddable":true,"href":"https:\/\/editionsdudetour.com\/index.php\/wp-json\/wp\/v2\/users\/2"}],"replies":[{"embeddable":true,"href":"https:\/\/editionsdudetour.com\/index.php\/wp-json\/wp\/v2\/comments?post=2146"}],"version-history":[{"count":8,"href":"https:\/\/editionsdudetour.com\/index.php\/wp-json\/wp\/v2\/pages\/2146\/revisions"}],"predecessor-version":[{"id":4789,"href":"https:\/\/editionsdudetour.com\/index.php\/wp-json\/wp\/v2\/pages\/2146\/revisions\/4789"}],"up":[{"embeddable":true,"href":"https:\/\/editionsdudetour.com\/index.php\/wp-json\/wp\/v2\/pages\/14"}],"wp:attachment":[{"href":"https:\/\/editionsdudetour.com\/index.php\/wp-json\/wp\/v2\/media?parent=2146"}],"curies":[{"name":"wp","href":"https:\/\/api.w.org\/{rel}","templated":true}]}}