{"id":2,"date":"2016-11-25T11:50:19","date_gmt":"2016-11-25T10:50:19","guid":{"rendered":"http:\/\/editionsdudetour.com\/?page_id=2"},"modified":"2026-03-11T18:08:20","modified_gmt":"2026-03-11T17:08:20","slug":"lamaison","status":"publish","type":"page","link":"https:\/\/editionsdudetour.com\/index.php\/lamaison\/","title":{"rendered":"La maison"},"content":{"rendered":"\n<div id=\"metaslider-id-2277\" style=\"width: 100%;\" class=\"ml-slider-3-28-3 metaslider metaslider-flex metaslider-2277 ml-slider\">\n    <div id=\"metaslider_container_2277\">\n        <div id=\"metaslider_2277\">\n            <ul aria-live=\"polite\" class=\"slides\">\n                <li style=\"display: block; width: 100%;\" class=\"slide-6540 ms-image\"><a href=\"https:\/\/editionsdudetour.com\/index.php\/les-livres\/pour-mourir-tapez-1\/\" target=\"_self\"><img width=\"2000\" height=\"729\" src=\"https:\/\/editionsdudetour.com\/wp-content\/uploads\/2026\/04\/slide-Pour-Mourir-tapez-1-1.jpg\" class=\"slider-2277 slide-6540\" alt=\"\" loading=\"lazy\" rel=\"\" title=\"slide Pour Mourir, tapez 1\" srcset=\"https:\/\/editionsdudetour.com\/wp-content\/uploads\/2026\/04\/slide-Pour-Mourir-tapez-1-1.jpg 2000w, https:\/\/editionsdudetour.com\/wp-content\/uploads\/2026\/04\/slide-Pour-Mourir-tapez-1-1-300x109.jpg 300w, https:\/\/editionsdudetour.com\/wp-content\/uploads\/2026\/04\/slide-Pour-Mourir-tapez-1-1-1024x373.jpg 1024w, https:\/\/editionsdudetour.com\/wp-content\/uploads\/2026\/04\/slide-Pour-Mourir-tapez-1-1-768x280.jpg 768w, https:\/\/editionsdudetour.com\/wp-content\/uploads\/2026\/04\/slide-Pour-Mourir-tapez-1-1-1536x560.jpg 1536w, https:\/\/editionsdudetour.com\/wp-content\/uploads\/2026\/04\/slide-Pour-Mourir-tapez-1-1-624x227.jpg 624w, https:\/\/editionsdudetour.com\/wp-content\/uploads\/2026\/04\/slide-Pour-Mourir-tapez-1-1-1320x481.jpg 1320w\" sizes=\"(max-width: 2000px) 100vw, 2000px\" \/><\/a><\/li>\n                <li style=\"display: none; width: 100%;\" class=\"slide-6521 ms-image\"><a href=\"https:\/\/editionsdudetour.com\/index.php\/les-livres\/le-proces-bollore\/\" target=\"_self\"><img width=\"2000\" height=\"729\" src=\"https:\/\/editionsdudetour.com\/wp-content\/uploads\/2026\/04\/slide-Le-Proce\u0300s-Bollore\u0301.png\" class=\"slider-2277 slide-6521\" alt=\"\" loading=\"lazy\" rel=\"\" title=\"slide Le Proce\u0300s Bollore\u0301\" srcset=\"https:\/\/editionsdudetour.com\/wp-content\/uploads\/2026\/04\/slide-Le-Proce\u0300s-Bollore\u0301.png 2000w, https:\/\/editionsdudetour.com\/wp-content\/uploads\/2026\/04\/slide-Le-Proce\u0300s-Bollore\u0301-300x109.png 300w, https:\/\/editionsdudetour.com\/wp-content\/uploads\/2026\/04\/slide-Le-Proce\u0300s-Bollore\u0301-1024x373.png 1024w, https:\/\/editionsdudetour.com\/wp-content\/uploads\/2026\/04\/slide-Le-Proce\u0300s-Bollore\u0301-768x280.png 768w, https:\/\/editionsdudetour.com\/wp-content\/uploads\/2026\/04\/slide-Le-Proce\u0300s-Bollore\u0301-1536x560.png 1536w, https:\/\/editionsdudetour.com\/wp-content\/uploads\/2026\/04\/slide-Le-Proce\u0300s-Bollore\u0301-624x227.png 624w, https:\/\/editionsdudetour.com\/wp-content\/uploads\/2026\/04\/slide-Le-Proce\u0300s-Bollore\u0301-1320x481.png 1320w\" sizes=\"(max-width: 2000px) 100vw, 2000px\" \/><\/a><\/li>\n                <li style=\"display: none; width: 100%;\" class=\"slide-6499 ms-image\"><a href=\"https:\/\/editionsdudetour.com\/index.php\/les-livres\/manuel-de-sabotage-simple-sur-le-terrain\/\" target=\"_self\"><img width=\"2000\" height=\"729\" src=\"https:\/\/editionsdudetour.com\/wp-content\/uploads\/2026\/03\/slide-Sabotage.jpg\" class=\"slider-2277 slide-6499\" alt=\"\" loading=\"lazy\" rel=\"\" title=\"slide Sabotage\" srcset=\"https:\/\/editionsdudetour.com\/wp-content\/uploads\/2026\/03\/slide-Sabotage.jpg 2000w, https:\/\/editionsdudetour.com\/wp-content\/uploads\/2026\/03\/slide-Sabotage-300x109.jpg 300w, https:\/\/editionsdudetour.com\/wp-content\/uploads\/2026\/03\/slide-Sabotage-1024x373.jpg 1024w, https:\/\/editionsdudetour.com\/wp-content\/uploads\/2026\/03\/slide-Sabotage-768x280.jpg 768w, https:\/\/editionsdudetour.com\/wp-content\/uploads\/2026\/03\/slide-Sabotage-1536x560.jpg 1536w, https:\/\/editionsdudetour.com\/wp-content\/uploads\/2026\/03\/slide-Sabotage-624x227.jpg 624w, https:\/\/editionsdudetour.com\/wp-content\/uploads\/2026\/03\/slide-Sabotage-1320x481.jpg 1320w\" sizes=\"(max-width: 2000px) 100vw, 2000px\" \/><\/a><\/li>\n                <li style=\"display: none; width: 100%;\" class=\"slide-6468 ms-image\"><a href=\"https:\/\/editionsdudetour.com\/index.php\/les-livres\/moi-aussi-je-te-regarde\/\" target=\"_self\"><img width=\"2000\" height=\"729\" src=\"https:\/\/editionsdudetour.com\/wp-content\/uploads\/2026\/03\/slide-Moi-aussi-je-te-regarde.png\" class=\"slider-2277 slide-6468\" alt=\"\" loading=\"lazy\" rel=\"\" title=\"slide Moi aussi je te regarde\" srcset=\"https:\/\/editionsdudetour.com\/wp-content\/uploads\/2026\/03\/slide-Moi-aussi-je-te-regarde.png 2000w, https:\/\/editionsdudetour.com\/wp-content\/uploads\/2026\/03\/slide-Moi-aussi-je-te-regarde-300x109.png 300w, https:\/\/editionsdudetour.com\/wp-content\/uploads\/2026\/03\/slide-Moi-aussi-je-te-regarde-1024x373.png 1024w, https:\/\/editionsdudetour.com\/wp-content\/uploads\/2026\/03\/slide-Moi-aussi-je-te-regarde-768x280.png 768w, https:\/\/editionsdudetour.com\/wp-content\/uploads\/2026\/03\/slide-Moi-aussi-je-te-regarde-1536x560.png 1536w, https:\/\/editionsdudetour.com\/wp-content\/uploads\/2026\/03\/slide-Moi-aussi-je-te-regarde-624x227.png 624w, https:\/\/editionsdudetour.com\/wp-content\/uploads\/2026\/03\/slide-Moi-aussi-je-te-regarde-1320x481.png 1320w\" sizes=\"(max-width: 2000px) 100vw, 2000px\" \/><\/a><\/li>\n                <li style=\"display: none; width: 100%;\" class=\"slide-6424 ms-image\"><a href=\"https:\/\/editionsdudetour.com\/index.php\/les-livres\/siamo-tutti-antifascisti\/\" target=\"_self\"><img width=\"960\" height=\"350\" src=\"https:\/\/editionsdudetour.com\/wp-content\/uploads\/2025\/12\/slide-Siamo-tutti-antifascisti.png\" class=\"slider-2277 slide-6424\" alt=\"\" loading=\"lazy\" rel=\"\" title=\"slide Siamo tutti antifascisti\" srcset=\"https:\/\/editionsdudetour.com\/wp-content\/uploads\/2025\/12\/slide-Siamo-tutti-antifascisti.png 960w, https:\/\/editionsdudetour.com\/wp-content\/uploads\/2025\/12\/slide-Siamo-tutti-antifascisti-300x109.png 300w, https:\/\/editionsdudetour.com\/wp-content\/uploads\/2025\/12\/slide-Siamo-tutti-antifascisti-768x280.png 768w, https:\/\/editionsdudetour.com\/wp-content\/uploads\/2025\/12\/slide-Siamo-tutti-antifascisti-624x228.png 624w\" sizes=\"(max-width: 960px) 100vw, 960px\" \/><\/a><\/li>\n            <\/ul>\n        <\/div>\n        \n    <\/div>\n<\/div>\n\n\n<h1 class=\"sc-hKgILt jsiLPO\">Maison d&rsquo;\u00e9dition ind\u00e9pendante \u00e0 la ligne critique, inventive et audacieuse<\/h1>\n<p>\u00a0<\/p>\n<h2>Nous publions des ouvrages de litt\u00e9rature g\u00e9n\u00e9rale\u00a0: essais, sciences humaines et sociales, histoire. Nous sommes g\u00e9n\u00e9ralistes, mais les sujets qui nous int\u00e9ressent le plus sont : f\u00e9minismes, histoire des luttes, questions sociales, communs, politiques. Nous d\u00e9fendons des textes critiques et engag\u00e9s, qui accompagnent les questionnements de notre soci\u00e9t\u00e9.<\/h2>\n<p>\u00a0<\/p>\n<p style=\"text-align: left;\"><span style=\"color: #800000;\">Les \u00c9ditions du D\u00e9tour<\/span> ont \u00e9t\u00e9 fond\u00e9es par Bertrand Bernard et Juliette Mathieu en 2016.<\/p>\n<p><span style=\"color: #800000;\">Ebooks : <\/span>Tous nos livres sont disponibles en ebooks (tant que nous en avons les droits). Retrouvez nos ebooks dans vos librairies en ligne pr\u00e9f\u00e9r\u00e9es et sur les principaux portails universitaires.<\/p>\n<p><span style=\"color: #800000;\">Catalogue :\u00a0<\/span>d\u00e9couvrez notre <a href=\"https:\/\/editionsdudetour.com\/\">catalogue<\/a>.<\/p>\n<p><span style=\"color: #800000;\">Environnement : <\/span>Nos livres sont imprim\u00e9s en France, chez des imprimeurs labellis\u00e9s Imprim&rsquo;Vert, ISO 14001 et les papiers que nous utilisons sont certifi\u00e9s.<\/p>\n<p><span style=\"color: #800000;\">Interprofession<\/span> : Nous sommes membres\u00a0de la <a href=\"https:\/\/www.fedei.fr\/\">FEDEI et <\/a>\u00a0d&rsquo;<a href=\"https:\/\/oplibris.org\/\">OP-Libris<\/a>.<\/p>\n<p><span style=\"color: #800000;\">Soutiens :<\/span> Les \u00c9ditions du D\u00e9tour remercient pour leur soutien le <a href=\"https:\/\/centrenationaldulivre.fr\/\">Centre National du Livre<\/a>, la <a href=\"https:\/\/www.culture.gouv.fr\/regions\/drac-nouvelle-aquitaine\">DRAC Nouvelle-Aquitaine<\/a>, la <a href=\"https:\/\/www.nouvelle-aquitaine.fr\/\">R\u00e9gion Nouvelle-Aquitaine<\/a> et l&rsquo;agence <a href=\"https:\/\/alca-nouvelle-aquitaine.fr\/fr\/accueil\">ALCA<\/a>.<\/p>\n\n\n<figure class=\"wp-block-table aligncenter is-style-regular\"><\/figure>\n\n\n\n<figure class=\"wp-block-image size-large\"><img loading=\"lazy\" width=\"1024\" height=\"264\" src=\"http:\/\/editionsdudetour.com\/wp-content\/uploads\/2022\/01\/soutiens-2021-1024x264.jpg\" alt=\"\" class=\"wp-image-2731\" srcset=\"https:\/\/editionsdudetour.com\/wp-content\/uploads\/2022\/01\/soutiens-2021-1024x264.jpg 1024w, https:\/\/editionsdudetour.com\/wp-content\/uploads\/2022\/01\/soutiens-2021-300x77.jpg 300w, https:\/\/editionsdudetour.com\/wp-content\/uploads\/2022\/01\/soutiens-2021-768x198.jpg 768w, https:\/\/editionsdudetour.com\/wp-content\/uploads\/2022\/01\/soutiens-2021-1536x397.jpg 1536w, https:\/\/editionsdudetour.com\/wp-content\/uploads\/2022\/01\/soutiens-2021-624x161.jpg 624w, https:\/\/editionsdudetour.com\/wp-content\/uploads\/2022\/01\/soutiens-2021-1320x341.jpg 1320w, https:\/\/editionsdudetour.com\/wp-content\/uploads\/2022\/01\/soutiens-2021.jpg 1549w\" sizes=\"(max-width: 1024px) 100vw, 1024px\" \/><\/figure>\n","protected":false},"excerpt":{"rendered":"<p>Maison d&rsquo;\u00e9dition ind\u00e9pendante \u00e0 la ligne critique, inventive et audacieuse \u00a0 Nous publions des ouvrages de litt\u00e9rature g\u00e9n\u00e9rale\u00a0: essais, sciences humaines et sociales, histoire. Nous sommes g\u00e9n\u00e9ralistes, mais les sujets qui nous int\u00e9ressent le plus sont : f\u00e9minismes, histoire des luttes, questions sociales, communs, politiques. Nous d\u00e9fendons des textes critiques et engag\u00e9s, qui accompagnent les [&hellip;]<\/p>\n","protected":false},"author":1,"featured_media":0,"parent":0,"menu_order":0,"comment_status":"closed","ping_status":"open","template":"","meta":[],"_links":{"self":[{"href":"https:\/\/editionsdudetour.com\/index.php\/wp-json\/wp\/v2\/pages\/2"}],"collection":[{"href":"https:\/\/editionsdudetour.com\/index.php\/wp-json\/wp\/v2\/pages"}],"about":[{"href":"https:\/\/editionsdudetour.com\/index.php\/wp-json\/wp\/v2\/types\/page"}],"author":[{"embeddable":true,"href":"https:\/\/editionsdudetour.com\/index.php\/wp-json\/wp\/v2\/users\/1"}],"replies":[{"embeddable":true,"href":"https:\/\/editionsdudetour.com\/index.php\/wp-json\/wp\/v2\/comments?post=2"}],"version-history":[{"count":59,"href":"https:\/\/editionsdudetour.com\/index.php\/wp-json\/wp\/v2\/pages\/2\/revisions"}],"predecessor-version":[{"id":6496,"href":"https:\/\/editionsdudetour.com\/index.php\/wp-json\/wp\/v2\/pages\/2\/revisions\/6496"}],"wp:attachment":[{"href":"https:\/\/editionsdudetour.com\/index.php\/wp-json\/wp\/v2\/media?parent=2"}],"curies":[{"name":"wp","href":"https:\/\/api.w.org\/{rel}","templated":true}]}}