{"id":1905,"date":"2020-11-20T14:12:20","date_gmt":"2020-11-20T13:12:20","guid":{"rendered":"http:\/\/editionsdudetour.com\/?page_id=1905"},"modified":"2021-12-07T20:20:18","modified_gmt":"2021-12-07T19:20:18","slug":"la-commune","status":"publish","type":"page","link":"https:\/\/editionsdudetour.com\/index.php\/les-livres\/la-commune\/","title":{"rendered":"La Commune"},"content":{"rendered":"<h1><a href=\"http:\/\/editionsdudetour.com\/wp-content\/uploads\/2020\/10\/Louise-Michel-\u2013-La-Commune-\u2013-Couverture.jpg\"><img class=\"wp-image-1091 size-medium alignleft\" src=\"http:\/\/editionsdudetour.com\/wp-content\/uploads\/2020\/08\/Louise-Michel-\u2013-La-Commune-\u2013-Couverture-295-195.jpg\" alt=\"La Commune\"><\/a><\/h1>\n<h1>La Commune<\/h1>\n<h2><em>Louise Michel<\/em><\/h2>\n<h3>Pr\u00e9face de Sidonie Verhaeghe<\/h3>\n<p>Louise Michel a \u00e9t\u00e9 parmi les personnages cl\u00e9s de la Commune de Paris, soixante-douze jours de r\u00e9volution r\u00e9prim\u00e9s dans le sang. Elle raconte elle-m\u00eame dans ce livre les \u00e9v\u00e9nements auxquels elle a assist\u00e9 et particip\u00e9, le fusil \u00e0 la main. Combattante politique infatigable, elle n\u2019a jamais abandonn\u00e9 le flambeau des luttes \u00e9mancipatrices de son temps. On conna\u00eet son courage sur les barricades, jusqu\u2019\u00e0 braver la peine de mort\u2009; on conna\u00eet son charisme qui fit d\u2019elle \u00ab la vierge rouge \u00bb. On sait moins qu\u2019elle a beaucoup \u00e9crit : des po\u00e8mes, des romans, des r\u00e9cits.<\/p>\n<p>C\u2019est dans cette troisi\u00e8me cat\u00e9gorie que vient se loger ce texte de 1898. Lorsqu\u2019il para\u00eet, Louise Michel est d\u00e9j\u00e0 \u00e2g\u00e9e, c\u00e9l\u00e8bre, conf\u00e9renci\u00e8re et journaliste, surveill\u00e9e de pr\u00e8s par les autorit\u00e9s fran\u00e7aises pour son anarchisme militant. Vingt-cinq ans se sont \u00e9coul\u00e9s depuis la r\u00e9volution parisienne. Pour elle, il est temps d\u2019\u00e9crire le r\u00e9cit de la Commune qui lui para\u00eet \u00ab au point pour l\u2019histoire&nbsp;\u00bb.<\/p>\n<p>Pourtant sa <em>Commune<\/em> est plus une \u00ab m\u00e9moire vive&nbsp;\u00bb, pour reprendre l\u2019expression de Jacques Rougerie, qu\u2019une histoire sur le temps long. Au jour le jour, avec une grande pr\u00e9cision, elle porte un vibrant plaidoyer pour la Commune et ses ambitions. On retrouve ici la plume d\u2019une \u00e9crivaine sensible et \u00e9mouvante, port\u00e9e par son exp\u00e9rience d\u2019oratrice. <em>La Commune<\/em> est l\u2019un des textes politiques importants du XIX<sup>e<\/sup>&nbsp;si\u00e8cle.<\/p>\n<p><strong><span style=\"color: #993300;\">Louise Michel<\/span>&nbsp;<\/strong>(1830-1905) est institutrice. Figure majeure de la Commune, apr\u00e8s la Semaine sanglante elle est arr\u00eat\u00e9e et condamn\u00e9e \u00e0 la d\u00e9portation en Nouvelle-Cal\u00e9donie. Apr\u00e8s dix ans de r\u00e9clusion, ayant b\u00e9n\u00e9fici\u00e9 de l\u2019amnistie g\u00e9n\u00e9rale de 1880, elle rentre en France m\u00e9tropolitaine o\u00f9 elle ne cessera de d\u00e9fendre les id\u00e9es anarchistes.<\/p>\n<p><span style=\"color: #993300;\"><strong>Sidonie Verhaeghe<\/strong><\/span> est ma\u00eetresse de conf\u00e9rences en science politique \u00e0 l\u2019universit\u00e9 de Lille. Elle est sp\u00e9cialiste de l\u2019histoire sociale des id\u00e9es politiques au XIX<sup>e<\/sup>&nbsp;si\u00e8cle et de la m\u00e9moire des gauches en France. Elle est l\u2019autrice d\u2019une th\u00e8se intitul\u00e9e <em>De la Commune de Paris au Panth\u00e9on (1871-2013)&nbsp;: C\u00e9l\u00e9brit\u00e9, post\u00e9rit\u00e9 et m\u00e9moires de Louise Michel<\/em>.<\/p>\n<table style=\"height: 262px;\" width=\"623\">\n<tbody>\n<tr>\n<td style=\"width: 622px;\">Parution : 19 novembre 2020<\/td>\n<\/tr>\n<tr>\n<td style=\"width: 622px;\">Genre : essai<\/td>\n<\/tr>\n<tr>\n<td style=\"width: 622px;\">Domaine : histoire<\/td>\n<\/tr>\n<tr>\n<td style=\"width: 622px;\">26 \u20ac<\/td>\n<\/tr>\n<tr>\n<td style=\"width: 622px;\">496 pages, broch\u00e9, rabats<\/td>\n<\/tr>\n<tr>\n<td style=\"width: 622px;\">Format : 16 X 24 cm<\/td>\n<\/tr>\n<tr>\n<td style=\"width: 622px;\">ISBN : 979-10-97079-66-6<\/td>\n<\/tr>\n<\/tbody>\n<\/table>\n\n\n\n\n<h1><span style=\"color: #993300;\">Extraits et table des mati\u00e8res<\/span><\/h1>\n<p>\u00a0<\/p>\n\n\n\t\t<style>\r\n            #h5vp69e16f68bff9c iframe {  width: 100%; }        <\/style>\r\n        \t    <div id=\"h5vp69e16f68bff9c\" class=\"pdfp_wrapper\">\r\n                        <div class=\"cta_wrapper\">\r\n                \t            <p><a class=\"fullscreenBtn\" href=\"https:\/\/editionsdudetour.com\/wp-content\/plugins\/pdf-poster\/pdfjs\/web\/viewer.html?file=http:\/\/editionsdudetour.com\/wp-content\/uploads\/2021\/12\/La-Commune-extrait.pdf&#038;download=true&#038;print=&#038;openfile=false\"><button>View Fullscreen<\/button><\/a><\/p>\r\n            <\/div>\r\n            <div class=\"iframe_wrapper\">\r\n                <iframe loading=\"lazy\" width=\"100%\" height=\"1122px\" src=\"https:\/\/editionsdudetour.com\/wp-content\/plugins\/pdf-poster\/pdfjs\/web\/viewer.html?file=http:\/\/editionsdudetour.com\/wp-content\/uploads\/2021\/12\/La-Commune-extrait.pdf&#038;download=true&#038;print=&#038;openfile=false\"><\/iframe>\r\n            <\/div>\r\n\t    <\/div>\r\n        ","protected":false},"excerpt":{"rendered":"<p>La Commune Louise Michel Pr\u00e9face de Sidonie Verhaeghe Louise Michel a \u00e9t\u00e9 parmi les personnages cl\u00e9s de la Commune de Paris, soixante-douze jours de r\u00e9volution r\u00e9prim\u00e9s dans le sang. Elle raconte elle-m\u00eame dans ce livre les \u00e9v\u00e9nements auxquels elle a assist\u00e9 et particip\u00e9, le fusil \u00e0 la main. Combattante politique infatigable, elle n\u2019a jamais abandonn\u00e9 [&hellip;]<\/p>\n","protected":false},"author":2,"featured_media":0,"parent":14,"menu_order":0,"comment_status":"closed","ping_status":"closed","template":"","meta":[],"_links":{"self":[{"href":"https:\/\/editionsdudetour.com\/index.php\/wp-json\/wp\/v2\/pages\/1905"}],"collection":[{"href":"https:\/\/editionsdudetour.com\/index.php\/wp-json\/wp\/v2\/pages"}],"about":[{"href":"https:\/\/editionsdudetour.com\/index.php\/wp-json\/wp\/v2\/types\/page"}],"author":[{"embeddable":true,"href":"https:\/\/editionsdudetour.com\/index.php\/wp-json\/wp\/v2\/users\/2"}],"replies":[{"embeddable":true,"href":"https:\/\/editionsdudetour.com\/index.php\/wp-json\/wp\/v2\/comments?post=1905"}],"version-history":[{"count":16,"href":"https:\/\/editionsdudetour.com\/index.php\/wp-json\/wp\/v2\/pages\/1905\/revisions"}],"predecessor-version":[{"id":2651,"href":"https:\/\/editionsdudetour.com\/index.php\/wp-json\/wp\/v2\/pages\/1905\/revisions\/2651"}],"up":[{"embeddable":true,"href":"https:\/\/editionsdudetour.com\/index.php\/wp-json\/wp\/v2\/pages\/14"}],"wp:attachment":[{"href":"https:\/\/editionsdudetour.com\/index.php\/wp-json\/wp\/v2\/media?parent=1905"}],"curies":[{"name":"wp","href":"https:\/\/api.w.org\/{rel}","templated":true}]}}